{"id":102,"date":"2017-03-10T19:57:09","date_gmt":"2017-03-10T19:57:09","guid":{"rendered":"http:\/\/ingenieria.udd.cl\/cimat\/?page_id=102"},"modified":"2017-03-10T19:58:59","modified_gmt":"2017-03-10T19:58:59","slug":"proyectos-adjudicados-2012-2015","status":"publish","type":"page","link":"https:\/\/ingenieria.udd.cl\/cimat\/proyectos-adjudicados-2012-2015\/","title":{"rendered":"Proyectos adjudicados (2012-2015)"},"content":{"rendered":"<ul>\n<li>2015-2016: <em>Desarrollo e implementaci\u00f3n de plataforma y marco metodol\u00f3gico interdisciplinario para estudiantes y acad\u00e9micos de las Facultades de Ingenier\u00eda y Dise\u00f1o para la exploraci\u00f3n y desarrollo tecnol\u00f3gico<\/em>. \u00c1lvaro Gonz\u00e1lez y Camilo Rodr\u00edguez. Coordinadores de proyecto. Financiamiento: $ 200.000.000 CLP.<\/li>\n<li>2015-2017: <em>Maderas inteligentes: explorando el uso de pigmentos quimiocr\u00f3micos aplicado en madera de construcci\u00f3n. <\/em>Fondo Rain 2016 UDD. Financiamiento: $ 1.000.000 CLP. Camilo Rodr\u00edguez.<\/li>\n<li>2016: <em>Estabilizaci\u00f3n de suelos con enzimas org\u00e1nicas prvenientes del kupi\u2019i<\/em>. Associate Researcher with the Catholic University of Asunci\u00f3n, Paraguay, Project 14 INV 401. Funded by CONACYT, Paraguay. Funding $ 10.000.000 CLP. \u00c1lvaro Gonz\u00e1lez.<\/li>\n<li>2013-2014: A New Engineering for 2030, Co-Director. <em>Development of a Strategic Plan for the School of Engineering<\/em>. Project funded by INNOVA CHILE, Ministry of Economy, Chile. Funding: $72.000.000 CLP. \u00c1lvaro Gonz\u00e1lez y Camilo Rodr\u00edguez.<\/li>\n<li>2011-2014: <em>Investigation on cohesion, strength and deformational characteristics of foamed bitumen recycled mixes<\/em>. Principal Investigator. Initiation research project 11110139. Funded by the National Commission of Science and Technological Research, Ministry of Education, Chile. Funding: $55.000.000 CLP. \u00c1lvaro Gonz\u00e1lez.<\/li>\n<li>2012-2015: <em>Assessing and understanding the effect of thermal stress-cracking on concrete\u00b4s durability.<\/em> Financiamiento: $138.551.000 (Fondecyt N\u00b01120817). Javier Castro.<\/li>\n<li>2012-2015:\u00a0<em>Evaluation of Chilean Fly Ash as Replacement of Cement to Produce Concrete with Lower Global Environmental Impact.<\/em>\u00a0Financiamiento: $ 70.605.000 (Fondecyt N\u00b011121327). Javier Castro.<\/li>\n<li>2012-2015: <em>Utilizaci\u00f3n intensiva de cenizas volantes para mejorar la sustentabilidad del sector energ\u00eda y construcci\u00f3n<\/em>. Financiamiento: $ 121.000.000 (CORFO. 12IDL2-15156). Javier Castro.<\/li>\n<\/ul>\n<p>&nbsp;<\/p>\n","protected":false},"excerpt":{"rendered":"<p>2015-2016: Desarrollo e implementaci\u00f3n de plataforma y marco metodol\u00f3gico interdisciplinario para estudiantes y acad\u00e9micos de las Facultades de Ingenier\u00eda y Dise\u00f1o para la exploraci\u00f3n y desarrollo tecnol\u00f3gico. \u00c1lvaro Gonz\u00e1lez y Camilo Rodr\u00edguez. Coordinadores de proyecto. Financiamiento: $ 200.000.000 CLP. 2015-2017: Maderas inteligentes: explorando el uso de pigmentos quimiocr\u00f3micos aplicado en madera de construcci\u00f3n. Fondo Rain [&hellip;]<\/p>\n","protected":false},"author":9192198,"featured_media":0,"parent":0,"menu_order":0,"comment_status":"closed","ping_status":"closed","template":"","meta":{"footnotes":""},"class_list":["post-102","page","type-page","status-publish","hentry"],"_links":{"self":[{"href":"https:\/\/ingenieria.udd.cl\/cimat\/wp-json\/wp\/v2\/pages\/102","targetHints":{"allow":["GET"]}}],"collection":[{"href":"https:\/\/ingenieria.udd.cl\/cimat\/wp-json\/wp\/v2\/pages"}],"about":[{"href":"https:\/\/ingenieria.udd.cl\/cimat\/wp-json\/wp\/v2\/types\/page"}],"author":[{"embeddable":true,"href":"https:\/\/ingenieria.udd.cl\/cimat\/wp-json\/wp\/v2\/users\/9192198"}],"replies":[{"embeddable":true,"href":"https:\/\/ingenieria.udd.cl\/cimat\/wp-json\/wp\/v2\/comments?post=102"}],"version-history":[{"count":2,"href":"https:\/\/ingenieria.udd.cl\/cimat\/wp-json\/wp\/v2\/pages\/102\/revisions"}],"predecessor-version":[{"id":109,"href":"https:\/\/ingenieria.udd.cl\/cimat\/wp-json\/wp\/v2\/pages\/102\/revisions\/109"}],"wp:attachment":[{"href":"https:\/\/ingenieria.udd.cl\/cimat\/wp-json\/wp\/v2\/media?parent=102"}],"curies":[{"name":"wp","href":"https:\/\/api.w.org\/{rel}","templated":true}]}}