{"id":106,"date":"2017-03-10T19:58:57","date_gmt":"2017-03-10T19:58:57","guid":{"rendered":"http:\/\/ingenieria.udd.cl\/cimat\/?page_id=106"},"modified":"2017-05-25T14:28:51","modified_gmt":"2017-05-25T14:28:51","slug":"vinculo-investigadores-internacionales","status":"publish","type":"page","link":"https:\/\/ingenieria.udd.cl\/cimat\/vinculo-investigadores-internacionales\/","title":{"rendered":"V\u00ednculo con Investigadores Internacionales"},"content":{"rendered":"<p><strong>Erik Schlagen<\/strong>, Professor, Delft University (2016), Director Microlab. Seminario en UDD: <em>Self-healing materials <\/em>(abril 2016). Invitado por el proyecto Mineduc <em>Desarrollo e implementaci\u00f3n de plataforma y marco metodol\u00f3gico interdisciplinario para estudiantes y acad\u00e9micos de las Facultades de Ingenier\u00eda y Dise\u00f1o para la exploraci\u00f3n y desarrollo tecnol\u00f3gico<\/em>. Colaboraci\u00f3n en el \u00e1rea de materiales auto-reparables, profesores Camilo Rodr\u00edguez y \u00c1lvaro Gonz\u00e1lez.<\/p>\n<p><strong>Geoff Jameson<\/strong>, Chief Scientist, Australian Road Research Board, Australia (2013). Clase en UDD: <em>Tecnolog\u00eda de Caminos en Australia <\/em>(27 de agosto 2013). Invitado por el proyecto Fondecyt de Iniciaci\u00f3n <em>Investigation on cohesion, strength and deformational characteristics of foamed bitumen recycled mixes<\/em> (N\u00b0 11110139). Colaboraci\u00f3n en el \u00e1rea de reciclado de pavimentos utilizando la t\u00e9cnica en fr\u00edo con asfalto espumado, profesor \u00c1lvaro Gonz\u00e1lez.<\/p>\n<p><strong>Sabine Leischner<\/strong>, Senior Lecturer, Technical University of Dresden, Institute of Urban and Pavement Engineering (2014-15). Postulaci\u00f3n conjunta proyecto BMBF-CONICYT cooperaci\u00f3n internacional. Proyecto 2014<em>: Rubber modified asphalt for pavement structures. <\/em>Proyecto 2015<em>: Climate neutral energy generation by multi functional pavement structures. <\/em>En conjunto con el professor \u00c1lvaro Gonz\u00e1lez.<\/p>\n<p><strong>Lisa Lugo<\/strong>, Directora Centro de Tecnolog\u00eda Apropiada, Facultad de Ingenier\u00eda Universidad Cat\u00f3lica de Asunci\u00f3n (2011 &#8211; ). Participaci\u00f3n en Mag\u00edster en Ingenier\u00eda Vial, tutor\u00eda de profesores de la Facultad de Ingenier\u00eda y evaluaci\u00f3n de alumnos de postgrado de la Maestr\u00eda por parte del profesor \u00c1lvaro Gonz\u00e1lez.<\/p>\n<p><strong>Miguel A. Jaimes<\/strong>, Investigador del Instituto de Ingenier\u00eda UNAM (M\u00e9xico). Publicaci\u00f3n del art\u00edculo \u201cSeismic vulnerability of wine barrel stacks\u201d en Earthquake Spectra, y presentaci\u00f3n de art\u00edculo en conferencias internacionales en conjunto con profesor Gabriel Candia. Tutor\u00eda de alumnos de Maestr\u00eda para 2016-2017.<\/p>\n<p><strong>Nicholas Sitar<\/strong>. Edward G. Cahill and John R. Cahill Professor of Civil Engineering at UC Berkeley. Publicaci\u00f3n de art\u00edculos en revistas cient\u00edficas y en conferencias (16WCEE) con profesor Gabriel Candia.<\/p>\n<p><strong>Roozbeh Geraili Mikola<\/strong>, <a href=\"http:\/\/www.jacobssf.com\/\">Jacobs Associates<\/a>, San Francisco, California. Publicaci\u00f3n de art\u00edculos en revistas cient\u00edficas y en conferencias (16WCEE) con profesor Gabriel Candia.<\/p>\n<p><strong>Dale Bentz<\/strong>, Chemical Engineer Materials and Structural Systems Division National Institute of Standard and Technology; M.S., Computer &amp; Information Science, Hood College y M.A., Teaching, Mount Saint Mary\u2019s University. Publicaci\u00f3n art\u00edculos con profesor Javier Castro.<\/p>\n<p><strong>Antonio Torres<\/strong>. Profesor de arquitectura de la Universidad de Illinois, fundador de agencia de arquitectura Bittertang. Su trabajo explora el uso de materiales biol\u00f3gicos para la generaci\u00f3n de estructuras habitables. Invitado por CIMAT durante 2015 para explorar nuevas colaboraciones en relaci\u00f3n a la experimentaci\u00f3n con materiales locales biol\u00f3gicos. Camilo Rodr\u00edguez.<\/p>\n<p><strong>Catarina Mota<\/strong>. Investigadora de OpenSourceEcology. Fundadora de <a href=\"http:\/\/openmaterials.org\">openmaterials.org<\/a>, una de las principales expertas en sistemas abiertos de creaci\u00f3n de materiales. Ha asesorado investigaci\u00f3n de la UDD en el uso de materiales inteligentes desde el 2013 cuando fue invitada a dar una charla sobre su trabajo. Camilo Rodr\u00edguez.<\/p>\n<p><strong>Skylar Tibbits<\/strong>. Director del Self Assembly Lab en el MIT, Boston. Uno de los principales exponentes en dise\u00f1o de materiales con capacidades de autoensamblado y principal representante de la impresi\u00f3n 4D. Se ha colaborado en la creaci\u00f3n de instrumentaci\u00f3n para la deposici\u00f3n controlada de mol\u00e9culas de ADN y asesora actualmente el proyecto relacionado con manufactura digital para autoensamble. Camilo Rodr\u00edguez.<\/p>\n<p><img loading=\"lazy\" decoding=\"async\" class=\"aligncenter wp-image-194\" src=\"http:\/\/ingenieria.udd.cl\/cimat\/files\/2017\/03\/IMG_7142-300x225.jpg\" alt=\"IMG_7142\" width=\"420\" height=\"315\" srcset=\"https:\/\/ingenieria.udd.cl\/cimat\/files\/2017\/03\/IMG_7142-300x225.jpg 300w, https:\/\/ingenieria.udd.cl\/cimat\/files\/2017\/03\/IMG_7142-768x576.jpg 768w, https:\/\/ingenieria.udd.cl\/cimat\/files\/2017\/03\/IMG_7142-1024x768.jpg 1024w, https:\/\/ingenieria.udd.cl\/cimat\/files\/2017\/03\/IMG_7142-960x720.jpg 960w\" sizes=\"auto, (max-width: 420px) 100vw, 420px\" \/><\/p>\n","protected":false},"excerpt":{"rendered":"<p>Erik Schlagen, Professor, Delft University (2016), Director Microlab. Seminario en UDD: Self-healing materials (abril 2016). Invitado por el proyecto Mineduc Desarrollo e implementaci\u00f3n de plataforma y marco metodol\u00f3gico interdisciplinario para estudiantes y acad\u00e9micos de las Facultades de Ingenier\u00eda y Dise\u00f1o para la exploraci\u00f3n y desarrollo tecnol\u00f3gico. Colaboraci\u00f3n en el \u00e1rea de materiales auto-reparables, profesores Camilo [&hellip;]<\/p>\n","protected":false},"author":9192198,"featured_media":0,"parent":0,"menu_order":0,"comment_status":"closed","ping_status":"closed","template":"","meta":{"footnotes":""},"class_list":["post-106","page","type-page","status-publish","hentry"],"_links":{"self":[{"href":"https:\/\/ingenieria.udd.cl\/cimat\/wp-json\/wp\/v2\/pages\/106","targetHints":{"allow":["GET"]}}],"collection":[{"href":"https:\/\/ingenieria.udd.cl\/cimat\/wp-json\/wp\/v2\/pages"}],"about":[{"href":"https:\/\/ingenieria.udd.cl\/cimat\/wp-json\/wp\/v2\/types\/page"}],"author":[{"embeddable":true,"href":"https:\/\/ingenieria.udd.cl\/cimat\/wp-json\/wp\/v2\/users\/9192198"}],"replies":[{"embeddable":true,"href":"https:\/\/ingenieria.udd.cl\/cimat\/wp-json\/wp\/v2\/comments?post=106"}],"version-history":[{"count":9,"href":"https:\/\/ingenieria.udd.cl\/cimat\/wp-json\/wp\/v2\/pages\/106\/revisions"}],"predecessor-version":[{"id":196,"href":"https:\/\/ingenieria.udd.cl\/cimat\/wp-json\/wp\/v2\/pages\/106\/revisions\/196"}],"wp:attachment":[{"href":"https:\/\/ingenieria.udd.cl\/cimat\/wp-json\/wp\/v2\/media?parent=106"}],"curies":[{"name":"wp","href":"https:\/\/api.w.org\/{rel}","templated":true}]}}