{"id":122,"date":"2017-03-10T20:08:19","date_gmt":"2017-03-10T20:08:19","guid":{"rendered":"http:\/\/ingenieria.udd.cl\/cimat\/?page_id=122"},"modified":"2017-05-25T14:22:53","modified_gmt":"2017-05-25T14:22:53","slug":"vinculo-investigadores-nacionales-2","status":"publish","type":"page","link":"https:\/\/ingenieria.udd.cl\/cimat\/vinculo-investigadores-nacionales-2\/","title":{"rendered":"V\u00ednculo con Investigadores Nacionales"},"content":{"rendered":"<p>El CIMAT ha generado v\u00ednculos con investigadores nacionales, en particular con la Universidad del Biob\u00edo, la Universidad Federico Santa Mar\u00eda y la Pontificia Universidad Cat\u00f3lica de Chile. Los investigadores con quien el CIMAT se ha relacionado son:<\/p>\n<p><strong>Jos\u00e9 Norambuena<\/strong>, profesor del \u00e1rea de materiales en el Departamento de Ingenier\u00eda Civil y Ambiental de la Universidad del B\u00edo-B\u00edo (UBB), doctor en Ingenier\u00eda Civil por la Universidad de Cantabria (Santander, Espa\u00f1a), desarrollado en colaboraci\u00f3n con el Swiss Federal Institute of Technology (ETH Z\u00fcrich, Suiza). Su trabajo investigativo est\u00e1 centrado en la caracterizaci\u00f3n, dise\u00f1o y desarrollo de nuevos materiales de Ingenier\u00eda. A la fecha cuenta con una docena de publicaciones ISI en revistas internacionales de alto impacto, as\u00ed como diferentes contribuciones en congresos internacionales y publicaciones de corriente principal, algunas de ellas reconocidas con premios a la excelencia.<\/p>\n<p>Con el doctor Norambuena se organiz\u00f3 la visita a Chile del investigador de la Universidad de Delft (Holanda), Erik Schlangen (abril 2016) y la futura venida del investigador \u00c1lvaro Garc\u00eda (Universidad de Nottingham, Reino Unido). Para este efecto se firm\u00f3 un convenio de colaboraci\u00f3n entre la Facultad de Ingenier\u00eda de la UDD y el Departamento de Ingenier\u00eda Civil y Ambiental de la Universidad del B\u00edo-B\u00edo.<\/p>\n<p>Como parte de la colaboraci\u00f3n entre la UBB y la UDD a fines del 2015 una alumna memorista de la UBB realiz\u00f3 una pasant\u00eda de investigaci\u00f3n en la UDD. Esta colaboraci\u00f3n signific\u00f3 la preparaci\u00f3n del art\u00edculo \u2018Effect of fibres addition on the mechanical properties of self-healing asphalt mixtures\u2019 el cu\u00e1l ser\u00e1 enviado al Journal \u2018Construction and Building Materials\u2019, el cu\u00e1l ser\u00e1 enviado durante el 2016.<\/p>\n<p><strong>Rodrigo Delgadillo<\/strong>, profesor del \u00e1rea de tecnolog\u00eda del asfalto, Departamento de Obras Civiles, Universidad Santa Mar\u00eda (USM), doctor en Ingenier\u00eda Civil por la Universidad de Wisconsin, EEUU. Su investigaci\u00f3n se ha centrado en el \u00e1rea de tecnolog\u00eda del asfalto y la adaptaci\u00f3n de especificaciones t\u00e9cnicas y metodolog\u00edas de dise\u00f1o a las condiciones chilenas.<\/p>\n<p>Con el profesor Delgadillo se ha colaborado en publicaciones SCOPUS, comisiones de tesis de pregrado (2) y postgrado (1). Actualmente en la Facultad de Ingenier\u00eda UDD hay cuatro alumnos de la USM desarrollando su memoria en la l\u00ednea de investigaci\u00f3n de materiales.<\/p>\n<p>Adem\u00e1s, la UDD se encuentra colaborando con la USM y al profesor Delgadillo en la organizaci\u00f3n del congreso PROVIAL 2016, el cual ser\u00e1 llevado a cabo en Vi\u00f1a del Mar. La labor de la UDD es la direcci\u00f3n t\u00e9cnica y revisi\u00f3n de art\u00edculos de una l\u00ednea tem\u00e1tica de PROVIAL (caminos b\u00e1sicos).<\/p>\n<p><strong>Alondra Chamorro<\/strong>, profesora del \u00e1rea de gesti\u00f3n de la construcci\u00f3n, Departamento de Ingenier\u00eda y Gesti\u00f3n de la Construcci\u00f3n, Pontificia Universidad Cat\u00f3lica de Chile (UC), doctora en Ingenier\u00eda Civil por la Universidad de Waterloo, Canad\u00e1. Su investigaci\u00f3n se ha centrado en el \u00e1rea de gesti\u00f3n de caminos de bajo volumen de tr\u00e1nsito y desastres naturales.<\/p>\n<p>Con la profesora Chamorro se public\u00f3 un art\u00edculo en el Transportation Research Record y se han presentado trabajos en el Transportation Research Board (EEUU). Actualmente la UDD est\u00e1 colaborando en su proyecto Fondecyt de Iniciaci\u00f3n sobre modelos de comportamiento de caminos de bajo volumen de tr\u00e1nsito estabilizados.<\/p>\n<p><img loading=\"lazy\" decoding=\"async\" class=\"aligncenter wp-image-183\" src=\"http:\/\/ingenieria.udd.cl\/cimat\/files\/2017\/03\/Tweeter04.jpg\" alt=\"Tweeter04\" width=\"420\" height=\"281\" srcset=\"https:\/\/ingenieria.udd.cl\/cimat\/files\/2017\/03\/Tweeter04.jpg 968w, https:\/\/ingenieria.udd.cl\/cimat\/files\/2017\/03\/Tweeter04-300x201.jpg 300w, https:\/\/ingenieria.udd.cl\/cimat\/files\/2017\/03\/Tweeter04-768x514.jpg 768w, https:\/\/ingenieria.udd.cl\/cimat\/files\/2017\/03\/Tweeter04-960x643.jpg 960w\" sizes=\"auto, (max-width: 420px) 100vw, 420px\" \/><\/p>\n<p>&nbsp;<\/p>\n","protected":false},"excerpt":{"rendered":"<p>El CIMAT ha generado v\u00ednculos con investigadores nacionales, en particular con la Universidad del Biob\u00edo, la Universidad Federico Santa Mar\u00eda y la Pontificia Universidad Cat\u00f3lica de Chile. Los investigadores con quien el CIMAT se ha relacionado son: Jos\u00e9 Norambuena, profesor del \u00e1rea de materiales en el Departamento de Ingenier\u00eda Civil y Ambiental de la Universidad [&hellip;]<\/p>\n","protected":false},"author":9192198,"featured_media":0,"parent":0,"menu_order":0,"comment_status":"closed","ping_status":"closed","template":"","meta":{"footnotes":""},"class_list":["post-122","page","type-page","status-publish","hentry"],"_links":{"self":[{"href":"https:\/\/ingenieria.udd.cl\/cimat\/wp-json\/wp\/v2\/pages\/122","targetHints":{"allow":["GET"]}}],"collection":[{"href":"https:\/\/ingenieria.udd.cl\/cimat\/wp-json\/wp\/v2\/pages"}],"about":[{"href":"https:\/\/ingenieria.udd.cl\/cimat\/wp-json\/wp\/v2\/types\/page"}],"author":[{"embeddable":true,"href":"https:\/\/ingenieria.udd.cl\/cimat\/wp-json\/wp\/v2\/users\/9192198"}],"replies":[{"embeddable":true,"href":"https:\/\/ingenieria.udd.cl\/cimat\/wp-json\/wp\/v2\/comments?post=122"}],"version-history":[{"count":6,"href":"https:\/\/ingenieria.udd.cl\/cimat\/wp-json\/wp\/v2\/pages\/122\/revisions"}],"predecessor-version":[{"id":187,"href":"https:\/\/ingenieria.udd.cl\/cimat\/wp-json\/wp\/v2\/pages\/122\/revisions\/187"}],"wp:attachment":[{"href":"https:\/\/ingenieria.udd.cl\/cimat\/wp-json\/wp\/v2\/media?parent=122"}],"curies":[{"name":"wp","href":"https:\/\/api.w.org\/{rel}","templated":true}]}}