{"id":16,"date":"2016-06-08T21:04:36","date_gmt":"2016-06-08T21:04:36","guid":{"rendered":"http:\/\/ingenieria.udd.cl\/cimat\/?page_id=16"},"modified":"2016-07-06T16:04:30","modified_gmt":"2016-07-06T16:04:30","slug":"equipo","status":"publish","type":"page","link":"https:\/\/ingenieria.udd.cl\/cimat\/equipo\/","title":{"rendered":"Equipo"},"content":{"rendered":"<div class=\"widget widget-teachers-staff\"><header class=\"widget-header\"><h3 class=\"widget-title\"><a href=\"#investigadores-cimat\" class=\"toggle slideToggle\">Investigadores CIMAT <i class=\"icon icon-caret-down\"><\/i><\/a><\/h3><\/header><div id=\"investigadores-cimat\" class=\"widget-content people-list\"><div class=\"vcard\"><div class=\"object-thumbnail-s object-thumbnail-left\"><img loading=\"lazy\" decoding=\"async\" width=\"220\" height=\"260\" src=\"https:\/\/ingenieria.udd.cl\/cimat\/files\/2016\/06\/e2.png\" class=\"thumbnail wp-post-image\" alt=\"\" \/><div class=\"wrap-content\"><p class=\"vcard-occupation\"><span class=\"category\">Investigador Asociado del Centro de Investigaci\u00f3n de Materiales<\/span><\/p><p class=\"vcard-name\"><strong class=\"fn\"><a href=\"https:\/\/ingenieria.udd.cl\/cimat\/persona\/javier-castro\/\">Javier  Castro<\/a><\/strong><\/p><div class=\"note\"><p>Profesor Facultad de Ingenier\u00eda, Universidad del Desarrollo<br \/>\n<\/br><br \/>\n<\/br><\/p>\n<p>Director Carrera Ingenier\u00eda Civil en Obras Civiles<\/p>\n<\/div><\/div><\/div><\/div><div class=\"vcard\"><div class=\"object-thumbnail-s object-thumbnail-left\"><img loading=\"lazy\" decoding=\"async\" width=\"220\" height=\"260\" src=\"https:\/\/ingenieria.udd.cl\/cimat\/files\/2016\/06\/e3.png\" class=\"thumbnail wp-post-image\" alt=\"\" \/><div class=\"wrap-content\"><p class=\"vcard-occupation\"><span class=\"category\">Investigador Asociado del Centro de Investigaci\u00f3n de Materiales<\/span><\/p><p class=\"vcard-name\"><strong class=\"fn\"><a href=\"https:\/\/ingenieria.udd.cl\/cimat\/persona\/gabriel-candia\/\">Gabriel  Candia<\/a><\/strong><\/p><div class=\"note\"><p>Profesor Facultad de Ingenier\u00eda, Universidad del Desarrollo<\/p>\n<\/div><\/div><\/div><\/div><div class=\"vcard\"><div class=\"object-thumbnail-s object-thumbnail-left\"><img loading=\"lazy\" decoding=\"async\" width=\"220\" height=\"260\" src=\"https:\/\/ingenieria.udd.cl\/cimat\/files\/2016\/06\/e4.png\" class=\"thumbnail wp-post-image\" alt=\"\" \/><div class=\"wrap-content\"><p class=\"vcard-occupation\"><span class=\"category\">Investigador Asociado del Centro de Investigaci\u00f3n de Materiales<\/span><\/p><p class=\"vcard-name\"><strong class=\"fn\"><a href=\"https:\/\/ingenieria.udd.cl\/cimat\/persona\/camilo-rodriguez\/\">Camilo  Rodr\u00edguez<\/a><\/strong><\/p><div class=\"note\"><p>Profesor Facultad de Ingenier\u00eda, Universidad del Desarrollo<br \/>\n<\/br><\/br><\/p>\n<p>Director Innovaci\u00f3n, Facultad de Ingenier\u00eda, Universidad del Desarrollo<\/p>\n<\/div><\/div><\/div><\/div><\/div><!--cierra-contenido-shortcode--><\/div>\n<div class=\"widget widget-teachers-staff\"><header class=\"widget-header\"><h3 class=\"widget-title\"><a href=\"#alumnos-udd\" class=\"toggle slideToggle\">Alumnos UDD <i class=\"icon icon-caret-down\"><\/i><\/a><\/h3><\/header><div id=\"alumnos-udd\" class=\"widget-content people-list\"><div class=\"vcard\"><div class=\"object-thumbnail-s object-thumbnail-left\"><img loading=\"lazy\" decoding=\"async\" width=\"300\" height=\"300\" src=\"https:\/\/ingenieria.udd.cl\/cimat\/files\/2016\/06\/Nicolas-Montes-300x300.jpg\" class=\"thumbnail wp-post-image\" alt=\"\" srcset=\"https:\/\/ingenieria.udd.cl\/cimat\/files\/2016\/06\/Nicolas-Montes-300x300.jpg 300w, https:\/\/ingenieria.udd.cl\/cimat\/files\/2016\/06\/Nicolas-Montes-150x150.jpg 150w, https:\/\/ingenieria.udd.cl\/cimat\/files\/2016\/06\/Nicolas-Montes-62x62.jpg 62w, https:\/\/ingenieria.udd.cl\/cimat\/files\/2016\/06\/Nicolas-Montes-126x126.jpg 126w, https:\/\/ingenieria.udd.cl\/cimat\/files\/2016\/06\/Nicolas-Montes.jpg 433w\" sizes=\"auto, (max-width: 300px) 100vw, 300px\" \/><div class=\"wrap-content\"><p class=\"vcard-name\"><strong class=\"fn\"><a href=\"https:\/\/ingenieria.udd.cl\/cimat\/persona\/nicolas-montes\/\">Nicol\u00e1s  Montes<\/a><\/strong><\/p><div class=\"note\"><p>Alumno Ingenier\u00eda Civil en Obras Civiles, Universidad del Desarrollo<br \/>\n<\/br><\/br><\/p>\n<p>\u00c1rea de Especializaci\u00f3n: Materiales para construcci\u00f3n de caminos<br \/>\n<\/br><\/br><\/p>\n<p>Tema de investigaci\u00f3n: Comportamiento de caminos mineros tratados con supresor de polvo<\/p>\n<\/div><\/div><\/div><\/div><div class=\"vcard\"><div class=\"object-thumbnail-s object-thumbnail-left\"><img loading=\"lazy\" decoding=\"async\" width=\"232\" height=\"231\" src=\"https:\/\/ingenieria.udd.cl\/cimat\/files\/2016\/06\/Horacio-Moya-1.png\" class=\"thumbnail wp-post-image\" alt=\"\" srcset=\"https:\/\/ingenieria.udd.cl\/cimat\/files\/2016\/06\/Horacio-Moya-1.png 232w, https:\/\/ingenieria.udd.cl\/cimat\/files\/2016\/06\/Horacio-Moya-1-150x150.png 150w, https:\/\/ingenieria.udd.cl\/cimat\/files\/2016\/06\/Horacio-Moya-1-62x62.png 62w, https:\/\/ingenieria.udd.cl\/cimat\/files\/2016\/06\/Horacio-Moya-1-126x126.png 126w\" sizes=\"auto, (max-width: 232px) 100vw, 232px\" \/><div class=\"wrap-content\"><p class=\"vcard-name\"><strong class=\"fn\"><a href=\"https:\/\/ingenieria.udd.cl\/cimat\/persona\/horacio-moya\/\">Horacio  Moya<\/a><\/strong><\/p><div class=\"note\"><p>Alumno Ingenier\u00eda Civil en Obras Civiles, Universidad del Desarrollo<br \/>\n<\/br><\/br><\/p>\n<p>\u00c1rea de Especializaci\u00f3n: Materiales para construcci\u00f3n de caminos<br \/>\n<\/br><\/br><\/p>\n<p>Tema de investigaci\u00f3n: Caracterizaci\u00f3n estructural de suelos estabilizados qu\u00edmicamente<\/p>\n<\/div><\/div><\/div><\/div><div class=\"vcard\"><div class=\"object-thumbnail-s object-thumbnail-left\"><img loading=\"lazy\" decoding=\"async\" width=\"200\" height=\"230\" src=\"https:\/\/ingenieria.udd.cl\/cimat\/files\/2016\/06\/Riveros-1.jpg\" class=\"thumbnail wp-post-image\" alt=\"\" \/><div class=\"wrap-content\"><p class=\"vcard-occupation\"><span class=\"category\">Alumno Ingenier\u00eda Civil en Obras Civiles<\/span><\/p><p class=\"vcard-name\"><strong class=\"fn\"><a href=\"https:\/\/ingenieria.udd.cl\/cimat\/persona\/javier-riveros\/\">Javier  Riveros<\/a><\/strong><\/p><div class=\"note\"><p>\u00c1rea de Especializaci\u00f3n: Materiales para construcci\u00f3n de caminos<br \/>\n<\/br><\/br><\/p>\n<p>Tema de investigaci\u00f3n: Correlaci\u00f3n entre el ensayo CBR y mini-CBR en suelos<\/p>\n<\/div><\/div><\/div><\/div><div class=\"vcard\"><div class=\"object-thumbnail-s object-thumbnail-left\"><img loading=\"lazy\" decoding=\"async\" width=\"238\" height=\"230\" src=\"https:\/\/ingenieria.udd.cl\/cimat\/files\/2016\/06\/ENrique-Grunwals.png\" class=\"thumbnail wp-post-image\" alt=\"\" \/><div class=\"wrap-content\"><p class=\"vcard-name\"><strong class=\"fn\"><a href=\"https:\/\/ingenieria.udd.cl\/cimat\/persona\/enrique-grunwald\/\">Enrique  Gr\u00fcnwald<\/a><\/strong><\/p><div class=\"note\"><p>Alumno Ingenier\u00eda Civil en Obras Civiles, Universidad del Desarrollo<br \/>\n<\/br><br \/>\n<\/br><\/p>\n<p>\u00c1rea de Investigaci\u00f3n: Materiales para construcci\u00f3n de caminos<br \/>\n<\/br><\/br><\/p>\n<p>Tema de investigaci\u00f3n: Efecto de aditivos qu\u00edmicos en las propiedades mec\u00e1nicas de suelos para construcci\u00f3n de caminos<\/p>\n<\/div><\/div><\/div><\/div><\/div><!--cierra-contenido-shortcode--><\/div>\n<div class=\"widget widget-teachers-staff\"><header class=\"widget-header\"><h3 class=\"widget-title\"><a href=\"#alumnos-otras-universidades\" class=\"toggle slideToggle\">Alumnos Otras Universidades <i class=\"icon icon-caret-down\"><\/i><\/a><\/h3><\/header><div id=\"alumnos-otras-universidades\" class=\"widget-content people-list\"><div class=\"vcard\"><div class=\"object-thumbnail-s\"><div class=\"wrap-content\"><p class=\"vcard-occupation\"><span class=\"category\">Alumno de Ingenier\u00eda Civil en Obras Civiles, Universidad Santa Mar\u00eda.<\/span><\/p><p class=\"vcard-name\"><strong class=\"fn\"><a href=\"https:\/\/ingenieria.udd.cl\/cimat\/persona\/juan-nieto\/\">Juan  Nieto<\/a><\/strong><\/p><div class=\"note\"><p>\u00c1rea de especializaci\u00f3n: Materiales para construcci\u00f3n de caminos. Tema de investigaci\u00f3n: Estabilizaci\u00f3n de limos.<\/p>\n<\/div><\/div><\/div><\/div><div class=\"vcard\"><div class=\"object-thumbnail-s\"><div class=\"wrap-content\"><p class=\"vcard-occupation\"><span class=\"category\">Alumna de Ingenier\u00eda Civil en Obras Civiles, Universidad Santa Mar\u00eda<\/span><\/p><p class=\"vcard-name\"><strong class=\"fn\"><a href=\"https:\/\/ingenieria.udd.cl\/cimat\/persona\/catalina-cotton\/\">Catalina  Cotton<\/a><\/strong><\/p><div class=\"note\"><p>\u00c1rea de especializaci\u00f3n: Materiales para construcci\u00f3n de caminos. Tema de investigaci\u00f3n: Estabilizaci\u00f3n de arcillas.<\/p>\n<\/div><\/div><\/div><\/div><div class=\"vcard\"><div class=\"object-thumbnail-s\"><div class=\"wrap-content\"><p class=\"vcard-name\"><strong class=\"fn\"><a href=\"https:\/\/ingenieria.udd.cl\/cimat\/persona\/cristobal-chavarria\/\">Crist\u00f3bal  Chavarr\u00eda<\/a><\/strong><\/p><div class=\"note\"><p>Alumno Ingenier\u00eda Civil en Obras Civiles, Universidad Santa Mar\u00eda<br \/>\n<\/br><\/br><br \/>\n\u00c1rea de Especializaci\u00f3n: Materiales para construcci\u00f3n de caminos<br \/>\n<\/br><\/br><br \/>\nTema de investigaci\u00f3n: Auscultaci\u00f3n visual de caminos no pavimentados utilizando equipamiento de bajo costo<\/p>\n<\/div><\/div><\/div><\/div><div class=\"vcard\"><div class=\"object-thumbnail-s\"><div class=\"wrap-content\"><p class=\"vcard-name\"><strong class=\"fn\"><a href=\"https:\/\/ingenieria.udd.cl\/cimat\/persona\/christian-heitzer\/\">Christian  Heitzer<\/a><\/strong><\/p><div class=\"note\"><p>Alumno Ingenier\u00eda Civil en Obras Civiles, Universidad Santa Mar\u00eda<br \/>\n<\/br><\/br><br \/>\n\u00c1rea de Especializaci\u00f3n: Materiales para construcci\u00f3n de caminos<br \/>\n<\/br><\/br><br \/>\nTema de investigaci\u00f3n: Propiedades mec\u00e1nicas de materiales tratados con mezclas de cloruros<\/p>\n<\/div><\/div><\/div><\/div><\/div><!--cierra-contenido-shortcode--><\/div>\n","protected":false},"excerpt":{"rendered":"","protected":false},"author":1,"featured_media":0,"parent":0,"menu_order":0,"comment_status":"closed","ping_status":"closed","template":"template-wide-content.php","meta":{"footnotes":""},"class_list":["post-16","page","type-page","status-publish","hentry"],"_links":{"self":[{"href":"https:\/\/ingenieria.udd.cl\/cimat\/wp-json\/wp\/v2\/pages\/16","targetHints":{"allow":["GET"]}}],"collection":[{"href":"https:\/\/ingenieria.udd.cl\/cimat\/wp-json\/wp\/v2\/pages"}],"about":[{"href":"https:\/\/ingenieria.udd.cl\/cimat\/wp-json\/wp\/v2\/types\/page"}],"author":[{"embeddable":true,"href":"https:\/\/ingenieria.udd.cl\/cimat\/wp-json\/wp\/v2\/users\/1"}],"replies":[{"embeddable":true,"href":"https:\/\/ingenieria.udd.cl\/cimat\/wp-json\/wp\/v2\/comments?post=16"}],"version-history":[{"count":5,"href":"https:\/\/ingenieria.udd.cl\/cimat\/wp-json\/wp\/v2\/pages\/16\/revisions"}],"predecessor-version":[{"id":65,"href":"https:\/\/ingenieria.udd.cl\/cimat\/wp-json\/wp\/v2\/pages\/16\/revisions\/65"}],"wp:attachment":[{"href":"https:\/\/ingenieria.udd.cl\/cimat\/wp-json\/wp\/v2\/media?parent=16"}],"curies":[{"name":"wp","href":"https:\/\/api.w.org\/{rel}","templated":true}]}}