{"id":6,"date":"2016-06-08T20:59:46","date_gmt":"2016-06-08T20:59:46","guid":{"rendered":"http:\/\/ingenieria.udd.cl\/cimat\/?page_id=6"},"modified":"2017-03-17T18:13:28","modified_gmt":"2017-03-17T18:13:28","slug":"que-hacemos","status":"publish","type":"page","link":"https:\/\/ingenieria.udd.cl\/cimat\/que-hacemos\/","title":{"rendered":"\u00bfQu\u00e9 hacemos?"},"content":{"rendered":"<p style=\"text-align: center\">Para que Chile mantenga su nivel de competitividad actual, existe la necesidad de acceder a servicios de infraestructura de calidad, lo que requiere de una importante inversi\u00f3n. Seg\u00fan datos de la C\u00e1mara Chilena de la Construcci\u00f3n (CChC, 2014), esto implica una inversi\u00f3n cercana a los US$ 110.000.000.000 en el per\u00edodo 2014-2023, lo cual significa una inversi\u00f3n anual del 5% del PIB. Se estima que de estos montos, el 54% corresponder\u00eda al aporte del sector p\u00fablico y el 46% al sector privado.<\/p>\n<p style=\"text-align: center\">Dado el alto nivel de inversi\u00f3n requerida en infraestructura, se hace fundamental disponer de \u00a0materiales t\u00e9cnicamente adecuados, econ\u00f3micos, que generen un bajo impacto ambiental y que sean durables en el contexto chileno. Los investigadores de la Facultad de Ingenier\u00eda visualizan la necesidad del pa\u00eds (Estado y Empresa Privada) por contar con nuevos materiales, de relativo bajo costo, que se adapten al entorno y generen menos externalidades negativas. Adem\u00e1s, es necesario explorar nuevas aplicaciones de materiales existentes, pero que no se han utilizado en contextos diferentes a su concepci\u00f3n original. Las necesidades de inversi\u00f3n, durabilidad y sustentabilidad en materiales del pa\u00eds han impulsado a que una de las l\u00edneas tem\u00e1ticas de la Facultad de Ingenier\u00eda UDD sean los materiales, y a la creaci\u00f3n de un centro en esta \u00e1rea es una consecuencia de dicha necesidad.<\/p>\n<p style=\"text-align: center\"><strong>El Centro de Centro de Investigaci\u00f3n en Materiales CIMAT nace en la Facultad de Ingenier\u00eda de la Universidad del Desarrollo y que tiene como objetivo el desarrollo de nuevos materiales y encontrar nuevas aplicaciones a materiales existentes, as\u00ed como el estudio de sus propiedades fundamentales.<\/strong><\/p>\n<p><img loading=\"lazy\" decoding=\"async\" class=\"size-full wp-image-136 aligncenter\" src=\"http:\/\/ingenieria.udd.cl\/cimat\/files\/2016\/06\/que-hacemos.png\" alt=\"que-hacemos\" width=\"425\" height=\"400\" srcset=\"https:\/\/ingenieria.udd.cl\/cimat\/files\/2016\/06\/que-hacemos.png 425w, https:\/\/ingenieria.udd.cl\/cimat\/files\/2016\/06\/que-hacemos-300x282.png 300w\" sizes=\"auto, (max-width: 425px) 100vw, 425px\" \/><\/p>\n<p style=\"text-align: center\"><strong>El \u00e9nfasis de CIMAT\u00a0son los materiales utilizados en infraestructura y salud, sin embargo, el centro est\u00e1 abierto a incorporar otras disciplinas que cuenten con la necesidad de desarrollar, aplicar y modelar materiales de su inter\u00e9s.<\/strong><\/p>\n<p style=\"text-align: center\"><strong>Los temas centrales de investigaci\u00f3n de CIMAT\u00a0son:<\/strong><\/p>\n<ul>\n<li><strong>Materiales sustentables para la Infraestructura<\/strong><\/li>\n<li><strong>Materiales inteligentes para Infraestructura y Salud.<\/strong><\/li>\n<\/ul>\n","protected":false},"excerpt":{"rendered":"<p>Para que Chile mantenga su nivel de competitividad actual, existe la necesidad de acceder a servicios de infraestructura de calidad, lo que requiere de una importante inversi\u00f3n. Seg\u00fan datos de la C\u00e1mara Chilena de la Construcci\u00f3n (CChC, 2014), esto implica una inversi\u00f3n cercana a los US$ 110.000.000.000 en el per\u00edodo 2014-2023, lo cual significa una [&hellip;]<\/p>\n","protected":false},"author":1,"featured_media":0,"parent":0,"menu_order":0,"comment_status":"closed","ping_status":"closed","template":"","meta":{"footnotes":""},"class_list":["post-6","page","type-page","status-publish","hentry"],"_links":{"self":[{"href":"https:\/\/ingenieria.udd.cl\/cimat\/wp-json\/wp\/v2\/pages\/6","targetHints":{"allow":["GET"]}}],"collection":[{"href":"https:\/\/ingenieria.udd.cl\/cimat\/wp-json\/wp\/v2\/pages"}],"about":[{"href":"https:\/\/ingenieria.udd.cl\/cimat\/wp-json\/wp\/v2\/types\/page"}],"author":[{"embeddable":true,"href":"https:\/\/ingenieria.udd.cl\/cimat\/wp-json\/wp\/v2\/users\/1"}],"replies":[{"embeddable":true,"href":"https:\/\/ingenieria.udd.cl\/cimat\/wp-json\/wp\/v2\/comments?post=6"}],"version-history":[{"count":7,"href":"https:\/\/ingenieria.udd.cl\/cimat\/wp-json\/wp\/v2\/pages\/6\/revisions"}],"predecessor-version":[{"id":138,"href":"https:\/\/ingenieria.udd.cl\/cimat\/wp-json\/wp\/v2\/pages\/6\/revisions\/138"}],"wp:attachment":[{"href":"https:\/\/ingenieria.udd.cl\/cimat\/wp-json\/wp\/v2\/media?parent=6"}],"curies":[{"name":"wp","href":"https:\/\/api.w.org\/{rel}","templated":true}]}}