{"id":81,"date":"2017-03-10T19:43:12","date_gmt":"2017-03-10T19:43:12","guid":{"rendered":"http:\/\/ingenieria.udd.cl\/cimat\/?page_id=81"},"modified":"2017-03-17T18:11:36","modified_gmt":"2017-03-17T18:11:36","slug":"mision-vision-objetivos","status":"publish","type":"page","link":"https:\/\/ingenieria.udd.cl\/cimat\/mision-vision-objetivos\/","title":{"rendered":"Misi\u00f3n, Visi\u00f3n y Objetivos"},"content":{"rendered":"<p><img loading=\"lazy\" decoding=\"async\" class=\"size-full wp-image-132 aligncenter\" src=\"http:\/\/ingenieria.udd.cl\/cimat\/files\/2017\/03\/quienes_1.png\" alt=\"quienes_1\" width=\"425\" height=\"400\" srcset=\"https:\/\/ingenieria.udd.cl\/cimat\/files\/2017\/03\/quienes_1.png 425w, https:\/\/ingenieria.udd.cl\/cimat\/files\/2017\/03\/quienes_1-300x282.png 300w\" sizes=\"auto, (max-width: 425px) 100vw, 425px\" \/><\/p>\n<p><strong>Misi\u00f3n<\/strong><br \/>\nContribuir al medio nacional e internacional, p\u00fablico y privado, con el desarrollo de nuevos materiales y nuevas aplicaciones de materiales para la Infraestructura y otras \u00e1reas, generando un impacto positivo en productividad, calidad y sustentabilidad.<\/p>\n<p><strong>Visi\u00f3n<\/strong><\/p>\n<p>Ser reconocidos a nivel nacional e internacional como un centro de investigaci\u00f3n que contribuye al desarrollo de nuevos materiales en Infraestructura y otras \u00e1reas, con conocimiento en las \u00e1reas de materiales sustentables para la infraestructura y materiales inteligentes, o materiales que cambian o se adaptan a su entorno.<\/p>\n<p><strong>Objetivos<\/strong><\/p>\n<p><strong>CIMAT<\/strong> ha establecido los siguientes objetivos:<\/p>\n<ul>\n<li>Desarrollar investigaci\u00f3n experimental en el \u00e1rea de materiales para la infraestructura.<\/li>\n<li>Desarrollar materiales que sean sustentables y especialmente aquellos que tienen una baja energ\u00eda embebida.<\/li>\n<li>Desarrollar materiales inteligentes para la infraestructura. Esto es, materiales que se puedan ir adaptando al cambio en el entorno o que respondan bajo ciertos est\u00edmulos.<\/li>\n<li>Desarrollar materiales inteligentes para otras \u00e1reas.<\/li>\n<li>Difundir en el medio nacional e internacional los avances en investigaci\u00f3n por medio de art\u00edculos cient\u00edficos originales, participaci\u00f3n en congresos y desarrollo de seminarios.<\/li>\n<li>Llevar a cabo transferencia del conocimiento al sector p\u00fablico y privado mediante talleres u otros medios de difusi\u00f3n.<\/li>\n<\/ul>\n","protected":false},"excerpt":{"rendered":"<p>Misi\u00f3n Contribuir al medio nacional e internacional, p\u00fablico y privado, con el desarrollo de nuevos materiales y nuevas aplicaciones de materiales para la Infraestructura y otras \u00e1reas, generando un impacto positivo en productividad, calidad y sustentabilidad. Visi\u00f3n Ser reconocidos a nivel nacional e internacional como un centro de investigaci\u00f3n que contribuye al desarrollo de nuevos [&hellip;]<\/p>\n","protected":false},"author":9192198,"featured_media":0,"parent":0,"menu_order":0,"comment_status":"closed","ping_status":"closed","template":"","meta":{"footnotes":""},"class_list":["post-81","page","type-page","status-publish","hentry"],"_links":{"self":[{"href":"https:\/\/ingenieria.udd.cl\/cimat\/wp-json\/wp\/v2\/pages\/81","targetHints":{"allow":["GET"]}}],"collection":[{"href":"https:\/\/ingenieria.udd.cl\/cimat\/wp-json\/wp\/v2\/pages"}],"about":[{"href":"https:\/\/ingenieria.udd.cl\/cimat\/wp-json\/wp\/v2\/types\/page"}],"author":[{"embeddable":true,"href":"https:\/\/ingenieria.udd.cl\/cimat\/wp-json\/wp\/v2\/users\/9192198"}],"replies":[{"embeddable":true,"href":"https:\/\/ingenieria.udd.cl\/cimat\/wp-json\/wp\/v2\/comments?post=81"}],"version-history":[{"count":5,"href":"https:\/\/ingenieria.udd.cl\/cimat\/wp-json\/wp\/v2\/pages\/81\/revisions"}],"predecessor-version":[{"id":134,"href":"https:\/\/ingenieria.udd.cl\/cimat\/wp-json\/wp\/v2\/pages\/81\/revisions\/134"}],"wp:attachment":[{"href":"https:\/\/ingenieria.udd.cl\/cimat\/wp-json\/wp\/v2\/media?parent=81"}],"curies":[{"name":"wp","href":"https:\/\/api.w.org\/{rel}","templated":true}]}}