{"id":85,"date":"2017-03-10T19:45:18","date_gmt":"2017-03-10T19:45:18","guid":{"rendered":"http:\/\/ingenieria.udd.cl\/cimat\/?page_id=85"},"modified":"2017-05-25T14:18:57","modified_gmt":"2017-05-25T14:18:57","slug":"fundamentacion-la-creacion-cimat","status":"publish","type":"page","link":"https:\/\/ingenieria.udd.cl\/cimat\/fundamentacion-la-creacion-cimat\/","title":{"rendered":"Fundamentaci\u00f3n de la creaci\u00f3n de CIMAT"},"content":{"rendered":"<h1>Fortalecimiento de la Investigaci\u00f3n y Aumento de la Productividad<\/h1>\n<p><img loading=\"lazy\" decoding=\"async\" class=\"size-full wp-image-139 aligncenter\" src=\"http:\/\/ingenieria.udd.cl\/cimat\/files\/2017\/03\/fundamento_1.png\" alt=\"fundamento_1\" width=\"425\" height=\"400\" srcset=\"https:\/\/ingenieria.udd.cl\/cimat\/files\/2017\/03\/fundamento_1.png 425w, https:\/\/ingenieria.udd.cl\/cimat\/files\/2017\/03\/fundamento_1-300x282.png 300w\" sizes=\"auto, (max-width: 425px) 100vw, 425px\" \/><\/p>\n<p>La actividad investigativa desarrollada por los acad\u00e9micos del \u00e1rea de materiales e infraestructura de la Facultad se ve reflejada en hechos concretos:<\/p>\n<ul>\n<li>M\u00e1s de 20 alumnos de pregrado, tanto de la UDD como de otras universidades, se encuentran trabajando en temas de investigaci\u00f3n relacionados con materiales, guiados por profesores de la Facultad de Ingenier\u00eda. En el per\u00edodo 2012-2015 hay m\u00e1s de 15 publicaciones ISI asociadas a investigadores del centro en el \u00e1rea de Infraestructura, las cuales se incluyen al final del presente documento.<\/li>\n<li>Los investigadores del centro se han adjudicado y ejecutado varios proyectos con financiamiento p\u00fablico, y han generado publicaciones de impacto en el medio nacional e internacional. El listado de proyectos se incluye al final de este documento.<\/li>\n<li>Existe un v\u00ednculo entre los investigadores del centro con sus pares internacionales, lo cual le da un car\u00e1cter internacional a la investigaci\u00f3n desarrollada. En el per\u00edodo 2012-2015 se ha contado con la presencia de distinguidos investigadores internacionales en el \u00e1rea de materiales de Alemania, Australia, Holanda, Estados Unidos y M\u00e9xico, demostrando la relaci\u00f3n que existe entre investigadores de clase mundial con sus pares de la UDD. El listado de proyectos y colaboraci\u00f3n en el \u00e1rea de materiales se incluye al final del documento.<\/li>\n<li>Los investigadores del centro han participado en el per\u00edodo 2012-2015 en m\u00e1s de 20 congresos internacionales presentando los trabajos realizados en la UDD sobre materiales, y 10 congresos locales. Adem\u00e1s, participan permanentemente en comisiones de evaluaci\u00f3n de doctorado, mag\u00edster en ciencias y pregrado, adem\u00e1s de tener presencia en comit\u00e9s t\u00e9cnicos de la Asociaci\u00f3n Chilena de Carreteras, Instituto Chileno del Hormig\u00f3n y del Cemento, American Concrete Institute, entre otros.<\/li>\n<\/ul>\n<p>La consolidaci\u00f3n del grupo de investigadores en Infraestructura de la Facultad de Ingenier\u00eda a trav\u00e9s de la creaci\u00f3n de CIMAT, en conjunto con la creaci\u00f3n del Mag\u00edster en Ciencias de la Ingenier\u00eda en el 2016 constituyen un hito que permite proyectar un aumento en la adjudicaci\u00f3n de fondos con recursos externos, el incremento en el n\u00famero de estudiantes de pre y posgrado participando en proyectos de investigaci\u00f3n, y un aumento del trabajo colaborativo con otras universidades, lo que deber\u00eda repercutir en un aumento de las publicaciones en el mediano plazo. Esto se fundamenta en el hecho de tener un grupo que trabaja en conjunto en dos l\u00edneas claras de investigaci\u00f3n y que se interrelacionar\u00e1 con otras disciplinas, lo que permitir\u00e1 aumentar las tem\u00e1ticas dentro de las l\u00edneas definidas, y el n\u00famero de estudiantes e investigadores vinculados al centro.<\/p>\n","protected":false},"excerpt":{"rendered":"<p>Fortalecimiento de la Investigaci\u00f3n y Aumento de la Productividad La actividad investigativa desarrollada por los acad\u00e9micos del \u00e1rea de materiales e infraestructura de la Facultad se ve reflejada en hechos concretos: M\u00e1s de 20 alumnos de pregrado, tanto de la UDD como de otras universidades, se encuentran trabajando en temas de investigaci\u00f3n relacionados con materiales, [&hellip;]<\/p>\n","protected":false},"author":9192198,"featured_media":0,"parent":0,"menu_order":0,"comment_status":"closed","ping_status":"closed","template":"","meta":{"footnotes":""},"class_list":["post-85","page","type-page","status-publish","hentry"],"_links":{"self":[{"href":"https:\/\/ingenieria.udd.cl\/cimat\/wp-json\/wp\/v2\/pages\/85","targetHints":{"allow":["GET"]}}],"collection":[{"href":"https:\/\/ingenieria.udd.cl\/cimat\/wp-json\/wp\/v2\/pages"}],"about":[{"href":"https:\/\/ingenieria.udd.cl\/cimat\/wp-json\/wp\/v2\/types\/page"}],"author":[{"embeddable":true,"href":"https:\/\/ingenieria.udd.cl\/cimat\/wp-json\/wp\/v2\/users\/9192198"}],"replies":[{"embeddable":true,"href":"https:\/\/ingenieria.udd.cl\/cimat\/wp-json\/wp\/v2\/comments?post=85"}],"version-history":[{"count":7,"href":"https:\/\/ingenieria.udd.cl\/cimat\/wp-json\/wp\/v2\/pages\/85\/revisions"}],"predecessor-version":[{"id":181,"href":"https:\/\/ingenieria.udd.cl\/cimat\/wp-json\/wp\/v2\/pages\/85\/revisions\/181"}],"wp:attachment":[{"href":"https:\/\/ingenieria.udd.cl\/cimat\/wp-json\/wp\/v2\/media?parent=85"}],"curies":[{"name":"wp","href":"https:\/\/api.w.org\/{rel}","templated":true}]}}