{"id":91,"date":"2017-03-10T19:49:39","date_gmt":"2017-03-10T19:49:39","guid":{"rendered":"http:\/\/ingenieria.udd.cl\/cimat\/?page_id=91"},"modified":"2017-05-25T15:18:08","modified_gmt":"2017-05-25T15:18:08","slug":"tematicas-lineas-investigacion","status":"publish","type":"page","link":"https:\/\/ingenieria.udd.cl\/cimat\/tematicas-lineas-investigacion\/","title":{"rendered":"L\u00edneas de Investigaci\u00f3n y Publicaciones"},"content":{"rendered":"<p><strong>L\u00ednea 1: Materiales Sustentables para la Infraestructura<\/strong><br \/>\nLa construcci\u00f3n es uno de los sectores econ\u00f3micos de mayor crecimiento, lo cual ha demandado un constante desarrollo tecnol\u00f3gico. En Chile, se estima que la industria de la construcci\u00f3n aporta un promedio del 7,8% del producto interno bruto nacional (Banco Central, 2012) y representa un 8,46% de los empleos (INE, 2012). No obstante, el sector es tambi\u00e9n responsable de una cantidad importante de emisiones, tanto por generaci\u00f3n de residuos s\u00f3lidos, como por el 33% de las emisiones de gases efecto invernadero (MMA, 2012) que son generadas por el sector residencial &#8211; publico &#8211; comercial, ligado \u00edntegramente a edificaciones. Este mismo sector es responsable, s\u00f3lo considerando la etapa de operaci\u00f3n, del 26% del uso final de energ\u00eda en el pa\u00eds (CNE, 2010). En este contexto, la transformaci\u00f3n de la industria de la construcci\u00f3n hacia el desarrollo sustentable es un enorme desaf\u00edo, pero a la vez constituye una oportunidad para Chile de convertirse en l\u00edder en la materia, situ\u00e1ndose en una posici\u00f3n ventajosa a nivel latinoamericano como polo regional de la industria de la construcci\u00f3n sustentable.<\/p>\n<p>En Chile existe una gran brecha para llegar a contar con un sistema de infraestructura sustentable. La C\u00e1mara Chilena de la construcci\u00f3n ha estimado que la oportunidad de negocio para el desarrollo de infraestructura sustentable es del orden de 2 mil millones de d\u00f3lares al a\u00f1o, lo cual representa una gran oportunidad para que se potencie la investigaci\u00f3n y desarrollo en este \u00e1mbito.<\/p>\n<p>Un factor que impacta directamente en la sustentabilidad de la infraestructura son los materiales. Existe de hecho, un programa de innovaci\u00f3n en construcci\u00f3n sustentable entre la C\u00e1mara Chilena de la Construcci\u00f3n y CORFO para el desarrollo de materiales sustentables. Estos materiales se definen como materiales reciclados, es decir, que se obtiene mediante la reutilizaci\u00f3n de otros productos, o bien son materiales en que se utiliza una baja cantidad de energ\u00eda para su elaboraci\u00f3n.<\/p>\n<p>Debido al contexto presentado, la primera l\u00ednea de investigaci\u00f3n de CIMAT son los materiales sustentables para la infraestructura. En la Facultad de Ingenier\u00eda se viene realizando una serie de proyectos en esta l\u00ednea, por ejemplo:<\/p>\n<p>&nbsp;<\/p>\n<ul>\n<li>Mejoramiento de las caracter\u00edsticas de cloruros utilizados para la supresi\u00f3n de polvo en caminos mineros.<\/li>\n<li>Investigaci\u00f3n sobre la cohesi\u00f3n, resistencia y deformaci\u00f3n de materiales de pavimento reciclados tratados con asfalto espumado.<\/li>\n<li>Caracterizaci\u00f3n mec\u00e1nica de suelos estabilizados qu\u00edmicamente para la construcci\u00f3n de pavimentos.<\/li>\n<li>Desarrollo de un sem\u00e1foro para indicar la fricci\u00f3n en caminos tratados con Bischofita<\/li>\n<li>Desarrollo de bloques para la construcci\u00f3n de superficies y viviendas de bajo consumo energ\u00e9tico<\/li>\n<li>Evaluaci\u00f3n de la ceniza volante como reemplazo del cemento para producir hormig\u00f3n de menor impacto ambiental<\/li>\n<li>Caracterizaci\u00f3n f\u00edsica de los suelos salinos del norte de Chile.<\/li>\n<\/ul>\n<p><strong>L\u00ednea 2: Materiales Inteligentes<\/strong><br \/>\nEsta l\u00ednea de investigaci\u00f3n se separar\u00e1 en dos l\u00edneas: materiales inteligentes para la infraestructura y materiales inteligentes para otras \u00e1reas. El \u00e1rea de materiales inteligentes tiene por objetivo desarrollar materiales que puedan cambiar sus propiedades o adaptarse a su entorno mientras se encuentran en servicio, y a su vez ser seguros, confiables y sustentables. En particular se buscar\u00e1 el desarrollo de:<\/p>\n<ul>\n<li>materiales con sensores,<\/li>\n<li>auto-reparaci\u00f3n de materiales,<\/li>\n<li>materiales que tengan una segunda funci\u00f3n adem\u00e1s de cumplir su objetivo principal.<\/li>\n<\/ul>\n<p>La ventaja de los materiales inteligentes es que poseen alg\u00fan medio para detectar las condiciones del ambiente, procesamiento de la informaci\u00f3n recibida por el material y capacidad de reaccionar, ya sea mediante movimiento o un cambio de propiedad para adaptarse al cambio.<\/p>\n<p>Los proyectos en desarrollo en la Facultad de Ingenier\u00eda en esta l\u00ednea son los siguientes:<\/p>\n<ul>\n<li>Desarrollo de una se\u00f1al con pintura higrocrom\u00e1tica para indicar la condici\u00f3n superficial de caminos tratados con Bischofita<\/li>\n<li>Optimizaci\u00f3n de los contenidos de cloruros utilizados como riego supresor de polvo en caminos de la gran miner\u00eda<\/li>\n<li>Estudio de la evoluci\u00f3n del m\u00f3dulo el\u00e1stico de materiales reciclados tratados con asfalto espumado y filler activo<\/li>\n<li>Utilizaci\u00f3n de cables de fuerza controlada por electricidad para el mejoramiento de las propiedades de materiales<\/li>\n<li>Optimizaci\u00f3n de pinturas termocr\u00f3micas<\/li>\n<li>Aplicaci\u00f3n de pinturas termocr\u00f3micas a la se\u00f1al\u00e9tica vial.<\/li>\n<\/ul>\n<p>&nbsp;<\/p>\n","protected":false},"excerpt":{"rendered":"<p>L\u00ednea 1: Materiales Sustentables para la Infraestructura La construcci\u00f3n es uno de los sectores econ\u00f3micos de mayor crecimiento, lo cual ha demandado un constante desarrollo tecnol\u00f3gico. En Chile, se estima que la industria de la construcci\u00f3n aporta un promedio del 7,8% del producto interno bruto nacional (Banco Central, 2012) y representa un 8,46% de los [&hellip;]<\/p>\n","protected":false},"author":9192198,"featured_media":0,"parent":0,"menu_order":0,"comment_status":"closed","ping_status":"closed","template":"","meta":{"footnotes":""},"class_list":["post-91","page","type-page","status-publish","hentry"],"_links":{"self":[{"href":"https:\/\/ingenieria.udd.cl\/cimat\/wp-json\/wp\/v2\/pages\/91","targetHints":{"allow":["GET"]}}],"collection":[{"href":"https:\/\/ingenieria.udd.cl\/cimat\/wp-json\/wp\/v2\/pages"}],"about":[{"href":"https:\/\/ingenieria.udd.cl\/cimat\/wp-json\/wp\/v2\/types\/page"}],"author":[{"embeddable":true,"href":"https:\/\/ingenieria.udd.cl\/cimat\/wp-json\/wp\/v2\/users\/9192198"}],"replies":[{"embeddable":true,"href":"https:\/\/ingenieria.udd.cl\/cimat\/wp-json\/wp\/v2\/comments?post=91"}],"version-history":[{"count":6,"href":"https:\/\/ingenieria.udd.cl\/cimat\/wp-json\/wp\/v2\/pages\/91\/revisions"}],"predecessor-version":[{"id":213,"href":"https:\/\/ingenieria.udd.cl\/cimat\/wp-json\/wp\/v2\/pages\/91\/revisions\/213"}],"wp:attachment":[{"href":"https:\/\/ingenieria.udd.cl\/cimat\/wp-json\/wp\/v2\/media?parent=91"}],"curies":[{"name":"wp","href":"https:\/\/api.w.org\/{rel}","templated":true}]}}