{"id":106,"date":"2018-08-20T18:07:06","date_gmt":"2018-08-20T18:07:06","guid":{"rendered":"http:\/\/ctd.udd.cl\/?page_id=106"},"modified":"2018-08-20T18:07:06","modified_gmt":"2018-08-20T18:07:06","slug":"workshop-summit-pais-digital","status":"publish","type":"page","link":"https:\/\/ingenieria.udd.cl\/ctd\/workshop-summit-pais-digital\/","title":{"rendered":"Workshop Summit Pa\u00eds Digital"},"content":{"rendered":"<hr \/>\n<p><img loading=\"lazy\" decoding=\"async\" class=\"size-medium wp-image-122 alignleft\" src=\"http:\/\/ctd.udd.cl\/files\/2018\/08\/loreto-219x300.jpg\" alt=\"\" width=\"219\" height=\"300\" align=\"left\" hspace=\"15\" vspace=\"5\" srcset=\"https:\/\/ingenieria.udd.cl\/ctd\/files\/2018\/08\/loreto-219x300.jpg 219w, https:\/\/ingenieria.udd.cl\/ctd\/files\/2018\/08\/loreto.jpg 712w\" sizes=\"auto, (max-width: 219px) 100vw, 219px\" \/><\/p>\n<p>Este programa pretende presentar las principales herramientas de anal\u00edtica avanzada (IA, Machine Lerning, Deep Learning, etc.) y aquellos contextos\/desaf\u00edos de negocios en los que resultan m\u00e1s adecuados. Se revisaran casos reales y se abordaran los principales desaf\u00edo que tienen las empresas para adoptar este tipo de herramientas.<\/p>\n<h3>DIRIGIDO A<\/h3>\n<div class=\"dec-course-text-section-content\">\n<p>Abierto a todo p\u00fablico, incluido a los asistentes que participar\u00e1n en el Summit de Pa\u00eds Digital, quienes quieran profundizar en las tem\u00e1ticas propias del Summit.<\/p>\n<\/div>\n<h3>CONTENIDO<\/h3>\n<p>Este programa pretende presentar las principales herramientas de anal\u00edtica avanzada (IA, Machine Lerning, Deep Learning, etc.) y aquellos contextos\/desaf\u00edos de negocios en los que resultan m\u00e1s adecuados. Se revisaran casos reales y se abordaran los principales desaf\u00edo que tienen las empresas para adoptar este .\u00a0 tipo de herramientas.<\/p>\n<p><a href=\"http:\/\/educacioncontinua.udd.cl\/PagoEyc\/Forms\/Index.aspx?Curso=TAA07002S&amp;Fecha_Inicio=20180904&amp;Planificacion=698\"><img loading=\"lazy\" decoding=\"async\" class=\"alignnone size-medium wp-image-116\" src=\"http:\/\/ctd.udd.cl\/files\/2018\/08\/Workshop-Summit-Pai\u0301s-Digital-Transformacio\u0301n-Cultural-Facultad-de-Ingenieri\u0301a-300x96.png\" alt=\"\" width=\"300\" height=\"96\" srcset=\"https:\/\/ingenieria.udd.cl\/ctd\/files\/2018\/08\/Workshop-Summit-Pa\u00eds-Digital-Transformaci\u00f3n-Cultural-Facultad-de-Ingenier\u00eda-300x96.png 300w, https:\/\/ingenieria.udd.cl\/ctd\/files\/2018\/08\/Workshop-Summit-Pa\u00eds-Digital-Transformaci\u00f3n-Cultural-Facultad-de-Ingenier\u00eda.png 436w\" sizes=\"auto, (max-width: 300px) 100vw, 300px\" \/><\/a><\/p>\n","protected":false},"excerpt":{"rendered":"<p>Este programa pretende presentar las principales herramientas de anal\u00edtica avanzada (IA, Machine Lerning, Deep Learning, etc.) y aquellos contextos\/desaf\u00edos de negocios en los que resultan m\u00e1s adecuados. Se revisaran casos reales y se abordaran los principales desaf\u00edo que tienen las empresas para adoptar este tipo de herramientas. DIRIGIDO A Abierto a todo p\u00fablico, incluido a [&hellip;]<\/p>\n","protected":false},"author":9192204,"featured_media":0,"parent":0,"menu_order":0,"comment_status":"closed","ping_status":"closed","template":"","meta":{"footnotes":""},"class_list":["post-106","page","type-page","status-publish","hentry"],"yoast_head":"<!-- This site is optimized with the Yoast SEO plugin v26.9 - https:\/\/yoast.com\/product\/yoast-seo-wordpress\/ -->\n<title>Workshop Summit Pa\u00eds Digital - Centro de Transformaci\u00f3n Digital UDD<\/title>\n<meta name=\"robots\" content=\"index, follow, max-snippet:-1, max-image-preview:large, max-video-preview:-1\" \/>\n<link rel=\"canonical\" href=\"https:\/\/ingenieria.udd.cl\/ctd\/workshop-summit-pais-digital\/\" \/>\n<meta property=\"og:locale\" content=\"es_ES\" \/>\n<meta property=\"og:type\" content=\"article\" \/>\n<meta property=\"og:title\" content=\"Workshop Summit Pa\u00eds Digital - Centro de Transformaci\u00f3n Digital UDD\" \/>\n<meta property=\"og:description\" content=\"Este programa pretende presentar las principales herramientas de anal\u00edtica avanzada (IA, Machine Lerning, Deep Learning, etc.) y aquellos contextos\/desaf\u00edos de negocios en los que resultan m\u00e1s adecuados. Se revisaran casos reales y se abordaran los principales desaf\u00edo que tienen las empresas para adoptar este tipo de herramientas. DIRIGIDO A Abierto a todo p\u00fablico, incluido a [&hellip;]\" \/>\n<meta property=\"og:url\" content=\"https:\/\/ingenieria.udd.cl\/ctd\/workshop-summit-pais-digital\/\" \/>\n<meta property=\"og:site_name\" content=\"Centro de Transformaci\u00f3n Digital UDD\" \/>\n<meta property=\"og:image\" content=\"http:\/\/ctd.udd.cl\/files\/2018\/08\/loreto-219x300.jpg\" \/>\n<meta name=\"twitter:card\" content=\"summary_large_image\" \/>\n<meta name=\"twitter:label1\" content=\"Tiempo de lectura\" \/>\n\t<meta name=\"twitter:data1\" content=\"1 minuto\" \/>\n<script type=\"application\/ld+json\" class=\"yoast-schema-graph\">{\"@context\":\"https:\/\/schema.org\",\"@graph\":[{\"@type\":\"WebPage\",\"@id\":\"https:\/\/ingenieria.udd.cl\/ctd\/workshop-summit-pais-digital\/\",\"url\":\"https:\/\/ingenieria.udd.cl\/ctd\/workshop-summit-pais-digital\/\",\"name\":\"Workshop Summit Pa\u00eds Digital - Centro de Transformaci\u00f3n Digital UDD\",\"isPartOf\":{\"@id\":\"https:\/\/ingenieria.udd.cl\/ctd\/#website\"},\"primaryImageOfPage\":{\"@id\":\"https:\/\/ingenieria.udd.cl\/ctd\/workshop-summit-pais-digital\/#primaryimage\"},\"image\":{\"@id\":\"https:\/\/ingenieria.udd.cl\/ctd\/workshop-summit-pais-digital\/#primaryimage\"},\"thumbnailUrl\":\"http:\/\/ctd.udd.cl\/files\/2018\/08\/loreto-219x300.jpg\",\"datePublished\":\"2018-08-20T18:07:06+00:00\",\"breadcrumb\":{\"@id\":\"https:\/\/ingenieria.udd.cl\/ctd\/workshop-summit-pais-digital\/#breadcrumb\"},\"inLanguage\":\"es\",\"potentialAction\":[{\"@type\":\"ReadAction\",\"target\":[\"https:\/\/ingenieria.udd.cl\/ctd\/workshop-summit-pais-digital\/\"]}]},{\"@type\":\"ImageObject\",\"inLanguage\":\"es\",\"@id\":\"https:\/\/ingenieria.udd.cl\/ctd\/workshop-summit-pais-digital\/#primaryimage\",\"url\":\"http:\/\/ctd.udd.cl\/files\/2018\/08\/loreto-219x300.jpg\",\"contentUrl\":\"http:\/\/ctd.udd.cl\/files\/2018\/08\/loreto-219x300.jpg\"},{\"@type\":\"BreadcrumbList\",\"@id\":\"https:\/\/ingenieria.udd.cl\/ctd\/workshop-summit-pais-digital\/#breadcrumb\",\"itemListElement\":[{\"@type\":\"ListItem\",\"position\":1,\"name\":\"Portada\",\"item\":\"https:\/\/ingenieria.udd.cl\/ctd\/\"},{\"@type\":\"ListItem\",\"position\":2,\"name\":\"Workshop Summit Pa\u00eds Digital\"}]},{\"@type\":\"WebSite\",\"@id\":\"https:\/\/ingenieria.udd.cl\/ctd\/#website\",\"url\":\"https:\/\/ingenieria.udd.cl\/ctd\/\",\"name\":\"Centro de Transformaci\u00f3n Digital UDD\",\"description\":\"Otro sitio m\u00e1s de Ingenieria\",\"inLanguage\":\"es\"}]}<\/script>\n<!-- \/ Yoast SEO plugin. -->","yoast_head_json":{"title":"Workshop Summit Pa\u00eds Digital - Centro de Transformaci\u00f3n Digital UDD","robots":{"index":"index","follow":"follow","max-snippet":"max-snippet:-1","max-image-preview":"max-image-preview:large","max-video-preview":"max-video-preview:-1"},"canonical":"https:\/\/ingenieria.udd.cl\/ctd\/workshop-summit-pais-digital\/","og_locale":"es_ES","og_type":"article","og_title":"Workshop Summit Pa\u00eds Digital - Centro de Transformaci\u00f3n Digital UDD","og_description":"Este programa pretende presentar las principales herramientas de anal\u00edtica avanzada (IA, Machine Lerning, Deep Learning, etc.) y aquellos contextos\/desaf\u00edos de negocios en los que resultan m\u00e1s adecuados. Se revisaran casos reales y se abordaran los principales desaf\u00edo que tienen las empresas para adoptar este tipo de herramientas. DIRIGIDO A Abierto a todo p\u00fablico, incluido a [&hellip;]","og_url":"https:\/\/ingenieria.udd.cl\/ctd\/workshop-summit-pais-digital\/","og_site_name":"Centro de Transformaci\u00f3n Digital UDD","og_image":[{"url":"http:\/\/ctd.udd.cl\/files\/2018\/08\/loreto-219x300.jpg","type":"","width":"","height":""}],"twitter_card":"summary_large_image","twitter_misc":{"Tiempo de lectura":"1 minuto"},"schema":{"@context":"https:\/\/schema.org","@graph":[{"@type":"WebPage","@id":"https:\/\/ingenieria.udd.cl\/ctd\/workshop-summit-pais-digital\/","url":"https:\/\/ingenieria.udd.cl\/ctd\/workshop-summit-pais-digital\/","name":"Workshop Summit Pa\u00eds Digital - Centro de Transformaci\u00f3n Digital UDD","isPartOf":{"@id":"https:\/\/ingenieria.udd.cl\/ctd\/#website"},"primaryImageOfPage":{"@id":"https:\/\/ingenieria.udd.cl\/ctd\/workshop-summit-pais-digital\/#primaryimage"},"image":{"@id":"https:\/\/ingenieria.udd.cl\/ctd\/workshop-summit-pais-digital\/#primaryimage"},"thumbnailUrl":"http:\/\/ctd.udd.cl\/files\/2018\/08\/loreto-219x300.jpg","datePublished":"2018-08-20T18:07:06+00:00","breadcrumb":{"@id":"https:\/\/ingenieria.udd.cl\/ctd\/workshop-summit-pais-digital\/#breadcrumb"},"inLanguage":"es","potentialAction":[{"@type":"ReadAction","target":["https:\/\/ingenieria.udd.cl\/ctd\/workshop-summit-pais-digital\/"]}]},{"@type":"ImageObject","inLanguage":"es","@id":"https:\/\/ingenieria.udd.cl\/ctd\/workshop-summit-pais-digital\/#primaryimage","url":"http:\/\/ctd.udd.cl\/files\/2018\/08\/loreto-219x300.jpg","contentUrl":"http:\/\/ctd.udd.cl\/files\/2018\/08\/loreto-219x300.jpg"},{"@type":"BreadcrumbList","@id":"https:\/\/ingenieria.udd.cl\/ctd\/workshop-summit-pais-digital\/#breadcrumb","itemListElement":[{"@type":"ListItem","position":1,"name":"Portada","item":"https:\/\/ingenieria.udd.cl\/ctd\/"},{"@type":"ListItem","position":2,"name":"Workshop Summit Pa\u00eds Digital"}]},{"@type":"WebSite","@id":"https:\/\/ingenieria.udd.cl\/ctd\/#website","url":"https:\/\/ingenieria.udd.cl\/ctd\/","name":"Centro de Transformaci\u00f3n Digital UDD","description":"Otro sitio m\u00e1s de Ingenieria","inLanguage":"es"}]}},"_links":{"self":[{"href":"https:\/\/ingenieria.udd.cl\/ctd\/wp-json\/wp\/v2\/pages\/106","targetHints":{"allow":["GET"]}}],"collection":[{"href":"https:\/\/ingenieria.udd.cl\/ctd\/wp-json\/wp\/v2\/pages"}],"about":[{"href":"https:\/\/ingenieria.udd.cl\/ctd\/wp-json\/wp\/v2\/types\/page"}],"author":[{"embeddable":true,"href":"https:\/\/ingenieria.udd.cl\/ctd\/wp-json\/wp\/v2\/users\/9192204"}],"replies":[{"embeddable":true,"href":"https:\/\/ingenieria.udd.cl\/ctd\/wp-json\/wp\/v2\/comments?post=106"}],"version-history":[{"count":0,"href":"https:\/\/ingenieria.udd.cl\/ctd\/wp-json\/wp\/v2\/pages\/106\/revisions"}],"wp:attachment":[{"href":"https:\/\/ingenieria.udd.cl\/ctd\/wp-json\/wp\/v2\/media?parent=106"}],"curies":[{"name":"wp","href":"https:\/\/api.w.org\/{rel}","templated":true}]}}