{"id":5,"date":"2020-08-27T23:23:47","date_gmt":"2020-08-27T21:23:47","guid":{"rendered":"http:\/\/ingenieria.udd.cl\/ctd\/?page_id=5"},"modified":"2026-02-25T20:50:42","modified_gmt":"2026-02-25T19:50:42","slug":"inicio","status":"publish","type":"page","link":"https:\/\/ingenieria.udd.cl\/ctd\/","title":{"rendered":"Inicio"},"content":{"rendered":"<section class=\"wp-block-udd-text-row block--bg-gray\">\n\t<div class=\"text-row\">\n\t\t<div class=\"text-row__content\">\n\t\t\t<div class=\"text-row__content-inner text\">\n\t\t\t\t\t\t\t\t\n<p>Impulsamos el desarrollo de habilidades digitales, facilitando la vinculaci\u00f3n Universidad &#8211; Empresa y el incremento de la productividad del Pa\u00eds.<\/p>\n\n<p><strong><em>Nuestra Misi\u00f3n<\/em><\/strong>: Nos encontramos en una era de disrupci\u00f3n tecnol\u00f3gica, social y de negocios, por lo que la transformaci\u00f3n digital es imperativa para las empresas. Es por esto que la Universidad del Desarrollo a trav\u00e9s de su Facultad de Ingenier\u00eda, crea el <strong>Centro de Transformaci\u00f3n Digital<\/strong> (CTD). La misi\u00f3n del CTD es aportar a las empresas en el desarrollo de habilidades que permitan impulsar una efectiva transformaci\u00f3n digital.<\/p>\n\n<p>Para lograr esto el centro se focaliza en las siguientes l\u00edneas de trabajo:<br><\/p>\n\n<ul class=\"wp-block-list\">\n<li>Programa para Directivos<\/li>\n\n\n\n<li>Diplomados<\/li>\n\n\n\n<li>Programa de actuaci\u00f3n conjunta<\/li>\n<\/ul>\n\t\t\t<\/div>\n\t\t<\/div>\n\t\t<div class=\"text-row__media\">\n\t\t\t<img loading=\"lazy\" decoding=\"async\" width=\"952\" height=\"534\" src=\"https:\/\/ingenieria.udd.cl\/ctd\/files\/2020\/09\/imagen-Mag\u00edster-Data-Science-1-680x382.jpg\" class=\"text-row__media-image lazyload\" alt=\"\" sizes=\"auto, (max-width: 952px) 100vw, 952px\" data-src=\"https:\/\/ingenieria.udd.cl\/ctd\/files\/2020\/09\/imagen-Mag\u00edster-Data-Science-1-952x534.jpg\" data-srcset=\"https:\/\/ingenieria.udd.cl\/ctd\/files\/2020\/09\/imagen-Mag\u00edster-Data-Science-1-952x534.jpg 952w, https:\/\/ingenieria.udd.cl\/ctd\/files\/2020\/09\/imagen-Mag\u00edster-Data-Science-1-1366x768.jpg 1366w, https:\/\/ingenieria.udd.cl\/ctd\/files\/2020\/09\/imagen-Mag\u00edster-Data-Science-1-680x382.jpg 680w\" \/>\t\t<\/div>\n\t<\/div>\n<\/section>\n\n\n<section class=\"wp-block-udd-featured-link block--bg-gray\">\n\t<div class=\"container\">\n\t\t<div class=\"featured-link\">\n\t\t\t\t\t\t<div class=\"featured-link__media\">\n\t\t\t<a href=\"https:\/\/ingenieria.udd.cl\/ver-diplomado\/diplomado-transformacion-digital-orquestando-cultura-negocio-datos-y-tecnologia\/\" data-url=\"https:\/\/ingenieria.udd.cl\/ver-diplomado\/diplomado-transformacion-digital-orquestando-cultura-negocio-datos-y-tecnologia\/\">\n\t\t\t\t\t<img loading=\"lazy\" decoding=\"async\" width=\"680\" height=\"382\" src=\"https:\/\/ingenieria.udd.cl\/ctd\/files\/2020\/09\/pexels-lukas-574071-680x382.jpg\" class=\"featured-link__media-image lazyload\" alt=\"\" sizes=\"auto, (max-width: 680px) 100vw, 680px\" data-src=\"https:\/\/ingenieria.udd.cl\/ctd\/files\/2020\/09\/pexels-lukas-574071-680x382.jpg\" data-srcset=\"https:\/\/ingenieria.udd.cl\/ctd\/files\/2020\/09\/pexels-lukas-574071-680x382.jpg 680w, https:\/\/ingenieria.udd.cl\/ctd\/files\/2020\/09\/pexels-lukas-574071-1920x1080.jpg 1920w, https:\/\/ingenieria.udd.cl\/ctd\/files\/2020\/09\/pexels-lukas-574071-1366x768.jpg 1366w, https:\/\/ingenieria.udd.cl\/ctd\/files\/2020\/09\/pexels-lukas-574071-952x534.jpg 952w\" \/>\t\t\t\t<\/a>\n\t\t\t<\/div>\n\t\t\t\t\t\t<div class=\"featured-link__content\">\n\t\t\t\t\t\t\t\t<h4 class=\"featured-link__epigraph\">\n\t\t\t\t\tFacultad de ingenier\u00eda\t\t\t\t<\/h4>\n\t\t\t\t\t\t\t\t\t\t\t\t\t<h3 class=\"featured-link__title\">\n\t\t\t\t\t\t<a data-url=\"https:\/\/ingenieria.udd.cl\/ver-diplomado\/diplomado-transformacion-digital-orquestando-cultura-negocio-datos-y-tecnologia\/\" href=\"https:\/\/ingenieria.udd.cl\/ver-diplomado\/diplomado-transformacion-digital-orquestando-cultura-negocio-datos-y-tecnologia\/\">\n\t\t\t\t\t\t\tDiplomado Transformaci\u00f3n Digital\t\t\t\t\t\t<\/a>\n\t\t\t\t\t<\/h3>\n\t\t\t\t\t\t\t\t\t\t\t\t<div class=\"featured-link__description\">\n\t\t\t\t\tLa transformaci\u00f3n digital es la t\u00e9cnica por la cual empresas y organizaciones reorientan y reorganizan sus estrategias y m\u00e9todos de trabajo, con el objetivo final de obtener m\u00e1s y mejores beneficios gracias a la digitalizaci\u00f3n de los procesos y la implementaci\u00f3n activa de las nuevas tecnolog\u00edas. \t\t\t\t<\/div>\n\t\t\t\t\t\t\t\t\t\t\t\t\t\t\t\t<a href=\"https:\/\/ingenieria.udd.cl\/ver-diplomado\/diplomado-transformacion-digital-orquestando-cultura-negocio-datos-y-tecnologia\/\" data-url=\"https:\/\/ingenieria.udd.cl\/ver-diplomado\/diplomado-transformacion-digital-orquestando-cultura-negocio-datos-y-tecnologia\/\"\n\t\t\t\t\t class=\"featured-link__more\"\t\t\t\t>\n\t\t\t\t\tConocer m\u00e1s\t\t\t\t<\/a>\n\t\t\t\t\t\t\t<\/div>\n\t\t<\/div>\n\t<\/div>\n<\/section>\n\n\n<section class=\"wp-block-udd-featured-link block--bg-gray wp-block-udd-featured-link--align-right\">\n\t<div class=\"container\">\n\t\t<div class=\"featured-link\">\n\t\t\t\t\t\t<div class=\"featured-link__media\">\n\t\t\t<a href=\"https:\/\/ingenieria.udd.cl\/postgrados-y-educacion-continua\/#!\/terms_by_tax%5Btype%5D=50\" data-url=\"https:\/\/ingenieria.udd.cl\/postgrados-y-educacion-continua\/#!\/terms_by_tax%5Btype%5D=50\">\n\t\t\t\t\t<img loading=\"lazy\" decoding=\"async\" width=\"325\" height=\"212\" src=\"https:\/\/ingenieria.udd.cl\/ctd\/files\/2020\/10\/becas-capital-humano-corfo-sectores.png\" class=\"featured-link__media-image lazyload\" alt=\"\" sizes=\"auto, (max-width: 325px) 100vw, 325px\" data-src=\"https:\/\/ingenieria.udd.cl\/ctd\/files\/2020\/10\/becas-capital-humano-corfo-sectores.png\" data-srcset=\"https:\/\/ingenieria.udd.cl\/ctd\/files\/2020\/10\/becas-capital-humano-corfo-sectores.png 325w, https:\/\/ingenieria.udd.cl\/ctd\/files\/2020\/10\/becas-capital-humano-corfo-sectores-300x196.png 300w\" \/>\t\t\t\t<\/a>\n\t\t\t<\/div>\n\t\t\t\t\t\t<div class=\"featured-link__content\">\n\t\t\t\t\t\t\t\t<h4 class=\"featured-link__epigraph\">\n\t\t\t\t\tfacultad de ingenier\u00eda\t\t\t\t<\/h4>\n\t\t\t\t\t\t\t\t\t\t\t\t\t<h3 class=\"featured-link__title\">\n\t\t\t\t\t\t<a data-url=\"https:\/\/ingenieria.udd.cl\/postgrados-y-educacion-continua\/#!\/terms_by_tax%5Btype%5D=50\" href=\"https:\/\/ingenieria.udd.cl\/postgrados-y-educacion-continua\/#!\/terms_by_tax%5Btype%5D=50\">\n\t\t\t\t\t\t\tCapital Humano CORFO\t\t\t\t\t\t<\/a>\n\t\t\t\t\t<\/h3>\n\t\t\t\t\t\t\t\t\t\t\t\t<div class=\"featured-link__description\">\n\t\t\t\t\tM\u00e1s competencias y capacitaci\u00f3n, para el capital humano a cargo del fomento productivo para Chile.\t\t\t\t<\/div>\n\t\t\t\t\t\t\t\t\t\t\t\t\t\t\t\t<a href=\"https:\/\/ingenieria.udd.cl\/postgrados-y-educacion-continua\/#!\/terms_by_tax%5Btype%5D=50\" data-url=\"https:\/\/ingenieria.udd.cl\/postgrados-y-educacion-continua\/#!\/terms_by_tax%5Btype%5D=50\"\n\t\t\t\t\t class=\"featured-link__more\"\t\t\t\t>\n\t\t\t\t\tConocer m\u00e1s\t\t\t\t<\/a>\n\t\t\t\t\t\t\t<\/div>\n\t\t<\/div>\n\t<\/div>\n<\/section>\n\n\n<section class=\"wp-block-udd-fullwidth-cards is-style-clear\">\n\t<div class=\"container\">\n\t\t<header class=\"block__header\">\n\t\t\t<h2 class=\"block__title\">Noticias<\/h2>\n\t\t\t\t\t\t<a target=\"_blank\" rel=\"noreferer noopener\" href=\"https:\/\/ingenieria.udd.cl\/categoria\/ctd\/\" class=\"block__view-more\">Ver m\u00e1s<\/a>\n\t\t\t\t\t<\/header>\n\t\t<div class=\"block__content\">\n\t\t\t<div class=\"fullwidth-cards\">\n\t\t\t\t\t\t\t<div class=\"fullwidth-card-wrapper is-style-clear\">\n\t\t\t\t\t<a href=\"https:\/\/ingenieria.udd.cl\/noticias\/2022\/07\/universidad-del-desarrollo-participa-como-sede-y-comite-organizador-de-simposio-de-geologia-isotopica-latinoamericano\/\" class=\"fullwidth-card fullwidth-card--linkable\">\n\t\t\t\t\t\t<img class=\"fullwidth-card__image wp-post-image\" decoding=\"async\" loading=\"lazy\" width=\"500\" height=\"500\" src=\"https:\/\/ingenieria.udd.cl\/files\/2022\/07\/DSC05329-500x500.jpg\" alt=\"\" srcset=\"https:\/\/ingenieria.udd.cl\/files\/2022\/07\/DSC05329-150x150.jpg 150w, https:\/\/ingenieria.udd.cl\/files\/2022\/07\/DSC05329-62x62.jpg 62w, https:\/\/ingenieria.udd.cl\/files\/2022\/07\/DSC05329-750x750.jpg 750w, https:\/\/ingenieria.udd.cl\/files\/2022\/07\/DSC05329-500x500.jpg 500w, https:\/\/ingenieria.udd.cl\/files\/2022\/07\/DSC05329-250x250.jpg 250w, https:\/\/ingenieria.udd.cl\/files\/2022\/07\/DSC05329-126x126.jpg 126w\" sizes=\"auto, (max-width: 500px) 100vw, 500px\" >\t\t\t\t\t\t<div class=\"fullwidth-card__content\">\n\t\t\t\t\t\t\t<span class=\"fullwidth-card__date\">13 de julio 2022<\/span>\n\t\t\t\t\t\t\t<h3 class=\"fullwidth-card__title\">Geolog\u00eda UDD participa como sede y comit\u00e9 organizador de simposio Latinoamericano<\/h3>\n\t\t\t\t\t\t\t<span class=\"fullwidth-card__link\">Conocer m\u00e1s<\/span>\n\t\t\t\t\t\t<\/div>\n\t\t\t\t\t<\/a>\n\t\t\t\t<\/div>\n\t\t\t\t\t\t\t<div class=\"fullwidth-card-wrapper is-style-clear\">\n\t\t\t\t\t<a href=\"https:\/\/ingenieria.udd.cl\/noticias\/2021\/08\/solo-52-de-las-mayores-empresas-del-pais-cuentan-con-un-plan-de-accion-claro-y-robusto-para-transformarse-digitalmente\/\" class=\"fullwidth-card fullwidth-card--linkable\">\n\t\t\t\t\t\t<img class=\"fullwidth-card__image wp-post-image\" decoding=\"async\" loading=\"lazy\" width=\"500\" height=\"500\" src=\"https:\/\/ingenieria.udd.cl\/files\/2021\/08\/IMDV.Mail_-500x500.png\" alt=\"\" srcset=\"https:\/\/ingenieria.udd.cl\/files\/2021\/08\/IMDV.Mail_-150x150.png 150w, https:\/\/ingenieria.udd.cl\/files\/2021\/08\/IMDV.Mail_-62x62.png 62w, https:\/\/ingenieria.udd.cl\/files\/2021\/08\/IMDV.Mail_-500x500.png 500w, https:\/\/ingenieria.udd.cl\/files\/2021\/08\/IMDV.Mail_-250x250.png 250w, https:\/\/ingenieria.udd.cl\/files\/2021\/08\/IMDV.Mail_-126x126.png 126w\" sizes=\"auto, (max-width: 500px) 100vw, 500px\" >\t\t\t\t\t\t<div class=\"fullwidth-card__content\">\n\t\t\t\t\t\t\t<span class=\"fullwidth-card__date\">30 de agosto 2021<\/span>\n\t\t\t\t\t\t\t<h3 class=\"fullwidth-card__title\">Solo 52% de las mayores empresas del pa\u00eds cuentan con un plan de acci\u00f3n claro y robusto para transformarse digitalmente<\/h3>\n\t\t\t\t\t\t\t<span class=\"fullwidth-card__link\">Conocer m\u00e1s<\/span>\n\t\t\t\t\t\t<\/div>\n\t\t\t\t\t<\/a>\n\t\t\t\t<\/div>\n\t\t\t\t\t\t\t<div class=\"fullwidth-card-wrapper is-style-clear\">\n\t\t\t\t\t<a href=\"https:\/\/ingenieria.udd.cl\/noticias\/2021\/08\/transformacion-digital-udd-se-adjudica-nuevamente-programas-corfo\/\" class=\"fullwidth-card fullwidth-card--linkable\">\n\t\t\t\t\t\t<img class=\"fullwidth-card__image wp-post-image\" decoding=\"async\" loading=\"lazy\" width=\"500\" height=\"500\" src=\"https:\/\/ingenieria.udd.cl\/files\/2021\/08\/e-learning-for-student-and-university-500x500.jpg\" alt=\"\" srcset=\"https:\/\/ingenieria.udd.cl\/files\/2021\/08\/e-learning-for-student-and-university-150x150.jpg 150w, https:\/\/ingenieria.udd.cl\/files\/2021\/08\/e-learning-for-student-and-university-62x62.jpg 62w, https:\/\/ingenieria.udd.cl\/files\/2021\/08\/e-learning-for-student-and-university-750x750.jpg 750w, https:\/\/ingenieria.udd.cl\/files\/2021\/08\/e-learning-for-student-and-university-500x500.jpg 500w, https:\/\/ingenieria.udd.cl\/files\/2021\/08\/e-learning-for-student-and-university-250x250.jpg 250w, https:\/\/ingenieria.udd.cl\/files\/2021\/08\/e-learning-for-student-and-university-126x126.jpg 126w\" sizes=\"auto, (max-width: 500px) 100vw, 500px\" >\t\t\t\t\t\t<div class=\"fullwidth-card__content\">\n\t\t\t\t\t\t\t<span class=\"fullwidth-card__date\">19 de agosto 2021<\/span>\n\t\t\t\t\t\t\t<h3 class=\"fullwidth-card__title\">Transformaci\u00f3n Digital UDD se adjudica nuevamente programas Talento Digital de CORFO<\/h3>\n\t\t\t\t\t\t\t<span class=\"fullwidth-card__link\">Conocer m\u00e1s<\/span>\n\t\t\t\t\t\t<\/div>\n\t\t\t\t\t<\/a>\n\t\t\t\t<\/div>\n\t\t\t\t\t\t\t<div class=\"fullwidth-card-wrapper is-style-clear\">\n\t\t\t\t\t<a href=\"https:\/\/ingenieria.udd.cl\/noticias\/2021\/08\/titulada-del-diplomado-de-negocios-agiles-cuenta-su-experiencia-de-resiliencia\/\" class=\"fullwidth-card fullwidth-card--linkable\">\n\t\t\t\t\t\t<img class=\"fullwidth-card__image wp-post-image\" decoding=\"async\" loading=\"lazy\" width=\"500\" height=\"500\" src=\"https:\/\/ingenieria.udd.cl\/files\/2021\/08\/foto_perfil_yuly-500x500.jpeg\" alt=\"\" srcset=\"https:\/\/ingenieria.udd.cl\/files\/2021\/08\/foto_perfil_yuly-150x150.jpeg 150w, https:\/\/ingenieria.udd.cl\/files\/2021\/08\/foto_perfil_yuly-62x62.jpeg 62w, https:\/\/ingenieria.udd.cl\/files\/2021\/08\/foto_perfil_yuly-750x750.jpeg 750w, https:\/\/ingenieria.udd.cl\/files\/2021\/08\/foto_perfil_yuly-500x500.jpeg 500w, https:\/\/ingenieria.udd.cl\/files\/2021\/08\/foto_perfil_yuly-250x250.jpeg 250w, https:\/\/ingenieria.udd.cl\/files\/2021\/08\/foto_perfil_yuly-126x126.jpeg 126w\" sizes=\"auto, (max-width: 500px) 100vw, 500px\" >\t\t\t\t\t\t<div class=\"fullwidth-card__content\">\n\t\t\t\t\t\t\t<span class=\"fullwidth-card__date\">2 de agosto 2021<\/span>\n\t\t\t\t\t\t\t<h3 class=\"fullwidth-card__title\">Titulada del Diplomado de Negocios \u00c1giles cuenta su experiencia de resiliencia<\/h3>\n\t\t\t\t\t\t\t<span class=\"fullwidth-card__link\">Conocer m\u00e1s<\/span>\n\t\t\t\t\t\t<\/div>\n\t\t\t\t\t<\/a>\n\t\t\t\t<\/div>\n\t\t\t\t\t\t\t<div class=\"fullwidth-card-wrapper is-style-clear\">\n\t\t\t\t\t<a href=\"https:\/\/ingenieria.udd.cl\/noticias\/2021\/06\/diplomado-transformacion-digital-el-sentido-de-organizar-y-combinar-negocios\/\" class=\"fullwidth-card fullwidth-card--linkable\">\n\t\t\t\t\t\t<img class=\"fullwidth-card__image wp-post-image\" decoding=\"async\" loading=\"lazy\" width=\"500\" height=\"500\" src=\"https:\/\/ingenieria.udd.cl\/files\/2021\/06\/businessman-using-tablet-analyzing-sales-data-and-economic-growth-graph-chart-1-500x500.jpg\" alt=\"\" srcset=\"https:\/\/ingenieria.udd.cl\/files\/2021\/06\/businessman-using-tablet-analyzing-sales-data-and-economic-growth-graph-chart-1-150x150.jpg 150w, https:\/\/ingenieria.udd.cl\/files\/2021\/06\/businessman-using-tablet-analyzing-sales-data-and-economic-growth-graph-chart-1-62x62.jpg 62w, https:\/\/ingenieria.udd.cl\/files\/2021\/06\/businessman-using-tablet-analyzing-sales-data-and-economic-growth-graph-chart-1-750x750.jpg 750w, https:\/\/ingenieria.udd.cl\/files\/2021\/06\/businessman-using-tablet-analyzing-sales-data-and-economic-growth-graph-chart-1-500x500.jpg 500w, https:\/\/ingenieria.udd.cl\/files\/2021\/06\/businessman-using-tablet-analyzing-sales-data-and-economic-growth-graph-chart-1-250x250.jpg 250w, https:\/\/ingenieria.udd.cl\/files\/2021\/06\/businessman-using-tablet-analyzing-sales-data-and-economic-growth-graph-chart-1-126x126.jpg 126w\" sizes=\"auto, (max-width: 500px) 100vw, 500px\" >\t\t\t\t\t\t<div class=\"fullwidth-card__content\">\n\t\t\t\t\t\t\t<span class=\"fullwidth-card__date\">10 de junio 2021<\/span>\n\t\t\t\t\t\t\t<h3 class=\"fullwidth-card__title\">Diplomado Transformaci\u00f3n Digital: \u201cel sentido de organizar y combinar negocios\u201d<\/h3>\n\t\t\t\t\t\t\t<span class=\"fullwidth-card__link\">Conocer m\u00e1s<\/span>\n\t\t\t\t\t\t<\/div>\n\t\t\t\t\t<\/a>\n\t\t\t\t<\/div>\n\t\t\t\t\t\t<\/div>\n\t\t<\/div>\n\t<\/div>\n<\/section>\n\n\n\n\n<figure class=\"wp-block-embed aligncenter is-type-video is-provider-youtube wp-block-embed-youtube wp-embed-aspect-16-9 wp-has-aspect-ratio\"><div class=\"wp-block-embed__wrapper\">\n<iframe loading=\"lazy\" title=\"Transformaci\u00f3n Digital UDD\" width=\"500\" height=\"281\" src=\"https:\/\/www.youtube.com\/embed\/V5P0PWO3dFA?feature=oembed\" frameborder=\"0\" allow=\"accelerometer; autoplay; clipboard-write; encrypted-media; gyroscope; picture-in-picture; web-share\" referrerpolicy=\"strict-origin-when-cross-origin\" allowfullscreen><\/iframe>\n<\/div><\/figure>\n","protected":false},"excerpt":{"rendered":"","protected":false},"author":25,"featured_media":0,"parent":0,"menu_order":0,"comment_status":"closed","ping_status":"closed","template":"","meta":{"footnotes":""},"class_list":["post-5","page","type-page","status-publish","hentry"],"yoast_head":"<!-- This site is optimized with the Yoast SEO plugin v26.9 - https:\/\/yoast.com\/product\/yoast-seo-wordpress\/ -->\n<title>Inicio - Centro de Transformaci\u00f3n Digital UDD<\/title>\n<meta name=\"robots\" content=\"index, follow, max-snippet:-1, max-image-preview:large, max-video-preview:-1\" \/>\n<link rel=\"canonical\" href=\"https:\/\/ingenieria.udd.cl\/ctd\/\" \/>\n<meta property=\"og:locale\" content=\"es_ES\" \/>\n<meta property=\"og:type\" content=\"article\" \/>\n<meta property=\"og:title\" content=\"Inicio - Centro de Transformaci\u00f3n Digital UDD\" \/>\n<meta property=\"og:url\" content=\"https:\/\/ingenieria.udd.cl\/ctd\/\" \/>\n<meta property=\"og:site_name\" content=\"Centro de Transformaci\u00f3n Digital UDD\" \/>\n<meta property=\"article:modified_time\" content=\"2026-02-25T19:50:42+00:00\" \/>\n<meta name=\"twitter:card\" content=\"summary_large_image\" \/>\n<meta name=\"twitter:label1\" content=\"Tiempo de lectura\" \/>\n\t<meta name=\"twitter:data1\" content=\"1 minuto\" \/>\n<script type=\"application\/ld+json\" class=\"yoast-schema-graph\">{\"@context\":\"https:\/\/schema.org\",\"@graph\":[{\"@type\":\"WebPage\",\"@id\":\"https:\/\/ingenieria.udd.cl\/ctd\/\",\"url\":\"https:\/\/ingenieria.udd.cl\/ctd\/\",\"name\":\"Inicio - Centro de Transformaci\u00f3n Digital UDD\",\"isPartOf\":{\"@id\":\"https:\/\/ingenieria.udd.cl\/ctd\/#website\"},\"datePublished\":\"2020-08-27T21:23:47+00:00\",\"dateModified\":\"2026-02-25T19:50:42+00:00\",\"breadcrumb\":{\"@id\":\"https:\/\/ingenieria.udd.cl\/ctd\/#breadcrumb\"},\"inLanguage\":\"es\",\"potentialAction\":[{\"@type\":\"ReadAction\",\"target\":[\"https:\/\/ingenieria.udd.cl\/ctd\/\"]}]},{\"@type\":\"BreadcrumbList\",\"@id\":\"https:\/\/ingenieria.udd.cl\/ctd\/#breadcrumb\",\"itemListElement\":[{\"@type\":\"ListItem\",\"position\":1,\"name\":\"Portada\",\"item\":\"https:\/\/ingenieria.udd.cl\/ctd\/\"},{\"@type\":\"ListItem\",\"position\":2,\"name\":\"Inicio\"}]},{\"@type\":\"WebSite\",\"@id\":\"https:\/\/ingenieria.udd.cl\/ctd\/#website\",\"url\":\"https:\/\/ingenieria.udd.cl\/ctd\/\",\"name\":\"Centro de Transformaci\u00f3n Digital UDD\",\"description\":\"Otro sitio m\u00e1s de Ingenieria\",\"inLanguage\":\"es\"}]}<\/script>\n<!-- \/ Yoast SEO plugin. -->","yoast_head_json":{"title":"Inicio - Centro de Transformaci\u00f3n Digital UDD","robots":{"index":"index","follow":"follow","max-snippet":"max-snippet:-1","max-image-preview":"max-image-preview:large","max-video-preview":"max-video-preview:-1"},"canonical":"https:\/\/ingenieria.udd.cl\/ctd\/","og_locale":"es_ES","og_type":"article","og_title":"Inicio - Centro de Transformaci\u00f3n Digital UDD","og_url":"https:\/\/ingenieria.udd.cl\/ctd\/","og_site_name":"Centro de Transformaci\u00f3n Digital UDD","article_modified_time":"2026-02-25T19:50:42+00:00","twitter_card":"summary_large_image","twitter_misc":{"Tiempo de lectura":"1 minuto"},"schema":{"@context":"https:\/\/schema.org","@graph":[{"@type":"WebPage","@id":"https:\/\/ingenieria.udd.cl\/ctd\/","url":"https:\/\/ingenieria.udd.cl\/ctd\/","name":"Inicio - Centro de Transformaci\u00f3n Digital UDD","isPartOf":{"@id":"https:\/\/ingenieria.udd.cl\/ctd\/#website"},"datePublished":"2020-08-27T21:23:47+00:00","dateModified":"2026-02-25T19:50:42+00:00","breadcrumb":{"@id":"https:\/\/ingenieria.udd.cl\/ctd\/#breadcrumb"},"inLanguage":"es","potentialAction":[{"@type":"ReadAction","target":["https:\/\/ingenieria.udd.cl\/ctd\/"]}]},{"@type":"BreadcrumbList","@id":"https:\/\/ingenieria.udd.cl\/ctd\/#breadcrumb","itemListElement":[{"@type":"ListItem","position":1,"name":"Portada","item":"https:\/\/ingenieria.udd.cl\/ctd\/"},{"@type":"ListItem","position":2,"name":"Inicio"}]},{"@type":"WebSite","@id":"https:\/\/ingenieria.udd.cl\/ctd\/#website","url":"https:\/\/ingenieria.udd.cl\/ctd\/","name":"Centro de Transformaci\u00f3n Digital UDD","description":"Otro sitio m\u00e1s de Ingenieria","inLanguage":"es"}]}},"_links":{"self":[{"href":"https:\/\/ingenieria.udd.cl\/ctd\/wp-json\/wp\/v2\/pages\/5","targetHints":{"allow":["GET"]}}],"collection":[{"href":"https:\/\/ingenieria.udd.cl\/ctd\/wp-json\/wp\/v2\/pages"}],"about":[{"href":"https:\/\/ingenieria.udd.cl\/ctd\/wp-json\/wp\/v2\/types\/page"}],"author":[{"embeddable":true,"href":"https:\/\/ingenieria.udd.cl\/ctd\/wp-json\/wp\/v2\/users\/25"}],"replies":[{"embeddable":true,"href":"https:\/\/ingenieria.udd.cl\/ctd\/wp-json\/wp\/v2\/comments?post=5"}],"version-history":[{"count":25,"href":"https:\/\/ingenieria.udd.cl\/ctd\/wp-json\/wp\/v2\/pages\/5\/revisions"}],"predecessor-version":[{"id":260,"href":"https:\/\/ingenieria.udd.cl\/ctd\/wp-json\/wp\/v2\/pages\/5\/revisions\/260"}],"wp:attachment":[{"href":"https:\/\/ingenieria.udd.cl\/ctd\/wp-json\/wp\/v2\/media?parent=5"}],"curies":[{"name":"wp","href":"https:\/\/api.w.org\/{rel}","templated":true}]}}