{"id":490,"date":"2020-09-04T16:43:27","date_gmt":"2020-09-04T14:43:27","guid":{"rendered":"http:\/\/ingenieria.udd.cl\/data-science\/?page_id=490"},"modified":"2024-08-19T10:54:57","modified_gmt":"2024-08-19T14:54:57","slug":"nosotros","status":"publish","type":"page","link":"https:\/\/ingenieria.udd.cl\/data-science\/nosotros\/","title":{"rendered":"Nosotros"},"content":{"rendered":"<section class=\"wp-block-udd-text-row block--bg-gray\">\n\t<div class=\"text-row\">\n\t\t<div class=\"text-row__content\">\n\t\t\t<div class=\"text-row__content-inner text\">\n\t\t\t\t\t\t\t\t<h2>El Instituto de Data Science <\/h2>\n\t\t\t\t\t\t\t\t\n<p>El Instituto de Data Science (IDS) de la Facultad de Ingenier\u00eda de la Universidad del Desarrollo (UDD) fue fundado el 7 de marzo de 2016 con el prop\u00f3sito de posicionar a la UDD como un l\u00edder en el desarrollo y aplicaci\u00f3n de la ciencia de datos en Chile.<\/p>\n\n<p>Convencidos de la importancia de tener un rol protag\u00f3nico en la transformaci\u00f3n digital del pa\u00eds, el IDS se dedica a la investigaci\u00f3n y desarrollo (I+D) de soluciones innovadoras que utilizan t\u00e9cnicas avanzadas de ciencia de datos e inteligencia artificial. Nuestro objetivo es generar valor accionable tanto para empresas como para la sociedad en general, ayudando a enfrentar los desaf\u00edos a trav\u00e9s del an\u00e1lisis y la interpretaci\u00f3n de grandes vol\u00famenes de datos heterog\u00e9neos.<\/p>\n\n<p>La misi\u00f3n del IDS es impulsar el avance cient\u00edfico y el desarrollo tecnol\u00f3gico, transformando los datos en conocimientos pr\u00e1cticos que puedan ser aplicados para mejorar la eficiencia, la toma de decisiones y la creaci\u00f3n de soluciones innovadoras en diversos sectores. A trav\u00e9s de proyectos de I+D y colaboraciones con la industria, buscamos impactar positivamente tanto a las empresas como a la sociedad, consolid\u00e1ndonos como un referente en el uso de tecnolog\u00edas de punta para resolver problemas reales.<\/p>\n\t\t\t<\/div>\n\t\t<\/div>\n\t\t<div class=\"text-row__media\">\n\t\t\t<img loading=\"lazy\" decoding=\"async\" width=\"952\" height=\"534\" src=\"https:\/\/ingenieria.udd.cl\/data-science\/files\/2024\/08\/cropped-lbravoc_a_visually_striking_and_modern_representation_of_the__ab35e34c-61d2-4569-b9d4-d51685c627b3_0-1-680x382.png\" class=\"text-row__media-image lazyload\" alt=\"\" sizes=\"auto, (max-width: 952px) 100vw, 952px\" data-src=\"https:\/\/ingenieria.udd.cl\/data-science\/files\/2024\/08\/cropped-lbravoc_a_visually_striking_and_modern_representation_of_the__ab35e34c-61d2-4569-b9d4-d51685c627b3_0-1-952x534.png\" data-srcset=\"https:\/\/ingenieria.udd.cl\/data-science\/files\/2024\/08\/cropped-lbravoc_a_visually_striking_and_modern_representation_of_the__ab35e34c-61d2-4569-b9d4-d51685c627b3_0-1-952x534.png 952w, https:\/\/ingenieria.udd.cl\/data-science\/files\/2024\/08\/cropped-lbravoc_a_visually_striking_and_modern_representation_of_the__ab35e34c-61d2-4569-b9d4-d51685c627b3_0-1-1366x768.png 1366w, https:\/\/ingenieria.udd.cl\/data-science\/files\/2024\/08\/cropped-lbravoc_a_visually_striking_and_modern_representation_of_the__ab35e34c-61d2-4569-b9d4-d51685c627b3_0-1-680x382.png 680w\" \/>\t\t<\/div>\n\t<\/div>\n<\/section>\n\n\n<section class=\"wp-block-udd-text-row block--content-align-right block--bg-gray\">\n\t<div class=\"text-row\">\n\t\t<div class=\"text-row__content\">\n\t\t\t<div class=\"text-row__content-inner text\">\n\t\t\t\t\t\t\t\t<h2>Objetivos espec\u00edficos <\/h2>\n\t\t\t\t\t\t\t\t\n<p>El objetivo general del Instituto de Data Science (IDS) es desarrollar tecnolog\u00edas que respondan a los grandes desaf\u00edos sociales e industriales, contribuyendo de manera creativa y efectiva al desarrollo de la sociedad. Nos enfocamos en cuatro verticales de investigaci\u00f3n clave: <em>Industrias Inteligentes<\/em>, <em>Ciudades Inteligentes<\/em>, <em>Ciencias Sociales Computacionales<\/em> y <em>Salud<\/em>.<\/p>\n\n<p>Estos focos reflejan nuestra misi\u00f3n de abordar problem\u00e1ticas cr\u00edticas en cada uno de estos sectores, aplicando t\u00e9cnicas avanzadas de ciencia de datos e inteligencia artificial. A trav\u00e9s de proyectos interdisciplinarios y colaboraciones estrat\u00e9gicas, buscamos transformar los datos en soluciones innovadoras que mejoren la eficiencia, promuevan la sostenibilidad y fortalezcan el bienestar social.<\/p>\n\t\t\t<\/div>\n\t\t<\/div>\n\t\t<div class=\"text-row__media\">\n\t\t\t<img loading=\"lazy\" decoding=\"async\" width=\"952\" height=\"534\" src=\"https:\/\/ingenieria.udd.cl\/data-science\/files\/2024\/08\/p47-680x382.png\" class=\"text-row__media-image lazyload\" alt=\"\" sizes=\"auto, (max-width: 952px) 100vw, 952px\" data-src=\"https:\/\/ingenieria.udd.cl\/data-science\/files\/2024\/08\/p47-952x534.png\" data-srcset=\"https:\/\/ingenieria.udd.cl\/data-science\/files\/2024\/08\/p47-952x534.png 952w, https:\/\/ingenieria.udd.cl\/data-science\/files\/2024\/08\/p47-1366x768.png 1366w, https:\/\/ingenieria.udd.cl\/data-science\/files\/2024\/08\/p47-680x382.png 680w\" \/>\t\t<\/div>\n\t<\/div>\n<\/section>\n\n\n<!-- WP Block: UDD - Cards Alternate -->\n<section class=\"wp-block-udd-cards\" style=\"--udd-blocks-has-columns-number: 4\">\n\t<div class=\"container\">\n\t\t\t\t\t\t\t\t\t<div class=\"block__content\">\n\t\t\t<div class=\"cards\">\n\t\t\t\t\t\t\t\t\t\t\t\t\t\t\t\t\t<div class=\"card-wrapper\">\n\t\t\t\t\t\t<div class=\"card\">\n\t\t\t\t\t\t\t<h3 class=\"card__title\">Innovaci\u00f3n para el Crecimiento Empresarial<\/h3>\n\t\t\t\t\t\t\t\t\t\t\t\t\t\t<div class=\"card__description\">\n\t\t\t\t\t\t\t\t<p>Desarrollamos soluciones basadas en ciencia de datos e inteligencia artificial que optimizan procesos, generan nuevos productos y aumentan la competitividad de las empresas.<\/p>\n\t\t\t\t\t\t\t<\/div>\n\t\t\t\t\t\t\t\t\t\t\t\t\t<\/div>\n\t\t\t\t\t<\/div>\n\t\t\t\t\t\t\t\t\t\t\t\t\t\t\t\t\t\t\t\t\t<div class=\"card-wrapper\">\n\t\t\t\t\t\t<div class=\"card\">\n\t\t\t\t\t\t\t<h3 class=\"card__title\">Formaci\u00f3n de Talento de Clase Mundial<\/h3>\n\t\t\t\t\t\t\t\t\t\t\t\t\t\t<div class=\"card__description\">\n\t\t\t\t\t\t\t\t<p>Educamos a la pr\u00f3xima generaci\u00f3n de l\u00edderes en ciencia de datos, equip\u00e1ndolos con las habilidades necesarias para transformar industrias y enfrentar los desaf\u00edos tecnol\u00f3gicos del futuro.<\/p>\n\t\t\t\t\t\t\t<\/div>\n\t\t\t\t\t\t\t\t\t\t\t\t\t<\/div>\n\t\t\t\t\t<\/div>\n\t\t\t\t\t\t\t\t\t\t\t\t\t\t\t\t\t\t\t\t\t<div class=\"card-wrapper\">\n\t\t\t\t\t\t<div class=\"card\">\n\t\t\t\t\t\t\t<h3 class=\"card__title\">Colaboraci\u00f3n Estrat\u00e9gica y Financiamiento<\/h3>\n\t\t\t\t\t\t\t\t\t\t\t\t\t\t<div class=\"card__description\">\n\t\t\t\t\t\t\t\t<p>Facilitamos alianzas entre la academia, el gobierno y la industria, creando oportunidades de innovaci\u00f3n conjunta y acceso a financiamiento para proyectos disruptivos.<\/p>\n\t\t\t\t\t\t\t<\/div>\n\t\t\t\t\t\t\t\t\t\t\t\t\t<\/div>\n\t\t\t\t\t<\/div>\n\t\t\t\t\t\t\t\t\t\t\t\t\t\t\t\t\t\t\t\t\t<div class=\"card-wrapper\">\n\t\t\t\t\t\t<div class=\"card\">\n\t\t\t\t\t\t\t<h3 class=\"card__title\">Impacto Social y Pol\u00edtico<\/h3>\n\t\t\t\t\t\t\t\t\t\t\t\t\t\t<div class=\"card__description\">\n\t\t\t\t\t\t\t\t<p>Convertimos la investigaci\u00f3n en acci\u00f3n, influyendo en pol\u00edticas p\u00fablicas y mejorando la sociedad mediante la transferencia tecnol\u00f3gica de nuestras soluciones avanzadas.<\/p>\n\t\t\t\t\t\t\t<\/div>\n\t\t\t\t\t\t\t\t\t\t\t\t\t<\/div>\n\t\t\t\t\t<\/div>\n\t\t\t\t\t\t\t\t\t\t<\/div>\n\t\t<\/div>\n\t<\/div>\n<\/section>\n\n\n<!-- WP Block: UDD - People -->\n<section class=\"wp-block-udd-people \">\n\t<div class=\"container\">\n\t\t\t\t<header class=\"block__header\">\n\t\t\t\t\t\t\t\n<h2 class=\"wp-block-heading\">Consejo directivo<\/h2>\n\t\t\t\t\t\t\t\t<\/header>\n\t\t\t\t<div class=\"people-cards\">\n\t\t\t\t\t<div class=\"person-card\">\n\t<a href=\"https:\/\/ingenieria.udd.cl\/data-science\/persona\/daniel-contesse\/\"\n\t\tclass=\"person-card__inner js-person-modal\"\n\t\tdata-post-id=\"514\"\n\t\tdata-postid=\"514\"\n\t>\n\t\t\t<div class=\"person-card__media\">\n\t\t\t<img loading=\"lazy\" decoding=\"async\" width=\"500\" height=\"500\" src=\"https:\/\/ingenieria.udd.cl\/data-science\/files\/2020\/09\/WhatsApp-Image-2020-09-22-at-6.11.29-PM-62x62.jpeg\" class=\"person-card__image wp-post-image lazyload\" alt=\"\" sizes=\"auto, (max-width: 500px) 100vw, 500px\" data-src=\"https:\/\/ingenieria.udd.cl\/data-science\/files\/2020\/09\/WhatsApp-Image-2020-09-22-at-6.11.29-PM-500x500.jpeg\" data-srcset=\"https:\/\/ingenieria.udd.cl\/data-science\/files\/2020\/09\/WhatsApp-Image-2020-09-22-at-6.11.29-PM-500x500.jpeg 500w, https:\/\/ingenieria.udd.cl\/data-science\/files\/2020\/09\/WhatsApp-Image-2020-09-22-at-6.11.29-PM-300x300.jpeg 300w, https:\/\/ingenieria.udd.cl\/data-science\/files\/2020\/09\/WhatsApp-Image-2020-09-22-at-6.11.29-PM-1024x1024.jpeg 1024w, https:\/\/ingenieria.udd.cl\/data-science\/files\/2020\/09\/WhatsApp-Image-2020-09-22-at-6.11.29-PM-150x150.jpeg 150w, https:\/\/ingenieria.udd.cl\/data-science\/files\/2020\/09\/WhatsApp-Image-2020-09-22-at-6.11.29-PM-768x768.jpeg 768w, https:\/\/ingenieria.udd.cl\/data-science\/files\/2020\/09\/WhatsApp-Image-2020-09-22-at-6.11.29-PM-62x62.jpeg 62w, https:\/\/ingenieria.udd.cl\/data-science\/files\/2020\/09\/WhatsApp-Image-2020-09-22-at-6.11.29-PM-750x750.jpeg 750w, https:\/\/ingenieria.udd.cl\/data-science\/files\/2020\/09\/WhatsApp-Image-2020-09-22-at-6.11.29-PM-250x250.jpeg 250w, https:\/\/ingenieria.udd.cl\/data-science\/files\/2020\/09\/WhatsApp-Image-2020-09-22-at-6.11.29-PM-126x126.jpeg 126w, https:\/\/ingenieria.udd.cl\/data-science\/files\/2020\/09\/WhatsApp-Image-2020-09-22-at-6.11.29-PM.jpeg 1280w\" \/>\t\t<\/div>\n\t\t\t<div class=\"person-card__content\">\n\t\t\t<h3 class=\"person-card__name\">Daniel  Contesse<\/h3>\n\t\t\t\t\t<span class=\"person-card__description\">Vicerrector de Innovaci\u00f3n y Desarrollo<\/span>\n\t\t\t\t\t<span class=\"person-card__cta\">Ver perfil<\/span>\n\t\t<\/div>\n\t<\/a>\n<\/div>\n\t\t\t\t\t<div class=\"person-card\">\n\t<a href=\"https:\/\/ingenieria.udd.cl\/data-science\/persona\/sergio-hernandez\/\"\n\t\tclass=\"person-card__inner js-person-modal\"\n\t\tdata-post-id=\"518\"\n\t\tdata-postid=\"518\"\n\t>\n\t\t\t<div class=\"person-card__media\">\n\t\t\t<img loading=\"lazy\" decoding=\"async\" width=\"500\" height=\"500\" src=\"https:\/\/ingenieria.udd.cl\/data-science\/files\/2020\/09\/WhatsApp-Image-2020-09-22-at-6.11.30-PM-1-62x62.jpeg\" class=\"person-card__image wp-post-image lazyload\" alt=\"\" sizes=\"auto, (max-width: 500px) 100vw, 500px\" data-src=\"https:\/\/ingenieria.udd.cl\/data-science\/files\/2020\/09\/WhatsApp-Image-2020-09-22-at-6.11.30-PM-1-500x500.jpeg\" data-srcset=\"https:\/\/ingenieria.udd.cl\/data-science\/files\/2020\/09\/WhatsApp-Image-2020-09-22-at-6.11.30-PM-1-500x500.jpeg 500w, https:\/\/ingenieria.udd.cl\/data-science\/files\/2020\/09\/WhatsApp-Image-2020-09-22-at-6.11.30-PM-1-300x300.jpeg 300w, https:\/\/ingenieria.udd.cl\/data-science\/files\/2020\/09\/WhatsApp-Image-2020-09-22-at-6.11.30-PM-1-1024x1024.jpeg 1024w, https:\/\/ingenieria.udd.cl\/data-science\/files\/2020\/09\/WhatsApp-Image-2020-09-22-at-6.11.30-PM-1-150x150.jpeg 150w, https:\/\/ingenieria.udd.cl\/data-science\/files\/2020\/09\/WhatsApp-Image-2020-09-22-at-6.11.30-PM-1-768x768.jpeg 768w, https:\/\/ingenieria.udd.cl\/data-science\/files\/2020\/09\/WhatsApp-Image-2020-09-22-at-6.11.30-PM-1-62x62.jpeg 62w, https:\/\/ingenieria.udd.cl\/data-science\/files\/2020\/09\/WhatsApp-Image-2020-09-22-at-6.11.30-PM-1-750x750.jpeg 750w, https:\/\/ingenieria.udd.cl\/data-science\/files\/2020\/09\/WhatsApp-Image-2020-09-22-at-6.11.30-PM-1-250x250.jpeg 250w, https:\/\/ingenieria.udd.cl\/data-science\/files\/2020\/09\/WhatsApp-Image-2020-09-22-at-6.11.30-PM-1-126x126.jpeg 126w, https:\/\/ingenieria.udd.cl\/data-science\/files\/2020\/09\/WhatsApp-Image-2020-09-22-at-6.11.30-PM-1.jpeg 1280w\" \/>\t\t<\/div>\n\t\t\t<div class=\"person-card__content\">\n\t\t\t<h3 class=\"person-card__name\">Sergio Hern\u00e1ndez<\/h3>\n\t\t\t\t\t<span class=\"person-card__description\">Vicerrector de Investigaci\u00f3n y Doctorados<\/span>\n\t\t\t\t\t<span class=\"person-card__cta\">Ver perfil<\/span>\n\t\t<\/div>\n\t<\/a>\n<\/div>\n\t\t\t\t\t<div class=\"person-card\">\n\t<a href=\"https:\/\/ingenieria.udd.cl\/data-science\/persona\/fernando-rojas\/\"\n\t\tclass=\"person-card__inner js-person-modal\"\n\t\tdata-post-id=\"521\"\n\t\tdata-postid=\"521\"\n\t>\n\t\t\t<div class=\"person-card__media\">\n\t\t\t<img loading=\"lazy\" decoding=\"async\" width=\"300\" height=\"300\" src=\"https:\/\/ingenieria.udd.cl\/data-science\/files\/2020\/09\/WhatsApp-Image-2020-09-22-at-6.11.29-PM-1-62x62.jpeg\" class=\"person-card__image wp-post-image lazyload\" alt=\"\" sizes=\"auto, (max-width: 300px) 100vw, 300px\" data-src=\"https:\/\/ingenieria.udd.cl\/data-science\/files\/2020\/09\/WhatsApp-Image-2020-09-22-at-6.11.29-PM-1.jpeg\" data-srcset=\"https:\/\/ingenieria.udd.cl\/data-science\/files\/2020\/09\/WhatsApp-Image-2020-09-22-at-6.11.29-PM-1.jpeg 300w, https:\/\/ingenieria.udd.cl\/data-science\/files\/2020\/09\/WhatsApp-Image-2020-09-22-at-6.11.29-PM-1-150x150.jpeg 150w, https:\/\/ingenieria.udd.cl\/data-science\/files\/2020\/09\/WhatsApp-Image-2020-09-22-at-6.11.29-PM-1-62x62.jpeg 62w, https:\/\/ingenieria.udd.cl\/data-science\/files\/2020\/09\/WhatsApp-Image-2020-09-22-at-6.11.29-PM-1-250x250.jpeg 250w, https:\/\/ingenieria.udd.cl\/data-science\/files\/2020\/09\/WhatsApp-Image-2020-09-22-at-6.11.29-PM-1-126x126.jpeg 126w\" \/>\t\t<\/div>\n\t\t\t<div class=\"person-card__content\">\n\t\t\t<h3 class=\"person-card__name\">Fernando  Rojas<\/h3>\n\t\t\t\t\t<span class=\"person-card__description\">Decano Facultad de Ingenier\u00eda<\/span>\n\t\t\t\t\t<span class=\"person-card__cta\">Ver perfil<\/span>\n\t\t<\/div>\n\t<\/a>\n<\/div>\n\t\t\t\t\t<div class=\"person-card\">\n\t<a href=\"https:\/\/ingenieria.udd.cl\/data-science\/persona\/pelayo-covarrubias\/\"\n\t\tclass=\"person-card__inner js-person-modal\"\n\t\tdata-post-id=\"523\"\n\t\tdata-postid=\"523\"\n\t>\n\t\t\t<div class=\"person-card__media\">\n\t\t\t<img loading=\"lazy\" decoding=\"async\" width=\"500\" height=\"500\" src=\"https:\/\/ingenieria.udd.cl\/data-science\/files\/2020\/09\/WhatsApp-Image-2020-09-22-at-6.11.30-PM-62x62.jpeg\" class=\"person-card__image wp-post-image lazyload\" alt=\"\" sizes=\"auto, (max-width: 500px) 100vw, 500px\" data-src=\"https:\/\/ingenieria.udd.cl\/data-science\/files\/2020\/09\/WhatsApp-Image-2020-09-22-at-6.11.30-PM-500x500.jpeg\" data-srcset=\"https:\/\/ingenieria.udd.cl\/data-science\/files\/2020\/09\/WhatsApp-Image-2020-09-22-at-6.11.30-PM-500x500.jpeg 500w, https:\/\/ingenieria.udd.cl\/data-science\/files\/2020\/09\/WhatsApp-Image-2020-09-22-at-6.11.30-PM-150x150.jpeg 150w, https:\/\/ingenieria.udd.cl\/data-science\/files\/2020\/09\/WhatsApp-Image-2020-09-22-at-6.11.30-PM-62x62.jpeg 62w, https:\/\/ingenieria.udd.cl\/data-science\/files\/2020\/09\/WhatsApp-Image-2020-09-22-at-6.11.30-PM-250x250.jpeg 250w, https:\/\/ingenieria.udd.cl\/data-science\/files\/2020\/09\/WhatsApp-Image-2020-09-22-at-6.11.30-PM-126x126.jpeg 126w\" \/>\t\t<\/div>\n\t\t\t<div class=\"person-card__content\">\n\t\t\t<h3 class=\"person-card__name\">Pelayo Covarrubias<\/h3>\n\t\t\t\t\t<span class=\"person-card__description\">Presidente Pa\u00eds Digital<\/span>\n\t\t\t\t\t<span class=\"person-card__cta\">Ver perfil<\/span>\n\t\t<\/div>\n\t<\/a>\n<\/div>\n\t\t\t\t<\/div>\n\t<\/div>\n<\/section>\n","protected":false},"excerpt":{"rendered":"","protected":false},"author":9192218,"featured_media":0,"parent":0,"menu_order":0,"comment_status":"closed","ping_status":"closed","template":"","meta":{"footnotes":""},"class_list":["post-490","page","type-page","status-publish","hentry"],"yoast_head":"<!-- This site is optimized with the Yoast SEO plugin v26.9 - https:\/\/yoast.com\/product\/yoast-seo-wordpress\/ -->\n<title>Nosotros - Instituto de Data Science<\/title>\n<meta name=\"robots\" content=\"index, follow, max-snippet:-1, max-image-preview:large, max-video-preview:-1\" \/>\n<link rel=\"canonical\" href=\"https:\/\/ingenieria.udd.cl\/data-science\/nosotros\/\" \/>\n<meta property=\"og:locale\" content=\"es_ES\" \/>\n<meta property=\"og:type\" content=\"article\" \/>\n<meta property=\"og:title\" content=\"Nosotros - Instituto de Data Science\" \/>\n<meta property=\"og:url\" content=\"https:\/\/ingenieria.udd.cl\/data-science\/nosotros\/\" \/>\n<meta property=\"og:site_name\" content=\"Instituto de Data Science\" \/>\n<meta property=\"article:modified_time\" content=\"2024-08-19T14:54:57+00:00\" \/>\n<meta property=\"og:image\" content=\"http:\/\/ingenieria.udd.cl\/data-science\/files\/2024\/08\/cropped-lbravoc_a_visually_striking_and_modern_representation_of_the__ab35e34c-61d2-4569-b9d4-d51685c627b3_0-1.png\" \/>\n<meta name=\"twitter:card\" content=\"summary_large_image\" \/>\n<meta name=\"twitter:label1\" content=\"Tiempo de lectura\" \/>\n\t<meta name=\"twitter:data1\" content=\"2 minutos\" \/>\n<script type=\"application\/ld+json\" class=\"yoast-schema-graph\">{\"@context\":\"https:\/\/schema.org\",\"@graph\":[{\"@type\":\"WebPage\",\"@id\":\"https:\/\/ingenieria.udd.cl\/data-science\/nosotros\/\",\"url\":\"https:\/\/ingenieria.udd.cl\/data-science\/nosotros\/\",\"name\":\"Nosotros - Instituto de Data Science\",\"isPartOf\":{\"@id\":\"https:\/\/ingenieria.udd.cl\/data-science\/#website\"},\"primaryImageOfPage\":{\"@id\":\"https:\/\/ingenieria.udd.cl\/data-science\/nosotros\/#primaryimage\"},\"image\":{\"@id\":\"https:\/\/ingenieria.udd.cl\/data-science\/nosotros\/#primaryimage\"},\"thumbnailUrl\":\"http:\/\/ingenieria.udd.cl\/data-science\/files\/2024\/08\/cropped-lbravoc_a_visually_striking_and_modern_representation_of_the__ab35e34c-61d2-4569-b9d4-d51685c627b3_0-1.png\",\"datePublished\":\"2020-09-04T14:43:27+00:00\",\"dateModified\":\"2024-08-19T14:54:57+00:00\",\"breadcrumb\":{\"@id\":\"https:\/\/ingenieria.udd.cl\/data-science\/nosotros\/#breadcrumb\"},\"inLanguage\":\"es\",\"potentialAction\":[{\"@type\":\"ReadAction\",\"target\":[\"https:\/\/ingenieria.udd.cl\/data-science\/nosotros\/\"]}]},{\"@type\":\"ImageObject\",\"inLanguage\":\"es\",\"@id\":\"https:\/\/ingenieria.udd.cl\/data-science\/nosotros\/#primaryimage\",\"url\":\"https:\/\/ingenieria.udd.cl\/data-science\/files\/2024\/08\/cropped-lbravoc_a_visually_striking_and_modern_representation_of_the__ab35e34c-61d2-4569-b9d4-d51685c627b3_0-1.png\",\"contentUrl\":\"https:\/\/ingenieria.udd.cl\/data-science\/files\/2024\/08\/cropped-lbravoc_a_visually_striking_and_modern_representation_of_the__ab35e34c-61d2-4569-b9d4-d51685c627b3_0-1.png\",\"width\":1920,\"height\":960},{\"@type\":\"BreadcrumbList\",\"@id\":\"https:\/\/ingenieria.udd.cl\/data-science\/nosotros\/#breadcrumb\",\"itemListElement\":[{\"@type\":\"ListItem\",\"position\":1,\"name\":\"Portada\",\"item\":\"https:\/\/ingenieria.udd.cl\/data-science\/\"},{\"@type\":\"ListItem\",\"position\":2,\"name\":\"Nosotros\"}]},{\"@type\":\"WebSite\",\"@id\":\"https:\/\/ingenieria.udd.cl\/data-science\/#website\",\"url\":\"https:\/\/ingenieria.udd.cl\/data-science\/\",\"name\":\"Instituto de Data Science\",\"description\":\"Generando valor a partir de datos\",\"inLanguage\":\"es\"}]}<\/script>\n<!-- \/ Yoast SEO plugin. -->","yoast_head_json":{"title":"Nosotros - Instituto de Data Science","robots":{"index":"index","follow":"follow","max-snippet":"max-snippet:-1","max-image-preview":"max-image-preview:large","max-video-preview":"max-video-preview:-1"},"canonical":"https:\/\/ingenieria.udd.cl\/data-science\/nosotros\/","og_locale":"es_ES","og_type":"article","og_title":"Nosotros - Instituto de Data Science","og_url":"https:\/\/ingenieria.udd.cl\/data-science\/nosotros\/","og_site_name":"Instituto de Data Science","article_modified_time":"2024-08-19T14:54:57+00:00","og_image":[{"url":"http:\/\/ingenieria.udd.cl\/data-science\/files\/2024\/08\/cropped-lbravoc_a_visually_striking_and_modern_representation_of_the__ab35e34c-61d2-4569-b9d4-d51685c627b3_0-1.png","type":"","width":"","height":""}],"twitter_card":"summary_large_image","twitter_misc":{"Tiempo de lectura":"2 minutos"},"schema":{"@context":"https:\/\/schema.org","@graph":[{"@type":"WebPage","@id":"https:\/\/ingenieria.udd.cl\/data-science\/nosotros\/","url":"https:\/\/ingenieria.udd.cl\/data-science\/nosotros\/","name":"Nosotros - Instituto de Data Science","isPartOf":{"@id":"https:\/\/ingenieria.udd.cl\/data-science\/#website"},"primaryImageOfPage":{"@id":"https:\/\/ingenieria.udd.cl\/data-science\/nosotros\/#primaryimage"},"image":{"@id":"https:\/\/ingenieria.udd.cl\/data-science\/nosotros\/#primaryimage"},"thumbnailUrl":"http:\/\/ingenieria.udd.cl\/data-science\/files\/2024\/08\/cropped-lbravoc_a_visually_striking_and_modern_representation_of_the__ab35e34c-61d2-4569-b9d4-d51685c627b3_0-1.png","datePublished":"2020-09-04T14:43:27+00:00","dateModified":"2024-08-19T14:54:57+00:00","breadcrumb":{"@id":"https:\/\/ingenieria.udd.cl\/data-science\/nosotros\/#breadcrumb"},"inLanguage":"es","potentialAction":[{"@type":"ReadAction","target":["https:\/\/ingenieria.udd.cl\/data-science\/nosotros\/"]}]},{"@type":"ImageObject","inLanguage":"es","@id":"https:\/\/ingenieria.udd.cl\/data-science\/nosotros\/#primaryimage","url":"https:\/\/ingenieria.udd.cl\/data-science\/files\/2024\/08\/cropped-lbravoc_a_visually_striking_and_modern_representation_of_the__ab35e34c-61d2-4569-b9d4-d51685c627b3_0-1.png","contentUrl":"https:\/\/ingenieria.udd.cl\/data-science\/files\/2024\/08\/cropped-lbravoc_a_visually_striking_and_modern_representation_of_the__ab35e34c-61d2-4569-b9d4-d51685c627b3_0-1.png","width":1920,"height":960},{"@type":"BreadcrumbList","@id":"https:\/\/ingenieria.udd.cl\/data-science\/nosotros\/#breadcrumb","itemListElement":[{"@type":"ListItem","position":1,"name":"Portada","item":"https:\/\/ingenieria.udd.cl\/data-science\/"},{"@type":"ListItem","position":2,"name":"Nosotros"}]},{"@type":"WebSite","@id":"https:\/\/ingenieria.udd.cl\/data-science\/#website","url":"https:\/\/ingenieria.udd.cl\/data-science\/","name":"Instituto de Data Science","description":"Generando valor a partir de datos","inLanguage":"es"}]}},"_links":{"self":[{"href":"https:\/\/ingenieria.udd.cl\/data-science\/wp-json\/wp\/v2\/pages\/490","targetHints":{"allow":["GET"]}}],"collection":[{"href":"https:\/\/ingenieria.udd.cl\/data-science\/wp-json\/wp\/v2\/pages"}],"about":[{"href":"https:\/\/ingenieria.udd.cl\/data-science\/wp-json\/wp\/v2\/types\/page"}],"author":[{"embeddable":true,"href":"https:\/\/ingenieria.udd.cl\/data-science\/wp-json\/wp\/v2\/users\/9192218"}],"replies":[{"embeddable":true,"href":"https:\/\/ingenieria.udd.cl\/data-science\/wp-json\/wp\/v2\/comments?post=490"}],"version-history":[{"count":31,"href":"https:\/\/ingenieria.udd.cl\/data-science\/wp-json\/wp\/v2\/pages\/490\/revisions"}],"predecessor-version":[{"id":1029,"href":"https:\/\/ingenieria.udd.cl\/data-science\/wp-json\/wp\/v2\/pages\/490\/revisions\/1029"}],"wp:attachment":[{"href":"https:\/\/ingenieria.udd.cl\/data-science\/wp-json\/wp\/v2\/media?parent=490"}],"curies":[{"name":"wp","href":"https:\/\/api.w.org\/{rel}","templated":true}]}}