{"id":5,"date":"2020-08-27T23:24:04","date_gmt":"2020-08-27T21:24:04","guid":{"rendered":"http:\/\/ingenieria.udd.cl\/data-science\/?page_id=5"},"modified":"2024-09-06T19:00:19","modified_gmt":"2024-09-06T23:00:19","slug":"inicio","status":"publish","type":"page","link":"https:\/\/ingenieria.udd.cl\/data-science\/","title":{"rendered":"Inicio"},"content":{"rendered":"\n<div class=\"wp-block-media-text alignfull is-stacked-on-mobile\" style=\"grid-template-columns:35% auto\"><figure class=\"wp-block-media-text__media\"><img loading=\"lazy\" decoding=\"async\" width=\"1024\" height=\"574\" src=\"http:\/\/ingenieria.udd.cl\/data-science\/files\/2024\/09\/lbravoc_generative_ai__data_moving_diagramas_-no_person_-ar_b6c677e4-9b0a-439d-b6cd-2c6eb95f800c_3-1024x574.png\" alt=\"\" class=\"wp-image-1043 size-large\" srcset=\"https:\/\/ingenieria.udd.cl\/data-science\/files\/2024\/09\/lbravoc_generative_ai__data_moving_diagramas_-no_person_-ar_b6c677e4-9b0a-439d-b6cd-2c6eb95f800c_3-1024x574.png 1024w, https:\/\/ingenieria.udd.cl\/data-science\/files\/2024\/09\/lbravoc_generative_ai__data_moving_diagramas_-no_person_-ar_b6c677e4-9b0a-439d-b6cd-2c6eb95f800c_3-300x168.png 300w, https:\/\/ingenieria.udd.cl\/data-science\/files\/2024\/09\/lbravoc_generative_ai__data_moving_diagramas_-no_person_-ar_b6c677e4-9b0a-439d-b6cd-2c6eb95f800c_3-768x430.png 768w, https:\/\/ingenieria.udd.cl\/data-science\/files\/2024\/09\/lbravoc_generative_ai__data_moving_diagramas_-no_person_-ar_b6c677e4-9b0a-439d-b6cd-2c6eb95f800c_3-952x534.png 952w, https:\/\/ingenieria.udd.cl\/data-science\/files\/2024\/09\/lbravoc_generative_ai__data_moving_diagramas_-no_person_-ar_b6c677e4-9b0a-439d-b6cd-2c6eb95f800c_3-680x382.png 680w, https:\/\/ingenieria.udd.cl\/data-science\/files\/2024\/09\/lbravoc_generative_ai__data_moving_diagramas_-no_person_-ar_b6c677e4-9b0a-439d-b6cd-2c6eb95f800c_3.png 1456w\" sizes=\"auto, (max-width: 1024px) 100vw, 1024px\" \/><\/figure><div class=\"wp-block-media-text__content\">\n<p><strong>Nuevo Diplomado en IA Generativa &#8211; Powered by Kibernum<\/strong><\/p>\n\n\n\n<p>Sum\u00e9rgete en el mundo de la inteligencia artificial generativa y descubre c\u00f3mo puede transformar tu carrera. Aprende de expertos y l\u00edderes en el campo del Instituto de Data Science y de <a href=\"https:\/\/www.kibernum.com\/\">Kibernum<\/a>. <\/p>\n\n\n\n<p><a href=\"https:\/\/ingenieria.udd.cl\/ver-diplomado\/diplomado-en-ia-generativa-powered-by-kibernum\/\">M\u00e1s inform\u00e1ci\u00f3n<\/a> <\/p>\n<\/div><\/div>\n\n\n<!-- WP Block: UDD - Cards Alternate -->\n<section class=\"wp-block-udd-access-cards\">\n\t<div class=\"container\">\n\t\t\t\t<div class=\"block__content\">\n\t\t\t<div class=\"access-cards\">\n\t\t\t\t\t\t\t<div class=\"access-card-wrapper\">\n\t\t\t\t\t<img loading=\"lazy\" decoding=\"async\" width=\"680\" height=\"382\" src=\"https:\/\/ingenieria.udd.cl\/data-science\/files\/2024\/08\/lbravoc_team_of_data_scientists_-ar_21_-sref_httpss-mj_-runq_7596b046-94de-43aa-8852-666c2a0ea262_2-680x382.png\" class=\"access-card__image lazyload\" alt=\"\" sizes=\"auto, (max-width: 680px) 100vw, 680px\" data-src=\"https:\/\/ingenieria.udd.cl\/data-science\/files\/2024\/08\/lbravoc_team_of_data_scientists_-ar_21_-sref_httpss-mj_-runq_7596b046-94de-43aa-8852-666c2a0ea262_2-680x382.png\" data-srcset=\"https:\/\/ingenieria.udd.cl\/data-science\/files\/2024\/08\/lbravoc_team_of_data_scientists_-ar_21_-sref_httpss-mj_-runq_7596b046-94de-43aa-8852-666c2a0ea262_2-680x382.png 680w, https:\/\/ingenieria.udd.cl\/data-science\/files\/2024\/08\/lbravoc_team_of_data_scientists_-ar_21_-sref_httpss-mj_-runq_7596b046-94de-43aa-8852-666c2a0ea262_2-1366x768.png 1366w, https:\/\/ingenieria.udd.cl\/data-science\/files\/2024\/08\/lbravoc_team_of_data_scientists_-ar_21_-sref_httpss-mj_-runq_7596b046-94de-43aa-8852-666c2a0ea262_2-952x534.png 952w\" \/>\t\t\t\t\t<div class=\"access-card\">\n\t\t\t\t\t\t<h3 class=\"access-card__title\">EQUIPO<\/h3>\n\t\t\t\t\t\t<p class=\"access-card__description\">\n\t\t\t\t\t\t\tNuestro equipo est\u00e1 compuesto por un grupo multidisciplinario de investigadores y data scientists, dedicados a desarrollar soluciones innovadoras que transforman datos en valor tangible. Con experiencia en diversos sectores, nuestro equipo lidera proyectos que impactan positivamente en la industria, el gobierno y la sociedad.\t\t\t\t\t\t<\/p>\n\t\t\t\t\t\t\t\t\t\t\t\t\t\t\t\t\t\t<div class=\"access-card__link\">\n\t\t\t\t\t\t\t\t<a href=\"https:\/\/ingenieria.udd.cl\/data-science\/equipo\/\" class=\"access-card__link-text\" data-url=\"https:\/\/ingenieria.udd.cl\/data-science\/equipo\/\">Conocer m\u00e1s<\/a>\n\t\t\t\t\t\t\t<\/div>\n\t\t\t\t\t\t\t\t\t\t\t<\/div>\n\t\t\t\t<\/div>\n\t\t\t\t\t\t\t<div class=\"access-card-wrapper\">\n\t\t\t\t\t<img loading=\"lazy\" decoding=\"async\" width=\"680\" height=\"382\" src=\"https:\/\/ingenieria.udd.cl\/data-science\/files\/2024\/08\/lbravoc_an_intricate_and_symbolic_depiction_of_the_power_stru_f15af8ad-0be6-44c1-b0d7-8573715f1cca_1-680x382.png\" class=\"access-card__image lazyload\" alt=\"\" sizes=\"auto, (max-width: 680px) 100vw, 680px\" data-src=\"https:\/\/ingenieria.udd.cl\/data-science\/files\/2024\/08\/lbravoc_an_intricate_and_symbolic_depiction_of_the_power_stru_f15af8ad-0be6-44c1-b0d7-8573715f1cca_1-680x382.png\" data-srcset=\"https:\/\/ingenieria.udd.cl\/data-science\/files\/2024\/08\/lbravoc_an_intricate_and_symbolic_depiction_of_the_power_stru_f15af8ad-0be6-44c1-b0d7-8573715f1cca_1-680x382.png 680w, https:\/\/ingenieria.udd.cl\/data-science\/files\/2024\/08\/lbravoc_an_intricate_and_symbolic_depiction_of_the_power_stru_f15af8ad-0be6-44c1-b0d7-8573715f1cca_1-1366x768.png 1366w, https:\/\/ingenieria.udd.cl\/data-science\/files\/2024\/08\/lbravoc_an_intricate_and_symbolic_depiction_of_the_power_stru_f15af8ad-0be6-44c1-b0d7-8573715f1cca_1-952x534.png 952w\" \/>\t\t\t\t\t<div class=\"access-card\">\n\t\t\t\t\t\t<h3 class=\"access-card__title\">PROYECTOS<\/h3>\n\t\t\t\t\t\t<p class=\"access-card__description\">\n\t\t\t\t\t\t\tLlevamos a cabo proyectos innovadores en colaboraci\u00f3n con empresas, gobiernos y a trav\u00e9s de fondos p\u00fablicos de investigaci\u00f3n. Desde la optimizaci\u00f3n de procesos empresariales hasta la implementaci\u00f3n de pol\u00edticas p\u00fablicas basadas en datos, nuestros proyectos est\u00e1n dise\u00f1ados para generar un impacto significativo.\t\t\t\t\t\t<\/p>\n\t\t\t\t\t\t\t\t\t\t\t\t\t\t\t\t<\/div>\n\t\t\t\t<\/div>\n\t\t\t\t\t\t\t<div class=\"access-card-wrapper\">\n\t\t\t\t\t<img loading=\"lazy\" decoding=\"async\" width=\"680\" height=\"382\" src=\"https:\/\/ingenieria.udd.cl\/data-science\/files\/2024\/08\/lbravoc_classrooms_-ar_21_-sref_httpss-mj_-runq7olssdrn28_-_84a24bc4-b802-4c55-8df3-fcfa64ce5985_1-680x382.png\" class=\"access-card__image lazyload\" alt=\"\" sizes=\"auto, (max-width: 680px) 100vw, 680px\" data-src=\"https:\/\/ingenieria.udd.cl\/data-science\/files\/2024\/08\/lbravoc_classrooms_-ar_21_-sref_httpss-mj_-runq7olssdrn28_-_84a24bc4-b802-4c55-8df3-fcfa64ce5985_1-680x382.png\" data-srcset=\"https:\/\/ingenieria.udd.cl\/data-science\/files\/2024\/08\/lbravoc_classrooms_-ar_21_-sref_httpss-mj_-runq7olssdrn28_-_84a24bc4-b802-4c55-8df3-fcfa64ce5985_1-680x382.png 680w, https:\/\/ingenieria.udd.cl\/data-science\/files\/2024\/08\/lbravoc_classrooms_-ar_21_-sref_httpss-mj_-runq7olssdrn28_-_84a24bc4-b802-4c55-8df3-fcfa64ce5985_1-1366x768.png 1366w, https:\/\/ingenieria.udd.cl\/data-science\/files\/2024\/08\/lbravoc_classrooms_-ar_21_-sref_httpss-mj_-runq7olssdrn28_-_84a24bc4-b802-4c55-8df3-fcfa64ce5985_1-952x534.png 952w\" \/>\t\t\t\t\t<div class=\"access-card\">\n\t\t\t\t\t\t<h3 class=\"access-card__title\">FORMACI\u00d3N<\/h3>\n\t\t\t\t\t\t<p class=\"access-card__description\">\n\t\t\t\t\t\t\tOfrecemos educaci\u00f3n de vanguardia en ciencia de datos e inteligencia artificial con cursos, diplomados y mag\u00edsteres que preparan a profesionales para liderar la transformaci\u00f3n digital. Nuestros programas se enfocan en la aplicaci\u00f3n pr\u00e1ctica, dotando a los estudiantes de las herramientas necesarias para resolver los desaf\u00edos del mundo empresarial y tecnol\u00f3gico.\t\t\t\t\t\t<\/p>\n\t\t\t\t\t\t\t\t\t\t\t\t\t\t\t\t\t\t<div class=\"access-card__link\">\n\t\t\t\t\t\t\t\t<a href=\"https:\/\/ingenieria.udd.cl\/data-science\/programas-de-formacion-del-ids\/\" class=\"access-card__link-text\" data-url=\"https:\/\/ingenieria.udd.cl\/data-science\/programas-de-formacion-del-ids\/\">Conocer m\u00e1s<\/a>\n\t\t\t\t\t\t\t<\/div>\n\t\t\t\t\t\t\t\t\t\t\t<\/div>\n\t\t\t\t<\/div>\n\t\t\t\t\t\t\t<div class=\"access-card-wrapper\">\n\t\t\t\t\t<img loading=\"lazy\" decoding=\"async\" width=\"680\" height=\"382\" src=\"https:\/\/ingenieria.udd.cl\/data-science\/files\/2024\/08\/lbravoc_cientific_publications_-ar_21_-sref_httpss-mj_-runq7_0e035ade-c202-4999-b303-50f153e73d87_1-680x382.png\" class=\"access-card__image lazyload\" alt=\"\" sizes=\"auto, (max-width: 680px) 100vw, 680px\" data-src=\"https:\/\/ingenieria.udd.cl\/data-science\/files\/2024\/08\/lbravoc_cientific_publications_-ar_21_-sref_httpss-mj_-runq7_0e035ade-c202-4999-b303-50f153e73d87_1-680x382.png\" data-srcset=\"https:\/\/ingenieria.udd.cl\/data-science\/files\/2024\/08\/lbravoc_cientific_publications_-ar_21_-sref_httpss-mj_-runq7_0e035ade-c202-4999-b303-50f153e73d87_1-680x382.png 680w, https:\/\/ingenieria.udd.cl\/data-science\/files\/2024\/08\/lbravoc_cientific_publications_-ar_21_-sref_httpss-mj_-runq7_0e035ade-c202-4999-b303-50f153e73d87_1-1366x768.png 1366w, https:\/\/ingenieria.udd.cl\/data-science\/files\/2024\/08\/lbravoc_cientific_publications_-ar_21_-sref_httpss-mj_-runq7_0e035ade-c202-4999-b303-50f153e73d87_1-952x534.png 952w\" \/>\t\t\t\t\t<div class=\"access-card\">\n\t\t\t\t\t\t<h3 class=\"access-card__title\">PUBLICACIONES<\/h3>\n\t\t\t\t\t\t<p class=\"access-card__description\">\n\t\t\t\t\t\t\tAccede a los art\u00edculos y estudios publicados por el Instituto de Data Science, donde compartimos los resultados de nuestras investigaciones con la comunidad cient\u00edfica y profesional. Nuestras publicaciones reflejan nuestro compromiso con la excelencia acad\u00e9mica y nuestra posici\u00f3n como referente internacional en ciencia de datos e inteligencia artificial.\t\t\t\t\t\t<\/p>\n\t\t\t\t\t\t\t\t\t\t\t\t\t\t\t\t\t\t<div class=\"access-card__link\">\n\t\t\t\t\t\t\t\t<a href=\"https:\/\/ingenieria.udd.cl\/data-science\/publications\/\" class=\"access-card__link-text\" data-url=\"https:\/\/ingenieria.udd.cl\/data-science\/publications\/\">Conocer m\u00e1s<\/a>\n\t\t\t\t\t\t\t<\/div>\n\t\t\t\t\t\t\t\t\t\t\t<\/div>\n\t\t\t\t<\/div>\n\t\t\t\t\t\t<\/div>\n\t\t<\/div>\n\t<\/div>\n<\/section>\n","protected":false},"excerpt":{"rendered":"<p>Nuevo Diplomado en IA Generativa &#8211; Powered by Kibernum Sum\u00e9rgete en el mundo de la inteligencia artificial generativa y descubre c\u00f3mo puede transformar tu carrera. Aprende de expertos y l\u00edderes en el campo del Instituto de Data Science y de Kibernum. M\u00e1s inform\u00e1ci\u00f3n<\/p>\n","protected":false},"author":25,"featured_media":917,"parent":0,"menu_order":0,"comment_status":"closed","ping_status":"closed","template":"","meta":{"footnotes":""},"class_list":["post-5","page","type-page","status-publish","has-post-thumbnail","hentry"],"yoast_head":"<!-- This site is optimized with the Yoast SEO plugin v26.9 - https:\/\/yoast.com\/product\/yoast-seo-wordpress\/ -->\n<title>Inicio - Instituto de Data Science<\/title>\n<meta name=\"description\" content=\"El Instituto de Data Science fue creado el 2016 para ayudar a las empresas y sociedad a generar valor a partir de sus datos.\" \/>\n<meta name=\"robots\" content=\"index, follow, max-snippet:-1, max-image-preview:large, max-video-preview:-1\" \/>\n<link rel=\"canonical\" href=\"https:\/\/ingenieria.udd.cl\/data-science\/\" \/>\n<meta property=\"og:locale\" content=\"es_ES\" \/>\n<meta property=\"og:type\" content=\"article\" \/>\n<meta property=\"og:title\" content=\"Inicio - Instituto de Data Science\" \/>\n<meta property=\"og:description\" content=\"El Instituto de Data Science fue creado el 2016 para ayudar a las empresas y sociedad a generar valor a partir de sus datos.\" \/>\n<meta property=\"og:url\" content=\"https:\/\/ingenieria.udd.cl\/data-science\/\" \/>\n<meta property=\"og:site_name\" content=\"Instituto de Data Science\" \/>\n<meta property=\"article:modified_time\" content=\"2024-09-06T23:00:19+00:00\" \/>\n<meta property=\"og:image\" content=\"http:\/\/ingenieria.udd.cl\/data-science\/files\/2024\/08\/lbravoc_a_visually_striking_and_modern_representation_of_the__ab35e34c-61d2-4569-b9d4-d51685c627b3_0.png\" \/>\n\t<meta property=\"og:image:width\" content=\"1232\" \/>\n\t<meta property=\"og:image:height\" content=\"928\" \/>\n\t<meta property=\"og:image:type\" content=\"image\/png\" \/>\n<meta name=\"twitter:card\" content=\"summary_large_image\" \/>\n<meta name=\"twitter:label1\" content=\"Tiempo de lectura\" \/>\n\t<meta name=\"twitter:data1\" content=\"1 minuto\" \/>\n<script type=\"application\/ld+json\" class=\"yoast-schema-graph\">{\"@context\":\"https:\/\/schema.org\",\"@graph\":[{\"@type\":\"WebPage\",\"@id\":\"https:\/\/ingenieria.udd.cl\/data-science\/\",\"url\":\"https:\/\/ingenieria.udd.cl\/data-science\/\",\"name\":\"Inicio - Instituto de Data Science\",\"isPartOf\":{\"@id\":\"https:\/\/ingenieria.udd.cl\/data-science\/#website\"},\"primaryImageOfPage\":{\"@id\":\"https:\/\/ingenieria.udd.cl\/data-science\/#primaryimage\"},\"image\":{\"@id\":\"https:\/\/ingenieria.udd.cl\/data-science\/#primaryimage\"},\"thumbnailUrl\":\"https:\/\/ingenieria.udd.cl\/data-science\/files\/2024\/08\/lbravoc_a_visually_striking_and_modern_representation_of_the__ab35e34c-61d2-4569-b9d4-d51685c627b3_0.png\",\"datePublished\":\"2020-08-27T21:24:04+00:00\",\"dateModified\":\"2024-09-06T23:00:19+00:00\",\"description\":\"El Instituto de Data Science fue creado el 2016 para ayudar a las empresas y sociedad a generar valor a partir de sus datos.\",\"breadcrumb\":{\"@id\":\"https:\/\/ingenieria.udd.cl\/data-science\/#breadcrumb\"},\"inLanguage\":\"es\",\"potentialAction\":[{\"@type\":\"ReadAction\",\"target\":[\"https:\/\/ingenieria.udd.cl\/data-science\/\"]}]},{\"@type\":\"ImageObject\",\"inLanguage\":\"es\",\"@id\":\"https:\/\/ingenieria.udd.cl\/data-science\/#primaryimage\",\"url\":\"https:\/\/ingenieria.udd.cl\/data-science\/files\/2024\/08\/lbravoc_a_visually_striking_and_modern_representation_of_the__ab35e34c-61d2-4569-b9d4-d51685c627b3_0.png\",\"contentUrl\":\"https:\/\/ingenieria.udd.cl\/data-science\/files\/2024\/08\/lbravoc_a_visually_striking_and_modern_representation_of_the__ab35e34c-61d2-4569-b9d4-d51685c627b3_0.png\",\"width\":1232,\"height\":928},{\"@type\":\"BreadcrumbList\",\"@id\":\"https:\/\/ingenieria.udd.cl\/data-science\/#breadcrumb\",\"itemListElement\":[{\"@type\":\"ListItem\",\"position\":1,\"name\":\"Portada\",\"item\":\"https:\/\/ingenieria.udd.cl\/data-science\/\"},{\"@type\":\"ListItem\",\"position\":2,\"name\":\"Inicio\"}]},{\"@type\":\"WebSite\",\"@id\":\"https:\/\/ingenieria.udd.cl\/data-science\/#website\",\"url\":\"https:\/\/ingenieria.udd.cl\/data-science\/\",\"name\":\"Instituto de Data Science\",\"description\":\"Generando valor a partir de datos\",\"inLanguage\":\"es\"}]}<\/script>\n<!-- \/ Yoast SEO plugin. -->","yoast_head_json":{"title":"Inicio - Instituto de Data Science","description":"El Instituto de Data Science fue creado el 2016 para ayudar a las empresas y sociedad a generar valor a partir de sus datos.","robots":{"index":"index","follow":"follow","max-snippet":"max-snippet:-1","max-image-preview":"max-image-preview:large","max-video-preview":"max-video-preview:-1"},"canonical":"https:\/\/ingenieria.udd.cl\/data-science\/","og_locale":"es_ES","og_type":"article","og_title":"Inicio - Instituto de Data Science","og_description":"El Instituto de Data Science fue creado el 2016 para ayudar a las empresas y sociedad a generar valor a partir de sus datos.","og_url":"https:\/\/ingenieria.udd.cl\/data-science\/","og_site_name":"Instituto de Data Science","article_modified_time":"2024-09-06T23:00:19+00:00","og_image":[{"width":1232,"height":928,"url":"http:\/\/ingenieria.udd.cl\/data-science\/files\/2024\/08\/lbravoc_a_visually_striking_and_modern_representation_of_the__ab35e34c-61d2-4569-b9d4-d51685c627b3_0.png","type":"image\/png"}],"twitter_card":"summary_large_image","twitter_misc":{"Tiempo de lectura":"1 minuto"},"schema":{"@context":"https:\/\/schema.org","@graph":[{"@type":"WebPage","@id":"https:\/\/ingenieria.udd.cl\/data-science\/","url":"https:\/\/ingenieria.udd.cl\/data-science\/","name":"Inicio - Instituto de Data Science","isPartOf":{"@id":"https:\/\/ingenieria.udd.cl\/data-science\/#website"},"primaryImageOfPage":{"@id":"https:\/\/ingenieria.udd.cl\/data-science\/#primaryimage"},"image":{"@id":"https:\/\/ingenieria.udd.cl\/data-science\/#primaryimage"},"thumbnailUrl":"https:\/\/ingenieria.udd.cl\/data-science\/files\/2024\/08\/lbravoc_a_visually_striking_and_modern_representation_of_the__ab35e34c-61d2-4569-b9d4-d51685c627b3_0.png","datePublished":"2020-08-27T21:24:04+00:00","dateModified":"2024-09-06T23:00:19+00:00","description":"El Instituto de Data Science fue creado el 2016 para ayudar a las empresas y sociedad a generar valor a partir de sus datos.","breadcrumb":{"@id":"https:\/\/ingenieria.udd.cl\/data-science\/#breadcrumb"},"inLanguage":"es","potentialAction":[{"@type":"ReadAction","target":["https:\/\/ingenieria.udd.cl\/data-science\/"]}]},{"@type":"ImageObject","inLanguage":"es","@id":"https:\/\/ingenieria.udd.cl\/data-science\/#primaryimage","url":"https:\/\/ingenieria.udd.cl\/data-science\/files\/2024\/08\/lbravoc_a_visually_striking_and_modern_representation_of_the__ab35e34c-61d2-4569-b9d4-d51685c627b3_0.png","contentUrl":"https:\/\/ingenieria.udd.cl\/data-science\/files\/2024\/08\/lbravoc_a_visually_striking_and_modern_representation_of_the__ab35e34c-61d2-4569-b9d4-d51685c627b3_0.png","width":1232,"height":928},{"@type":"BreadcrumbList","@id":"https:\/\/ingenieria.udd.cl\/data-science\/#breadcrumb","itemListElement":[{"@type":"ListItem","position":1,"name":"Portada","item":"https:\/\/ingenieria.udd.cl\/data-science\/"},{"@type":"ListItem","position":2,"name":"Inicio"}]},{"@type":"WebSite","@id":"https:\/\/ingenieria.udd.cl\/data-science\/#website","url":"https:\/\/ingenieria.udd.cl\/data-science\/","name":"Instituto de Data Science","description":"Generando valor a partir de datos","inLanguage":"es"}]}},"_links":{"self":[{"href":"https:\/\/ingenieria.udd.cl\/data-science\/wp-json\/wp\/v2\/pages\/5","targetHints":{"allow":["GET"]}}],"collection":[{"href":"https:\/\/ingenieria.udd.cl\/data-science\/wp-json\/wp\/v2\/pages"}],"about":[{"href":"https:\/\/ingenieria.udd.cl\/data-science\/wp-json\/wp\/v2\/types\/page"}],"author":[{"embeddable":true,"href":"https:\/\/ingenieria.udd.cl\/data-science\/wp-json\/wp\/v2\/users\/25"}],"replies":[{"embeddable":true,"href":"https:\/\/ingenieria.udd.cl\/data-science\/wp-json\/wp\/v2\/comments?post=5"}],"version-history":[{"count":50,"href":"https:\/\/ingenieria.udd.cl\/data-science\/wp-json\/wp\/v2\/pages\/5\/revisions"}],"predecessor-version":[{"id":1051,"href":"https:\/\/ingenieria.udd.cl\/data-science\/wp-json\/wp\/v2\/pages\/5\/revisions\/1051"}],"wp:featuredmedia":[{"embeddable":true,"href":"https:\/\/ingenieria.udd.cl\/data-science\/wp-json\/wp\/v2\/media\/917"}],"wp:attachment":[{"href":"https:\/\/ingenieria.udd.cl\/data-science\/wp-json\/wp\/v2\/media?parent=5"}],"curies":[{"name":"wp","href":"https:\/\/api.w.org\/{rel}","templated":true}]}}