{"id":774,"date":"2024-08-14T22:18:47","date_gmt":"2024-08-14T20:18:47","guid":{"rendered":"https:\/\/ingenieria.udd.cl\/data-science\/?page_id=774"},"modified":"2024-08-14T22:18:48","modified_gmt":"2024-08-14T20:18:48","slug":"programas-de-formacion-del-ids","status":"publish","type":"page","link":"https:\/\/ingenieria.udd.cl\/data-science\/programas-de-formacion-del-ids\/","title":{"rendered":"Programas de Formaci\u00f3n del IDS"},"content":{"rendered":"<!-- WP Block: UDD - Banners Multiple -->\n<section class=\"wp-block-udd-banners-multiple  is-style-clear\">\n\t<div class=\"container\">\n\t\t\t\t<div class=\"block__content\">\n\t\t\t<div id=\"udd-banners-multiple--1\"\n\t\t\t\t\t\t\t\t>\n\t\t\t\t\t\t\t\t<div class=\"banners\">\n\t\t\t\t\t\t\t\t\t<div class=\"banner-col\n\t\t\t\t\t active\t\t\t\t\t\">\n\t\t\t\t\t\t<a href=\"https:\/\/ingenieria.udd.cl\/postgrado\/magister-en-data-science\/\" class=\"banner banner--multiple\" data-url=\"https:\/\/ingenieria.udd.cl\/postgrado\/magister-en-data-science\/\">\n\t\t\t\t\t\t\t\t\t\t\t\t\t<img loading=\"lazy\" decoding=\"async\" width=\"952\" height=\"534\" src=\"https:\/\/ingenieria.udd.cl\/data-science\/files\/2021\/05\/businessman-using-globe-network-hologram-with-europe-map-3d-rendering-680x382.jpg\" class=\"banner__image lazyload\" alt=\"\" sizes=\"auto, (max-width: 952px) 100vw, 952px\" data-src=\"https:\/\/ingenieria.udd.cl\/data-science\/files\/2021\/05\/businessman-using-globe-network-hologram-with-europe-map-3d-rendering-952x534.jpg\" data-srcset=\"https:\/\/ingenieria.udd.cl\/data-science\/files\/2021\/05\/businessman-using-globe-network-hologram-with-europe-map-3d-rendering-952x534.jpg 952w, https:\/\/ingenieria.udd.cl\/data-science\/files\/2021\/05\/businessman-using-globe-network-hologram-with-europe-map-3d-rendering-1366x768.jpg 1366w, https:\/\/ingenieria.udd.cl\/data-science\/files\/2021\/05\/businessman-using-globe-network-hologram-with-europe-map-3d-rendering-680x382.jpg 680w\" \/>\t\t\t\t\t\t\t\t\t\t\t\t\t<div class=\"banner__content\">\n\t\t\t\t\t\t\t\t<span class=\"banner__title\">Mag\u00edster en data Science<\/span>\n\t\t\t\t\t\t\t\t\t\t\t\t\t\t\t\t\t<span class=\"banner__description\">El graduado del Mag\u00edster en Data Science, tendr\u00e1 la capacidad de resolver problemas con un ciclo completo de Data Science, incluyendo su implementaci\u00f3n a nivel productivo y considerando todas las aristas de manera integral.<\/span>\n\t\t\t\t\t\t\t\t\t\t\t\t\t\t\t\t\t\t\t\t\t\t\t\t\t<span class=\"banner__action\">Revisa el Mag\u00edster<\/span>\n\t\t\t\t\t\t\t\t\t\t\t\t\t\t\t<\/div>\n\t\t\t\t\t\t<\/a>\n\t\t\t\t\t<\/div>\n\t\t\t\t\t\t\t\t\t<div class=\"banner-col\n\t\t\t\t\t\t\t\t\t\t\">\n\t\t\t\t\t\t<a href=\"https:\/\/ingenieria.udd.cl\/ver-diplomado\/diplomado-en-data-science\/\" class=\"banner banner--multiple\" data-url=\"https:\/\/ingenieria.udd.cl\/ver-diplomado\/diplomado-en-data-science\/\">\n\t\t\t\t\t\t\t\t\t\t\t\t\t<img loading=\"lazy\" decoding=\"async\" width=\"952\" height=\"534\" src=\"https:\/\/ingenieria.udd.cl\/data-science\/files\/2020\/09\/Imagen-Diplomado-Data-Science-copia-680x382.jpg\" class=\"banner__image lazyload\" alt=\"\" sizes=\"auto, (max-width: 952px) 100vw, 952px\" data-src=\"https:\/\/ingenieria.udd.cl\/data-science\/files\/2020\/09\/Imagen-Diplomado-Data-Science-copia-952x534.jpg\" data-srcset=\"https:\/\/ingenieria.udd.cl\/data-science\/files\/2020\/09\/Imagen-Diplomado-Data-Science-copia-952x534.jpg 952w, https:\/\/ingenieria.udd.cl\/data-science\/files\/2020\/09\/Imagen-Diplomado-Data-Science-copia-1366x768.jpg 1366w, https:\/\/ingenieria.udd.cl\/data-science\/files\/2020\/09\/Imagen-Diplomado-Data-Science-copia-680x382.jpg 680w\" \/>\t\t\t\t\t\t\t\t\t\t\t\t\t<div class=\"banner__content\">\n\t\t\t\t\t\t\t\t<span class=\"banner__title\">Diplomado Data Science<\/span>\n\t\t\t\t\t\t\t\t\t\t\t\t\t\t\t\t\t<span class=\"banner__description\">Los estudiantes del Diplomado en Data Science obtendr\u00e1n herramientas anal\u00edticas y pr\u00e1cticas que les permitir\u00e1n conocer y ejecutar acciones en todo el proceso de Data Science, desde la adquisici\u00f3n y limpieza de datos, hasta la creaci\u00f3n de modelos predictivos.<\/span>\n\t\t\t\t\t\t\t\t\t\t\t\t\t\t\t\t\t\t\t\t\t\t\t\t\t<span class=\"banner__action\">Conoce m\u00e1s sobre el Diplomado<\/span>\n\t\t\t\t\t\t\t\t\t\t\t\t\t\t\t<\/div>\n\t\t\t\t\t\t<\/a>\n\t\t\t\t\t<\/div>\n\t\t\t\t\t\t\t\t\t<div class=\"banner-col\n\t\t\t\t\t\t\t\t\t\t\">\n\t\t\t\t\t\t<a href=\"https:\/\/ingenieria.udd.cl\/ver-diplomado\/diplomado-en-big-data\/\" class=\"banner banner--multiple\" data-url=\"https:\/\/ingenieria.udd.cl\/ver-diplomado\/diplomado-en-big-data\/\">\n\t\t\t\t\t\t\t\t\t\t\t\t\t<img loading=\"lazy\" decoding=\"async\" width=\"952\" height=\"534\" src=\"https:\/\/ingenieria.udd.cl\/data-science\/files\/2020\/09\/Imagen-big-data-680x382.jpg\" class=\"banner__image lazyload\" alt=\"\" sizes=\"auto, (max-width: 952px) 100vw, 952px\" data-src=\"https:\/\/ingenieria.udd.cl\/data-science\/files\/2020\/09\/Imagen-big-data-952x534.jpg\" data-srcset=\"https:\/\/ingenieria.udd.cl\/data-science\/files\/2020\/09\/Imagen-big-data-952x534.jpg 952w, https:\/\/ingenieria.udd.cl\/data-science\/files\/2020\/09\/Imagen-big-data-1366x768.jpg 1366w, https:\/\/ingenieria.udd.cl\/data-science\/files\/2020\/09\/Imagen-big-data-680x382.jpg 680w\" \/>\t\t\t\t\t\t\t\t\t\t\t\t\t<div class=\"banner__content\">\n\t\t\t\t\t\t\t\t<span class=\"banner__title\">Diplomado Big Data<\/span>\n\t\t\t\t\t\t\t\t\t\t\t\t\t\t\t\t\t<span class=\"banner__description\">Se abarcan desde el almacenamiento y la generaci\u00f3n de grandes vol\u00famenes de datos, posteriormente su procesamiento con las diversas aristas que son necesarias para su correcto uso dentro de la organizaci\u00f3n.<\/span>\n\t\t\t\t\t\t\t\t\t\t\t\t\t\t\t\t\t\t\t\t\t\t\t\t\t<span class=\"banner__action\">Conoce m\u00e1s sobre el Diplomado<\/span>\n\t\t\t\t\t\t\t\t\t\t\t\t\t\t\t<\/div>\n\t\t\t\t\t\t<\/a>\n\t\t\t\t\t<\/div>\n\t\t\t\t\t\t\t\t<\/div>\n\t\t\t<\/div>\n\t\t<\/div>\n\t<\/div>\n<\/section>\n","protected":false},"excerpt":{"rendered":"","protected":false},"author":33,"featured_media":0,"parent":0,"menu_order":0,"comment_status":"closed","ping_status":"closed","template":"","meta":{"footnotes":""},"class_list":["post-774","page","type-page","status-publish","hentry"],"yoast_head":"<!-- This site is optimized with the Yoast SEO plugin v26.9 - https:\/\/yoast.com\/product\/yoast-seo-wordpress\/ -->\n<title>Programas de Formaci\u00f3n del IDS - Instituto de Data Science<\/title>\n<meta name=\"robots\" content=\"index, follow, max-snippet:-1, max-image-preview:large, max-video-preview:-1\" \/>\n<link rel=\"canonical\" href=\"https:\/\/ingenieria.udd.cl\/data-science\/programas-de-formacion-del-ids\/\" \/>\n<meta property=\"og:locale\" content=\"es_ES\" \/>\n<meta property=\"og:type\" content=\"article\" \/>\n<meta property=\"og:title\" content=\"Programas de Formaci\u00f3n del IDS - Instituto de Data Science\" \/>\n<meta property=\"og:url\" content=\"https:\/\/ingenieria.udd.cl\/data-science\/programas-de-formacion-del-ids\/\" \/>\n<meta property=\"og:site_name\" content=\"Instituto de Data Science\" \/>\n<meta property=\"article:modified_time\" content=\"2024-08-14T20:18:48+00:00\" \/>\n<meta name=\"twitter:card\" content=\"summary_large_image\" \/>\n<script type=\"application\/ld+json\" class=\"yoast-schema-graph\">{\"@context\":\"https:\/\/schema.org\",\"@graph\":[{\"@type\":\"WebPage\",\"@id\":\"https:\/\/ingenieria.udd.cl\/data-science\/programas-de-formacion-del-ids\/\",\"url\":\"https:\/\/ingenieria.udd.cl\/data-science\/programas-de-formacion-del-ids\/\",\"name\":\"Programas de Formaci\u00f3n del IDS - Instituto de Data Science\",\"isPartOf\":{\"@id\":\"https:\/\/ingenieria.udd.cl\/data-science\/#website\"},\"datePublished\":\"2024-08-14T20:18:47+00:00\",\"dateModified\":\"2024-08-14T20:18:48+00:00\",\"breadcrumb\":{\"@id\":\"https:\/\/ingenieria.udd.cl\/data-science\/programas-de-formacion-del-ids\/#breadcrumb\"},\"inLanguage\":\"es\",\"potentialAction\":[{\"@type\":\"ReadAction\",\"target\":[\"https:\/\/ingenieria.udd.cl\/data-science\/programas-de-formacion-del-ids\/\"]}]},{\"@type\":\"BreadcrumbList\",\"@id\":\"https:\/\/ingenieria.udd.cl\/data-science\/programas-de-formacion-del-ids\/#breadcrumb\",\"itemListElement\":[{\"@type\":\"ListItem\",\"position\":1,\"name\":\"Portada\",\"item\":\"https:\/\/ingenieria.udd.cl\/data-science\/\"},{\"@type\":\"ListItem\",\"position\":2,\"name\":\"Programas de Formaci\u00f3n del IDS\"}]},{\"@type\":\"WebSite\",\"@id\":\"https:\/\/ingenieria.udd.cl\/data-science\/#website\",\"url\":\"https:\/\/ingenieria.udd.cl\/data-science\/\",\"name\":\"Instituto de Data Science\",\"description\":\"Generando valor a partir de datos\",\"inLanguage\":\"es\"}]}<\/script>\n<!-- \/ Yoast SEO plugin. -->","yoast_head_json":{"title":"Programas de Formaci\u00f3n del IDS - Instituto de Data Science","robots":{"index":"index","follow":"follow","max-snippet":"max-snippet:-1","max-image-preview":"max-image-preview:large","max-video-preview":"max-video-preview:-1"},"canonical":"https:\/\/ingenieria.udd.cl\/data-science\/programas-de-formacion-del-ids\/","og_locale":"es_ES","og_type":"article","og_title":"Programas de Formaci\u00f3n del IDS - Instituto de Data Science","og_url":"https:\/\/ingenieria.udd.cl\/data-science\/programas-de-formacion-del-ids\/","og_site_name":"Instituto de Data Science","article_modified_time":"2024-08-14T20:18:48+00:00","twitter_card":"summary_large_image","schema":{"@context":"https:\/\/schema.org","@graph":[{"@type":"WebPage","@id":"https:\/\/ingenieria.udd.cl\/data-science\/programas-de-formacion-del-ids\/","url":"https:\/\/ingenieria.udd.cl\/data-science\/programas-de-formacion-del-ids\/","name":"Programas de Formaci\u00f3n del IDS - Instituto de Data Science","isPartOf":{"@id":"https:\/\/ingenieria.udd.cl\/data-science\/#website"},"datePublished":"2024-08-14T20:18:47+00:00","dateModified":"2024-08-14T20:18:48+00:00","breadcrumb":{"@id":"https:\/\/ingenieria.udd.cl\/data-science\/programas-de-formacion-del-ids\/#breadcrumb"},"inLanguage":"es","potentialAction":[{"@type":"ReadAction","target":["https:\/\/ingenieria.udd.cl\/data-science\/programas-de-formacion-del-ids\/"]}]},{"@type":"BreadcrumbList","@id":"https:\/\/ingenieria.udd.cl\/data-science\/programas-de-formacion-del-ids\/#breadcrumb","itemListElement":[{"@type":"ListItem","position":1,"name":"Portada","item":"https:\/\/ingenieria.udd.cl\/data-science\/"},{"@type":"ListItem","position":2,"name":"Programas de Formaci\u00f3n del IDS"}]},{"@type":"WebSite","@id":"https:\/\/ingenieria.udd.cl\/data-science\/#website","url":"https:\/\/ingenieria.udd.cl\/data-science\/","name":"Instituto de Data Science","description":"Generando valor a partir de datos","inLanguage":"es"}]}},"_links":{"self":[{"href":"https:\/\/ingenieria.udd.cl\/data-science\/wp-json\/wp\/v2\/pages\/774","targetHints":{"allow":["GET"]}}],"collection":[{"href":"https:\/\/ingenieria.udd.cl\/data-science\/wp-json\/wp\/v2\/pages"}],"about":[{"href":"https:\/\/ingenieria.udd.cl\/data-science\/wp-json\/wp\/v2\/types\/page"}],"author":[{"embeddable":true,"href":"https:\/\/ingenieria.udd.cl\/data-science\/wp-json\/wp\/v2\/users\/33"}],"replies":[{"embeddable":true,"href":"https:\/\/ingenieria.udd.cl\/data-science\/wp-json\/wp\/v2\/comments?post=774"}],"version-history":[{"count":1,"href":"https:\/\/ingenieria.udd.cl\/data-science\/wp-json\/wp\/v2\/pages\/774\/revisions"}],"predecessor-version":[{"id":775,"href":"https:\/\/ingenieria.udd.cl\/data-science\/wp-json\/wp\/v2\/pages\/774\/revisions\/775"}],"wp:attachment":[{"href":"https:\/\/ingenieria.udd.cl\/data-science\/wp-json\/wp\/v2\/media?parent=774"}],"curies":[{"name":"wp","href":"https:\/\/api.w.org\/{rel}","templated":true}]}}