{"id":216,"date":"2026-01-23T11:28:01","date_gmt":"2026-01-23T14:28:01","guid":{"rendered":"https:\/\/ingenieria.udd.cl\/doctorado\/?page_id=216"},"modified":"2026-03-26T15:42:00","modified_gmt":"2026-03-26T18:42:00","slug":"requisitos-de-admision-y-postulacion","status":"publish","type":"page","link":"https:\/\/ingenieria.udd.cl\/doctorado-en-ingenieria-aplicada\/admision\/requisitos-de-admision-y-postulacion\/","title":{"rendered":"Requisitos de admisi\u00f3n y postulaci\u00f3n"},"content":{"rendered":"\n<p><strong>Perfil de Ingreso<\/strong><\/p>\n\n\n\n<p>El Doctorado en Ingenier\u00eda Aplicada est\u00e1 dirigido a profesionales con vocaci\u00f3n de investigaci\u00f3n e innovaci\u00f3n, que busquen aportar soluciones avanzadas a desaf\u00edos reales del sector productivo, ambiental o de la salud. El programa convoca a titulados y graduados en ingenier\u00eda o en \u00e1reas afines, con una s\u00f3lida base cient\u00edfica y tecnol\u00f3gica, inter\u00e9s por una de sus l\u00edneas de investigaci\u00f3n y motivaci\u00f3n para desarrollar proyectos de I+D+i con impacto. Se requiere dedicaci\u00f3n exclusiva y un nivel de ingl\u00e9s que permita desenvolverse en entornos acad\u00e9micos y cient\u00edficos internacionales.<\/p>\n\n\n\n<p><strong>Requisitos:<\/strong><\/p>\n\n\n\n<p>1. Estar en posesi\u00f3n del grado de Licenciado en Ciencias de la Ingenier\u00eda, Mag\u00edster en Ciencias de la Ingenier\u00eda, o bien, de una formaci\u00f3n equivalente en disciplinas afines que garantice competencias de ingreso adecuadas para cumplir con las exigencias del programa. En este \u00faltimo caso, las situaciones especiales ser\u00e1n analizadas por el Comit\u00e9 Acad\u00e9mico, quien evaluar\u00e1 la pertinencia de la formaci\u00f3n de pregrado o posgrado del postulante.<\/p>\n\n\n\n<p>2. Manifestar inter\u00e9s en desarrollar competencias de investigaci\u00f3n en una de las l\u00edneas de investigaci\u00f3n del programa.<\/p>\n\n\n\n<p>3. Constatar un nivel de ingl\u00e9s orientado a la lectoescritura (Cambridge B1 o equivalente).<\/p>\n\n\n\n<p>4. Disponer de tiempo de dedicaci\u00f3n exclusiva al programa doctoral.<\/p>\n\n\n\n<p>*El proceso de admisi\u00f3n se realizar\u00e1 en los plazos y modalidad establecida por la Vicerrector\u00eda de Investigaci\u00f3n y Doctorado (VID).<\/p>\n\n\n\n<p>La aceptaci\u00f3n al programa estar\u00e1 condicionada al cumplimiento de los requisitos de admisi\u00f3n.<\/p>\n\n\n\n<p>*Por cualquier consulta, escribir a Victoria Torres vftorres@udd.cl, coordinadora de doctorados.<\/p>\n\n\n\n<figure class=\"wp-block-image aligncenter size-large is-resized\"><img loading=\"lazy\" decoding=\"async\" width=\"1016\" height=\"1024\" src=\"https:\/\/ingenieria.udd.cl\/doctorado-en-ingenieria-aplicada\/files\/2026\/01\/flujo-2-3-1016x1024.png\" alt=\"\" class=\"wp-image-353\" style=\"width:866px;height:auto\" srcset=\"https:\/\/ingenieria.udd.cl\/doctorado-en-ingenieria-aplicada\/files\/2026\/01\/flujo-2-3-1016x1024.png 1016w, https:\/\/ingenieria.udd.cl\/doctorado-en-ingenieria-aplicada\/files\/2026\/01\/flujo-2-3-298x300.png 298w, https:\/\/ingenieria.udd.cl\/doctorado-en-ingenieria-aplicada\/files\/2026\/01\/flujo-2-3-150x150.png 150w, https:\/\/ingenieria.udd.cl\/doctorado-en-ingenieria-aplicada\/files\/2026\/01\/flujo-2-3-768x774.png 768w, https:\/\/ingenieria.udd.cl\/doctorado-en-ingenieria-aplicada\/files\/2026\/01\/flujo-2-3-62x62.png 62w, https:\/\/ingenieria.udd.cl\/doctorado-en-ingenieria-aplicada\/files\/2026\/01\/flujo-2-3-1523x1536.png 1523w, https:\/\/ingenieria.udd.cl\/doctorado-en-ingenieria-aplicada\/files\/2026\/01\/flujo-2-3-126x126.png 126w, https:\/\/ingenieria.udd.cl\/doctorado-en-ingenieria-aplicada\/files\/2026\/01\/flujo-2-3.png 1674w\" sizes=\"auto, (max-width: 1016px) 100vw, 1016px\" \/><\/figure>\n","protected":false},"excerpt":{"rendered":"<p>Perfil de Ingreso El Doctorado en Ingenier\u00eda Aplicada est\u00e1 dirigido a profesionales con vocaci\u00f3n de investigaci\u00f3n e innovaci\u00f3n, que busquen aportar soluciones avanzadas a desaf\u00edos reales del sector productivo, ambiental o de la salud. El programa convoca a titulados y graduados en ingenier\u00eda o en \u00e1reas afines, con una s\u00f3lida base cient\u00edfica y tecnol\u00f3gica, inter\u00e9s [&hellip;]<\/p>\n","protected":false},"author":9192278,"featured_media":0,"parent":164,"menu_order":0,"comment_status":"closed","ping_status":"closed","template":"","meta":{"footnotes":""},"class_list":["post-216","page","type-page","status-publish","hentry"],"yoast_head":"<!-- This site is optimized with the Yoast SEO plugin v26.9 - https:\/\/yoast.com\/product\/yoast-seo-wordpress\/ -->\n<title>Requisitos de admisi\u00f3n y postulaci\u00f3n - Doctorado en Ingenier\u00eda Aplicada<\/title>\n<meta name=\"robots\" content=\"index, follow, max-snippet:-1, max-image-preview:large, max-video-preview:-1\" \/>\n<link rel=\"canonical\" href=\"https:\/\/ingenieria.udd.cl\/doctorado-en-ingenieria-aplicada\/admision\/requisitos-de-admision-y-postulacion\/\" \/>\n<meta property=\"og:locale\" content=\"es_ES\" \/>\n<meta property=\"og:type\" content=\"article\" \/>\n<meta property=\"og:title\" content=\"Requisitos de admisi\u00f3n y postulaci\u00f3n - Doctorado en Ingenier\u00eda Aplicada\" \/>\n<meta property=\"og:description\" content=\"Perfil de Ingreso El Doctorado en Ingenier\u00eda Aplicada est\u00e1 dirigido a profesionales con vocaci\u00f3n de investigaci\u00f3n e innovaci\u00f3n, que busquen aportar soluciones avanzadas a desaf\u00edos reales del sector productivo, ambiental o de la salud. El programa convoca a titulados y graduados en ingenier\u00eda o en \u00e1reas afines, con una s\u00f3lida base cient\u00edfica y tecnol\u00f3gica, inter\u00e9s [&hellip;]\" \/>\n<meta property=\"og:url\" content=\"https:\/\/ingenieria.udd.cl\/doctorado-en-ingenieria-aplicada\/admision\/requisitos-de-admision-y-postulacion\/\" \/>\n<meta property=\"og:site_name\" content=\"Doctorado en Ingenier\u00eda Aplicada\" \/>\n<meta property=\"article:modified_time\" content=\"2026-03-26T18:42:00+00:00\" \/>\n<meta property=\"og:image\" content=\"https:\/\/ingenieria.udd.cl\/doctorado-en-ingenieria-aplicada\/files\/2026\/01\/flujo-2-3.png\" \/>\n\t<meta property=\"og:image:width\" content=\"1674\" \/>\n\t<meta property=\"og:image:height\" content=\"1688\" \/>\n\t<meta property=\"og:image:type\" content=\"image\/png\" \/>\n<meta name=\"twitter:card\" content=\"summary_large_image\" \/>\n<meta name=\"twitter:label1\" content=\"Tiempo de lectura\" \/>\n\t<meta name=\"twitter:data1\" content=\"2 minutos\" \/>\n<script type=\"application\/ld+json\" class=\"yoast-schema-graph\">{\"@context\":\"https:\/\/schema.org\",\"@graph\":[{\"@type\":\"WebPage\",\"@id\":\"https:\/\/ingenieria.udd.cl\/doctorado-en-ingenieria-aplicada\/admision\/requisitos-de-admision-y-postulacion\/\",\"url\":\"https:\/\/ingenieria.udd.cl\/doctorado-en-ingenieria-aplicada\/admision\/requisitos-de-admision-y-postulacion\/\",\"name\":\"Requisitos de admisi\u00f3n y postulaci\u00f3n - Doctorado en Ingenier\u00eda Aplicada\",\"isPartOf\":{\"@id\":\"https:\/\/ingenieria.udd.cl\/doctorado-en-ingenieria-aplicada\/#website\"},\"primaryImageOfPage\":{\"@id\":\"https:\/\/ingenieria.udd.cl\/doctorado-en-ingenieria-aplicada\/admision\/requisitos-de-admision-y-postulacion\/#primaryimage\"},\"image\":{\"@id\":\"https:\/\/ingenieria.udd.cl\/doctorado-en-ingenieria-aplicada\/admision\/requisitos-de-admision-y-postulacion\/#primaryimage\"},\"thumbnailUrl\":\"https:\/\/ingenieria.udd.cl\/doctorado-en-ingenieria-aplicada\/files\/2026\/01\/flujo-2-3-1016x1024.png\",\"datePublished\":\"2026-01-23T14:28:01+00:00\",\"dateModified\":\"2026-03-26T18:42:00+00:00\",\"breadcrumb\":{\"@id\":\"https:\/\/ingenieria.udd.cl\/doctorado-en-ingenieria-aplicada\/admision\/requisitos-de-admision-y-postulacion\/#breadcrumb\"},\"inLanguage\":\"es\",\"potentialAction\":[{\"@type\":\"ReadAction\",\"target\":[\"https:\/\/ingenieria.udd.cl\/doctorado-en-ingenieria-aplicada\/admision\/requisitos-de-admision-y-postulacion\/\"]}]},{\"@type\":\"ImageObject\",\"inLanguage\":\"es\",\"@id\":\"https:\/\/ingenieria.udd.cl\/doctorado-en-ingenieria-aplicada\/admision\/requisitos-de-admision-y-postulacion\/#primaryimage\",\"url\":\"https:\/\/ingenieria.udd.cl\/doctorado-en-ingenieria-aplicada\/files\/2026\/01\/flujo-2-3.png\",\"contentUrl\":\"https:\/\/ingenieria.udd.cl\/doctorado-en-ingenieria-aplicada\/files\/2026\/01\/flujo-2-3.png\",\"width\":1674,\"height\":1688},{\"@type\":\"BreadcrumbList\",\"@id\":\"https:\/\/ingenieria.udd.cl\/doctorado-en-ingenieria-aplicada\/admision\/requisitos-de-admision-y-postulacion\/#breadcrumb\",\"itemListElement\":[{\"@type\":\"ListItem\",\"position\":1,\"name\":\"Portada\",\"item\":\"https:\/\/ingenieria.udd.cl\/doctorado-en-ingenieria-aplicada\/\"},{\"@type\":\"ListItem\",\"position\":2,\"name\":\"Admisi\u00f3n\",\"item\":\"https:\/\/ingenieria.udd.cl\/doctorado-en-ingenieria-aplicada\/admision\/\"},{\"@type\":\"ListItem\",\"position\":3,\"name\":\"Requisitos de admisi\u00f3n y postulaci\u00f3n\"}]},{\"@type\":\"WebSite\",\"@id\":\"https:\/\/ingenieria.udd.cl\/doctorado-en-ingenieria-aplicada\/#website\",\"url\":\"https:\/\/ingenieria.udd.cl\/doctorado-en-ingenieria-aplicada\/\",\"name\":\"Doctorado en Ingenier\u00eda Aplicada\",\"description\":\"Universidad del Desarrollo\",\"inLanguage\":\"es\"}]}<\/script>\n<!-- \/ Yoast SEO plugin. -->","yoast_head_json":{"title":"Requisitos de admisi\u00f3n y postulaci\u00f3n - Doctorado en Ingenier\u00eda Aplicada","robots":{"index":"index","follow":"follow","max-snippet":"max-snippet:-1","max-image-preview":"max-image-preview:large","max-video-preview":"max-video-preview:-1"},"canonical":"https:\/\/ingenieria.udd.cl\/doctorado-en-ingenieria-aplicada\/admision\/requisitos-de-admision-y-postulacion\/","og_locale":"es_ES","og_type":"article","og_title":"Requisitos de admisi\u00f3n y postulaci\u00f3n - Doctorado en Ingenier\u00eda Aplicada","og_description":"Perfil de Ingreso El Doctorado en Ingenier\u00eda Aplicada est\u00e1 dirigido a profesionales con vocaci\u00f3n de investigaci\u00f3n e innovaci\u00f3n, que busquen aportar soluciones avanzadas a desaf\u00edos reales del sector productivo, ambiental o de la salud. El programa convoca a titulados y graduados en ingenier\u00eda o en \u00e1reas afines, con una s\u00f3lida base cient\u00edfica y tecnol\u00f3gica, inter\u00e9s [&hellip;]","og_url":"https:\/\/ingenieria.udd.cl\/doctorado-en-ingenieria-aplicada\/admision\/requisitos-de-admision-y-postulacion\/","og_site_name":"Doctorado en Ingenier\u00eda Aplicada","article_modified_time":"2026-03-26T18:42:00+00:00","og_image":[{"width":1674,"height":1688,"url":"https:\/\/ingenieria.udd.cl\/doctorado-en-ingenieria-aplicada\/files\/2026\/01\/flujo-2-3.png","type":"image\/png"}],"twitter_card":"summary_large_image","twitter_misc":{"Tiempo de lectura":"2 minutos"},"schema":{"@context":"https:\/\/schema.org","@graph":[{"@type":"WebPage","@id":"https:\/\/ingenieria.udd.cl\/doctorado-en-ingenieria-aplicada\/admision\/requisitos-de-admision-y-postulacion\/","url":"https:\/\/ingenieria.udd.cl\/doctorado-en-ingenieria-aplicada\/admision\/requisitos-de-admision-y-postulacion\/","name":"Requisitos de admisi\u00f3n y postulaci\u00f3n - Doctorado en Ingenier\u00eda Aplicada","isPartOf":{"@id":"https:\/\/ingenieria.udd.cl\/doctorado-en-ingenieria-aplicada\/#website"},"primaryImageOfPage":{"@id":"https:\/\/ingenieria.udd.cl\/doctorado-en-ingenieria-aplicada\/admision\/requisitos-de-admision-y-postulacion\/#primaryimage"},"image":{"@id":"https:\/\/ingenieria.udd.cl\/doctorado-en-ingenieria-aplicada\/admision\/requisitos-de-admision-y-postulacion\/#primaryimage"},"thumbnailUrl":"https:\/\/ingenieria.udd.cl\/doctorado-en-ingenieria-aplicada\/files\/2026\/01\/flujo-2-3-1016x1024.png","datePublished":"2026-01-23T14:28:01+00:00","dateModified":"2026-03-26T18:42:00+00:00","breadcrumb":{"@id":"https:\/\/ingenieria.udd.cl\/doctorado-en-ingenieria-aplicada\/admision\/requisitos-de-admision-y-postulacion\/#breadcrumb"},"inLanguage":"es","potentialAction":[{"@type":"ReadAction","target":["https:\/\/ingenieria.udd.cl\/doctorado-en-ingenieria-aplicada\/admision\/requisitos-de-admision-y-postulacion\/"]}]},{"@type":"ImageObject","inLanguage":"es","@id":"https:\/\/ingenieria.udd.cl\/doctorado-en-ingenieria-aplicada\/admision\/requisitos-de-admision-y-postulacion\/#primaryimage","url":"https:\/\/ingenieria.udd.cl\/doctorado-en-ingenieria-aplicada\/files\/2026\/01\/flujo-2-3.png","contentUrl":"https:\/\/ingenieria.udd.cl\/doctorado-en-ingenieria-aplicada\/files\/2026\/01\/flujo-2-3.png","width":1674,"height":1688},{"@type":"BreadcrumbList","@id":"https:\/\/ingenieria.udd.cl\/doctorado-en-ingenieria-aplicada\/admision\/requisitos-de-admision-y-postulacion\/#breadcrumb","itemListElement":[{"@type":"ListItem","position":1,"name":"Portada","item":"https:\/\/ingenieria.udd.cl\/doctorado-en-ingenieria-aplicada\/"},{"@type":"ListItem","position":2,"name":"Admisi\u00f3n","item":"https:\/\/ingenieria.udd.cl\/doctorado-en-ingenieria-aplicada\/admision\/"},{"@type":"ListItem","position":3,"name":"Requisitos de admisi\u00f3n y postulaci\u00f3n"}]},{"@type":"WebSite","@id":"https:\/\/ingenieria.udd.cl\/doctorado-en-ingenieria-aplicada\/#website","url":"https:\/\/ingenieria.udd.cl\/doctorado-en-ingenieria-aplicada\/","name":"Doctorado en Ingenier\u00eda Aplicada","description":"Universidad del Desarrollo","inLanguage":"es"}]}},"_links":{"self":[{"href":"https:\/\/ingenieria.udd.cl\/doctorado-en-ingenieria-aplicada\/wp-json\/wp\/v2\/pages\/216","targetHints":{"allow":["GET"]}}],"collection":[{"href":"https:\/\/ingenieria.udd.cl\/doctorado-en-ingenieria-aplicada\/wp-json\/wp\/v2\/pages"}],"about":[{"href":"https:\/\/ingenieria.udd.cl\/doctorado-en-ingenieria-aplicada\/wp-json\/wp\/v2\/types\/page"}],"author":[{"embeddable":true,"href":"https:\/\/ingenieria.udd.cl\/doctorado-en-ingenieria-aplicada\/wp-json\/wp\/v2\/users\/9192278"}],"replies":[{"embeddable":true,"href":"https:\/\/ingenieria.udd.cl\/doctorado-en-ingenieria-aplicada\/wp-json\/wp\/v2\/comments?post=216"}],"version-history":[{"count":6,"href":"https:\/\/ingenieria.udd.cl\/doctorado-en-ingenieria-aplicada\/wp-json\/wp\/v2\/pages\/216\/revisions"}],"predecessor-version":[{"id":355,"href":"https:\/\/ingenieria.udd.cl\/doctorado-en-ingenieria-aplicada\/wp-json\/wp\/v2\/pages\/216\/revisions\/355"}],"up":[{"embeddable":true,"href":"https:\/\/ingenieria.udd.cl\/doctorado-en-ingenieria-aplicada\/wp-json\/wp\/v2\/pages\/164"}],"wp:attachment":[{"href":"https:\/\/ingenieria.udd.cl\/doctorado-en-ingenieria-aplicada\/wp-json\/wp\/v2\/media?parent=216"}],"curies":[{"name":"wp","href":"https:\/\/api.w.org\/{rel}","templated":true}]}}