{"id":218,"date":"2026-01-23T11:28:32","date_gmt":"2026-01-23T14:28:32","guid":{"rendered":"https:\/\/ingenieria.udd.cl\/doctorado\/?page_id=218"},"modified":"2026-04-07T11:53:08","modified_gmt":"2026-04-07T15:53:08","slug":"documentos-a-presentar-para-la-postulacion","status":"publish","type":"page","link":"https:\/\/ingenieria.udd.cl\/doctorado-en-ingenieria-aplicada\/admision\/documentos-a-presentar-para-la-postulacion\/","title":{"rendered":"Documentos a presentar para la postulaci\u00f3n al Programa"},"content":{"rendered":"\n<ol class=\"wp-block-list\">\n<li><a href=\"https:\/\/airtable.com\/appmbfHLISLtJEihu\/shrARBblLSeb00hwU\" target=\"_blank\" rel=\"noreferrer noopener\">Formulario de solicitud de postulaci\u00f3n.<\/a><\/li>\n\n\n\n<li>Fotocopia de c\u00e9dula de identidad por ambos lados, en caso de postulante nacional, y fotocopias de hojas de identificaci\u00f3n del pasaporte, en caso de postulante extranjero.<\/li>\n\n\n\n<li><a href=\"https:\/\/ingenieria.udd.cl\/doctorado-en-ingenieria-aplicada\/files\/2026\/01\/formato-tipo-cv-dia-2026-1.docx\" target=\"_blank\" rel=\"noreferrer noopener\">Curriculum Vitae actualizado.<\/a><\/li>\n\n\n\n<li>Certificados de grados acad\u00e9micos y t\u00edtulos obtenidos.<\/li>\n\n\n\n<li>Concentraci\u00f3n de notas de pregrado, incluyendo ranking de egreso, repeticiones y per\u00edodos en que se cursaron las asignaturas, as\u00ed como la escala de calificaciones y la calificaci\u00f3n m\u00ednima de aprobaci\u00f3n.<\/li>\n\n\n\n<li>Carta de declaraci\u00f3n personal de intereses sobre las metas y objetivos a nivel de investigaci\u00f3n, (m\u00e1ximo 2 p\u00e1ginas). Se recomienda al postulante tomar contacto con un profesor de su \u00e1rea de especializaci\u00f3n y perteneciente al n\u00facleo del programa, que pueda dirigir su proyecto de tesis, e incluir su nombre en su carta de declaraci\u00f3n.<\/li>\n\n\n\n<li>Constancia de nivel de ingl\u00e9s orientado a la lectoescritura.<\/li>\n\n\n\n<li>Dos cartas de recomendaci\u00f3n de profesores o profesionales que avalen las condiciones y cualidades del postulante para realizar estudios en el programa.<\/li>\n\n\n\n<li>*Por cualquier consulta, escribir a vftorres@udd.cl, coordinadora de doctorados.<\/li>\n<\/ol>\n\n\n\n<figure class=\"wp-block-image aligncenter size-large is-resized\"><img loading=\"lazy\" decoding=\"async\" width=\"1016\" height=\"1024\" src=\"https:\/\/ingenieria.udd.cl\/doctorado-en-ingenieria-aplicada\/files\/2026\/01\/flujo-2-1-1016x1024.png\" alt=\"\" class=\"wp-image-336\" style=\"width:739px;height:auto\" srcset=\"https:\/\/ingenieria.udd.cl\/doctorado-en-ingenieria-aplicada\/files\/2026\/01\/flujo-2-1-1016x1024.png 1016w, https:\/\/ingenieria.udd.cl\/doctorado-en-ingenieria-aplicada\/files\/2026\/01\/flujo-2-1-298x300.png 298w, https:\/\/ingenieria.udd.cl\/doctorado-en-ingenieria-aplicada\/files\/2026\/01\/flujo-2-1-150x150.png 150w, https:\/\/ingenieria.udd.cl\/doctorado-en-ingenieria-aplicada\/files\/2026\/01\/flujo-2-1-768x774.png 768w, https:\/\/ingenieria.udd.cl\/doctorado-en-ingenieria-aplicada\/files\/2026\/01\/flujo-2-1-62x62.png 62w, https:\/\/ingenieria.udd.cl\/doctorado-en-ingenieria-aplicada\/files\/2026\/01\/flujo-2-1-1523x1536.png 1523w, https:\/\/ingenieria.udd.cl\/doctorado-en-ingenieria-aplicada\/files\/2026\/01\/flujo-2-1-126x126.png 126w, https:\/\/ingenieria.udd.cl\/doctorado-en-ingenieria-aplicada\/files\/2026\/01\/flujo-2-1.png 1674w\" sizes=\"auto, (max-width: 1016px) 100vw, 1016px\" \/><\/figure>\n","protected":false},"excerpt":{"rendered":"","protected":false},"author":9192278,"featured_media":0,"parent":164,"menu_order":0,"comment_status":"closed","ping_status":"closed","template":"","meta":{"footnotes":""},"class_list":["post-218","page","type-page","status-publish","hentry"],"yoast_head":"<!-- This site is optimized with the Yoast SEO plugin v26.9 - https:\/\/yoast.com\/product\/yoast-seo-wordpress\/ -->\n<title>Documentos a presentar para la postulaci\u00f3n al Programa - Doctorado en Ingenier\u00eda Aplicada<\/title>\n<meta name=\"robots\" content=\"index, follow, max-snippet:-1, max-image-preview:large, max-video-preview:-1\" \/>\n<link rel=\"canonical\" href=\"https:\/\/ingenieria.udd.cl\/doctorado-en-ingenieria-aplicada\/admision\/documentos-a-presentar-para-la-postulacion\/\" \/>\n<meta property=\"og:locale\" content=\"es_ES\" \/>\n<meta property=\"og:type\" content=\"article\" \/>\n<meta property=\"og:title\" content=\"Documentos a presentar para la postulaci\u00f3n al Programa - Doctorado en Ingenier\u00eda Aplicada\" \/>\n<meta property=\"og:url\" content=\"https:\/\/ingenieria.udd.cl\/doctorado-en-ingenieria-aplicada\/admision\/documentos-a-presentar-para-la-postulacion\/\" \/>\n<meta property=\"og:site_name\" content=\"Doctorado en Ingenier\u00eda Aplicada\" \/>\n<meta property=\"article:modified_time\" content=\"2026-04-07T15:53:08+00:00\" \/>\n<meta property=\"og:image\" content=\"https:\/\/ingenieria.udd.cl\/doctorado-en-ingenieria-aplicada\/files\/2026\/01\/flujo-2-1.png\" \/>\n\t<meta property=\"og:image:width\" content=\"1674\" \/>\n\t<meta property=\"og:image:height\" content=\"1688\" \/>\n\t<meta property=\"og:image:type\" content=\"image\/png\" \/>\n<meta name=\"twitter:card\" content=\"summary_large_image\" \/>\n<meta name=\"twitter:label1\" content=\"Tiempo de lectura\" \/>\n\t<meta name=\"twitter:data1\" content=\"1 minuto\" \/>\n<script type=\"application\/ld+json\" class=\"yoast-schema-graph\">{\"@context\":\"https:\/\/schema.org\",\"@graph\":[{\"@type\":\"WebPage\",\"@id\":\"https:\/\/ingenieria.udd.cl\/doctorado-en-ingenieria-aplicada\/admision\/documentos-a-presentar-para-la-postulacion\/\",\"url\":\"https:\/\/ingenieria.udd.cl\/doctorado-en-ingenieria-aplicada\/admision\/documentos-a-presentar-para-la-postulacion\/\",\"name\":\"Documentos a presentar para la postulaci\u00f3n al Programa - Doctorado en Ingenier\u00eda Aplicada\",\"isPartOf\":{\"@id\":\"https:\/\/ingenieria.udd.cl\/doctorado-en-ingenieria-aplicada\/#website\"},\"primaryImageOfPage\":{\"@id\":\"https:\/\/ingenieria.udd.cl\/doctorado-en-ingenieria-aplicada\/admision\/documentos-a-presentar-para-la-postulacion\/#primaryimage\"},\"image\":{\"@id\":\"https:\/\/ingenieria.udd.cl\/doctorado-en-ingenieria-aplicada\/admision\/documentos-a-presentar-para-la-postulacion\/#primaryimage\"},\"thumbnailUrl\":\"https:\/\/ingenieria.udd.cl\/doctorado-en-ingenieria-aplicada\/files\/2026\/01\/flujo-2-1-1016x1024.png\",\"datePublished\":\"2026-01-23T14:28:32+00:00\",\"dateModified\":\"2026-04-07T15:53:08+00:00\",\"breadcrumb\":{\"@id\":\"https:\/\/ingenieria.udd.cl\/doctorado-en-ingenieria-aplicada\/admision\/documentos-a-presentar-para-la-postulacion\/#breadcrumb\"},\"inLanguage\":\"es\",\"potentialAction\":[{\"@type\":\"ReadAction\",\"target\":[\"https:\/\/ingenieria.udd.cl\/doctorado-en-ingenieria-aplicada\/admision\/documentos-a-presentar-para-la-postulacion\/\"]}]},{\"@type\":\"ImageObject\",\"inLanguage\":\"es\",\"@id\":\"https:\/\/ingenieria.udd.cl\/doctorado-en-ingenieria-aplicada\/admision\/documentos-a-presentar-para-la-postulacion\/#primaryimage\",\"url\":\"https:\/\/ingenieria.udd.cl\/doctorado-en-ingenieria-aplicada\/files\/2026\/01\/flujo-2-1.png\",\"contentUrl\":\"https:\/\/ingenieria.udd.cl\/doctorado-en-ingenieria-aplicada\/files\/2026\/01\/flujo-2-1.png\",\"width\":1674,\"height\":1688},{\"@type\":\"BreadcrumbList\",\"@id\":\"https:\/\/ingenieria.udd.cl\/doctorado-en-ingenieria-aplicada\/admision\/documentos-a-presentar-para-la-postulacion\/#breadcrumb\",\"itemListElement\":[{\"@type\":\"ListItem\",\"position\":1,\"name\":\"Portada\",\"item\":\"https:\/\/ingenieria.udd.cl\/doctorado-en-ingenieria-aplicada\/\"},{\"@type\":\"ListItem\",\"position\":2,\"name\":\"Admisi\u00f3n\",\"item\":\"https:\/\/ingenieria.udd.cl\/doctorado-en-ingenieria-aplicada\/admision\/\"},{\"@type\":\"ListItem\",\"position\":3,\"name\":\"Documentos a presentar para la postulaci\u00f3n al Programa\"}]},{\"@type\":\"WebSite\",\"@id\":\"https:\/\/ingenieria.udd.cl\/doctorado-en-ingenieria-aplicada\/#website\",\"url\":\"https:\/\/ingenieria.udd.cl\/doctorado-en-ingenieria-aplicada\/\",\"name\":\"Doctorado en Ingenier\u00eda Aplicada\",\"description\":\"Universidad del Desarrollo\",\"inLanguage\":\"es\"}]}<\/script>\n<!-- \/ Yoast SEO plugin. -->","yoast_head_json":{"title":"Documentos a presentar para la postulaci\u00f3n al Programa - Doctorado en Ingenier\u00eda Aplicada","robots":{"index":"index","follow":"follow","max-snippet":"max-snippet:-1","max-image-preview":"max-image-preview:large","max-video-preview":"max-video-preview:-1"},"canonical":"https:\/\/ingenieria.udd.cl\/doctorado-en-ingenieria-aplicada\/admision\/documentos-a-presentar-para-la-postulacion\/","og_locale":"es_ES","og_type":"article","og_title":"Documentos a presentar para la postulaci\u00f3n al Programa - Doctorado en Ingenier\u00eda Aplicada","og_url":"https:\/\/ingenieria.udd.cl\/doctorado-en-ingenieria-aplicada\/admision\/documentos-a-presentar-para-la-postulacion\/","og_site_name":"Doctorado en Ingenier\u00eda Aplicada","article_modified_time":"2026-04-07T15:53:08+00:00","og_image":[{"width":1674,"height":1688,"url":"https:\/\/ingenieria.udd.cl\/doctorado-en-ingenieria-aplicada\/files\/2026\/01\/flujo-2-1.png","type":"image\/png"}],"twitter_card":"summary_large_image","twitter_misc":{"Tiempo de lectura":"1 minuto"},"schema":{"@context":"https:\/\/schema.org","@graph":[{"@type":"WebPage","@id":"https:\/\/ingenieria.udd.cl\/doctorado-en-ingenieria-aplicada\/admision\/documentos-a-presentar-para-la-postulacion\/","url":"https:\/\/ingenieria.udd.cl\/doctorado-en-ingenieria-aplicada\/admision\/documentos-a-presentar-para-la-postulacion\/","name":"Documentos a presentar para la postulaci\u00f3n al Programa - Doctorado en Ingenier\u00eda Aplicada","isPartOf":{"@id":"https:\/\/ingenieria.udd.cl\/doctorado-en-ingenieria-aplicada\/#website"},"primaryImageOfPage":{"@id":"https:\/\/ingenieria.udd.cl\/doctorado-en-ingenieria-aplicada\/admision\/documentos-a-presentar-para-la-postulacion\/#primaryimage"},"image":{"@id":"https:\/\/ingenieria.udd.cl\/doctorado-en-ingenieria-aplicada\/admision\/documentos-a-presentar-para-la-postulacion\/#primaryimage"},"thumbnailUrl":"https:\/\/ingenieria.udd.cl\/doctorado-en-ingenieria-aplicada\/files\/2026\/01\/flujo-2-1-1016x1024.png","datePublished":"2026-01-23T14:28:32+00:00","dateModified":"2026-04-07T15:53:08+00:00","breadcrumb":{"@id":"https:\/\/ingenieria.udd.cl\/doctorado-en-ingenieria-aplicada\/admision\/documentos-a-presentar-para-la-postulacion\/#breadcrumb"},"inLanguage":"es","potentialAction":[{"@type":"ReadAction","target":["https:\/\/ingenieria.udd.cl\/doctorado-en-ingenieria-aplicada\/admision\/documentos-a-presentar-para-la-postulacion\/"]}]},{"@type":"ImageObject","inLanguage":"es","@id":"https:\/\/ingenieria.udd.cl\/doctorado-en-ingenieria-aplicada\/admision\/documentos-a-presentar-para-la-postulacion\/#primaryimage","url":"https:\/\/ingenieria.udd.cl\/doctorado-en-ingenieria-aplicada\/files\/2026\/01\/flujo-2-1.png","contentUrl":"https:\/\/ingenieria.udd.cl\/doctorado-en-ingenieria-aplicada\/files\/2026\/01\/flujo-2-1.png","width":1674,"height":1688},{"@type":"BreadcrumbList","@id":"https:\/\/ingenieria.udd.cl\/doctorado-en-ingenieria-aplicada\/admision\/documentos-a-presentar-para-la-postulacion\/#breadcrumb","itemListElement":[{"@type":"ListItem","position":1,"name":"Portada","item":"https:\/\/ingenieria.udd.cl\/doctorado-en-ingenieria-aplicada\/"},{"@type":"ListItem","position":2,"name":"Admisi\u00f3n","item":"https:\/\/ingenieria.udd.cl\/doctorado-en-ingenieria-aplicada\/admision\/"},{"@type":"ListItem","position":3,"name":"Documentos a presentar para la postulaci\u00f3n al Programa"}]},{"@type":"WebSite","@id":"https:\/\/ingenieria.udd.cl\/doctorado-en-ingenieria-aplicada\/#website","url":"https:\/\/ingenieria.udd.cl\/doctorado-en-ingenieria-aplicada\/","name":"Doctorado en Ingenier\u00eda Aplicada","description":"Universidad del Desarrollo","inLanguage":"es"}]}},"_links":{"self":[{"href":"https:\/\/ingenieria.udd.cl\/doctorado-en-ingenieria-aplicada\/wp-json\/wp\/v2\/pages\/218","targetHints":{"allow":["GET"]}}],"collection":[{"href":"https:\/\/ingenieria.udd.cl\/doctorado-en-ingenieria-aplicada\/wp-json\/wp\/v2\/pages"}],"about":[{"href":"https:\/\/ingenieria.udd.cl\/doctorado-en-ingenieria-aplicada\/wp-json\/wp\/v2\/types\/page"}],"author":[{"embeddable":true,"href":"https:\/\/ingenieria.udd.cl\/doctorado-en-ingenieria-aplicada\/wp-json\/wp\/v2\/users\/9192278"}],"replies":[{"embeddable":true,"href":"https:\/\/ingenieria.udd.cl\/doctorado-en-ingenieria-aplicada\/wp-json\/wp\/v2\/comments?post=218"}],"version-history":[{"count":8,"href":"https:\/\/ingenieria.udd.cl\/doctorado-en-ingenieria-aplicada\/wp-json\/wp\/v2\/pages\/218\/revisions"}],"predecessor-version":[{"id":506,"href":"https:\/\/ingenieria.udd.cl\/doctorado-en-ingenieria-aplicada\/wp-json\/wp\/v2\/pages\/218\/revisions\/506"}],"up":[{"embeddable":true,"href":"https:\/\/ingenieria.udd.cl\/doctorado-en-ingenieria-aplicada\/wp-json\/wp\/v2\/pages\/164"}],"wp:attachment":[{"href":"https:\/\/ingenieria.udd.cl\/doctorado-en-ingenieria-aplicada\/wp-json\/wp\/v2\/media?parent=218"}],"curies":[{"name":"wp","href":"https:\/\/api.w.org\/{rel}","templated":true}]}}