{"id":220,"date":"2026-01-23T11:28:56","date_gmt":"2026-01-23T14:28:56","guid":{"rendered":"https:\/\/ingenieria.udd.cl\/doctorado\/?page_id=220"},"modified":"2026-01-23T11:28:57","modified_gmt":"2026-01-23T14:28:57","slug":"proceso-de-preseleccion","status":"publish","type":"page","link":"https:\/\/ingenieria.udd.cl\/doctorado-en-ingenieria-aplicada\/proceso-de-preseleccion\/","title":{"rendered":"Proceso de Preselecci\u00f3n"},"content":{"rendered":"\n<p>Los criterios de preselecci\u00f3n ser\u00e1n:<\/p>\n\n\n\n<ol class=\"wp-block-list\">\n<li>Haber proporcionado toda la documentaci\u00f3n requerida, incluidos certificados, concentraciones de notas, carta de declaraci\u00f3n personal de intereses, constancia de nivel de ingl\u00e9s y cartas de recomendaci\u00f3n.<\/li>\n\n\n\n<li>El rendimiento acad\u00e9mico del postulante durante sus estudios de pregrado y\/o postgrado<\/li>\n\n\n\n<li>La trayectoria profesional del postulante, considerando los cursos de perfeccionamiento a los que ha asistido o certificaciones, las pr\u00e1cticas profesionales que ha realizado y los proyectos profesionales relacionados con los objetivos del programa doctoral.<\/li>\n\n\n\n<li>La trayectoria docente del postulante, considerando semestres como ayudante, profesor instructor, profesor adjunto, u otra actividad de docencia equivalente, adem\u00e1s de congresos o eventos cient\u00edficos a los que ha asistido, tanto nacionales como internacionales.<\/li>\n\n\n\n<li>Cartas de recomendaci\u00f3n acad\u00e9micas o profesionales presentadas.<\/li>\n\n\n\n<li>La participaci\u00f3n en investigaciones o proyectos de I+D+i y generaci\u00f3n de publicaciones indexadas y\/o congresos.<\/li>\n<\/ol>\n\n\n\n<p>El proceso de preselecci\u00f3n considerar\u00e1 un an\u00e1lisis de las postulaciones por parte del Comit\u00e9 Acad\u00e9mico del Programa de Doctorado. Los antecedentes de cada postulante ser\u00e1n revisados por todos los miembros del Comit\u00e9.<\/p>\n","protected":false},"excerpt":{"rendered":"<p>Los criterios de preselecci\u00f3n ser\u00e1n: El proceso de preselecci\u00f3n considerar\u00e1 un an\u00e1lisis de las postulaciones por parte del Comit\u00e9 Acad\u00e9mico del Programa de Doctorado. Los antecedentes de cada postulante ser\u00e1n revisados por todos los miembros del Comit\u00e9.<\/p>\n","protected":false},"author":9192278,"featured_media":0,"parent":0,"menu_order":0,"comment_status":"closed","ping_status":"closed","template":"","meta":{"footnotes":""},"class_list":["post-220","page","type-page","status-publish","hentry"],"yoast_head":"<!-- This site is optimized with the Yoast SEO plugin v26.9 - https:\/\/yoast.com\/product\/yoast-seo-wordpress\/ -->\n<title>Proceso de Preselecci\u00f3n - Doctorado en Ingenier\u00eda Aplicada<\/title>\n<meta name=\"robots\" content=\"index, follow, max-snippet:-1, max-image-preview:large, max-video-preview:-1\" \/>\n<link rel=\"canonical\" href=\"https:\/\/ingenieria.udd.cl\/doctorado-en-ingenieria-aplicada\/proceso-de-preseleccion\/\" \/>\n<meta property=\"og:locale\" content=\"es_ES\" \/>\n<meta property=\"og:type\" content=\"article\" \/>\n<meta property=\"og:title\" content=\"Proceso de Preselecci\u00f3n - Doctorado en Ingenier\u00eda Aplicada\" \/>\n<meta property=\"og:description\" content=\"Los criterios de preselecci\u00f3n ser\u00e1n: El proceso de preselecci\u00f3n considerar\u00e1 un an\u00e1lisis de las postulaciones por parte del Comit\u00e9 Acad\u00e9mico del Programa de Doctorado. Los antecedentes de cada postulante ser\u00e1n revisados por todos los miembros del Comit\u00e9.\" \/>\n<meta property=\"og:url\" content=\"https:\/\/ingenieria.udd.cl\/doctorado-en-ingenieria-aplicada\/proceso-de-preseleccion\/\" \/>\n<meta property=\"og:site_name\" content=\"Doctorado en Ingenier\u00eda Aplicada\" \/>\n<meta property=\"article:modified_time\" content=\"2026-01-23T14:28:57+00:00\" \/>\n<meta name=\"twitter:card\" content=\"summary_large_image\" \/>\n<meta name=\"twitter:label1\" content=\"Tiempo de lectura\" \/>\n\t<meta name=\"twitter:data1\" content=\"1 minuto\" \/>\n<script type=\"application\/ld+json\" class=\"yoast-schema-graph\">{\"@context\":\"https:\/\/schema.org\",\"@graph\":[{\"@type\":\"WebPage\",\"@id\":\"https:\/\/ingenieria.udd.cl\/doctorado-en-ingenieria-aplicada\/proceso-de-preseleccion\/\",\"url\":\"https:\/\/ingenieria.udd.cl\/doctorado-en-ingenieria-aplicada\/proceso-de-preseleccion\/\",\"name\":\"Proceso de Preselecci\u00f3n - Doctorado en Ingenier\u00eda Aplicada\",\"isPartOf\":{\"@id\":\"https:\/\/ingenieria.udd.cl\/doctorado-en-ingenieria-aplicada\/#website\"},\"datePublished\":\"2026-01-23T14:28:56+00:00\",\"dateModified\":\"2026-01-23T14:28:57+00:00\",\"breadcrumb\":{\"@id\":\"https:\/\/ingenieria.udd.cl\/doctorado-en-ingenieria-aplicada\/proceso-de-preseleccion\/#breadcrumb\"},\"inLanguage\":\"es\",\"potentialAction\":[{\"@type\":\"ReadAction\",\"target\":[\"https:\/\/ingenieria.udd.cl\/doctorado-en-ingenieria-aplicada\/proceso-de-preseleccion\/\"]}]},{\"@type\":\"BreadcrumbList\",\"@id\":\"https:\/\/ingenieria.udd.cl\/doctorado-en-ingenieria-aplicada\/proceso-de-preseleccion\/#breadcrumb\",\"itemListElement\":[{\"@type\":\"ListItem\",\"position\":1,\"name\":\"Portada\",\"item\":\"https:\/\/ingenieria.udd.cl\/doctorado-en-ingenieria-aplicada\/\"},{\"@type\":\"ListItem\",\"position\":2,\"name\":\"Proceso de Preselecci\u00f3n\"}]},{\"@type\":\"WebSite\",\"@id\":\"https:\/\/ingenieria.udd.cl\/doctorado-en-ingenieria-aplicada\/#website\",\"url\":\"https:\/\/ingenieria.udd.cl\/doctorado-en-ingenieria-aplicada\/\",\"name\":\"Doctorado en Ingenier\u00eda Aplicada\",\"description\":\"Universidad del Desarrollo\",\"inLanguage\":\"es\"}]}<\/script>\n<!-- \/ Yoast SEO plugin. -->","yoast_head_json":{"title":"Proceso de Preselecci\u00f3n - Doctorado en Ingenier\u00eda Aplicada","robots":{"index":"index","follow":"follow","max-snippet":"max-snippet:-1","max-image-preview":"max-image-preview:large","max-video-preview":"max-video-preview:-1"},"canonical":"https:\/\/ingenieria.udd.cl\/doctorado-en-ingenieria-aplicada\/proceso-de-preseleccion\/","og_locale":"es_ES","og_type":"article","og_title":"Proceso de Preselecci\u00f3n - Doctorado en Ingenier\u00eda Aplicada","og_description":"Los criterios de preselecci\u00f3n ser\u00e1n: El proceso de preselecci\u00f3n considerar\u00e1 un an\u00e1lisis de las postulaciones por parte del Comit\u00e9 Acad\u00e9mico del Programa de Doctorado. Los antecedentes de cada postulante ser\u00e1n revisados por todos los miembros del Comit\u00e9.","og_url":"https:\/\/ingenieria.udd.cl\/doctorado-en-ingenieria-aplicada\/proceso-de-preseleccion\/","og_site_name":"Doctorado en Ingenier\u00eda Aplicada","article_modified_time":"2026-01-23T14:28:57+00:00","twitter_card":"summary_large_image","twitter_misc":{"Tiempo de lectura":"1 minuto"},"schema":{"@context":"https:\/\/schema.org","@graph":[{"@type":"WebPage","@id":"https:\/\/ingenieria.udd.cl\/doctorado-en-ingenieria-aplicada\/proceso-de-preseleccion\/","url":"https:\/\/ingenieria.udd.cl\/doctorado-en-ingenieria-aplicada\/proceso-de-preseleccion\/","name":"Proceso de Preselecci\u00f3n - Doctorado en Ingenier\u00eda Aplicada","isPartOf":{"@id":"https:\/\/ingenieria.udd.cl\/doctorado-en-ingenieria-aplicada\/#website"},"datePublished":"2026-01-23T14:28:56+00:00","dateModified":"2026-01-23T14:28:57+00:00","breadcrumb":{"@id":"https:\/\/ingenieria.udd.cl\/doctorado-en-ingenieria-aplicada\/proceso-de-preseleccion\/#breadcrumb"},"inLanguage":"es","potentialAction":[{"@type":"ReadAction","target":["https:\/\/ingenieria.udd.cl\/doctorado-en-ingenieria-aplicada\/proceso-de-preseleccion\/"]}]},{"@type":"BreadcrumbList","@id":"https:\/\/ingenieria.udd.cl\/doctorado-en-ingenieria-aplicada\/proceso-de-preseleccion\/#breadcrumb","itemListElement":[{"@type":"ListItem","position":1,"name":"Portada","item":"https:\/\/ingenieria.udd.cl\/doctorado-en-ingenieria-aplicada\/"},{"@type":"ListItem","position":2,"name":"Proceso de Preselecci\u00f3n"}]},{"@type":"WebSite","@id":"https:\/\/ingenieria.udd.cl\/doctorado-en-ingenieria-aplicada\/#website","url":"https:\/\/ingenieria.udd.cl\/doctorado-en-ingenieria-aplicada\/","name":"Doctorado en Ingenier\u00eda Aplicada","description":"Universidad del Desarrollo","inLanguage":"es"}]}},"_links":{"self":[{"href":"https:\/\/ingenieria.udd.cl\/doctorado-en-ingenieria-aplicada\/wp-json\/wp\/v2\/pages\/220","targetHints":{"allow":["GET"]}}],"collection":[{"href":"https:\/\/ingenieria.udd.cl\/doctorado-en-ingenieria-aplicada\/wp-json\/wp\/v2\/pages"}],"about":[{"href":"https:\/\/ingenieria.udd.cl\/doctorado-en-ingenieria-aplicada\/wp-json\/wp\/v2\/types\/page"}],"author":[{"embeddable":true,"href":"https:\/\/ingenieria.udd.cl\/doctorado-en-ingenieria-aplicada\/wp-json\/wp\/v2\/users\/9192278"}],"replies":[{"embeddable":true,"href":"https:\/\/ingenieria.udd.cl\/doctorado-en-ingenieria-aplicada\/wp-json\/wp\/v2\/comments?post=220"}],"version-history":[{"count":1,"href":"https:\/\/ingenieria.udd.cl\/doctorado-en-ingenieria-aplicada\/wp-json\/wp\/v2\/pages\/220\/revisions"}],"predecessor-version":[{"id":221,"href":"https:\/\/ingenieria.udd.cl\/doctorado-en-ingenieria-aplicada\/wp-json\/wp\/v2\/pages\/220\/revisions\/221"}],"wp:attachment":[{"href":"https:\/\/ingenieria.udd.cl\/doctorado-en-ingenieria-aplicada\/wp-json\/wp\/v2\/media?parent=220"}],"curies":[{"name":"wp","href":"https:\/\/api.w.org\/{rel}","templated":true}]}}