{"id":242,"date":"2026-01-26T10:03:01","date_gmt":"2026-01-26T13:03:01","guid":{"rendered":"https:\/\/ingenieria.udd.cl\/doctorado\/?page_id=242"},"modified":"2026-04-10T10:41:27","modified_gmt":"2026-04-10T14:41:27","slug":"beca","status":"publish","type":"page","link":"https:\/\/ingenieria.udd.cl\/doctorado-en-ingenieria-aplicada\/admision\/beca\/","title":{"rendered":"Beca"},"content":{"rendered":"\n<p>Todos los estudiantes del programa reciben la Beca UDD, correspondiente a la exenci\u00f3n de matr\u00edcula y arancel durante el tiempo que se mantenga la condici\u00f3n de alumno regular. Adem\u00e1s, la <strong>Beca UDD<\/strong> incluye:<\/p>\n\n\n\n<ul class=\"wp-block-list\">\n<li>Estipendio mensual de<strong> $1.400.000 <\/strong>y una beca de almuerzo por alumno.<\/li>\n\n\n\n<li>Beca complementaria para aquellos estudiantes que obtengan<strong> financiamiento por ANID.<\/strong><\/li>\n\n\n\n<li>Financiamiento para actividades de investigaci\u00f3n, publicaciones cient\u00edficas, participaci\u00f3n en congresos y pasant\u00edas de investigaci\u00f3n nacionales e internacionales.<\/li>\n<\/ul>\n\n\n\n<p>Otros beneficios:<\/p>\n\n\n\n<ul class=\"wp-block-list\">\n<li><strong>Acceso preferente<\/strong> a la red de centros e institutos de investigaci\u00f3n de la UDD.<\/li>\n\n\n\n<li>Desarrollo acad\u00e9mico mediante la participaci\u00f3n en proyectos de investigaci\u00f3n de excelencia con acad\u00e9micos de alto nivel.<\/li>\n<\/ul>\n\n\n\n<p><\/p>\n","protected":false},"excerpt":{"rendered":"<p>Todos los estudiantes del programa reciben la Beca UDD, correspondiente a la exenci\u00f3n de matr\u00edcula y arancel durante el tiempo que se mantenga la condici\u00f3n de alumno regular. Adem\u00e1s, la Beca UDD incluye: Otros beneficios:<\/p>\n","protected":false},"author":9192278,"featured_media":0,"parent":164,"menu_order":0,"comment_status":"closed","ping_status":"closed","template":"","meta":{"footnotes":""},"class_list":["post-242","page","type-page","status-publish","hentry"],"yoast_head":"<!-- This site is optimized with the Yoast SEO plugin v26.9 - https:\/\/yoast.com\/product\/yoast-seo-wordpress\/ -->\n<title>Beca - Doctorado en Ingenier\u00eda Aplicada<\/title>\n<meta name=\"robots\" content=\"index, follow, max-snippet:-1, max-image-preview:large, max-video-preview:-1\" \/>\n<link rel=\"canonical\" href=\"https:\/\/ingenieria.udd.cl\/doctorado-en-ingenieria-aplicada\/admision\/beca\/\" \/>\n<meta property=\"og:locale\" content=\"es_ES\" \/>\n<meta property=\"og:type\" content=\"article\" \/>\n<meta property=\"og:title\" content=\"Beca - Doctorado en Ingenier\u00eda Aplicada\" \/>\n<meta property=\"og:description\" content=\"Todos los estudiantes del programa reciben la Beca UDD, correspondiente a la exenci\u00f3n de matr\u00edcula y arancel durante el tiempo que se mantenga la condici\u00f3n de alumno regular. Adem\u00e1s, la Beca UDD incluye: Otros beneficios:\" \/>\n<meta property=\"og:url\" content=\"https:\/\/ingenieria.udd.cl\/doctorado-en-ingenieria-aplicada\/admision\/beca\/\" \/>\n<meta property=\"og:site_name\" content=\"Doctorado en Ingenier\u00eda Aplicada\" \/>\n<meta property=\"article:modified_time\" content=\"2026-04-10T14:41:27+00:00\" \/>\n<meta name=\"twitter:card\" content=\"summary_large_image\" \/>\n<meta name=\"twitter:label1\" content=\"Tiempo de lectura\" \/>\n\t<meta name=\"twitter:data1\" content=\"1 minuto\" \/>\n<script type=\"application\/ld+json\" class=\"yoast-schema-graph\">{\"@context\":\"https:\/\/schema.org\",\"@graph\":[{\"@type\":\"WebPage\",\"@id\":\"https:\/\/ingenieria.udd.cl\/doctorado-en-ingenieria-aplicada\/admision\/beca\/\",\"url\":\"https:\/\/ingenieria.udd.cl\/doctorado-en-ingenieria-aplicada\/admision\/beca\/\",\"name\":\"Beca - Doctorado en Ingenier\u00eda Aplicada\",\"isPartOf\":{\"@id\":\"https:\/\/ingenieria.udd.cl\/doctorado-en-ingenieria-aplicada\/#website\"},\"datePublished\":\"2026-01-26T13:03:01+00:00\",\"dateModified\":\"2026-04-10T14:41:27+00:00\",\"breadcrumb\":{\"@id\":\"https:\/\/ingenieria.udd.cl\/doctorado-en-ingenieria-aplicada\/admision\/beca\/#breadcrumb\"},\"inLanguage\":\"es\",\"potentialAction\":[{\"@type\":\"ReadAction\",\"target\":[\"https:\/\/ingenieria.udd.cl\/doctorado-en-ingenieria-aplicada\/admision\/beca\/\"]}]},{\"@type\":\"BreadcrumbList\",\"@id\":\"https:\/\/ingenieria.udd.cl\/doctorado-en-ingenieria-aplicada\/admision\/beca\/#breadcrumb\",\"itemListElement\":[{\"@type\":\"ListItem\",\"position\":1,\"name\":\"Portada\",\"item\":\"https:\/\/ingenieria.udd.cl\/doctorado-en-ingenieria-aplicada\/\"},{\"@type\":\"ListItem\",\"position\":2,\"name\":\"Admisi\u00f3n\",\"item\":\"https:\/\/ingenieria.udd.cl\/doctorado-en-ingenieria-aplicada\/admision\/\"},{\"@type\":\"ListItem\",\"position\":3,\"name\":\"Beca\"}]},{\"@type\":\"WebSite\",\"@id\":\"https:\/\/ingenieria.udd.cl\/doctorado-en-ingenieria-aplicada\/#website\",\"url\":\"https:\/\/ingenieria.udd.cl\/doctorado-en-ingenieria-aplicada\/\",\"name\":\"Doctorado en Ingenier\u00eda Aplicada\",\"description\":\"Universidad del Desarrollo\",\"inLanguage\":\"es\"}]}<\/script>\n<!-- \/ Yoast SEO plugin. -->","yoast_head_json":{"title":"Beca - Doctorado en Ingenier\u00eda Aplicada","robots":{"index":"index","follow":"follow","max-snippet":"max-snippet:-1","max-image-preview":"max-image-preview:large","max-video-preview":"max-video-preview:-1"},"canonical":"https:\/\/ingenieria.udd.cl\/doctorado-en-ingenieria-aplicada\/admision\/beca\/","og_locale":"es_ES","og_type":"article","og_title":"Beca - Doctorado en Ingenier\u00eda Aplicada","og_description":"Todos los estudiantes del programa reciben la Beca UDD, correspondiente a la exenci\u00f3n de matr\u00edcula y arancel durante el tiempo que se mantenga la condici\u00f3n de alumno regular. Adem\u00e1s, la Beca UDD incluye: Otros beneficios:","og_url":"https:\/\/ingenieria.udd.cl\/doctorado-en-ingenieria-aplicada\/admision\/beca\/","og_site_name":"Doctorado en Ingenier\u00eda Aplicada","article_modified_time":"2026-04-10T14:41:27+00:00","twitter_card":"summary_large_image","twitter_misc":{"Tiempo de lectura":"1 minuto"},"schema":{"@context":"https:\/\/schema.org","@graph":[{"@type":"WebPage","@id":"https:\/\/ingenieria.udd.cl\/doctorado-en-ingenieria-aplicada\/admision\/beca\/","url":"https:\/\/ingenieria.udd.cl\/doctorado-en-ingenieria-aplicada\/admision\/beca\/","name":"Beca - Doctorado en Ingenier\u00eda Aplicada","isPartOf":{"@id":"https:\/\/ingenieria.udd.cl\/doctorado-en-ingenieria-aplicada\/#website"},"datePublished":"2026-01-26T13:03:01+00:00","dateModified":"2026-04-10T14:41:27+00:00","breadcrumb":{"@id":"https:\/\/ingenieria.udd.cl\/doctorado-en-ingenieria-aplicada\/admision\/beca\/#breadcrumb"},"inLanguage":"es","potentialAction":[{"@type":"ReadAction","target":["https:\/\/ingenieria.udd.cl\/doctorado-en-ingenieria-aplicada\/admision\/beca\/"]}]},{"@type":"BreadcrumbList","@id":"https:\/\/ingenieria.udd.cl\/doctorado-en-ingenieria-aplicada\/admision\/beca\/#breadcrumb","itemListElement":[{"@type":"ListItem","position":1,"name":"Portada","item":"https:\/\/ingenieria.udd.cl\/doctorado-en-ingenieria-aplicada\/"},{"@type":"ListItem","position":2,"name":"Admisi\u00f3n","item":"https:\/\/ingenieria.udd.cl\/doctorado-en-ingenieria-aplicada\/admision\/"},{"@type":"ListItem","position":3,"name":"Beca"}]},{"@type":"WebSite","@id":"https:\/\/ingenieria.udd.cl\/doctorado-en-ingenieria-aplicada\/#website","url":"https:\/\/ingenieria.udd.cl\/doctorado-en-ingenieria-aplicada\/","name":"Doctorado en Ingenier\u00eda Aplicada","description":"Universidad del Desarrollo","inLanguage":"es"}]}},"_links":{"self":[{"href":"https:\/\/ingenieria.udd.cl\/doctorado-en-ingenieria-aplicada\/wp-json\/wp\/v2\/pages\/242","targetHints":{"allow":["GET"]}}],"collection":[{"href":"https:\/\/ingenieria.udd.cl\/doctorado-en-ingenieria-aplicada\/wp-json\/wp\/v2\/pages"}],"about":[{"href":"https:\/\/ingenieria.udd.cl\/doctorado-en-ingenieria-aplicada\/wp-json\/wp\/v2\/types\/page"}],"author":[{"embeddable":true,"href":"https:\/\/ingenieria.udd.cl\/doctorado-en-ingenieria-aplicada\/wp-json\/wp\/v2\/users\/9192278"}],"replies":[{"embeddable":true,"href":"https:\/\/ingenieria.udd.cl\/doctorado-en-ingenieria-aplicada\/wp-json\/wp\/v2\/comments?post=242"}],"version-history":[{"count":8,"href":"https:\/\/ingenieria.udd.cl\/doctorado-en-ingenieria-aplicada\/wp-json\/wp\/v2\/pages\/242\/revisions"}],"predecessor-version":[{"id":528,"href":"https:\/\/ingenieria.udd.cl\/doctorado-en-ingenieria-aplicada\/wp-json\/wp\/v2\/pages\/242\/revisions\/528"}],"up":[{"embeddable":true,"href":"https:\/\/ingenieria.udd.cl\/doctorado-en-ingenieria-aplicada\/wp-json\/wp\/v2\/pages\/164"}],"wp:attachment":[{"href":"https:\/\/ingenieria.udd.cl\/doctorado-en-ingenieria-aplicada\/wp-json\/wp\/v2\/media?parent=242"}],"curies":[{"name":"wp","href":"https:\/\/api.w.org\/{rel}","templated":true}]}}