{"id":295,"date":"2026-01-27T14:56:02","date_gmt":"2026-01-27T17:56:02","guid":{"rendered":"https:\/\/ingenieria.udd.cl\/doctorado-en-ingenieria-aplicada\/?page_id=295"},"modified":"2026-03-26T15:48:09","modified_gmt":"2026-03-26T18:48:09","slug":"ingenieria-de-sistemas-de-salud-y-biomedicina","status":"publish","type":"page","link":"https:\/\/ingenieria.udd.cl\/doctorado-en-ingenieria-aplicada\/lineas-de-investigacion\/ingenieria-de-sistemas-de-salud-y-biomedicina\/","title":{"rendered":"Ingenier\u00eda de Sistemas de Salud y Biomedicina"},"content":{"rendered":"\n<p>Esta l\u00ednea se enfoca en el desarrollo de modelos computacionales, anal\u00edticos y experimentales aplicados a la salud, orientados a la prevenci\u00f3n, el diagn\u00f3stico y el tratamiento de enfermedades. Integra t\u00e9cnicas de ciencia de datos, inteligencia artificial y aprendizaje autom\u00e1tico para el an\u00e1lisis de biose\u00f1ales, im\u00e1genes m\u00e9dicas, informaci\u00f3n cl\u00ednica y datos \u00f3micos, asegurando la reproducibilidad, la \u00e9tica y la privacidad. Asimismo, fomenta el dise\u00f1o de prototipos y de tecnolog\u00edas biom\u00e9dicas innovadoras que respondan a las necesidades del sistema de salud, fortaleciendo la transferencia de conocimiento hacia aplicaciones cl\u00ednicas.<\/p>\n\n\n<!-- WP Block: UDD - Cards Alternate -->\n<section class=\"wp-block-udd-cards udd-cards-v2--1 \"\n\t\tstyle=\"--udd-blocks-has-columns-number: 3;\"\n\t>\n\t<div class=\"container\">\n\t\t\t\t\t<header class=\"header__innerblock block__header\">\n\t\t\t\n<h2 class=\"wp-block-heading\">Esta l\u00ednea aborda desaf\u00edos contempor\u00e1neos y de frontera, tales como:<\/h2>\n\t\n\t\n\t<\/header>\n\t\t\t\t<div class=\"block__content\">\n\t\t\t<div\n\t\t\t\t\t\t\t\tclass=\"cards cards-v2 \"\n\t\t\t>\n\t\t\t\t\t\t\t\t\t\t\t\t<div class=\"card-wrapper\">\n\t\t\t\t\t\t<div class=\"card\">\n\t\t\t\t\t\t\t\t\t\t\t\t\t\t<h3 class=\"card__title\">Uso de Inteligencia Artificial para el an\u00e1lisis avanzado de datos biom\u00e9dicos<\/h3>\n\t\t\t\t\t\t\t\t\t\t\t\t\t\t<div\n\t\t\t\t\t\t\t\tid=\"see-more__udd-cards-v2--1-0\"\n\t\t\t\t\t\t\t\tclass=\"card__description \"\n\t\t\t\t\t\t\t>\n\t\t\t\t\t\t\t\t<div\n\t\t\t\t\t\t\t\t\tclass=\"card__description-text\"\n\t\t\t\t\t\t\t\t\t\t\t\t\t\t\t\t\t\tstyle=\"--udd-blocks--cards-v2--show-lines: 3\"\n\t\t\t\t\t\t\t\t\t\t\t\t\t\t\t\t\t>\n\t\t\t\t\t\t\t\t\t<p>Esta l\u00ednea integra grandes vol\u00famenes de datos provenientes de \u00f3micas, im\u00e1genes m\u00e9dicas y registros cl\u00ednicos mediante metodolog\u00edas de ciencia de datos, inteligencia artificial y aprendizaje autom\u00e1tico. Se desarrollan herramientas para el an\u00e1lisis, interpretaci\u00f3n y visualizaci\u00f3n de informaci\u00f3n biom\u00e9dica, orientadas a generar modelos predictivos, apoyar el diagn\u00f3stico y contribuir al desarrollo de estrategias de medicina personalizada y de precisi\u00f3n.<\/p>\n\t\t\t\t\t\t\t\t<\/div>\n\t\t\t\t\t\t\t\t\t\t\t\t\t\t\t<\/div>\n\t\t\t\t\t\t\t\t\t\t\t\t\t<\/div>\n\t\t\t\t\t<\/div>\n\t\t\t\t\t\t\t\t\t\t\t\t\t\t\t\t<div class=\"card-wrapper\">\n\t\t\t\t\t\t<div class=\"card\">\n\t\t\t\t\t\t\t\t\t\t\t\t\t\t<h3 class=\"card__title\">Desarrollo de modelos matem\u00e1ticos y computacionales para la toma de decisiones en salud<\/h3>\n\t\t\t\t\t\t\t\t\t\t\t\t\t\t<div\n\t\t\t\t\t\t\t\tid=\"see-more__udd-cards-v2--1-1\"\n\t\t\t\t\t\t\t\tclass=\"card__description \"\n\t\t\t\t\t\t\t>\n\t\t\t\t\t\t\t\t<div\n\t\t\t\t\t\t\t\t\tclass=\"card__description-text\"\n\t\t\t\t\t\t\t\t\t\t\t\t\t\t\t\t\t\tstyle=\"--udd-blocks--cards-v2--show-lines: 3\"\n\t\t\t\t\t\t\t\t\t\t\t\t\t\t\t\t\t>\n\t\t\t\t\t\t\t\t\t<p>Estos modelos permiten describir y analizar fen\u00f3menos biol\u00f3gicos y cl\u00ednicos complejos, as\u00ed como gestionar procesos hospitalarios. Para ello, se emplean herramientas avanzadas de optimizaci\u00f3n, modelado de procesos, simulaci\u00f3n estoc\u00e1stica y anal\u00edtica operativa, con el prop\u00f3sito de mejorar la eficiencia, la resiliencia y la sostenibilidad de los sistemas de salud.<\/p>\n\t\t\t\t\t\t\t\t<\/div>\n\t\t\t\t\t\t\t\t\t\t\t\t\t\t\t<\/div>\n\t\t\t\t\t\t\t\t\t\t\t\t\t<\/div>\n\t\t\t\t\t<\/div>\n\t\t\t\t\t\t\t\t\t\t\t\t\t\t\t\t<div class=\"card-wrapper\">\n\t\t\t\t\t\t<div class=\"card\">\n\t\t\t\t\t\t\t\t\t\t\t\t\t\t<h3 class=\"card__title\">Dise\u00f1o de biomateriales y nuevas tecnolog\u00edas m\u00e9dicas<\/h3>\n\t\t\t\t\t\t\t\t\t\t\t\t\t\t<div\n\t\t\t\t\t\t\t\tid=\"see-more__udd-cards-v2--1-2\"\n\t\t\t\t\t\t\t\tclass=\"card__description \"\n\t\t\t\t\t\t\t>\n\t\t\t\t\t\t\t\t<div\n\t\t\t\t\t\t\t\t\tclass=\"card__description-text\"\n\t\t\t\t\t\t\t\t\t\t\t\t\t\t\t\t\t\tstyle=\"--udd-blocks--cards-v2--show-lines: 3\"\n\t\t\t\t\t\t\t\t\t\t\t\t\t\t\t\t\t>\n\t\t\t\t\t\t\t\t\t<p>Esto incluye plataformas digitales, dispositivos m\u00e9dicos y soluciones de ingenier\u00eda biomaterial, considerando tanto los aspectos experimentales como el modelamiento y la integraci\u00f3n con inteligencia artificial.<\/p>\n\t\t\t\t\t\t\t\t<\/div>\n\t\t\t\t\t\t\t\t\t\t\t\t\t\t\t<\/div>\n\t\t\t\t\t\t\t\t\t\t\t\t\t<\/div>\n\t\t\t\t\t<\/div>\n\t\t\t\t\t\t\t\t\t\t<\/div>\n\t\t<\/div>\n\t<\/div>\n<\/section>\n","protected":false},"excerpt":{"rendered":"<p>Esta l\u00ednea se enfoca en el desarrollo de modelos computacionales, anal\u00edticos y experimentales aplicados a la salud, orientados a la prevenci\u00f3n, el diagn\u00f3stico y el tratamiento de enfermedades. Integra t\u00e9cnicas de ciencia de datos, inteligencia artificial y aprendizaje autom\u00e1tico para el an\u00e1lisis de biose\u00f1ales, im\u00e1genes m\u00e9dicas, informaci\u00f3n cl\u00ednica y datos \u00f3micos, asegurando la reproducibilidad, la [&hellip;]<\/p>\n","protected":false},"author":9192278,"featured_media":0,"parent":29,"menu_order":0,"comment_status":"closed","ping_status":"closed","template":"","meta":{"footnotes":""},"class_list":["post-295","page","type-page","status-publish","hentry"],"yoast_head":"<!-- This site is optimized with the Yoast SEO plugin v26.9 - https:\/\/yoast.com\/product\/yoast-seo-wordpress\/ -->\n<title>Ingenier\u00eda de Sistemas de Salud y Biomedicina - Doctorado en Ingenier\u00eda Aplicada<\/title>\n<meta name=\"robots\" content=\"index, follow, max-snippet:-1, max-image-preview:large, max-video-preview:-1\" \/>\n<link rel=\"canonical\" href=\"https:\/\/ingenieria.udd.cl\/doctorado-en-ingenieria-aplicada\/lineas-de-investigacion\/ingenieria-de-sistemas-de-salud-y-biomedicina\/\" \/>\n<meta property=\"og:locale\" content=\"es_ES\" \/>\n<meta property=\"og:type\" content=\"article\" \/>\n<meta property=\"og:title\" content=\"Ingenier\u00eda de Sistemas de Salud y Biomedicina - Doctorado en Ingenier\u00eda Aplicada\" \/>\n<meta property=\"og:description\" content=\"Esta l\u00ednea se enfoca en el desarrollo de modelos computacionales, anal\u00edticos y experimentales aplicados a la salud, orientados a la prevenci\u00f3n, el diagn\u00f3stico y el tratamiento de enfermedades. Integra t\u00e9cnicas de ciencia de datos, inteligencia artificial y aprendizaje autom\u00e1tico para el an\u00e1lisis de biose\u00f1ales, im\u00e1genes m\u00e9dicas, informaci\u00f3n cl\u00ednica y datos \u00f3micos, asegurando la reproducibilidad, la [&hellip;]\" \/>\n<meta property=\"og:url\" content=\"https:\/\/ingenieria.udd.cl\/doctorado-en-ingenieria-aplicada\/lineas-de-investigacion\/ingenieria-de-sistemas-de-salud-y-biomedicina\/\" \/>\n<meta property=\"og:site_name\" content=\"Doctorado en Ingenier\u00eda Aplicada\" \/>\n<meta property=\"article:modified_time\" content=\"2026-03-26T18:48:09+00:00\" \/>\n<meta name=\"twitter:card\" content=\"summary_large_image\" \/>\n<meta name=\"twitter:label1\" content=\"Tiempo de lectura\" \/>\n\t<meta name=\"twitter:data1\" content=\"1 minuto\" \/>\n<script type=\"application\/ld+json\" class=\"yoast-schema-graph\">{\"@context\":\"https:\/\/schema.org\",\"@graph\":[{\"@type\":\"WebPage\",\"@id\":\"https:\/\/ingenieria.udd.cl\/doctorado-en-ingenieria-aplicada\/lineas-de-investigacion\/ingenieria-de-sistemas-de-salud-y-biomedicina\/\",\"url\":\"https:\/\/ingenieria.udd.cl\/doctorado-en-ingenieria-aplicada\/lineas-de-investigacion\/ingenieria-de-sistemas-de-salud-y-biomedicina\/\",\"name\":\"Ingenier\u00eda de Sistemas de Salud y Biomedicina - Doctorado en Ingenier\u00eda Aplicada\",\"isPartOf\":{\"@id\":\"https:\/\/ingenieria.udd.cl\/doctorado-en-ingenieria-aplicada\/#website\"},\"datePublished\":\"2026-01-27T17:56:02+00:00\",\"dateModified\":\"2026-03-26T18:48:09+00:00\",\"breadcrumb\":{\"@id\":\"https:\/\/ingenieria.udd.cl\/doctorado-en-ingenieria-aplicada\/lineas-de-investigacion\/ingenieria-de-sistemas-de-salud-y-biomedicina\/#breadcrumb\"},\"inLanguage\":\"es\",\"potentialAction\":[{\"@type\":\"ReadAction\",\"target\":[\"https:\/\/ingenieria.udd.cl\/doctorado-en-ingenieria-aplicada\/lineas-de-investigacion\/ingenieria-de-sistemas-de-salud-y-biomedicina\/\"]}]},{\"@type\":\"BreadcrumbList\",\"@id\":\"https:\/\/ingenieria.udd.cl\/doctorado-en-ingenieria-aplicada\/lineas-de-investigacion\/ingenieria-de-sistemas-de-salud-y-biomedicina\/#breadcrumb\",\"itemListElement\":[{\"@type\":\"ListItem\",\"position\":1,\"name\":\"Portada\",\"item\":\"https:\/\/ingenieria.udd.cl\/doctorado-en-ingenieria-aplicada\/\"},{\"@type\":\"ListItem\",\"position\":2,\"name\":\"L\u00edneas de Investigaci\u00f3n\",\"item\":\"https:\/\/ingenieria.udd.cl\/doctorado-en-ingenieria-aplicada\/lineas-de-investigacion\/\"},{\"@type\":\"ListItem\",\"position\":3,\"name\":\"Ingenier\u00eda de Sistemas de Salud y Biomedicina\"}]},{\"@type\":\"WebSite\",\"@id\":\"https:\/\/ingenieria.udd.cl\/doctorado-en-ingenieria-aplicada\/#website\",\"url\":\"https:\/\/ingenieria.udd.cl\/doctorado-en-ingenieria-aplicada\/\",\"name\":\"Doctorado en Ingenier\u00eda Aplicada\",\"description\":\"Universidad del Desarrollo\",\"inLanguage\":\"es\"}]}<\/script>\n<!-- \/ Yoast SEO plugin. -->","yoast_head_json":{"title":"Ingenier\u00eda de Sistemas de Salud y Biomedicina - Doctorado en Ingenier\u00eda Aplicada","robots":{"index":"index","follow":"follow","max-snippet":"max-snippet:-1","max-image-preview":"max-image-preview:large","max-video-preview":"max-video-preview:-1"},"canonical":"https:\/\/ingenieria.udd.cl\/doctorado-en-ingenieria-aplicada\/lineas-de-investigacion\/ingenieria-de-sistemas-de-salud-y-biomedicina\/","og_locale":"es_ES","og_type":"article","og_title":"Ingenier\u00eda de Sistemas de Salud y Biomedicina - Doctorado en Ingenier\u00eda Aplicada","og_description":"Esta l\u00ednea se enfoca en el desarrollo de modelos computacionales, anal\u00edticos y experimentales aplicados a la salud, orientados a la prevenci\u00f3n, el diagn\u00f3stico y el tratamiento de enfermedades. Integra t\u00e9cnicas de ciencia de datos, inteligencia artificial y aprendizaje autom\u00e1tico para el an\u00e1lisis de biose\u00f1ales, im\u00e1genes m\u00e9dicas, informaci\u00f3n cl\u00ednica y datos \u00f3micos, asegurando la reproducibilidad, la [&hellip;]","og_url":"https:\/\/ingenieria.udd.cl\/doctorado-en-ingenieria-aplicada\/lineas-de-investigacion\/ingenieria-de-sistemas-de-salud-y-biomedicina\/","og_site_name":"Doctorado en Ingenier\u00eda Aplicada","article_modified_time":"2026-03-26T18:48:09+00:00","twitter_card":"summary_large_image","twitter_misc":{"Tiempo de lectura":"1 minuto"},"schema":{"@context":"https:\/\/schema.org","@graph":[{"@type":"WebPage","@id":"https:\/\/ingenieria.udd.cl\/doctorado-en-ingenieria-aplicada\/lineas-de-investigacion\/ingenieria-de-sistemas-de-salud-y-biomedicina\/","url":"https:\/\/ingenieria.udd.cl\/doctorado-en-ingenieria-aplicada\/lineas-de-investigacion\/ingenieria-de-sistemas-de-salud-y-biomedicina\/","name":"Ingenier\u00eda de Sistemas de Salud y Biomedicina - Doctorado en Ingenier\u00eda Aplicada","isPartOf":{"@id":"https:\/\/ingenieria.udd.cl\/doctorado-en-ingenieria-aplicada\/#website"},"datePublished":"2026-01-27T17:56:02+00:00","dateModified":"2026-03-26T18:48:09+00:00","breadcrumb":{"@id":"https:\/\/ingenieria.udd.cl\/doctorado-en-ingenieria-aplicada\/lineas-de-investigacion\/ingenieria-de-sistemas-de-salud-y-biomedicina\/#breadcrumb"},"inLanguage":"es","potentialAction":[{"@type":"ReadAction","target":["https:\/\/ingenieria.udd.cl\/doctorado-en-ingenieria-aplicada\/lineas-de-investigacion\/ingenieria-de-sistemas-de-salud-y-biomedicina\/"]}]},{"@type":"BreadcrumbList","@id":"https:\/\/ingenieria.udd.cl\/doctorado-en-ingenieria-aplicada\/lineas-de-investigacion\/ingenieria-de-sistemas-de-salud-y-biomedicina\/#breadcrumb","itemListElement":[{"@type":"ListItem","position":1,"name":"Portada","item":"https:\/\/ingenieria.udd.cl\/doctorado-en-ingenieria-aplicada\/"},{"@type":"ListItem","position":2,"name":"L\u00edneas de Investigaci\u00f3n","item":"https:\/\/ingenieria.udd.cl\/doctorado-en-ingenieria-aplicada\/lineas-de-investigacion\/"},{"@type":"ListItem","position":3,"name":"Ingenier\u00eda de Sistemas de Salud y Biomedicina"}]},{"@type":"WebSite","@id":"https:\/\/ingenieria.udd.cl\/doctorado-en-ingenieria-aplicada\/#website","url":"https:\/\/ingenieria.udd.cl\/doctorado-en-ingenieria-aplicada\/","name":"Doctorado en Ingenier\u00eda Aplicada","description":"Universidad del Desarrollo","inLanguage":"es"}]}},"_links":{"self":[{"href":"https:\/\/ingenieria.udd.cl\/doctorado-en-ingenieria-aplicada\/wp-json\/wp\/v2\/pages\/295","targetHints":{"allow":["GET"]}}],"collection":[{"href":"https:\/\/ingenieria.udd.cl\/doctorado-en-ingenieria-aplicada\/wp-json\/wp\/v2\/pages"}],"about":[{"href":"https:\/\/ingenieria.udd.cl\/doctorado-en-ingenieria-aplicada\/wp-json\/wp\/v2\/types\/page"}],"author":[{"embeddable":true,"href":"https:\/\/ingenieria.udd.cl\/doctorado-en-ingenieria-aplicada\/wp-json\/wp\/v2\/users\/9192278"}],"replies":[{"embeddable":true,"href":"https:\/\/ingenieria.udd.cl\/doctorado-en-ingenieria-aplicada\/wp-json\/wp\/v2\/comments?post=295"}],"version-history":[{"count":1,"href":"https:\/\/ingenieria.udd.cl\/doctorado-en-ingenieria-aplicada\/wp-json\/wp\/v2\/pages\/295\/revisions"}],"predecessor-version":[{"id":296,"href":"https:\/\/ingenieria.udd.cl\/doctorado-en-ingenieria-aplicada\/wp-json\/wp\/v2\/pages\/295\/revisions\/296"}],"up":[{"embeddable":true,"href":"https:\/\/ingenieria.udd.cl\/doctorado-en-ingenieria-aplicada\/wp-json\/wp\/v2\/pages\/29"}],"wp:attachment":[{"href":"https:\/\/ingenieria.udd.cl\/doctorado-en-ingenieria-aplicada\/wp-json\/wp\/v2\/media?parent=295"}],"curies":[{"name":"wp","href":"https:\/\/api.w.org\/{rel}","templated":true}]}}