{"id":46,"date":"2026-01-07T15:33:09","date_gmt":"2026-01-07T18:33:09","guid":{"rendered":"https:\/\/ingenieria.udd.cl\/doctorado\/?page_id=46"},"modified":"2026-01-28T13:30:20","modified_gmt":"2026-01-28T16:30:20","slug":"perfil-de-egreso","status":"publish","type":"page","link":"https:\/\/ingenieria.udd.cl\/doctorado-en-ingenieria-aplicada\/perfil-de-egreso\/","title":{"rendered":"Perfil de Egreso"},"content":{"rendered":"\n<h2 class=\"wp-block-heading\">Objetivo General<\/h2>\n\n\n\n<p>Formar graduados del Doctorado en Ingenier\u00eda Aplicada con capacidades avanzadas para dise\u00f1ar, liderar y ejecutar investigaci\u00f3n aplicada original, orientada a la generaci\u00f3n de conocimiento de frontera y al desarrollo de soluciones innovadoras con impacto cient\u00edfico, tecnol\u00f3gico, productivo y p\u00fablico, integrando una visi\u00f3n \u00e9tica, cr\u00edtica y multidisciplinaria, y contribuyendo activamente al ecosistema de investigaci\u00f3n, desarrollo e innovaci\u00f3n a nivel nacional e internacional.<\/p>\n\n\n<!-- WP Block: UDD - Cards Alternate -->\n<section class=\"wp-block-udd-cards udd-cards-v2--1 \"\n\t\tstyle=\"--udd-blocks-has-columns-number: 4;\"\n\t>\n\t<div class=\"container\">\n\t\t\t\t\t<header class=\"header__innerblock block__header\">\n\t\t\t\n<h2 class=\"wp-block-heading\">Objetivos Espec\u00edficos del Perfil de Egreso<\/h2>\n\t\n\t\n\t<\/header>\n\t\t\t\t<div class=\"block__content\">\n\t\t\t<div\n\t\t\t\t\t\t\t\t\tstyle=\"--udd-blocks-cards-v2-color: #004e80\"\n\t\t\t\t\t\t\t\tclass=\"cards cards-v2 \"\n\t\t\t>\n\t\t\t\t\t\t\t\t\t\t\t\t<div class=\"card-wrapper\">\n\t\t\t\t\t\t<div class=\"card\">\n\t\t\t\t\t\t\t\t\t\t\t\t\t\t<h3 class=\"card__title\">1<\/h3>\n\t\t\t\t\t\t\t\t\t\t\t\t\t\t<div\n\t\t\t\t\t\t\t\tid=\"see-more__udd-cards-v2--1-0\"\n\t\t\t\t\t\t\t\tclass=\"card__description \"\n\t\t\t\t\t\t\t>\n\t\t\t\t\t\t\t\t<div\n\t\t\t\t\t\t\t\t\tclass=\"card__description-text\"\n\t\t\t\t\t\t\t\t\t\t\t\t\t\t\t\t\t\tstyle=\"--udd-blocks--cards-v2--show-lines: 3\"\n\t\t\t\t\t\t\t\t\t\t\t\t\t\t\t\t\t>\n\t\t\t\t\t\t\t\t\t<p>Desarrollar en los graduados competencias avanzadas en investigaci\u00f3n aplicada en ingenier\u00eda, que les permitan formular y abordar problemas complejos, dise\u00f1ar metodolog\u00edas rigurosas y generar conocimiento original en las \u00e1reas de especializaci\u00f3n del programa.<\/p>\n\t\t\t\t\t\t\t\t<\/div>\n\t\t\t\t\t\t\t\t\t\t\t\t\t\t\t<\/div>\n\t\t\t\t\t\t\t\t\t\t\t\t\t<\/div>\n\t\t\t\t\t<\/div>\n\t\t\t\t\t\t\t\t\t\t\t\t\t\t\t\t<div class=\"card-wrapper\">\n\t\t\t\t\t\t<div class=\"card\">\n\t\t\t\t\t\t\t\t\t\t\t\t\t\t<h3 class=\"card__title\">2<\/h3>\n\t\t\t\t\t\t\t\t\t\t\t\t\t\t<div\n\t\t\t\t\t\t\t\tid=\"see-more__udd-cards-v2--1-1\"\n\t\t\t\t\t\t\t\tclass=\"card__description \"\n\t\t\t\t\t\t\t>\n\t\t\t\t\t\t\t\t<div\n\t\t\t\t\t\t\t\t\tclass=\"card__description-text\"\n\t\t\t\t\t\t\t\t\t\t\t\t\t\t\t\t\t\tstyle=\"--udd-blocks--cards-v2--show-lines: 3\"\n\t\t\t\t\t\t\t\t\t\t\t\t\t\t\t\t\t>\n\t\t\t\t\t\t\t\t\t<p>Fortalecer la capacidad de liderazgo y trabajo colaborativo, promoviendo la interacci\u00f3n efectiva con actores del \u00e1mbito acad\u00e9mico, del sistema de salud, del sector productivo y del sector p\u00fablico, tanto a nivel nacional como internacional.<\/p>\n\t\t\t\t\t\t\t\t<\/div>\n\t\t\t\t\t\t\t\t\t\t\t\t\t\t\t<\/div>\n\t\t\t\t\t\t\t\t\t\t\t\t\t<\/div>\n\t\t\t\t\t<\/div>\n\t\t\t\t\t\t\t\t\t\t\t\t\t\t\t\t<div class=\"card-wrapper\">\n\t\t\t\t\t\t<div class=\"card\">\n\t\t\t\t\t\t\t\t\t\t\t\t\t\t<h3 class=\"card__title\">3<\/h3>\n\t\t\t\t\t\t\t\t\t\t\t\t\t\t<div\n\t\t\t\t\t\t\t\tid=\"see-more__udd-cards-v2--1-2\"\n\t\t\t\t\t\t\t\tclass=\"card__description \"\n\t\t\t\t\t\t\t>\n\t\t\t\t\t\t\t\t<div\n\t\t\t\t\t\t\t\t\tclass=\"card__description-text\"\n\t\t\t\t\t\t\t\t\t\t\t\t\t\t\t\t\t\tstyle=\"--udd-blocks--cards-v2--show-lines: 3\"\n\t\t\t\t\t\t\t\t\t\t\t\t\t\t\t\t\t>\n\t\t\t\t\t\t\t\t\t<p>Formar graduados capaces de transformar los resultados de la investigaci\u00f3n en soluciones concretas, con impacto cient\u00edfico, tecnol\u00f3gico, empresarial, social y\/o ambiental, mediante mecanismos de transferencia del conocimiento, de innovaci\u00f3n y de emprendimiento de base cient\u00edfico-tecnol\u00f3gica.<\/p>\n\t\t\t\t\t\t\t\t<\/div>\n\t\t\t\t\t\t\t\t\t\t\t\t\t\t\t<\/div>\n\t\t\t\t\t\t\t\t\t\t\t\t\t<\/div>\n\t\t\t\t\t<\/div>\n\t\t\t\t\t\t\t\t\t\t\t\t\t\t\t\t<div class=\"card-wrapper\">\n\t\t\t\t\t\t<div class=\"card\">\n\t\t\t\t\t\t\t\t\t\t\t\t\t\t<h3 class=\"card__title\">4<\/h3>\n\t\t\t\t\t\t\t\t\t\t\t\t\t\t<div\n\t\t\t\t\t\t\t\tid=\"see-more__udd-cards-v2--1-3\"\n\t\t\t\t\t\t\t\tclass=\"card__description \"\n\t\t\t\t\t\t\t>\n\t\t\t\t\t\t\t\t<div\n\t\t\t\t\t\t\t\t\tclass=\"card__description-text\"\n\t\t\t\t\t\t\t\t\t\t\t\t\t\t\t\t\t\tstyle=\"--udd-blocks--cards-v2--show-lines: 3\"\n\t\t\t\t\t\t\t\t\t\t\t\t\t\t\t\t\t>\n\t\t\t\t\t\t\t\t\t<p>Promover una formaci\u00f3n \u00e9tica, cr\u00edtica y responsable, que permita a los graduados evaluar las implicancias t\u00e9cnicas, sociales, econ\u00f3micas y ambientales de sus propuestas, contribuyendo al desarrollo sostenible y al bienestar de la sociedad.<\/p>\n\t\t\t\t\t\t\t\t<\/div>\n\t\t\t\t\t\t\t\t\t\t\t\t\t\t\t<\/div>\n\t\t\t\t\t\t\t\t\t\t\t\t\t<\/div>\n\t\t\t\t\t<\/div>\n\t\t\t\t\t\t\t\t\t\t\t\t\t\t\t\t<div class=\"card-wrapper\">\n\t\t\t\t\t\t<div class=\"card\">\n\t\t\t\t\t\t\t\t\t\t\t\t\t\t<h3 class=\"card__title\">5<\/h3>\n\t\t\t\t\t\t\t\t\t\t\t\t\t\t<div\n\t\t\t\t\t\t\t\tid=\"see-more__udd-cards-v2--1-4\"\n\t\t\t\t\t\t\t\tclass=\"card__description \"\n\t\t\t\t\t\t\t>\n\t\t\t\t\t\t\t\t<div\n\t\t\t\t\t\t\t\t\tclass=\"card__description-text\"\n\t\t\t\t\t\t\t\t\t\t\t\t\t\t\t\t\t\tstyle=\"--udd-blocks--cards-v2--show-lines: 3\"\n\t\t\t\t\t\t\t\t\t\t\t\t\t\t\t\t\t>\n\t\t\t\t\t\t\t\t\t<p>Preparar a los graduados para contribuir activamente al ecosistema de I+D+i, fortaleciendo la articulaci\u00f3n entre la academia, la industria, los centros de salud y el sector p\u00fablico, y favoreciendo la generaci\u00f3n de redes de colaboraci\u00f3n y la proyecci\u00f3n internacional del quehacer doctoral.<\/p>\n\t\t\t\t\t\t\t\t<\/div>\n\t\t\t\t\t\t\t\t\t\t\t\t\t\t\t<\/div>\n\t\t\t\t\t\t\t\t\t\t\t\t\t<\/div>\n\t\t\t\t\t<\/div>\n\t\t\t\t\t\t\t\t\t\t<\/div>\n\t\t<\/div>\n\t<\/div>\n<\/section>\n\n\n\n<p><br><br><\/p>\n","protected":false},"excerpt":{"rendered":"<p>Objetivo General Formar graduados del Doctorado en Ingenier\u00eda Aplicada con capacidades avanzadas para dise\u00f1ar, liderar y ejecutar investigaci\u00f3n aplicada original, orientada a la generaci\u00f3n de conocimiento de frontera y al desarrollo de soluciones innovadoras con impacto cient\u00edfico, tecnol\u00f3gico, productivo y p\u00fablico, integrando una visi\u00f3n \u00e9tica, cr\u00edtica y multidisciplinaria, y contribuyendo activamente al ecosistema de investigaci\u00f3n, [&hellip;]<\/p>\n","protected":false},"author":9192278,"featured_media":0,"parent":0,"menu_order":0,"comment_status":"closed","ping_status":"closed","template":"","meta":{"footnotes":""},"class_list":["post-46","page","type-page","status-publish","hentry"],"yoast_head":"<!-- This site is optimized with the Yoast SEO plugin v26.9 - https:\/\/yoast.com\/product\/yoast-seo-wordpress\/ -->\n<title>Perfil de Egreso - Doctorado en Ingenier\u00eda Aplicada<\/title>\n<meta name=\"robots\" content=\"index, follow, max-snippet:-1, max-image-preview:large, max-video-preview:-1\" \/>\n<link rel=\"canonical\" href=\"https:\/\/ingenieria.udd.cl\/doctorado-en-ingenieria-aplicada\/perfil-de-egreso\/\" \/>\n<meta property=\"og:locale\" content=\"es_ES\" \/>\n<meta property=\"og:type\" content=\"article\" \/>\n<meta property=\"og:title\" content=\"Perfil de Egreso - Doctorado en Ingenier\u00eda Aplicada\" \/>\n<meta property=\"og:description\" content=\"Objetivo General Formar graduados del Doctorado en Ingenier\u00eda Aplicada con capacidades avanzadas para dise\u00f1ar, liderar y ejecutar investigaci\u00f3n aplicada original, orientada a la generaci\u00f3n de conocimiento de frontera y al desarrollo de soluciones innovadoras con impacto cient\u00edfico, tecnol\u00f3gico, productivo y p\u00fablico, integrando una visi\u00f3n \u00e9tica, cr\u00edtica y multidisciplinaria, y contribuyendo activamente al ecosistema de investigaci\u00f3n, [&hellip;]\" \/>\n<meta property=\"og:url\" content=\"https:\/\/ingenieria.udd.cl\/doctorado-en-ingenieria-aplicada\/perfil-de-egreso\/\" \/>\n<meta property=\"og:site_name\" content=\"Doctorado en Ingenier\u00eda Aplicada\" \/>\n<meta property=\"article:modified_time\" content=\"2026-01-28T16:30:20+00:00\" \/>\n<meta name=\"twitter:card\" content=\"summary_large_image\" \/>\n<meta name=\"twitter:label1\" content=\"Tiempo de lectura\" \/>\n\t<meta name=\"twitter:data1\" content=\"1 minuto\" \/>\n<script type=\"application\/ld+json\" class=\"yoast-schema-graph\">{\"@context\":\"https:\/\/schema.org\",\"@graph\":[{\"@type\":\"WebPage\",\"@id\":\"https:\/\/ingenieria.udd.cl\/doctorado-en-ingenieria-aplicada\/perfil-de-egreso\/\",\"url\":\"https:\/\/ingenieria.udd.cl\/doctorado-en-ingenieria-aplicada\/perfil-de-egreso\/\",\"name\":\"Perfil de Egreso - Doctorado en Ingenier\u00eda Aplicada\",\"isPartOf\":{\"@id\":\"https:\/\/ingenieria.udd.cl\/doctorado-en-ingenieria-aplicada\/#website\"},\"datePublished\":\"2026-01-07T18:33:09+00:00\",\"dateModified\":\"2026-01-28T16:30:20+00:00\",\"breadcrumb\":{\"@id\":\"https:\/\/ingenieria.udd.cl\/doctorado-en-ingenieria-aplicada\/perfil-de-egreso\/#breadcrumb\"},\"inLanguage\":\"es\",\"potentialAction\":[{\"@type\":\"ReadAction\",\"target\":[\"https:\/\/ingenieria.udd.cl\/doctorado-en-ingenieria-aplicada\/perfil-de-egreso\/\"]}]},{\"@type\":\"BreadcrumbList\",\"@id\":\"https:\/\/ingenieria.udd.cl\/doctorado-en-ingenieria-aplicada\/perfil-de-egreso\/#breadcrumb\",\"itemListElement\":[{\"@type\":\"ListItem\",\"position\":1,\"name\":\"Portada\",\"item\":\"https:\/\/ingenieria.udd.cl\/doctorado-en-ingenieria-aplicada\/\"},{\"@type\":\"ListItem\",\"position\":2,\"name\":\"Perfil de Egreso\"}]},{\"@type\":\"WebSite\",\"@id\":\"https:\/\/ingenieria.udd.cl\/doctorado-en-ingenieria-aplicada\/#website\",\"url\":\"https:\/\/ingenieria.udd.cl\/doctorado-en-ingenieria-aplicada\/\",\"name\":\"Doctorado en Ingenier\u00eda Aplicada\",\"description\":\"Universidad del Desarrollo\",\"inLanguage\":\"es\"}]}<\/script>\n<!-- \/ Yoast SEO plugin. -->","yoast_head_json":{"title":"Perfil de Egreso - Doctorado en Ingenier\u00eda Aplicada","robots":{"index":"index","follow":"follow","max-snippet":"max-snippet:-1","max-image-preview":"max-image-preview:large","max-video-preview":"max-video-preview:-1"},"canonical":"https:\/\/ingenieria.udd.cl\/doctorado-en-ingenieria-aplicada\/perfil-de-egreso\/","og_locale":"es_ES","og_type":"article","og_title":"Perfil de Egreso - Doctorado en Ingenier\u00eda Aplicada","og_description":"Objetivo General Formar graduados del Doctorado en Ingenier\u00eda Aplicada con capacidades avanzadas para dise\u00f1ar, liderar y ejecutar investigaci\u00f3n aplicada original, orientada a la generaci\u00f3n de conocimiento de frontera y al desarrollo de soluciones innovadoras con impacto cient\u00edfico, tecnol\u00f3gico, productivo y p\u00fablico, integrando una visi\u00f3n \u00e9tica, cr\u00edtica y multidisciplinaria, y contribuyendo activamente al ecosistema de investigaci\u00f3n, [&hellip;]","og_url":"https:\/\/ingenieria.udd.cl\/doctorado-en-ingenieria-aplicada\/perfil-de-egreso\/","og_site_name":"Doctorado en Ingenier\u00eda Aplicada","article_modified_time":"2026-01-28T16:30:20+00:00","twitter_card":"summary_large_image","twitter_misc":{"Tiempo de lectura":"1 minuto"},"schema":{"@context":"https:\/\/schema.org","@graph":[{"@type":"WebPage","@id":"https:\/\/ingenieria.udd.cl\/doctorado-en-ingenieria-aplicada\/perfil-de-egreso\/","url":"https:\/\/ingenieria.udd.cl\/doctorado-en-ingenieria-aplicada\/perfil-de-egreso\/","name":"Perfil de Egreso - Doctorado en Ingenier\u00eda Aplicada","isPartOf":{"@id":"https:\/\/ingenieria.udd.cl\/doctorado-en-ingenieria-aplicada\/#website"},"datePublished":"2026-01-07T18:33:09+00:00","dateModified":"2026-01-28T16:30:20+00:00","breadcrumb":{"@id":"https:\/\/ingenieria.udd.cl\/doctorado-en-ingenieria-aplicada\/perfil-de-egreso\/#breadcrumb"},"inLanguage":"es","potentialAction":[{"@type":"ReadAction","target":["https:\/\/ingenieria.udd.cl\/doctorado-en-ingenieria-aplicada\/perfil-de-egreso\/"]}]},{"@type":"BreadcrumbList","@id":"https:\/\/ingenieria.udd.cl\/doctorado-en-ingenieria-aplicada\/perfil-de-egreso\/#breadcrumb","itemListElement":[{"@type":"ListItem","position":1,"name":"Portada","item":"https:\/\/ingenieria.udd.cl\/doctorado-en-ingenieria-aplicada\/"},{"@type":"ListItem","position":2,"name":"Perfil de Egreso"}]},{"@type":"WebSite","@id":"https:\/\/ingenieria.udd.cl\/doctorado-en-ingenieria-aplicada\/#website","url":"https:\/\/ingenieria.udd.cl\/doctorado-en-ingenieria-aplicada\/","name":"Doctorado en Ingenier\u00eda Aplicada","description":"Universidad del Desarrollo","inLanguage":"es"}]}},"_links":{"self":[{"href":"https:\/\/ingenieria.udd.cl\/doctorado-en-ingenieria-aplicada\/wp-json\/wp\/v2\/pages\/46","targetHints":{"allow":["GET"]}}],"collection":[{"href":"https:\/\/ingenieria.udd.cl\/doctorado-en-ingenieria-aplicada\/wp-json\/wp\/v2\/pages"}],"about":[{"href":"https:\/\/ingenieria.udd.cl\/doctorado-en-ingenieria-aplicada\/wp-json\/wp\/v2\/types\/page"}],"author":[{"embeddable":true,"href":"https:\/\/ingenieria.udd.cl\/doctorado-en-ingenieria-aplicada\/wp-json\/wp\/v2\/users\/9192278"}],"replies":[{"embeddable":true,"href":"https:\/\/ingenieria.udd.cl\/doctorado-en-ingenieria-aplicada\/wp-json\/wp\/v2\/comments?post=46"}],"version-history":[{"count":16,"href":"https:\/\/ingenieria.udd.cl\/doctorado-en-ingenieria-aplicada\/wp-json\/wp\/v2\/pages\/46\/revisions"}],"predecessor-version":[{"id":334,"href":"https:\/\/ingenieria.udd.cl\/doctorado-en-ingenieria-aplicada\/wp-json\/wp\/v2\/pages\/46\/revisions\/334"}],"wp:attachment":[{"href":"https:\/\/ingenieria.udd.cl\/doctorado-en-ingenieria-aplicada\/wp-json\/wp\/v2\/media?parent=46"}],"curies":[{"name":"wp","href":"https:\/\/api.w.org\/{rel}","templated":true}]}}