{"id":200,"date":"2021-03-31T22:12:39","date_gmt":"2021-03-31T20:12:39","guid":{"rendered":"https:\/\/ingenieria.udd.cl\/enviro\/?page_id=200"},"modified":"2021-03-31T23:15:52","modified_gmt":"2021-03-31T21:15:52","slug":"envirohealth-data-observatory","status":"publish","type":"page","link":"https:\/\/ingenieria.udd.cl\/enviro\/envirohealth-data-observatory\/","title":{"rendered":"Envirohealth Data Observatory"},"content":{"rendered":"\n<h3 class=\"wp-block-heading\">Surge como un proyecto dentro del grupo de investigaci\u00f3n <a href=\"http:\/\/centroid-envirohealth.udd.cl\">Envirohealth Dynamics Systems<\/a> del<a href=\"http:\/\/centroid.udd.cl\"> Centro de Investigaci\u00f3n en Tecnolog\u00edas para la Sociedad<\/a> de la <a href=\"http:\/\/ingenieria.udd.cl\">Facultad de Ingenier\u00eda de la Universidad del Desarrollo (UDD)<\/a><\/h3>\n\n\n\n<p><\/p>\n\n\n<section\n\tclass=\"wp-block-udd-text-row block--bg-gray\"\n\t\t>\n\t<div class=\"text-row\">\n\t\t<div class=\"text-row__content\">\n\t\t\t<div class=\"text-row__content-inner text\">\n\t\t\t\t\t\t\t\t\n<p>Establecer un laboratorio en Santiago donde los socios pueden venir a utilizar los instrumentos y compartir buenas pr\u00e1cticas.<br><\/p>\n\n<p><br><\/p>\n\n<p><br><\/p>\n\t\t\t<\/div>\n\t\t<\/div>\n\t\t<div class=\"text-row__media\">\n\t\t\t<img loading=\"lazy\" decoding=\"async\" width=\"952\" height=\"534\" src=\"https:\/\/ingenieria.udd.cl\/enviro\/files\/2021\/03\/Kit-de-suelo-Talca-1-680x382.jpeg\" class=\"text-row__media-image lazyload\" alt=\"\" sizes=\"auto, (max-width: 952px) 100vw, 952px\" data-src=\"https:\/\/ingenieria.udd.cl\/enviro\/files\/2021\/03\/Kit-de-suelo-Talca-1-952x534.jpeg\" data-srcset=\"https:\/\/ingenieria.udd.cl\/enviro\/files\/2021\/03\/Kit-de-suelo-Talca-1-952x534.jpeg 952w, https:\/\/ingenieria.udd.cl\/enviro\/files\/2021\/03\/Kit-de-suelo-Talca-1-680x382.jpeg 680w\" \/>\t\t<\/div>\n\t<\/div>\n<\/section>\n","protected":false},"excerpt":{"rendered":"<p>Surge como un proyecto dentro del grupo de investigaci\u00f3n Envirohealth Dynamics Systems del Centro de Investigaci\u00f3n en Tecnolog\u00edas para la Sociedad de la Facultad de Ingenier\u00eda de la Universidad del Desarrollo (UDD)<\/p>\n","protected":false},"author":9192224,"featured_media":0,"parent":0,"menu_order":0,"comment_status":"closed","ping_status":"closed","template":"","meta":{"footnotes":""},"class_list":["post-200","page","type-page","status-publish","hentry"],"yoast_head":"<!-- This site is optimized with the Yoast SEO plugin v26.9 - https:\/\/yoast.com\/product\/yoast-seo-wordpress\/ -->\n<title>Envirohealth Data Observatory - ENVIROHEALTH DATA OBSERVATORY<\/title>\n<meta name=\"robots\" content=\"index, follow, max-snippet:-1, max-image-preview:large, max-video-preview:-1\" \/>\n<link rel=\"canonical\" href=\"https:\/\/ingenieria.udd.cl\/enviro\/envirohealth-data-observatory\/\" \/>\n<meta property=\"og:locale\" content=\"es_ES\" \/>\n<meta property=\"og:type\" content=\"article\" \/>\n<meta property=\"og:title\" content=\"Envirohealth Data Observatory - ENVIROHEALTH DATA OBSERVATORY\" \/>\n<meta property=\"og:description\" content=\"Surge como un proyecto dentro del grupo de investigaci\u00f3n Envirohealth Dynamics Systems del Centro de Investigaci\u00f3n en Tecnolog\u00edas para la Sociedad de la Facultad de Ingenier\u00eda de la Universidad del Desarrollo (UDD)\" \/>\n<meta property=\"og:url\" content=\"https:\/\/ingenieria.udd.cl\/enviro\/envirohealth-data-observatory\/\" \/>\n<meta property=\"og:site_name\" content=\"ENVIROHEALTH DATA OBSERVATORY\" \/>\n<meta property=\"article:modified_time\" content=\"2021-03-31T21:15:52+00:00\" \/>\n<meta property=\"og:image\" content=\"https:\/\/ingenieria.udd.cl\/enviro\/files\/2021\/03\/Kit-de-suelo-Talca-1.jpeg\" \/>\n<meta name=\"twitter:card\" content=\"summary_large_image\" \/>\n<script type=\"application\/ld+json\" class=\"yoast-schema-graph\">{\"@context\":\"https:\/\/schema.org\",\"@graph\":[{\"@type\":\"WebPage\",\"@id\":\"https:\/\/ingenieria.udd.cl\/enviro\/envirohealth-data-observatory\/\",\"url\":\"https:\/\/ingenieria.udd.cl\/enviro\/envirohealth-data-observatory\/\",\"name\":\"Envirohealth Data Observatory - ENVIROHEALTH DATA OBSERVATORY\",\"isPartOf\":{\"@id\":\"https:\/\/ingenieria.udd.cl\/enviro\/#website\"},\"primaryImageOfPage\":{\"@id\":\"https:\/\/ingenieria.udd.cl\/enviro\/envirohealth-data-observatory\/#primaryimage\"},\"image\":{\"@id\":\"https:\/\/ingenieria.udd.cl\/enviro\/envirohealth-data-observatory\/#primaryimage\"},\"thumbnailUrl\":\"https:\/\/ingenieria.udd.cl\/enviro\/files\/2021\/03\/Kit-de-suelo-Talca-1.jpeg\",\"datePublished\":\"2021-03-31T20:12:39+00:00\",\"dateModified\":\"2021-03-31T21:15:52+00:00\",\"breadcrumb\":{\"@id\":\"https:\/\/ingenieria.udd.cl\/enviro\/envirohealth-data-observatory\/#breadcrumb\"},\"inLanguage\":\"es\",\"potentialAction\":[{\"@type\":\"ReadAction\",\"target\":[\"https:\/\/ingenieria.udd.cl\/enviro\/envirohealth-data-observatory\/\"]}]},{\"@type\":\"ImageObject\",\"inLanguage\":\"es\",\"@id\":\"https:\/\/ingenieria.udd.cl\/enviro\/envirohealth-data-observatory\/#primaryimage\",\"url\":\"https:\/\/ingenieria.udd.cl\/enviro\/files\/2021\/03\/Kit-de-suelo-Talca-1.jpeg\",\"contentUrl\":\"https:\/\/ingenieria.udd.cl\/enviro\/files\/2021\/03\/Kit-de-suelo-Talca-1.jpeg\",\"width\":1024,\"height\":682,\"caption\":\"KIT\"},{\"@type\":\"BreadcrumbList\",\"@id\":\"https:\/\/ingenieria.udd.cl\/enviro\/envirohealth-data-observatory\/#breadcrumb\",\"itemListElement\":[{\"@type\":\"ListItem\",\"position\":1,\"name\":\"Portada\",\"item\":\"https:\/\/ingenieria.udd.cl\/enviro\/\"},{\"@type\":\"ListItem\",\"position\":2,\"name\":\"Envirohealth Data Observatory\"}]},{\"@type\":\"WebSite\",\"@id\":\"https:\/\/ingenieria.udd.cl\/enviro\/#website\",\"url\":\"https:\/\/ingenieria.udd.cl\/enviro\/\",\"name\":\"ENVIROHEALTH DATA OBSERVATORY\",\"description\":\"www.enviro.udd.cl\",\"inLanguage\":\"es\"}]}<\/script>\n<!-- \/ Yoast SEO plugin. -->","yoast_head_json":{"title":"Envirohealth Data Observatory - ENVIROHEALTH DATA OBSERVATORY","robots":{"index":"index","follow":"follow","max-snippet":"max-snippet:-1","max-image-preview":"max-image-preview:large","max-video-preview":"max-video-preview:-1"},"canonical":"https:\/\/ingenieria.udd.cl\/enviro\/envirohealth-data-observatory\/","og_locale":"es_ES","og_type":"article","og_title":"Envirohealth Data Observatory - ENVIROHEALTH DATA OBSERVATORY","og_description":"Surge como un proyecto dentro del grupo de investigaci\u00f3n Envirohealth Dynamics Systems del Centro de Investigaci\u00f3n en Tecnolog\u00edas para la Sociedad de la Facultad de Ingenier\u00eda de la Universidad del Desarrollo (UDD)","og_url":"https:\/\/ingenieria.udd.cl\/enviro\/envirohealth-data-observatory\/","og_site_name":"ENVIROHEALTH DATA OBSERVATORY","article_modified_time":"2021-03-31T21:15:52+00:00","og_image":[{"url":"https:\/\/ingenieria.udd.cl\/enviro\/files\/2021\/03\/Kit-de-suelo-Talca-1.jpeg","type":"","width":"","height":""}],"twitter_card":"summary_large_image","schema":{"@context":"https:\/\/schema.org","@graph":[{"@type":"WebPage","@id":"https:\/\/ingenieria.udd.cl\/enviro\/envirohealth-data-observatory\/","url":"https:\/\/ingenieria.udd.cl\/enviro\/envirohealth-data-observatory\/","name":"Envirohealth Data Observatory - ENVIROHEALTH DATA OBSERVATORY","isPartOf":{"@id":"https:\/\/ingenieria.udd.cl\/enviro\/#website"},"primaryImageOfPage":{"@id":"https:\/\/ingenieria.udd.cl\/enviro\/envirohealth-data-observatory\/#primaryimage"},"image":{"@id":"https:\/\/ingenieria.udd.cl\/enviro\/envirohealth-data-observatory\/#primaryimage"},"thumbnailUrl":"https:\/\/ingenieria.udd.cl\/enviro\/files\/2021\/03\/Kit-de-suelo-Talca-1.jpeg","datePublished":"2021-03-31T20:12:39+00:00","dateModified":"2021-03-31T21:15:52+00:00","breadcrumb":{"@id":"https:\/\/ingenieria.udd.cl\/enviro\/envirohealth-data-observatory\/#breadcrumb"},"inLanguage":"es","potentialAction":[{"@type":"ReadAction","target":["https:\/\/ingenieria.udd.cl\/enviro\/envirohealth-data-observatory\/"]}]},{"@type":"ImageObject","inLanguage":"es","@id":"https:\/\/ingenieria.udd.cl\/enviro\/envirohealth-data-observatory\/#primaryimage","url":"https:\/\/ingenieria.udd.cl\/enviro\/files\/2021\/03\/Kit-de-suelo-Talca-1.jpeg","contentUrl":"https:\/\/ingenieria.udd.cl\/enviro\/files\/2021\/03\/Kit-de-suelo-Talca-1.jpeg","width":1024,"height":682,"caption":"KIT"},{"@type":"BreadcrumbList","@id":"https:\/\/ingenieria.udd.cl\/enviro\/envirohealth-data-observatory\/#breadcrumb","itemListElement":[{"@type":"ListItem","position":1,"name":"Portada","item":"https:\/\/ingenieria.udd.cl\/enviro\/"},{"@type":"ListItem","position":2,"name":"Envirohealth Data Observatory"}]},{"@type":"WebSite","@id":"https:\/\/ingenieria.udd.cl\/enviro\/#website","url":"https:\/\/ingenieria.udd.cl\/enviro\/","name":"ENVIROHEALTH DATA OBSERVATORY","description":"www.enviro.udd.cl","inLanguage":"es"}]}},"_links":{"self":[{"href":"https:\/\/ingenieria.udd.cl\/enviro\/wp-json\/wp\/v2\/pages\/200","targetHints":{"allow":["GET"]}}],"collection":[{"href":"https:\/\/ingenieria.udd.cl\/enviro\/wp-json\/wp\/v2\/pages"}],"about":[{"href":"https:\/\/ingenieria.udd.cl\/enviro\/wp-json\/wp\/v2\/types\/page"}],"author":[{"embeddable":true,"href":"https:\/\/ingenieria.udd.cl\/enviro\/wp-json\/wp\/v2\/users\/9192224"}],"replies":[{"embeddable":true,"href":"https:\/\/ingenieria.udd.cl\/enviro\/wp-json\/wp\/v2\/comments?post=200"}],"version-history":[{"count":11,"href":"https:\/\/ingenieria.udd.cl\/enviro\/wp-json\/wp\/v2\/pages\/200\/revisions"}],"predecessor-version":[{"id":221,"href":"https:\/\/ingenieria.udd.cl\/enviro\/wp-json\/wp\/v2\/pages\/200\/revisions\/221"}],"wp:attachment":[{"href":"https:\/\/ingenieria.udd.cl\/enviro\/wp-json\/wp\/v2\/media?parent=200"}],"curies":[{"name":"wp","href":"https:\/\/api.w.org\/{rel}","templated":true}]}}