{"id":264,"date":"2021-04-22T22:24:05","date_gmt":"2021-04-22T20:24:05","guid":{"rendered":"https:\/\/ingenieria.udd.cl\/enviro\/?page_id=264"},"modified":"2021-06-22T22:45:42","modified_gmt":"2021-06-22T20:45:42","slug":"licitacion","status":"publish","type":"page","link":"https:\/\/ingenieria.udd.cl\/enviro\/licitacion\/","title":{"rendered":"Licitaci\u00f3n P\u00fablica"},"content":{"rendered":"\n<p>Instrumentos<\/p>\n\n\n\n<p>Estamos en el proceso de compra de los instrumentos de referencia para la Plataforma, cuando lleguen te daremos m\u00e1s detalles de c\u00f3mo funcionan, c\u00f3mo puedes reservar para usarlos y te informaremos cu\u00e1ndo est\u00e9n viajando a un lugar cercano a ti.<\/p>\n\n\n\n<p>La plataforma de instrumentos estar\u00e1 compuesta por instrumentos de referencia que miden una amplia variedad de par\u00e1metros ambientales de campo.<\/p>\n\n\n\n<div class=\"wp-block-image\"><figure class=\"aligncenter size-full\"><img loading=\"lazy\" decoding=\"async\" width=\"4001\" height=\"1882\" src=\"https:\/\/ingenieria.udd.cl\/enviro\/files\/2021\/06\/WEB_ENVIRO-28.png\" alt=\"\" class=\"wp-image-368\" srcset=\"https:\/\/ingenieria.udd.cl\/enviro\/files\/2021\/06\/WEB_ENVIRO-28.png 4001w, https:\/\/ingenieria.udd.cl\/enviro\/files\/2021\/06\/WEB_ENVIRO-28-300x141.png 300w, https:\/\/ingenieria.udd.cl\/enviro\/files\/2021\/06\/WEB_ENVIRO-28-1024x482.png 1024w, https:\/\/ingenieria.udd.cl\/enviro\/files\/2021\/06\/WEB_ENVIRO-28-768x361.png 768w, https:\/\/ingenieria.udd.cl\/enviro\/files\/2021\/06\/WEB_ENVIRO-28-1536x723.png 1536w, https:\/\/ingenieria.udd.cl\/enviro\/files\/2021\/06\/WEB_ENVIRO-28-2048x963.png 2048w\" sizes=\"auto, (max-width: 4001px) 100vw, 4001px\" \/><\/figure><\/div>\n","protected":false},"excerpt":{"rendered":"<p>Instrumentos Estamos en el proceso de compra de los instrumentos de referencia para la Plataforma, cuando lleguen te daremos m\u00e1s detalles de c\u00f3mo funcionan, c\u00f3mo puedes reservar para usarlos y te informaremos cu\u00e1ndo est\u00e9n viajando a un lugar cercano a ti. La plataforma de instrumentos estar\u00e1 compuesta por instrumentos de referencia que miden una amplia [&hellip;]<\/p>\n","protected":false},"author":9192224,"featured_media":0,"parent":0,"menu_order":0,"comment_status":"closed","ping_status":"closed","template":"","meta":{"footnotes":""},"class_list":["post-264","page","type-page","status-publish","hentry"],"yoast_head":"<!-- This site is optimized with the Yoast SEO plugin v26.9 - https:\/\/yoast.com\/product\/yoast-seo-wordpress\/ -->\n<title>Licitaci\u00f3n P\u00fablica - ENVIROHEALTH DATA OBSERVATORY<\/title>\n<meta name=\"robots\" content=\"index, follow, max-snippet:-1, max-image-preview:large, max-video-preview:-1\" \/>\n<link rel=\"canonical\" href=\"https:\/\/ingenieria.udd.cl\/enviro\/licitacion\/\" \/>\n<meta property=\"og:locale\" content=\"es_ES\" \/>\n<meta property=\"og:type\" content=\"article\" \/>\n<meta property=\"og:title\" content=\"Licitaci\u00f3n P\u00fablica - ENVIROHEALTH DATA OBSERVATORY\" \/>\n<meta property=\"og:description\" content=\"Instrumentos Estamos en el proceso de compra de los instrumentos de referencia para la Plataforma, cuando lleguen te daremos m\u00e1s detalles de c\u00f3mo funcionan, c\u00f3mo puedes reservar para usarlos y te informaremos cu\u00e1ndo est\u00e9n viajando a un lugar cercano a ti. La plataforma de instrumentos estar\u00e1 compuesta por instrumentos de referencia que miden una amplia [&hellip;]\" \/>\n<meta property=\"og:url\" content=\"https:\/\/ingenieria.udd.cl\/enviro\/licitacion\/\" \/>\n<meta property=\"og:site_name\" content=\"ENVIROHEALTH DATA OBSERVATORY\" \/>\n<meta property=\"article:modified_time\" content=\"2021-06-22T20:45:42+00:00\" \/>\n<meta property=\"og:image\" content=\"https:\/\/ingenieria.udd.cl\/enviro\/files\/2021\/06\/WEB_ENVIRO-28.png\" \/>\n<meta name=\"twitter:card\" content=\"summary_large_image\" \/>\n<script type=\"application\/ld+json\" class=\"yoast-schema-graph\">{\"@context\":\"https:\/\/schema.org\",\"@graph\":[{\"@type\":\"WebPage\",\"@id\":\"https:\/\/ingenieria.udd.cl\/enviro\/licitacion\/\",\"url\":\"https:\/\/ingenieria.udd.cl\/enviro\/licitacion\/\",\"name\":\"Licitaci\u00f3n P\u00fablica - ENVIROHEALTH DATA OBSERVATORY\",\"isPartOf\":{\"@id\":\"https:\/\/ingenieria.udd.cl\/enviro\/#website\"},\"primaryImageOfPage\":{\"@id\":\"https:\/\/ingenieria.udd.cl\/enviro\/licitacion\/#primaryimage\"},\"image\":{\"@id\":\"https:\/\/ingenieria.udd.cl\/enviro\/licitacion\/#primaryimage\"},\"thumbnailUrl\":\"https:\/\/ingenieria.udd.cl\/enviro\/files\/2021\/06\/WEB_ENVIRO-28.png\",\"datePublished\":\"2021-04-22T20:24:05+00:00\",\"dateModified\":\"2021-06-22T20:45:42+00:00\",\"breadcrumb\":{\"@id\":\"https:\/\/ingenieria.udd.cl\/enviro\/licitacion\/#breadcrumb\"},\"inLanguage\":\"es\",\"potentialAction\":[{\"@type\":\"ReadAction\",\"target\":[\"https:\/\/ingenieria.udd.cl\/enviro\/licitacion\/\"]}]},{\"@type\":\"ImageObject\",\"inLanguage\":\"es\",\"@id\":\"https:\/\/ingenieria.udd.cl\/enviro\/licitacion\/#primaryimage\",\"url\":\"https:\/\/ingenieria.udd.cl\/enviro\/files\/2021\/06\/WEB_ENVIRO-28.png\",\"contentUrl\":\"https:\/\/ingenieria.udd.cl\/enviro\/files\/2021\/06\/WEB_ENVIRO-28.png\",\"width\":4001,\"height\":1882},{\"@type\":\"BreadcrumbList\",\"@id\":\"https:\/\/ingenieria.udd.cl\/enviro\/licitacion\/#breadcrumb\",\"itemListElement\":[{\"@type\":\"ListItem\",\"position\":1,\"name\":\"Portada\",\"item\":\"https:\/\/ingenieria.udd.cl\/enviro\/\"},{\"@type\":\"ListItem\",\"position\":2,\"name\":\"Licitaci\u00f3n P\u00fablica\"}]},{\"@type\":\"WebSite\",\"@id\":\"https:\/\/ingenieria.udd.cl\/enviro\/#website\",\"url\":\"https:\/\/ingenieria.udd.cl\/enviro\/\",\"name\":\"ENVIROHEALTH DATA OBSERVATORY\",\"description\":\"www.enviro.udd.cl\",\"inLanguage\":\"es\"}]}<\/script>\n<!-- \/ Yoast SEO plugin. -->","yoast_head_json":{"title":"Licitaci\u00f3n P\u00fablica - ENVIROHEALTH DATA OBSERVATORY","robots":{"index":"index","follow":"follow","max-snippet":"max-snippet:-1","max-image-preview":"max-image-preview:large","max-video-preview":"max-video-preview:-1"},"canonical":"https:\/\/ingenieria.udd.cl\/enviro\/licitacion\/","og_locale":"es_ES","og_type":"article","og_title":"Licitaci\u00f3n P\u00fablica - ENVIROHEALTH DATA OBSERVATORY","og_description":"Instrumentos Estamos en el proceso de compra de los instrumentos de referencia para la Plataforma, cuando lleguen te daremos m\u00e1s detalles de c\u00f3mo funcionan, c\u00f3mo puedes reservar para usarlos y te informaremos cu\u00e1ndo est\u00e9n viajando a un lugar cercano a ti. La plataforma de instrumentos estar\u00e1 compuesta por instrumentos de referencia que miden una amplia [&hellip;]","og_url":"https:\/\/ingenieria.udd.cl\/enviro\/licitacion\/","og_site_name":"ENVIROHEALTH DATA OBSERVATORY","article_modified_time":"2021-06-22T20:45:42+00:00","og_image":[{"url":"https:\/\/ingenieria.udd.cl\/enviro\/files\/2021\/06\/WEB_ENVIRO-28.png","type":"","width":"","height":""}],"twitter_card":"summary_large_image","schema":{"@context":"https:\/\/schema.org","@graph":[{"@type":"WebPage","@id":"https:\/\/ingenieria.udd.cl\/enviro\/licitacion\/","url":"https:\/\/ingenieria.udd.cl\/enviro\/licitacion\/","name":"Licitaci\u00f3n P\u00fablica - ENVIROHEALTH DATA OBSERVATORY","isPartOf":{"@id":"https:\/\/ingenieria.udd.cl\/enviro\/#website"},"primaryImageOfPage":{"@id":"https:\/\/ingenieria.udd.cl\/enviro\/licitacion\/#primaryimage"},"image":{"@id":"https:\/\/ingenieria.udd.cl\/enviro\/licitacion\/#primaryimage"},"thumbnailUrl":"https:\/\/ingenieria.udd.cl\/enviro\/files\/2021\/06\/WEB_ENVIRO-28.png","datePublished":"2021-04-22T20:24:05+00:00","dateModified":"2021-06-22T20:45:42+00:00","breadcrumb":{"@id":"https:\/\/ingenieria.udd.cl\/enviro\/licitacion\/#breadcrumb"},"inLanguage":"es","potentialAction":[{"@type":"ReadAction","target":["https:\/\/ingenieria.udd.cl\/enviro\/licitacion\/"]}]},{"@type":"ImageObject","inLanguage":"es","@id":"https:\/\/ingenieria.udd.cl\/enviro\/licitacion\/#primaryimage","url":"https:\/\/ingenieria.udd.cl\/enviro\/files\/2021\/06\/WEB_ENVIRO-28.png","contentUrl":"https:\/\/ingenieria.udd.cl\/enviro\/files\/2021\/06\/WEB_ENVIRO-28.png","width":4001,"height":1882},{"@type":"BreadcrumbList","@id":"https:\/\/ingenieria.udd.cl\/enviro\/licitacion\/#breadcrumb","itemListElement":[{"@type":"ListItem","position":1,"name":"Portada","item":"https:\/\/ingenieria.udd.cl\/enviro\/"},{"@type":"ListItem","position":2,"name":"Licitaci\u00f3n P\u00fablica"}]},{"@type":"WebSite","@id":"https:\/\/ingenieria.udd.cl\/enviro\/#website","url":"https:\/\/ingenieria.udd.cl\/enviro\/","name":"ENVIROHEALTH DATA OBSERVATORY","description":"www.enviro.udd.cl","inLanguage":"es"}]}},"_links":{"self":[{"href":"https:\/\/ingenieria.udd.cl\/enviro\/wp-json\/wp\/v2\/pages\/264","targetHints":{"allow":["GET"]}}],"collection":[{"href":"https:\/\/ingenieria.udd.cl\/enviro\/wp-json\/wp\/v2\/pages"}],"about":[{"href":"https:\/\/ingenieria.udd.cl\/enviro\/wp-json\/wp\/v2\/types\/page"}],"author":[{"embeddable":true,"href":"https:\/\/ingenieria.udd.cl\/enviro\/wp-json\/wp\/v2\/users\/9192224"}],"replies":[{"embeddable":true,"href":"https:\/\/ingenieria.udd.cl\/enviro\/wp-json\/wp\/v2\/comments?post=264"}],"version-history":[{"count":9,"href":"https:\/\/ingenieria.udd.cl\/enviro\/wp-json\/wp\/v2\/pages\/264\/revisions"}],"predecessor-version":[{"id":853,"href":"https:\/\/ingenieria.udd.cl\/enviro\/wp-json\/wp\/v2\/pages\/264\/revisions\/853"}],"wp:attachment":[{"href":"https:\/\/ingenieria.udd.cl\/enviro\/wp-json\/wp\/v2\/media?parent=264"}],"curies":[{"name":"wp","href":"https:\/\/api.w.org\/{rel}","templated":true}]}}