{"id":476,"date":"2021-06-14T21:24:48","date_gmt":"2021-06-14T19:24:48","guid":{"rendered":"https:\/\/ingenieria.udd.cl\/enviro\/?page_id=476"},"modified":"2021-06-22T19:47:00","modified_gmt":"2021-06-22T17:47:00","slug":"kit-de-suelo","status":"publish","type":"page","link":"https:\/\/ingenieria.udd.cl\/enviro\/kit-de-suelo\/","title":{"rendered":"KIT DE SUELO"},"content":{"rendered":"<section\n\tclass=\"wp-block-udd-text-row block--bg-gradient\"\n\t\t>\n\t<div class=\"text-row\">\n\t\t<div class=\"text-row__content\">\n\t\t\t<div class=\"text-row__content-inner text\">\n\t\t\t\t\t\t\t\t<h2>KIT DE SUELO<\/h2>\n\t\t\t\t\t\t\t\t\n<p>Hemos desarrollado kits que analizan la calidad del suelo, desde pH, Potasio, F\u00f3sforo y sulfatos hasta Ars\u00e9nico, Mercurio y x. La idea es que con este malet\u00edn de pruebas f\u00e1ciles de usar, los agricultores y los ciudadanos interesados \u200b\u200bpuedan probar la calidad de sus suelos, obteniendo una idea cualitativa de si hay contaminaci\u00f3n en su \u00e1rea y qu\u00e9 tan productivos pueden ser sus suelos.<\/p>\n\t\t\t<\/div>\n\t\t<\/div>\n\t\t<div class=\"text-row__media\">\n\t\t\t<img loading=\"lazy\" decoding=\"async\" width=\"952\" height=\"534\" src=\"https:\/\/ingenieria.udd.cl\/enviro\/files\/2021\/03\/Kit-de-suelo-Talca-1-680x382.jpeg\" class=\"text-row__media-image lazyload\" alt=\"\" sizes=\"auto, (max-width: 952px) 100vw, 952px\" data-src=\"https:\/\/ingenieria.udd.cl\/enviro\/files\/2021\/03\/Kit-de-suelo-Talca-1-952x534.jpeg\" data-srcset=\"https:\/\/ingenieria.udd.cl\/enviro\/files\/2021\/03\/Kit-de-suelo-Talca-1-952x534.jpeg 952w, https:\/\/ingenieria.udd.cl\/enviro\/files\/2021\/03\/Kit-de-suelo-Talca-1-680x382.jpeg 680w\" \/>\t\t<\/div>\n\t<\/div>\n<\/section>\n","protected":false},"excerpt":{"rendered":"","protected":false},"author":9192225,"featured_media":0,"parent":0,"menu_order":0,"comment_status":"closed","ping_status":"closed","template":"","meta":{"footnotes":""},"class_list":["post-476","page","type-page","status-publish","hentry"],"yoast_head":"<!-- This site is optimized with the Yoast SEO plugin v26.9 - https:\/\/yoast.com\/product\/yoast-seo-wordpress\/ -->\n<title>KIT DE SUELO - ENVIROHEALTH DATA OBSERVATORY<\/title>\n<meta name=\"robots\" content=\"index, follow, max-snippet:-1, max-image-preview:large, max-video-preview:-1\" \/>\n<link rel=\"canonical\" href=\"https:\/\/ingenieria.udd.cl\/enviro\/kit-de-suelo\/\" \/>\n<meta property=\"og:locale\" content=\"es_ES\" \/>\n<meta property=\"og:type\" content=\"article\" \/>\n<meta property=\"og:title\" content=\"KIT DE SUELO - ENVIROHEALTH DATA OBSERVATORY\" \/>\n<meta property=\"og:url\" content=\"https:\/\/ingenieria.udd.cl\/enviro\/kit-de-suelo\/\" \/>\n<meta property=\"og:site_name\" content=\"ENVIROHEALTH DATA OBSERVATORY\" \/>\n<meta property=\"article:modified_time\" content=\"2021-06-22T17:47:00+00:00\" \/>\n<meta property=\"og:image\" content=\"https:\/\/ingenieria.udd.cl\/enviro\/files\/2021\/03\/Kit-de-suelo-Talca-1.jpeg\" \/>\n<meta name=\"twitter:card\" content=\"summary_large_image\" \/>\n<script type=\"application\/ld+json\" class=\"yoast-schema-graph\">{\"@context\":\"https:\/\/schema.org\",\"@graph\":[{\"@type\":\"WebPage\",\"@id\":\"https:\/\/ingenieria.udd.cl\/enviro\/kit-de-suelo\/\",\"url\":\"https:\/\/ingenieria.udd.cl\/enviro\/kit-de-suelo\/\",\"name\":\"KIT DE SUELO - ENVIROHEALTH DATA OBSERVATORY\",\"isPartOf\":{\"@id\":\"https:\/\/ingenieria.udd.cl\/enviro\/#website\"},\"primaryImageOfPage\":{\"@id\":\"https:\/\/ingenieria.udd.cl\/enviro\/kit-de-suelo\/#primaryimage\"},\"image\":{\"@id\":\"https:\/\/ingenieria.udd.cl\/enviro\/kit-de-suelo\/#primaryimage\"},\"thumbnailUrl\":\"https:\/\/ingenieria.udd.cl\/enviro\/files\/2021\/03\/Kit-de-suelo-Talca-1.jpeg\",\"datePublished\":\"2021-06-14T19:24:48+00:00\",\"dateModified\":\"2021-06-22T17:47:00+00:00\",\"breadcrumb\":{\"@id\":\"https:\/\/ingenieria.udd.cl\/enviro\/kit-de-suelo\/#breadcrumb\"},\"inLanguage\":\"es\",\"potentialAction\":[{\"@type\":\"ReadAction\",\"target\":[\"https:\/\/ingenieria.udd.cl\/enviro\/kit-de-suelo\/\"]}]},{\"@type\":\"ImageObject\",\"inLanguage\":\"es\",\"@id\":\"https:\/\/ingenieria.udd.cl\/enviro\/kit-de-suelo\/#primaryimage\",\"url\":\"https:\/\/ingenieria.udd.cl\/enviro\/files\/2021\/03\/Kit-de-suelo-Talca-1.jpeg\",\"contentUrl\":\"https:\/\/ingenieria.udd.cl\/enviro\/files\/2021\/03\/Kit-de-suelo-Talca-1.jpeg\",\"width\":1024,\"height\":682,\"caption\":\"KIT\"},{\"@type\":\"BreadcrumbList\",\"@id\":\"https:\/\/ingenieria.udd.cl\/enviro\/kit-de-suelo\/#breadcrumb\",\"itemListElement\":[{\"@type\":\"ListItem\",\"position\":1,\"name\":\"Portada\",\"item\":\"https:\/\/ingenieria.udd.cl\/enviro\/\"},{\"@type\":\"ListItem\",\"position\":2,\"name\":\"KIT DE SUELO\"}]},{\"@type\":\"WebSite\",\"@id\":\"https:\/\/ingenieria.udd.cl\/enviro\/#website\",\"url\":\"https:\/\/ingenieria.udd.cl\/enviro\/\",\"name\":\"ENVIROHEALTH DATA OBSERVATORY\",\"description\":\"www.enviro.udd.cl\",\"inLanguage\":\"es\"}]}<\/script>\n<!-- \/ Yoast SEO plugin. -->","yoast_head_json":{"title":"KIT DE SUELO - ENVIROHEALTH DATA OBSERVATORY","robots":{"index":"index","follow":"follow","max-snippet":"max-snippet:-1","max-image-preview":"max-image-preview:large","max-video-preview":"max-video-preview:-1"},"canonical":"https:\/\/ingenieria.udd.cl\/enviro\/kit-de-suelo\/","og_locale":"es_ES","og_type":"article","og_title":"KIT DE SUELO - ENVIROHEALTH DATA OBSERVATORY","og_url":"https:\/\/ingenieria.udd.cl\/enviro\/kit-de-suelo\/","og_site_name":"ENVIROHEALTH DATA OBSERVATORY","article_modified_time":"2021-06-22T17:47:00+00:00","og_image":[{"url":"https:\/\/ingenieria.udd.cl\/enviro\/files\/2021\/03\/Kit-de-suelo-Talca-1.jpeg","type":"","width":"","height":""}],"twitter_card":"summary_large_image","schema":{"@context":"https:\/\/schema.org","@graph":[{"@type":"WebPage","@id":"https:\/\/ingenieria.udd.cl\/enviro\/kit-de-suelo\/","url":"https:\/\/ingenieria.udd.cl\/enviro\/kit-de-suelo\/","name":"KIT DE SUELO - ENVIROHEALTH DATA OBSERVATORY","isPartOf":{"@id":"https:\/\/ingenieria.udd.cl\/enviro\/#website"},"primaryImageOfPage":{"@id":"https:\/\/ingenieria.udd.cl\/enviro\/kit-de-suelo\/#primaryimage"},"image":{"@id":"https:\/\/ingenieria.udd.cl\/enviro\/kit-de-suelo\/#primaryimage"},"thumbnailUrl":"https:\/\/ingenieria.udd.cl\/enviro\/files\/2021\/03\/Kit-de-suelo-Talca-1.jpeg","datePublished":"2021-06-14T19:24:48+00:00","dateModified":"2021-06-22T17:47:00+00:00","breadcrumb":{"@id":"https:\/\/ingenieria.udd.cl\/enviro\/kit-de-suelo\/#breadcrumb"},"inLanguage":"es","potentialAction":[{"@type":"ReadAction","target":["https:\/\/ingenieria.udd.cl\/enviro\/kit-de-suelo\/"]}]},{"@type":"ImageObject","inLanguage":"es","@id":"https:\/\/ingenieria.udd.cl\/enviro\/kit-de-suelo\/#primaryimage","url":"https:\/\/ingenieria.udd.cl\/enviro\/files\/2021\/03\/Kit-de-suelo-Talca-1.jpeg","contentUrl":"https:\/\/ingenieria.udd.cl\/enviro\/files\/2021\/03\/Kit-de-suelo-Talca-1.jpeg","width":1024,"height":682,"caption":"KIT"},{"@type":"BreadcrumbList","@id":"https:\/\/ingenieria.udd.cl\/enviro\/kit-de-suelo\/#breadcrumb","itemListElement":[{"@type":"ListItem","position":1,"name":"Portada","item":"https:\/\/ingenieria.udd.cl\/enviro\/"},{"@type":"ListItem","position":2,"name":"KIT DE SUELO"}]},{"@type":"WebSite","@id":"https:\/\/ingenieria.udd.cl\/enviro\/#website","url":"https:\/\/ingenieria.udd.cl\/enviro\/","name":"ENVIROHEALTH DATA OBSERVATORY","description":"www.enviro.udd.cl","inLanguage":"es"}]}},"_links":{"self":[{"href":"https:\/\/ingenieria.udd.cl\/enviro\/wp-json\/wp\/v2\/pages\/476","targetHints":{"allow":["GET"]}}],"collection":[{"href":"https:\/\/ingenieria.udd.cl\/enviro\/wp-json\/wp\/v2\/pages"}],"about":[{"href":"https:\/\/ingenieria.udd.cl\/enviro\/wp-json\/wp\/v2\/types\/page"}],"author":[{"embeddable":true,"href":"https:\/\/ingenieria.udd.cl\/enviro\/wp-json\/wp\/v2\/users\/9192225"}],"replies":[{"embeddable":true,"href":"https:\/\/ingenieria.udd.cl\/enviro\/wp-json\/wp\/v2\/comments?post=476"}],"version-history":[{"count":4,"href":"https:\/\/ingenieria.udd.cl\/enviro\/wp-json\/wp\/v2\/pages\/476\/revisions"}],"predecessor-version":[{"id":811,"href":"https:\/\/ingenieria.udd.cl\/enviro\/wp-json\/wp\/v2\/pages\/476\/revisions\/811"}],"wp:attachment":[{"href":"https:\/\/ingenieria.udd.cl\/enviro\/wp-json\/wp\/v2\/media?parent=476"}],"curies":[{"name":"wp","href":"https:\/\/api.w.org\/{rel}","templated":true}]}}