{"id":496,"date":"2021-06-14T22:07:16","date_gmt":"2021-06-14T20:07:16","guid":{"rendered":"https:\/\/ingenieria.udd.cl\/enviro\/?page_id=496"},"modified":"2022-03-22T20:12:54","modified_gmt":"2022-03-22T19:12:54","slug":"metales-en-la-tierra-alto-loa","status":"publish","type":"page","link":"https:\/\/ingenieria.udd.cl\/enviro\/metales-en-la-tierra-alto-loa\/","title":{"rendered":"METALES EN SUELOS EN ALTO LOA"},"content":{"rendered":"<section class=\"wp-block-udd-text-row block--bg-gradient\">\n\t<div class=\"text-row\">\n\t\t<div class=\"text-row__content\">\n\t\t\t<div class=\"text-row__content-inner text\">\n\t\t\t\t\t\t\t\t<h2>METALES EN SUELOS EN ALTO LOA<\/h2>\n\t\t\t\t\t\t\t\t\n<p>En este proyecto nos sumamos a la investigaci\u00f3n de Nicol\u00e1s Zanetta, quien investiga el transporte de contaminantes atmosf\u00e9ricos desde las minas cercanas a Calama en el norte de Chile. Recolectamos polvo de los techos y alf\u00e9izares de las aldeas locales de la regi\u00f3n del Alto Loa, as\u00ed como muestras de suelo y tambi\u00e9n t\u00e9cnicas de muestreo pasivo que permiten un an\u00e1lisis de la deposici\u00f3n de polvo tanto h\u00fameda como seca. Estamos interesados en analizar las muestras en busca de metales traza. Despu\u00e9s de un m\u00e9todo de preparaci\u00f3n de muestras, las muestras se enviaron para an\u00e1lisis de metales por ICP-MS y esperamos rastrear la dispersi\u00f3n de la contaminaci\u00f3n por metales traza de minas y estanques de relaves.<\/p>\n\t\t\t<\/div>\n\t\t<\/div>\n\t\t<div class=\"text-row__media\">\n\t\t\t<img loading=\"lazy\" decoding=\"async\" width=\"952\" height=\"534\" src=\"https:\/\/ingenieria.udd.cl\/enviro\/files\/2021\/03\/Calama_metales-1-680x382.jpg\" class=\"text-row__media-image lazyload\" alt=\"\" sizes=\"auto, (max-width: 952px) 100vw, 952px\" data-src=\"https:\/\/ingenieria.udd.cl\/enviro\/files\/2021\/03\/Calama_metales-1-952x534.jpg\" data-srcset=\"https:\/\/ingenieria.udd.cl\/enviro\/files\/2021\/03\/Calama_metales-1-952x534.jpg 952w, https:\/\/ingenieria.udd.cl\/enviro\/files\/2021\/03\/Calama_metales-1-1366x768.jpg 1366w, https:\/\/ingenieria.udd.cl\/enviro\/files\/2021\/03\/Calama_metales-1-680x382.jpg 680w\" \/>\t\t<\/div>\n\t<\/div>\n<\/section>\n","protected":false},"excerpt":{"rendered":"","protected":false},"author":9192225,"featured_media":0,"parent":0,"menu_order":0,"comment_status":"closed","ping_status":"closed","template":"","meta":{"footnotes":""},"class_list":["post-496","page","type-page","status-publish","hentry"],"yoast_head":"<!-- This site is optimized with the Yoast SEO plugin v26.9 - https:\/\/yoast.com\/product\/yoast-seo-wordpress\/ -->\n<title>METALES EN SUELOS EN ALTO LOA - ENVIROHEALTH DATA OBSERVATORY<\/title>\n<meta name=\"robots\" content=\"index, follow, max-snippet:-1, max-image-preview:large, max-video-preview:-1\" \/>\n<link rel=\"canonical\" href=\"https:\/\/ingenieria.udd.cl\/enviro\/metales-en-la-tierra-alto-loa\/\" \/>\n<meta property=\"og:locale\" content=\"es_ES\" \/>\n<meta property=\"og:type\" content=\"article\" \/>\n<meta property=\"og:title\" content=\"METALES EN SUELOS EN ALTO LOA - ENVIROHEALTH DATA OBSERVATORY\" \/>\n<meta property=\"og:url\" content=\"https:\/\/ingenieria.udd.cl\/enviro\/metales-en-la-tierra-alto-loa\/\" \/>\n<meta property=\"og:site_name\" content=\"ENVIROHEALTH DATA OBSERVATORY\" \/>\n<meta property=\"article:modified_time\" content=\"2022-03-22T19:12:54+00:00\" \/>\n<meta property=\"og:image\" content=\"https:\/\/ingenieria.udd.cl\/enviro\/files\/2021\/03\/Calama_metales-1-scaled.jpg\" \/>\n<meta name=\"twitter:card\" content=\"summary_large_image\" \/>\n<meta name=\"twitter:label1\" content=\"Tiempo de lectura\" \/>\n\t<meta name=\"twitter:data1\" content=\"1 minuto\" \/>\n<script type=\"application\/ld+json\" class=\"yoast-schema-graph\">{\"@context\":\"https:\/\/schema.org\",\"@graph\":[{\"@type\":\"WebPage\",\"@id\":\"https:\/\/ingenieria.udd.cl\/enviro\/metales-en-la-tierra-alto-loa\/\",\"url\":\"https:\/\/ingenieria.udd.cl\/enviro\/metales-en-la-tierra-alto-loa\/\",\"name\":\"METALES EN SUELOS EN ALTO LOA - ENVIROHEALTH DATA OBSERVATORY\",\"isPartOf\":{\"@id\":\"https:\/\/ingenieria.udd.cl\/enviro\/#website\"},\"primaryImageOfPage\":{\"@id\":\"https:\/\/ingenieria.udd.cl\/enviro\/metales-en-la-tierra-alto-loa\/#primaryimage\"},\"image\":{\"@id\":\"https:\/\/ingenieria.udd.cl\/enviro\/metales-en-la-tierra-alto-loa\/#primaryimage\"},\"thumbnailUrl\":\"https:\/\/ingenieria.udd.cl\/enviro\/files\/2021\/03\/Calama_metales-1-scaled.jpg\",\"datePublished\":\"2021-06-14T20:07:16+00:00\",\"dateModified\":\"2022-03-22T19:12:54+00:00\",\"breadcrumb\":{\"@id\":\"https:\/\/ingenieria.udd.cl\/enviro\/metales-en-la-tierra-alto-loa\/#breadcrumb\"},\"inLanguage\":\"es\",\"potentialAction\":[{\"@type\":\"ReadAction\",\"target\":[\"https:\/\/ingenieria.udd.cl\/enviro\/metales-en-la-tierra-alto-loa\/\"]}]},{\"@type\":\"ImageObject\",\"inLanguage\":\"es\",\"@id\":\"https:\/\/ingenieria.udd.cl\/enviro\/metales-en-la-tierra-alto-loa\/#primaryimage\",\"url\":\"https:\/\/ingenieria.udd.cl\/enviro\/files\/2021\/03\/Calama_metales-1-scaled.jpg\",\"contentUrl\":\"https:\/\/ingenieria.udd.cl\/enviro\/files\/2021\/03\/Calama_metales-1-scaled.jpg\",\"width\":2560,\"height\":1702},{\"@type\":\"BreadcrumbList\",\"@id\":\"https:\/\/ingenieria.udd.cl\/enviro\/metales-en-la-tierra-alto-loa\/#breadcrumb\",\"itemListElement\":[{\"@type\":\"ListItem\",\"position\":1,\"name\":\"Portada\",\"item\":\"https:\/\/ingenieria.udd.cl\/enviro\/\"},{\"@type\":\"ListItem\",\"position\":2,\"name\":\"METALES EN SUELOS EN ALTO LOA\"}]},{\"@type\":\"WebSite\",\"@id\":\"https:\/\/ingenieria.udd.cl\/enviro\/#website\",\"url\":\"https:\/\/ingenieria.udd.cl\/enviro\/\",\"name\":\"ENVIROHEALTH DATA OBSERVATORY\",\"description\":\"www.enviro.udd.cl\",\"inLanguage\":\"es\"}]}<\/script>\n<!-- \/ Yoast SEO plugin. -->","yoast_head_json":{"title":"METALES EN SUELOS EN ALTO LOA - ENVIROHEALTH DATA OBSERVATORY","robots":{"index":"index","follow":"follow","max-snippet":"max-snippet:-1","max-image-preview":"max-image-preview:large","max-video-preview":"max-video-preview:-1"},"canonical":"https:\/\/ingenieria.udd.cl\/enviro\/metales-en-la-tierra-alto-loa\/","og_locale":"es_ES","og_type":"article","og_title":"METALES EN SUELOS EN ALTO LOA - ENVIROHEALTH DATA OBSERVATORY","og_url":"https:\/\/ingenieria.udd.cl\/enviro\/metales-en-la-tierra-alto-loa\/","og_site_name":"ENVIROHEALTH DATA OBSERVATORY","article_modified_time":"2022-03-22T19:12:54+00:00","og_image":[{"url":"https:\/\/ingenieria.udd.cl\/enviro\/files\/2021\/03\/Calama_metales-1-scaled.jpg","type":"","width":"","height":""}],"twitter_card":"summary_large_image","twitter_misc":{"Tiempo de lectura":"1 minuto"},"schema":{"@context":"https:\/\/schema.org","@graph":[{"@type":"WebPage","@id":"https:\/\/ingenieria.udd.cl\/enviro\/metales-en-la-tierra-alto-loa\/","url":"https:\/\/ingenieria.udd.cl\/enviro\/metales-en-la-tierra-alto-loa\/","name":"METALES EN SUELOS EN ALTO LOA - ENVIROHEALTH DATA OBSERVATORY","isPartOf":{"@id":"https:\/\/ingenieria.udd.cl\/enviro\/#website"},"primaryImageOfPage":{"@id":"https:\/\/ingenieria.udd.cl\/enviro\/metales-en-la-tierra-alto-loa\/#primaryimage"},"image":{"@id":"https:\/\/ingenieria.udd.cl\/enviro\/metales-en-la-tierra-alto-loa\/#primaryimage"},"thumbnailUrl":"https:\/\/ingenieria.udd.cl\/enviro\/files\/2021\/03\/Calama_metales-1-scaled.jpg","datePublished":"2021-06-14T20:07:16+00:00","dateModified":"2022-03-22T19:12:54+00:00","breadcrumb":{"@id":"https:\/\/ingenieria.udd.cl\/enviro\/metales-en-la-tierra-alto-loa\/#breadcrumb"},"inLanguage":"es","potentialAction":[{"@type":"ReadAction","target":["https:\/\/ingenieria.udd.cl\/enviro\/metales-en-la-tierra-alto-loa\/"]}]},{"@type":"ImageObject","inLanguage":"es","@id":"https:\/\/ingenieria.udd.cl\/enviro\/metales-en-la-tierra-alto-loa\/#primaryimage","url":"https:\/\/ingenieria.udd.cl\/enviro\/files\/2021\/03\/Calama_metales-1-scaled.jpg","contentUrl":"https:\/\/ingenieria.udd.cl\/enviro\/files\/2021\/03\/Calama_metales-1-scaled.jpg","width":2560,"height":1702},{"@type":"BreadcrumbList","@id":"https:\/\/ingenieria.udd.cl\/enviro\/metales-en-la-tierra-alto-loa\/#breadcrumb","itemListElement":[{"@type":"ListItem","position":1,"name":"Portada","item":"https:\/\/ingenieria.udd.cl\/enviro\/"},{"@type":"ListItem","position":2,"name":"METALES EN SUELOS EN ALTO LOA"}]},{"@type":"WebSite","@id":"https:\/\/ingenieria.udd.cl\/enviro\/#website","url":"https:\/\/ingenieria.udd.cl\/enviro\/","name":"ENVIROHEALTH DATA OBSERVATORY","description":"www.enviro.udd.cl","inLanguage":"es"}]}},"_links":{"self":[{"href":"https:\/\/ingenieria.udd.cl\/enviro\/wp-json\/wp\/v2\/pages\/496","targetHints":{"allow":["GET"]}}],"collection":[{"href":"https:\/\/ingenieria.udd.cl\/enviro\/wp-json\/wp\/v2\/pages"}],"about":[{"href":"https:\/\/ingenieria.udd.cl\/enviro\/wp-json\/wp\/v2\/types\/page"}],"author":[{"embeddable":true,"href":"https:\/\/ingenieria.udd.cl\/enviro\/wp-json\/wp\/v2\/users\/9192225"}],"replies":[{"embeddable":true,"href":"https:\/\/ingenieria.udd.cl\/enviro\/wp-json\/wp\/v2\/comments?post=496"}],"version-history":[{"count":4,"href":"https:\/\/ingenieria.udd.cl\/enviro\/wp-json\/wp\/v2\/pages\/496\/revisions"}],"predecessor-version":[{"id":1489,"href":"https:\/\/ingenieria.udd.cl\/enviro\/wp-json\/wp\/v2\/pages\/496\/revisions\/1489"}],"wp:attachment":[{"href":"https:\/\/ingenieria.udd.cl\/enviro\/wp-json\/wp\/v2\/media?parent=496"}],"curies":[{"name":"wp","href":"https:\/\/api.w.org\/{rel}","templated":true}]}}