{"id":757,"date":"2021-06-18T23:52:47","date_gmt":"2021-06-18T21:52:47","guid":{"rendered":"https:\/\/ingenieria.udd.cl\/enviro\/?page_id=757"},"modified":"2022-03-22T20:10:08","modified_gmt":"2022-03-22T19:10:08","slug":"757-2","status":"publish","type":"page","link":"https:\/\/ingenieria.udd.cl\/enviro\/757-2\/","title":{"rendered":"INSTRUMENTOS"},"content":{"rendered":"<div class=\"wp-block-image\">\n<figure class=\"aligncenter size-large is-resized\"><a href=\"https:\/\/ingenieria.udd.cl\/enviro\/757-2\/?preview_id=757&amp;preview_nonce=d12a44e928&amp;preview=true\"><img decoding=\"async\" class=\"wp-image-758\" style=\"margin-left: -2%;max-width: 104%;margin-top: -4%\" src=\"https:\/\/ingenieria.udd.cl\/enviro\/files\/2021\/06\/instrumenots-32-32-3-1024x197.png\" alt=\"\" width=\"1920\" srcset=\"https:\/\/ingenieria.udd.cl\/enviro\/files\/2021\/06\/instrumenots-32-32-3-1024x197.png 1024w, https:\/\/ingenieria.udd.cl\/enviro\/files\/2021\/06\/instrumenots-32-32-3-300x58.png 300w, https:\/\/ingenieria.udd.cl\/enviro\/files\/2021\/06\/instrumenots-32-32-3-768x147.png 768w, https:\/\/ingenieria.udd.cl\/enviro\/files\/2021\/06\/instrumenots-32-32-3-1536x295.png 1536w, https:\/\/ingenieria.udd.cl\/enviro\/files\/2021\/06\/instrumenots-32-32-3-2048x393.png 2048w\" sizes=\"(max-width: 1024px) 100vw, 1024px\" \/><\/a><\/figure>\n<\/div>\n<p class=\"has-text-align-center\" style=\"margin-left: 17%\">EnvirO consta de instrumentaci\u00f3n de referencia para calibrar nuevos sistemas de monitoreo ambiental en el eje aire-suelo-agua y equipamiento para caracterizar nuevos sensores bajo condiciones ambientales simuladas. Estos equipos estar\u00e1n accesibles tanto en los laboratorios fijos de Santiago y Concepci\u00f3n como en una unidad m\u00f3vil que recorrer\u00e1 el pa\u00eds (fin de 2022). En este sitio web se contar\u00e1 con una herramienta para la gesti\u00f3n, la capacitaci\u00f3n y la reserva de uso de la plataforma de instrumentos. Los siguientes instrumentos est\u00e1n disponible para uso y pr\u00e9stamo:<\/p>\n\n\n<figure class=\"wp-block-table\"><table class=\"\"><tbody><tr><td class=\"has-text-align-center\" data-align=\"center\"><a href=\"https:\/\/www.thermofisher.com\/order\/catalog\/product\/42IQ#\/42IQ\"><img loading=\"lazy\" decoding=\"async\" width=\"7888\" height=\"9597\" class=\"wp-image-1447\" style=\"width: 450px\" src=\"https:\/\/ingenieria.udd.cl\/enviro\/files\/2021\/11\/Material-Particulado-en-rectangulo-03.png\" alt=\"\" srcset=\"https:\/\/ingenieria.udd.cl\/enviro\/files\/2021\/11\/Material-Particulado-en-rectangulo-03.png 7888w, https:\/\/ingenieria.udd.cl\/enviro\/files\/2021\/11\/Material-Particulado-en-rectangulo-03-247x300.png 247w, https:\/\/ingenieria.udd.cl\/enviro\/files\/2021\/11\/Material-Particulado-en-rectangulo-03-842x1024.png 842w, https:\/\/ingenieria.udd.cl\/enviro\/files\/2021\/11\/Material-Particulado-en-rectangulo-03-768x934.png 768w, https:\/\/ingenieria.udd.cl\/enviro\/files\/2021\/11\/Material-Particulado-en-rectangulo-03-1262x1536.png 1262w, https:\/\/ingenieria.udd.cl\/enviro\/files\/2021\/11\/Material-Particulado-en-rectangulo-03-1683x2048.png 1683w\" sizes=\"auto, (max-width: 7888px) 100vw, 7888px\" \/><\/a> <img decoding=\"async\" class=\"wp-image-1392\" style=\"width: 350px\" src=\"https:\/\/ingenieria.udd.cl\/enviro\/files\/2021\/11\/Meteorologi\u0301a1-01.png\" alt=\"\"><img loading=\"lazy\" decoding=\"async\" width=\"2774\" height=\"776\" class=\"wp-image-1370\" style=\"width: 100px\" src=\"https:\/\/ingenieria.udd.cl\/enviro\/files\/2021\/11\/YSI-MultiLab_photo-08-2.png\" alt=\"\" srcset=\"https:\/\/ingenieria.udd.cl\/enviro\/files\/2021\/11\/YSI-MultiLab_photo-08-2.png 2774w, https:\/\/ingenieria.udd.cl\/enviro\/files\/2021\/11\/YSI-MultiLab_photo-08-2-300x84.png 300w, https:\/\/ingenieria.udd.cl\/enviro\/files\/2021\/11\/YSI-MultiLab_photo-08-2-1024x286.png 1024w, https:\/\/ingenieria.udd.cl\/enviro\/files\/2021\/11\/YSI-MultiLab_photo-08-2-768x215.png 768w, https:\/\/ingenieria.udd.cl\/enviro\/files\/2021\/11\/YSI-MultiLab_photo-08-2-1536x430.png 1536w, https:\/\/ingenieria.udd.cl\/enviro\/files\/2021\/11\/YSI-MultiLab_photo-08-2-2048x573.png 2048w\" sizes=\"auto, (max-width: 2774px) 100vw, 2774px\" \/><\/td><td class=\"has-text-align-center\" data-align=\"center\"><img decoding=\"async\" class=\"wp-image-1393\" style=\"width: 350px\" src=\"https:\/\/ingenieria.udd.cl\/enviro\/files\/2021\/11\/Meteorologi\u0301a1-02.png\" alt=\"\"><img loading=\"lazy\" decoding=\"async\" width=\"7889\" height=\"9597\" class=\"wp-image-1448\" style=\"width: 450px\" src=\"https:\/\/ingenieria.udd.cl\/enviro\/files\/2021\/11\/Material-Particulado-en-rectangulo-02.png\" alt=\"\" srcset=\"https:\/\/ingenieria.udd.cl\/enviro\/files\/2021\/11\/Material-Particulado-en-rectangulo-02.png 7889w, https:\/\/ingenieria.udd.cl\/enviro\/files\/2021\/11\/Material-Particulado-en-rectangulo-02-247x300.png 247w, https:\/\/ingenieria.udd.cl\/enviro\/files\/2021\/11\/Material-Particulado-en-rectangulo-02-842x1024.png 842w, https:\/\/ingenieria.udd.cl\/enviro\/files\/2021\/11\/Material-Particulado-en-rectangulo-02-768x934.png 768w, https:\/\/ingenieria.udd.cl\/enviro\/files\/2021\/11\/Material-Particulado-en-rectangulo-02-1263x1536.png 1263w, https:\/\/ingenieria.udd.cl\/enviro\/files\/2021\/11\/Material-Particulado-en-rectangulo-02-1684x2048.png 1684w\" sizes=\"auto, (max-width: 7889px) 100vw, 7889px\" \/><br><\/td><td class=\"has-text-align-center\" data-align=\"center\"><a href=\"https:\/\/www.thermofisher.com\/order\/catalog\/product\/43IQ#\/43IQ\"><img loading=\"lazy\" decoding=\"async\" width=\"7888\" height=\"9597\" class=\"wp-image-1449\" style=\"width: 450px\" src=\"https:\/\/ingenieria.udd.cl\/enviro\/files\/2021\/11\/Material-Particulado-en-rectangulo-01.png\" alt=\"\" srcset=\"https:\/\/ingenieria.udd.cl\/enviro\/files\/2021\/11\/Material-Particulado-en-rectangulo-01.png 7888w, https:\/\/ingenieria.udd.cl\/enviro\/files\/2021\/11\/Material-Particulado-en-rectangulo-01-247x300.png 247w, https:\/\/ingenieria.udd.cl\/enviro\/files\/2021\/11\/Material-Particulado-en-rectangulo-01-842x1024.png 842w, https:\/\/ingenieria.udd.cl\/enviro\/files\/2021\/11\/Material-Particulado-en-rectangulo-01-768x934.png 768w, https:\/\/ingenieria.udd.cl\/enviro\/files\/2021\/11\/Material-Particulado-en-rectangulo-01-1262x1536.png 1262w, https:\/\/ingenieria.udd.cl\/enviro\/files\/2021\/11\/Material-Particulado-en-rectangulo-01-1683x2048.png 1683w\" sizes=\"auto, (max-width: 7888px) 100vw, 7888px\" \/><\/a><img decoding=\"async\" class=\"wp-image-1394\" style=\"width: 350px\" src=\"https:\/\/ingenieria.udd.cl\/enviro\/files\/2021\/11\/Meteorologi\u0301a1-03.png\" alt=\"\"><\/td><\/tr><\/tbody><\/table><\/figure>\n\n\n\n<figure class=\"wp-block-table\"><table class=\"\"><tbody><tr><td class=\"has-text-align-center\" data-align=\"center\"><a href=\"https:\/\/www.envea.global\/s\/ambient-en\/gas-monitors-ambient-en\/co12e\/\"><img loading=\"lazy\" decoding=\"async\" width=\"7888\" height=\"9663\" class=\"wp-image-1451\" style=\"width: 450px\" src=\"https:\/\/ingenieria.udd.cl\/enviro\/files\/2021\/11\/Material-Particulado-en-rectangulo-04.png\" alt=\"\" srcset=\"https:\/\/ingenieria.udd.cl\/enviro\/files\/2021\/11\/Material-Particulado-en-rectangulo-04.png 7888w, https:\/\/ingenieria.udd.cl\/enviro\/files\/2021\/11\/Material-Particulado-en-rectangulo-04-245x300.png 245w, https:\/\/ingenieria.udd.cl\/enviro\/files\/2021\/11\/Material-Particulado-en-rectangulo-04-836x1024.png 836w, https:\/\/ingenieria.udd.cl\/enviro\/files\/2021\/11\/Material-Particulado-en-rectangulo-04-768x941.png 768w, https:\/\/ingenieria.udd.cl\/enviro\/files\/2021\/11\/Material-Particulado-en-rectangulo-04-1254x1536.png 1254w, https:\/\/ingenieria.udd.cl\/enviro\/files\/2021\/11\/Material-Particulado-en-rectangulo-04-1672x2048.png 1672w\" sizes=\"auto, (max-width: 7888px) 100vw, 7888px\" \/><\/a><img decoding=\"async\" class=\"wp-image-1395\" style=\"width: 350px\" src=\"https:\/\/ingenieria.udd.cl\/enviro\/files\/2021\/11\/Meteorologi\u0301a1-04.png\" alt=\"\"><\/td><td class=\"has-text-align-center\" data-align=\"center\"><a href=\"https:\/\/www.picarro.com\/products\/gas-scouter-g4301\"><img loading=\"lazy\" decoding=\"async\" width=\"7888\" height=\"9663\" class=\"wp-image-1460\" style=\"width: 450px\" src=\"https:\/\/ingenieria.udd.cl\/enviro\/files\/2021\/11\/Material-Particulado-en-rectangulo-05-1.png\" alt=\"\" srcset=\"https:\/\/ingenieria.udd.cl\/enviro\/files\/2021\/11\/Material-Particulado-en-rectangulo-05-1.png 7888w, https:\/\/ingenieria.udd.cl\/enviro\/files\/2021\/11\/Material-Particulado-en-rectangulo-05-1-245x300.png 245w, https:\/\/ingenieria.udd.cl\/enviro\/files\/2021\/11\/Material-Particulado-en-rectangulo-05-1-836x1024.png 836w, https:\/\/ingenieria.udd.cl\/enviro\/files\/2021\/11\/Material-Particulado-en-rectangulo-05-1-768x941.png 768w, https:\/\/ingenieria.udd.cl\/enviro\/files\/2021\/11\/Material-Particulado-en-rectangulo-05-1-1254x1536.png 1254w, https:\/\/ingenieria.udd.cl\/enviro\/files\/2021\/11\/Material-Particulado-en-rectangulo-05-1-1672x2048.png 1672w\" sizes=\"auto, (max-width: 7888px) 100vw, 7888px\" \/><\/a><img decoding=\"async\" class=\"wp-image-1396\" style=\"width: 350px\" src=\"https:\/\/ingenieria.udd.cl\/enviro\/files\/2021\/11\/Meteorologi\u0301a1-05.png\" alt=\"\"><\/td><\/tr><\/tbody><\/table><\/figure>\n\n\n\n<h2 class=\"wp-block-heading\">Meteorolog\u00eda<\/h2>\n\n\n\n<div class=\"wp-block-image\"><figure class=\"aligncenter size-large is-resized\"><img loading=\"lazy\" decoding=\"async\" src=\"https:\/\/ingenieria.udd.cl\/enviro\/files\/2021\/11\/agua-en-rectangulo-08-08-1024x424.png\" alt=\"\" class=\"wp-image-1444\" width=\"1024\" height=\"424\" srcset=\"https:\/\/ingenieria.udd.cl\/enviro\/files\/2021\/11\/agua-en-rectangulo-08-08-1024x424.png 1024w, https:\/\/ingenieria.udd.cl\/enviro\/files\/2021\/11\/agua-en-rectangulo-08-08-300x124.png 300w, https:\/\/ingenieria.udd.cl\/enviro\/files\/2021\/11\/agua-en-rectangulo-08-08-768x318.png 768w, https:\/\/ingenieria.udd.cl\/enviro\/files\/2021\/11\/agua-en-rectangulo-08-08-1536x636.png 1536w, https:\/\/ingenieria.udd.cl\/enviro\/files\/2021\/11\/agua-en-rectangulo-08-08-2048x848.png 2048w\" sizes=\"auto, (max-width: 1024px) 100vw, 1024px\" \/><\/figure><\/div>\n\n\n\n<figure class=\"wp-block-table\"><table class=\"\"><tbody><tr><td>campbell MetSens600<\/td><td class=\"has-text-align-left\" data-align=\"left\"><br><a href=\"https:\/\/www.campbellsci.com\/metsens600\">https:\/\/www.campbellsci.com\/metsens600<\/a><\/td><\/tr><tr><td><br>Kipp and Zonnen UV-E<\/td><td class=\"has-text-align-left\" data-align=\"left\"><br><a href=\"https:\/\/www.kippzonen.com\/Product\/428\/SUV-E-UVE-Radiometer#.YSVGoo4zbIU\">https:\/\/www.kippzonen.com\/Product\/428\/SUV-E-UVE-Radiometer#.YSVGoo4zbIU<\/a><\/td><\/tr><tr><td>Young 5103 anemometer<\/td><td class=\"has-text-align-left\" data-align=\"left\"><br><a href=\"https:\/\/www.youngusa.com\/product\/wind-monitor\/\">https:\/\/www.youngusa.com\/product\/wind-monitor\/<\/a><\/td><\/tr><tr><td>TE525MM-L25<\/td><td class=\"has-text-align-left\" data-align=\"left\"><a href=\"https:\/\/www.campbellsci.com\/te525-l\">https:\/\/www.campbellsci.com\/te525-l<\/a><\/td><\/tr><\/tbody><\/table><\/figure>\n\n\n\n\n<section class=\"wp-block-udd-text-row block--bg-gradient\">\n\t<div class=\"text-row\">\n\t\t<div class=\"text-row__content\">\n\t\t\t<div class=\"text-row__content-inner text\">\n\t\t\t\t\t\t\t\t<h2>Instrumentos de an\u00e1lisis<\/h2>\n\t\t\t\t\t\t\t\t\n<p class=\"has-text-color has-cyan-bluish-gray-color\">&#8211; Analizador discreto automatizado (alcalinidad, amon\u00edaco, cloruro, cianuros, nitrato \/ nitrito, nitrito, fen\u00f3licos, fosfato, f\u00f3sforo, silicato total, sulfato, etc.)<br>&#8211; Espectr\u00f3metro Spectroquant\u00ae Prove 600 UV \/ Vis (metales, sulfatos, dureza, pH, \u00e1cidos org\u00e1nicos, etc.)<br>&#8211; Instrumento multiparam\u00e9trico para variables de calidad de agua<br>&#8211; Instrumento multiparam\u00e9trico port\u00e1til para variables de calidad de agua (ox\u00edgeno disuelto, turbidez, pH, potencial de oxidaci\u00f3n-reducci\u00f3n, conductividad, salinidad, s\u00f3lidos disueltos totales, amon\u00edaco, cloruro, nitrato, profundidad, temperatura)<br>&#8211; Analizador de metales XRF port\u00e1til<\/p>\n\n<p class=\"has-text-color has-cyan-bluish-gray-color\">Instrumentos de referencia para medici\u00f3n de:<br>&#8211; Flujo de agua por efecto doppler<br>&#8211; Flujo de agua por sistema hidrom\u00e9trico (molinete)<br>&#8211; Nivel de agua (Hobo MX2001)<\/p>\n\t\t\t<\/div>\n\t\t<\/div>\n\t\t<div class=\"text-row__media\">\n\t\t\t<img loading=\"lazy\" decoding=\"async\" width=\"952\" height=\"534\" src=\"https:\/\/ingenieria.udd.cl\/enviro\/files\/2021\/06\/water-analysis-680x382.jpg\" class=\"text-row__media-image lazyload\" alt=\"\" sizes=\"auto, (max-width: 952px) 100vw, 952px\" data-src=\"https:\/\/ingenieria.udd.cl\/enviro\/files\/2021\/06\/water-analysis-952x534.jpg\" data-srcset=\"https:\/\/ingenieria.udd.cl\/enviro\/files\/2021\/06\/water-analysis-952x534.jpg 952w, https:\/\/ingenieria.udd.cl\/enviro\/files\/2021\/06\/water-analysis-1366x768.jpg 1366w, https:\/\/ingenieria.udd.cl\/enviro\/files\/2021\/06\/water-analysis-680x382.jpg 680w\" \/>\t\t<\/div>\n\t<\/div>\n<\/section>\n\n\n<section class=\"wp-block-udd-contacts is-style-default\">\n<div class=\"block__bg\"><img loading=\"lazy\" decoding=\"async\" class=\"block__bg-image object-cover ls-is-cached lazyloaded\" src=\"https:\/\/ingenieria.udd.cl\/ltc\/files\/2021\/05\/FondofotocontactoLTC-14-680x382.jpg\" alt=\"\" width=\"680\" height=\"382\" data-src=\"https:\/\/ingenieria.udd.cl\/ltc\/files\/2021\/05\/FondofotocontactoLTC-14-680x382.jpg\" data-srcset=\"https:\/\/ingenieria.udd.cl\/ltc\/files\/2021\/05\/FondofotocontactoLTC-14-680x382.jpg 680w, https:\/\/ingenieria.udd.cl\/ltc\/files\/2021\/05\/FondofotocontactoLTC-14-1366x768.jpg 1366w, https:\/\/ingenieria.udd.cl\/ltc\/files\/2021\/05\/FondofotocontactoLTC-14-952x534.jpg 952w\"><\/div>\n<div class=\"container\" style=\"padding-bottom: 0px;margin-bottom: 22%\">\n<header class=\"block__header\">\n<h2 class=\"block__title\" style=\"margin-top: -3%\">Contacto<\/h2>\n<\/header>\n<div class=\"block__content\">\n<ul class=\"contacts\" style=\"margin-bottom: -25%\">\n<li class=\"contact\">\n<div class=\"person-contact\">\n<h3 class=\"person-contact__name\">Enviro Health Data Observatory<\/h3>\n<p><span class=\"person-contact__email\">Email: <a href=\"mailto:detbb\">enviro@udd.cl<\/a><\/span><\/p>\n<div style=\"margin-top: 5%;margin-left: 1%\"><a href=\"https:\/\/www.linkedin.com\/company\/envirohealth-data-observatory\/about\/?viewAsMember=true\"><img decoding=\"async\" class=\"wp-image-60\" style=\"width: 7%\" src=\"https:\/\/ingenieria.udd.cl\/ltc\/files\/2021\/05\/in.png\" alt=\"\"><\/a> <a href=\"https:\/\/www.instagram.com\/enviroudd\/?hl=es-la\"><img decoding=\"async\" class=\"wp-image-60\" style=\"width: 7%;margin-top: 0.5%;margin-left: 2%\" src=\"https:\/\/ingenieria.udd.cl\/ltc\/files\/2021\/05\/instagram.png\" alt=\"\"><\/a><\/div>\n<div style=\"margin-top: -4%\"><img decoding=\"async\" class=\"wp-image-147\" style=\"width: 70%;margin-top: 15%;margin-left: 0%\" src=\"https:\/\/ingenieria.udd.cl\/enviro\/files\/2021\/06\/logos-contacto-32.png\" alt=\"\"><\/div>\n<div><a href=\"#\"><img decoding=\"async\" class=\"wp-image-60\" style=\"width: 45%;margin-top: 9%;margin-right: -4%;margin-left: -3%\" src=\"https:\/\/ingenieria.udd.cl\/enviro\/files\/2021\/06\/logos-contacto-33.png\" alt=\"\"><\/a> <a href=\"https:\/\/www.minciencia.gob.cl\/\"><img decoding=\"async\" class=\"wp-image-60\" style=\"width: 40%;margin-top: 6%\" src=\"https:\/\/ingenieria.udd.cl\/enviro\/files\/2021\/06\/logos-contacto-31.png\" alt=\"\"><\/a><\/div>\n<\/div>\n<\/li>\n<\/ul>\n<\/div>\n<\/div>\n<\/section>","protected":false},"excerpt":{"rendered":"<p>EnvirO consta de instrumentaci\u00f3n de referencia para calibrar nuevos sistemas de monitoreo ambiental en el eje aire-suelo-agua y equipamiento para caracterizar nuevos sensores bajo condiciones ambientales simuladas. Estos equipos estar\u00e1n accesibles tanto en los laboratorios fijos de Santiago y Concepci\u00f3n como en una unidad m\u00f3vil que recorrer\u00e1 el pa\u00eds (fin de 2022). En este sitio [&hellip;]<\/p>\n","protected":false},"author":9192225,"featured_media":0,"parent":0,"menu_order":0,"comment_status":"closed","ping_status":"closed","template":"","meta":{"footnotes":""},"class_list":["post-757","page","type-page","status-publish","hentry"],"yoast_head":"<!-- This site is optimized with the Yoast SEO plugin v26.9 - https:\/\/yoast.com\/product\/yoast-seo-wordpress\/ -->\n<title>INSTRUMENTOS - ENVIROHEALTH DATA OBSERVATORY<\/title>\n<meta name=\"robots\" content=\"index, follow, max-snippet:-1, max-image-preview:large, max-video-preview:-1\" \/>\n<link rel=\"canonical\" href=\"https:\/\/ingenieria.udd.cl\/enviro\/757-2\/\" \/>\n<meta property=\"og:locale\" content=\"es_ES\" \/>\n<meta property=\"og:type\" content=\"article\" \/>\n<meta property=\"og:title\" content=\"INSTRUMENTOS - ENVIROHEALTH DATA OBSERVATORY\" \/>\n<meta property=\"og:description\" content=\"EnvirO consta de instrumentaci\u00f3n de referencia para calibrar nuevos sistemas de monitoreo ambiental en el eje aire-suelo-agua y equipamiento para caracterizar nuevos sensores bajo condiciones ambientales simuladas. Estos equipos estar\u00e1n accesibles tanto en los laboratorios fijos de Santiago y Concepci\u00f3n como en una unidad m\u00f3vil que recorrer\u00e1 el pa\u00eds (fin de 2022). En este sitio [&hellip;]\" \/>\n<meta property=\"og:url\" content=\"https:\/\/ingenieria.udd.cl\/enviro\/757-2\/\" \/>\n<meta property=\"og:site_name\" content=\"ENVIROHEALTH DATA OBSERVATORY\" \/>\n<meta property=\"article:modified_time\" content=\"2022-03-22T19:10:08+00:00\" \/>\n<meta property=\"og:image\" content=\"https:\/\/ingenieria.udd.cl\/enviro\/files\/2021\/06\/instrumenots-32-32-3-1024x197.png\" \/>\n<meta name=\"twitter:card\" content=\"summary_large_image\" \/>\n<meta name=\"twitter:label1\" content=\"Tiempo de lectura\" \/>\n\t<meta name=\"twitter:data1\" content=\"1 minuto\" \/>\n<script type=\"application\/ld+json\" class=\"yoast-schema-graph\">{\"@context\":\"https:\/\/schema.org\",\"@graph\":[{\"@type\":\"WebPage\",\"@id\":\"https:\/\/ingenieria.udd.cl\/enviro\/757-2\/\",\"url\":\"https:\/\/ingenieria.udd.cl\/enviro\/757-2\/\",\"name\":\"INSTRUMENTOS - ENVIROHEALTH DATA OBSERVATORY\",\"isPartOf\":{\"@id\":\"https:\/\/ingenieria.udd.cl\/enviro\/#website\"},\"primaryImageOfPage\":{\"@id\":\"https:\/\/ingenieria.udd.cl\/enviro\/757-2\/#primaryimage\"},\"image\":{\"@id\":\"https:\/\/ingenieria.udd.cl\/enviro\/757-2\/#primaryimage\"},\"thumbnailUrl\":\"https:\/\/ingenieria.udd.cl\/enviro\/files\/2021\/06\/instrumenots-32-32-3-1024x197.png\",\"datePublished\":\"2021-06-18T21:52:47+00:00\",\"dateModified\":\"2022-03-22T19:10:08+00:00\",\"breadcrumb\":{\"@id\":\"https:\/\/ingenieria.udd.cl\/enviro\/757-2\/#breadcrumb\"},\"inLanguage\":\"es\",\"potentialAction\":[{\"@type\":\"ReadAction\",\"target\":[\"https:\/\/ingenieria.udd.cl\/enviro\/757-2\/\"]}]},{\"@type\":\"ImageObject\",\"inLanguage\":\"es\",\"@id\":\"https:\/\/ingenieria.udd.cl\/enviro\/757-2\/#primaryimage\",\"url\":\"https:\/\/ingenieria.udd.cl\/enviro\/files\/2021\/06\/instrumenots-32-32-3-1024x197.png\",\"contentUrl\":\"https:\/\/ingenieria.udd.cl\/enviro\/files\/2021\/06\/instrumenots-32-32-3-1024x197.png\"},{\"@type\":\"BreadcrumbList\",\"@id\":\"https:\/\/ingenieria.udd.cl\/enviro\/757-2\/#breadcrumb\",\"itemListElement\":[{\"@type\":\"ListItem\",\"position\":1,\"name\":\"Portada\",\"item\":\"https:\/\/ingenieria.udd.cl\/enviro\/\"},{\"@type\":\"ListItem\",\"position\":2,\"name\":\"INSTRUMENTOS\"}]},{\"@type\":\"WebSite\",\"@id\":\"https:\/\/ingenieria.udd.cl\/enviro\/#website\",\"url\":\"https:\/\/ingenieria.udd.cl\/enviro\/\",\"name\":\"ENVIROHEALTH DATA OBSERVATORY\",\"description\":\"www.enviro.udd.cl\",\"inLanguage\":\"es\"}]}<\/script>\n<!-- \/ Yoast SEO plugin. -->","yoast_head_json":{"title":"INSTRUMENTOS - ENVIROHEALTH DATA OBSERVATORY","robots":{"index":"index","follow":"follow","max-snippet":"max-snippet:-1","max-image-preview":"max-image-preview:large","max-video-preview":"max-video-preview:-1"},"canonical":"https:\/\/ingenieria.udd.cl\/enviro\/757-2\/","og_locale":"es_ES","og_type":"article","og_title":"INSTRUMENTOS - ENVIROHEALTH DATA OBSERVATORY","og_description":"EnvirO consta de instrumentaci\u00f3n de referencia para calibrar nuevos sistemas de monitoreo ambiental en el eje aire-suelo-agua y equipamiento para caracterizar nuevos sensores bajo condiciones ambientales simuladas. Estos equipos estar\u00e1n accesibles tanto en los laboratorios fijos de Santiago y Concepci\u00f3n como en una unidad m\u00f3vil que recorrer\u00e1 el pa\u00eds (fin de 2022). En este sitio [&hellip;]","og_url":"https:\/\/ingenieria.udd.cl\/enviro\/757-2\/","og_site_name":"ENVIROHEALTH DATA OBSERVATORY","article_modified_time":"2022-03-22T19:10:08+00:00","og_image":[{"url":"https:\/\/ingenieria.udd.cl\/enviro\/files\/2021\/06\/instrumenots-32-32-3-1024x197.png","type":"","width":"","height":""}],"twitter_card":"summary_large_image","twitter_misc":{"Tiempo de lectura":"1 minuto"},"schema":{"@context":"https:\/\/schema.org","@graph":[{"@type":"WebPage","@id":"https:\/\/ingenieria.udd.cl\/enviro\/757-2\/","url":"https:\/\/ingenieria.udd.cl\/enviro\/757-2\/","name":"INSTRUMENTOS - ENVIROHEALTH DATA OBSERVATORY","isPartOf":{"@id":"https:\/\/ingenieria.udd.cl\/enviro\/#website"},"primaryImageOfPage":{"@id":"https:\/\/ingenieria.udd.cl\/enviro\/757-2\/#primaryimage"},"image":{"@id":"https:\/\/ingenieria.udd.cl\/enviro\/757-2\/#primaryimage"},"thumbnailUrl":"https:\/\/ingenieria.udd.cl\/enviro\/files\/2021\/06\/instrumenots-32-32-3-1024x197.png","datePublished":"2021-06-18T21:52:47+00:00","dateModified":"2022-03-22T19:10:08+00:00","breadcrumb":{"@id":"https:\/\/ingenieria.udd.cl\/enviro\/757-2\/#breadcrumb"},"inLanguage":"es","potentialAction":[{"@type":"ReadAction","target":["https:\/\/ingenieria.udd.cl\/enviro\/757-2\/"]}]},{"@type":"ImageObject","inLanguage":"es","@id":"https:\/\/ingenieria.udd.cl\/enviro\/757-2\/#primaryimage","url":"https:\/\/ingenieria.udd.cl\/enviro\/files\/2021\/06\/instrumenots-32-32-3-1024x197.png","contentUrl":"https:\/\/ingenieria.udd.cl\/enviro\/files\/2021\/06\/instrumenots-32-32-3-1024x197.png"},{"@type":"BreadcrumbList","@id":"https:\/\/ingenieria.udd.cl\/enviro\/757-2\/#breadcrumb","itemListElement":[{"@type":"ListItem","position":1,"name":"Portada","item":"https:\/\/ingenieria.udd.cl\/enviro\/"},{"@type":"ListItem","position":2,"name":"INSTRUMENTOS"}]},{"@type":"WebSite","@id":"https:\/\/ingenieria.udd.cl\/enviro\/#website","url":"https:\/\/ingenieria.udd.cl\/enviro\/","name":"ENVIROHEALTH DATA OBSERVATORY","description":"www.enviro.udd.cl","inLanguage":"es"}]}},"_links":{"self":[{"href":"https:\/\/ingenieria.udd.cl\/enviro\/wp-json\/wp\/v2\/pages\/757","targetHints":{"allow":["GET"]}}],"collection":[{"href":"https:\/\/ingenieria.udd.cl\/enviro\/wp-json\/wp\/v2\/pages"}],"about":[{"href":"https:\/\/ingenieria.udd.cl\/enviro\/wp-json\/wp\/v2\/types\/page"}],"author":[{"embeddable":true,"href":"https:\/\/ingenieria.udd.cl\/enviro\/wp-json\/wp\/v2\/users\/9192225"}],"replies":[{"embeddable":true,"href":"https:\/\/ingenieria.udd.cl\/enviro\/wp-json\/wp\/v2\/comments?post=757"}],"version-history":[{"count":50,"href":"https:\/\/ingenieria.udd.cl\/enviro\/wp-json\/wp\/v2\/pages\/757\/revisions"}],"predecessor-version":[{"id":1487,"href":"https:\/\/ingenieria.udd.cl\/enviro\/wp-json\/wp\/v2\/pages\/757\/revisions\/1487"}],"wp:attachment":[{"href":"https:\/\/ingenieria.udd.cl\/enviro\/wp-json\/wp\/v2\/media?parent=757"}],"curies":[{"name":"wp","href":"https:\/\/api.w.org\/{rel}","templated":true}]}}