{"id":1134,"date":"2020-06-16T15:38:59","date_gmt":"2020-06-16T15:38:59","guid":{"rendered":"https:\/\/ii.udd.cl\/?page_id=1134"},"modified":"2020-09-23T17:02:37","modified_gmt":"2020-09-23T15:02:37","slug":"casc-02-casco-de-tratamiento-de-oxigeno","status":"publish","type":"page","link":"https:\/\/ingenieria.udd.cl\/ii\/covid\/casc-02-casco-de-tratamiento-de-oxigeno\/","title":{"rendered":"CASC.02 &#8211; Casco de tratamiento de ox\u00edgeno"},"content":{"rendered":"\n<p> En el marco de la pandemia Covid-19, la Universidad del Desarrollo a trav\u00e9s de la Direcci\u00f3n de Innovaci\u00f3n, ha dise\u00f1ado un casco de tratamiento de ox\u00edgeno para ventilaci\u00f3n no invasiva, dirigida a pacientes contagiados con Covid. La iniciativa surgi\u00f3 a partir de una necesidad de la Cl\u00ednica Alemana de contar con un dispositivo que otorgue mayor comodidad a pacientes en etapas tempranas de la enfermedad y as\u00ed contar con una terapia alternativa que permita evitar recurrir al ventilador mec\u00e1nico, asimismo se busca reducir el riesgo de contaminaci\u00f3n del recinto hospitalario.   <\/p>\n\n\n\n<figure class=\"wp-block-gallery columns-3 is-cropped wp-block-gallery-1 is-layout-flex wp-block-gallery-is-layout-flex\"><ul class=\"blocks-gallery-grid\"><li class=\"blocks-gallery-item\"><figure><img loading=\"lazy\" decoding=\"async\" width=\"745\" height=\"613\" src=\"https:\/\/ingenieria.udd.cl\/ii\/files\/2020\/06\/whatsapp-image-2020-05-29-at-14.58.24.jpeg\" alt=\"\" data-id=\"1128\" data-full-url=\"https:\/\/ingenieria.udd.cl\/ii\/files\/2020\/06\/whatsapp-image-2020-05-29-at-14.58.24.jpeg\" data-link=\"https:\/\/ii.udd.cl\/2020\/06\/11\/covid-19-innovacion-udd-disena-casco-de-tratamiento-de-oxigeno-para-ventilacion-no-invasiva\/whatsapp-image-2020-05-29-at-14-58-24\/\" class=\"wp-image-1128\" srcset=\"https:\/\/ingenieria.udd.cl\/ii\/files\/2020\/06\/whatsapp-image-2020-05-29-at-14.58.24.jpeg 745w, https:\/\/ingenieria.udd.cl\/ii\/files\/2020\/06\/whatsapp-image-2020-05-29-at-14.58.24-300x247.jpeg 300w\" sizes=\"auto, (max-width: 745px) 100vw, 745px\" \/><\/figure><\/li><li class=\"blocks-gallery-item\"><figure><img loading=\"lazy\" decoding=\"async\" width=\"1024\" height=\"1018\" src=\"https:\/\/ingenieria.udd.cl\/ii\/files\/2020\/06\/casco2-1024x1018.jpeg\" alt=\"\" data-id=\"1126\" data-full-url=\"https:\/\/ingenieria.udd.cl\/ii\/files\/2020\/06\/casco2.jpeg\" data-link=\"https:\/\/ii.udd.cl\/2020\/06\/11\/covid-19-innovacion-udd-disena-casco-de-tratamiento-de-oxigeno-para-ventilacion-no-invasiva\/casco2\/\" class=\"wp-image-1126\" srcset=\"https:\/\/ingenieria.udd.cl\/ii\/files\/2020\/06\/casco2-1024x1018.jpeg 1024w, https:\/\/ingenieria.udd.cl\/ii\/files\/2020\/06\/casco2-300x298.jpeg 300w, https:\/\/ingenieria.udd.cl\/ii\/files\/2020\/06\/casco2-150x150.jpeg 150w, https:\/\/ingenieria.udd.cl\/ii\/files\/2020\/06\/casco2-768x764.jpeg 768w, https:\/\/ingenieria.udd.cl\/ii\/files\/2020\/06\/casco2-62x62.jpeg 62w, https:\/\/ingenieria.udd.cl\/ii\/files\/2020\/06\/casco2-250x250.jpeg 250w, https:\/\/ingenieria.udd.cl\/ii\/files\/2020\/06\/casco2-126x126.jpeg 126w, https:\/\/ingenieria.udd.cl\/ii\/files\/2020\/06\/casco2.jpeg 1280w\" sizes=\"auto, (max-width: 1024px) 100vw, 1024px\" \/><\/figure><\/li><li class=\"blocks-gallery-item\"><figure><img loading=\"lazy\" decoding=\"async\" width=\"768\" height=\"1024\" src=\"https:\/\/ingenieria.udd.cl\/ii\/files\/2020\/06\/whatsapp-image-2020-06-01-at-15.24.51-768x1024.jpeg\" alt=\"\" data-id=\"1127\" data-full-url=\"https:\/\/ingenieria.udd.cl\/ii\/files\/2020\/06\/whatsapp-image-2020-06-01-at-15.24.51.jpeg\" data-link=\"https:\/\/ii.udd.cl\/2020\/06\/11\/covid-19-innovacion-udd-disena-casco-de-tratamiento-de-oxigeno-para-ventilacion-no-invasiva\/whatsapp-image-2020-06-01-at-15-24-51\/\" class=\"wp-image-1127\" srcset=\"https:\/\/ingenieria.udd.cl\/ii\/files\/2020\/06\/whatsapp-image-2020-06-01-at-15.24.51-768x1024.jpeg 768w, https:\/\/ingenieria.udd.cl\/ii\/files\/2020\/06\/whatsapp-image-2020-06-01-at-15.24.51-225x300.jpeg 225w, https:\/\/ingenieria.udd.cl\/ii\/files\/2020\/06\/whatsapp-image-2020-06-01-at-15.24.51.jpeg 960w\" sizes=\"auto, (max-width: 768px) 100vw, 768px\" \/><\/figure><\/li><\/ul><\/figure>\n","protected":false},"excerpt":{"rendered":"<p>En el marco de la pandemia Covid-19, la Universidad del Desarrollo a trav\u00e9s de la Direcci\u00f3n de Innovaci\u00f3n, ha dise\u00f1ado un casco de tratamiento de ox\u00edgeno para ventilaci\u00f3n no invasiva, dirigida a pacientes contagiados con Covid. La iniciativa surgi\u00f3 a partir de una necesidad de la Cl\u00ednica Alemana de contar con un dispositivo que otorgue [&hellip;]<\/p>\n","protected":false},"author":9192225,"featured_media":0,"parent":677,"menu_order":0,"comment_status":"closed","ping_status":"closed","template":"","meta":{"footnotes":""},"class_list":["post-1134","page","type-page","status-publish","hentry"],"yoast_head":"<!-- This site is optimized with the Yoast SEO plugin v26.9 - https:\/\/yoast.com\/product\/yoast-seo-wordpress\/ -->\n<title>CASC.02 - Casco de tratamiento de ox\u00edgeno - Innovaci\u00f3n Ingenier\u00eda<\/title>\n<meta name=\"robots\" content=\"index, follow, max-snippet:-1, max-image-preview:large, max-video-preview:-1\" \/>\n<link rel=\"canonical\" href=\"https:\/\/ingenieria.udd.cl\/ii\/covid\/casc-02-casco-de-tratamiento-de-oxigeno\/\" \/>\n<meta property=\"og:locale\" content=\"es_ES\" \/>\n<meta property=\"og:type\" content=\"article\" \/>\n<meta property=\"og:title\" content=\"CASC.02 - Casco de tratamiento de ox\u00edgeno - Innovaci\u00f3n Ingenier\u00eda\" \/>\n<meta property=\"og:description\" content=\"En el marco de la pandemia Covid-19, la Universidad del Desarrollo a trav\u00e9s de la Direcci\u00f3n de Innovaci\u00f3n, ha dise\u00f1ado un casco de tratamiento de ox\u00edgeno para ventilaci\u00f3n no invasiva, dirigida a pacientes contagiados con Covid. La iniciativa surgi\u00f3 a partir de una necesidad de la Cl\u00ednica Alemana de contar con un dispositivo que otorgue [&hellip;]\" \/>\n<meta property=\"og:url\" content=\"https:\/\/ingenieria.udd.cl\/ii\/covid\/casc-02-casco-de-tratamiento-de-oxigeno\/\" \/>\n<meta property=\"og:site_name\" content=\"Innovaci\u00f3n Ingenier\u00eda\" \/>\n<meta property=\"article:modified_time\" content=\"2020-09-23T15:02:37+00:00\" \/>\n<meta property=\"og:image\" content=\"https:\/\/ingenieria.udd.cl\/ii\/files\/2020\/06\/whatsapp-image-2020-05-29-at-14.58.24.jpeg\" \/>\n<meta name=\"twitter:card\" content=\"summary_large_image\" \/>\n<script type=\"application\/ld+json\" class=\"yoast-schema-graph\">{\"@context\":\"https:\/\/schema.org\",\"@graph\":[{\"@type\":\"WebPage\",\"@id\":\"https:\/\/ingenieria.udd.cl\/ii\/covid\/casc-02-casco-de-tratamiento-de-oxigeno\/\",\"url\":\"https:\/\/ingenieria.udd.cl\/ii\/covid\/casc-02-casco-de-tratamiento-de-oxigeno\/\",\"name\":\"CASC.02 - Casco de tratamiento de ox\u00edgeno - Innovaci\u00f3n Ingenier\u00eda\",\"isPartOf\":{\"@id\":\"https:\/\/ingenieria.udd.cl\/ii\/#website\"},\"primaryImageOfPage\":{\"@id\":\"https:\/\/ingenieria.udd.cl\/ii\/covid\/casc-02-casco-de-tratamiento-de-oxigeno\/#primaryimage\"},\"image\":{\"@id\":\"https:\/\/ingenieria.udd.cl\/ii\/covid\/casc-02-casco-de-tratamiento-de-oxigeno\/#primaryimage\"},\"thumbnailUrl\":\"https:\/\/ingenieria.udd.cl\/ii\/files\/2020\/06\/whatsapp-image-2020-05-29-at-14.58.24.jpeg\",\"datePublished\":\"2020-06-16T15:38:59+00:00\",\"dateModified\":\"2020-09-23T15:02:37+00:00\",\"breadcrumb\":{\"@id\":\"https:\/\/ingenieria.udd.cl\/ii\/covid\/casc-02-casco-de-tratamiento-de-oxigeno\/#breadcrumb\"},\"inLanguage\":\"es\",\"potentialAction\":[{\"@type\":\"ReadAction\",\"target\":[\"https:\/\/ingenieria.udd.cl\/ii\/covid\/casc-02-casco-de-tratamiento-de-oxigeno\/\"]}]},{\"@type\":\"ImageObject\",\"inLanguage\":\"es\",\"@id\":\"https:\/\/ingenieria.udd.cl\/ii\/covid\/casc-02-casco-de-tratamiento-de-oxigeno\/#primaryimage\",\"url\":\"https:\/\/ingenieria.udd.cl\/ii\/files\/2020\/06\/whatsapp-image-2020-05-29-at-14.58.24.jpeg\",\"contentUrl\":\"https:\/\/ingenieria.udd.cl\/ii\/files\/2020\/06\/whatsapp-image-2020-05-29-at-14.58.24.jpeg\",\"width\":745,\"height\":613},{\"@type\":\"BreadcrumbList\",\"@id\":\"https:\/\/ingenieria.udd.cl\/ii\/covid\/casc-02-casco-de-tratamiento-de-oxigeno\/#breadcrumb\",\"itemListElement\":[{\"@type\":\"ListItem\",\"position\":1,\"name\":\"Portada\",\"item\":\"https:\/\/ingenieria.udd.cl\/ii\/\"},{\"@type\":\"ListItem\",\"position\":2,\"name\":\"La Direcci\u00f3n de Innovaci\u00f3n frente al COVID-19\",\"item\":\"https:\/\/ingenieria.udd.cl\/ii\/covid\/\"},{\"@type\":\"ListItem\",\"position\":3,\"name\":\"CASC.02 &#8211; Casco de tratamiento de ox\u00edgeno\"}]},{\"@type\":\"WebSite\",\"@id\":\"https:\/\/ingenieria.udd.cl\/ii\/#website\",\"url\":\"https:\/\/ingenieria.udd.cl\/ii\/\",\"name\":\"Innovaci\u00f3n Ingenier\u00eda\",\"description\":\"Otro sitio m\u00e1s de Ingenieria\",\"inLanguage\":\"es\"}]}<\/script>\n<!-- \/ Yoast SEO plugin. -->","yoast_head_json":{"title":"CASC.02 - Casco de tratamiento de ox\u00edgeno - Innovaci\u00f3n Ingenier\u00eda","robots":{"index":"index","follow":"follow","max-snippet":"max-snippet:-1","max-image-preview":"max-image-preview:large","max-video-preview":"max-video-preview:-1"},"canonical":"https:\/\/ingenieria.udd.cl\/ii\/covid\/casc-02-casco-de-tratamiento-de-oxigeno\/","og_locale":"es_ES","og_type":"article","og_title":"CASC.02 - Casco de tratamiento de ox\u00edgeno - Innovaci\u00f3n Ingenier\u00eda","og_description":"En el marco de la pandemia Covid-19, la Universidad del Desarrollo a trav\u00e9s de la Direcci\u00f3n de Innovaci\u00f3n, ha dise\u00f1ado un casco de tratamiento de ox\u00edgeno para ventilaci\u00f3n no invasiva, dirigida a pacientes contagiados con Covid. La iniciativa surgi\u00f3 a partir de una necesidad de la Cl\u00ednica Alemana de contar con un dispositivo que otorgue [&hellip;]","og_url":"https:\/\/ingenieria.udd.cl\/ii\/covid\/casc-02-casco-de-tratamiento-de-oxigeno\/","og_site_name":"Innovaci\u00f3n Ingenier\u00eda","article_modified_time":"2020-09-23T15:02:37+00:00","og_image":[{"url":"https:\/\/ingenieria.udd.cl\/ii\/files\/2020\/06\/whatsapp-image-2020-05-29-at-14.58.24.jpeg","type":"","width":"","height":""}],"twitter_card":"summary_large_image","schema":{"@context":"https:\/\/schema.org","@graph":[{"@type":"WebPage","@id":"https:\/\/ingenieria.udd.cl\/ii\/covid\/casc-02-casco-de-tratamiento-de-oxigeno\/","url":"https:\/\/ingenieria.udd.cl\/ii\/covid\/casc-02-casco-de-tratamiento-de-oxigeno\/","name":"CASC.02 - Casco de tratamiento de ox\u00edgeno - Innovaci\u00f3n Ingenier\u00eda","isPartOf":{"@id":"https:\/\/ingenieria.udd.cl\/ii\/#website"},"primaryImageOfPage":{"@id":"https:\/\/ingenieria.udd.cl\/ii\/covid\/casc-02-casco-de-tratamiento-de-oxigeno\/#primaryimage"},"image":{"@id":"https:\/\/ingenieria.udd.cl\/ii\/covid\/casc-02-casco-de-tratamiento-de-oxigeno\/#primaryimage"},"thumbnailUrl":"https:\/\/ingenieria.udd.cl\/ii\/files\/2020\/06\/whatsapp-image-2020-05-29-at-14.58.24.jpeg","datePublished":"2020-06-16T15:38:59+00:00","dateModified":"2020-09-23T15:02:37+00:00","breadcrumb":{"@id":"https:\/\/ingenieria.udd.cl\/ii\/covid\/casc-02-casco-de-tratamiento-de-oxigeno\/#breadcrumb"},"inLanguage":"es","potentialAction":[{"@type":"ReadAction","target":["https:\/\/ingenieria.udd.cl\/ii\/covid\/casc-02-casco-de-tratamiento-de-oxigeno\/"]}]},{"@type":"ImageObject","inLanguage":"es","@id":"https:\/\/ingenieria.udd.cl\/ii\/covid\/casc-02-casco-de-tratamiento-de-oxigeno\/#primaryimage","url":"https:\/\/ingenieria.udd.cl\/ii\/files\/2020\/06\/whatsapp-image-2020-05-29-at-14.58.24.jpeg","contentUrl":"https:\/\/ingenieria.udd.cl\/ii\/files\/2020\/06\/whatsapp-image-2020-05-29-at-14.58.24.jpeg","width":745,"height":613},{"@type":"BreadcrumbList","@id":"https:\/\/ingenieria.udd.cl\/ii\/covid\/casc-02-casco-de-tratamiento-de-oxigeno\/#breadcrumb","itemListElement":[{"@type":"ListItem","position":1,"name":"Portada","item":"https:\/\/ingenieria.udd.cl\/ii\/"},{"@type":"ListItem","position":2,"name":"La Direcci\u00f3n de Innovaci\u00f3n frente al COVID-19","item":"https:\/\/ingenieria.udd.cl\/ii\/covid\/"},{"@type":"ListItem","position":3,"name":"CASC.02 &#8211; Casco de tratamiento de ox\u00edgeno"}]},{"@type":"WebSite","@id":"https:\/\/ingenieria.udd.cl\/ii\/#website","url":"https:\/\/ingenieria.udd.cl\/ii\/","name":"Innovaci\u00f3n Ingenier\u00eda","description":"Otro sitio m\u00e1s de Ingenieria","inLanguage":"es"}]}},"_links":{"self":[{"href":"https:\/\/ingenieria.udd.cl\/ii\/wp-json\/wp\/v2\/pages\/1134","targetHints":{"allow":["GET"]}}],"collection":[{"href":"https:\/\/ingenieria.udd.cl\/ii\/wp-json\/wp\/v2\/pages"}],"about":[{"href":"https:\/\/ingenieria.udd.cl\/ii\/wp-json\/wp\/v2\/types\/page"}],"author":[{"embeddable":true,"href":"https:\/\/ingenieria.udd.cl\/ii\/wp-json\/wp\/v2\/users\/9192225"}],"replies":[{"embeddable":true,"href":"https:\/\/ingenieria.udd.cl\/ii\/wp-json\/wp\/v2\/comments?post=1134"}],"version-history":[{"count":1,"href":"https:\/\/ingenieria.udd.cl\/ii\/wp-json\/wp\/v2\/pages\/1134\/revisions"}],"predecessor-version":[{"id":1455,"href":"https:\/\/ingenieria.udd.cl\/ii\/wp-json\/wp\/v2\/pages\/1134\/revisions\/1455"}],"up":[{"embeddable":true,"href":"https:\/\/ingenieria.udd.cl\/ii\/wp-json\/wp\/v2\/pages\/677"}],"wp:attachment":[{"href":"https:\/\/ingenieria.udd.cl\/ii\/wp-json\/wp\/v2\/media?parent=1134"}],"curies":[{"name":"wp","href":"https:\/\/api.w.org\/{rel}","templated":true}]}}