{"id":1194,"date":"2020-06-18T22:00:15","date_gmt":"2020-06-18T22:00:15","guid":{"rendered":"https:\/\/ii.udd.cl\/?page_id=1194"},"modified":"2020-06-18T22:00:15","modified_gmt":"2020-06-18T22:00:15","slug":"app-inventor","status":"publish","type":"page","link":"https:\/\/ingenieria.udd.cl\/ii\/app-inventor\/","title":{"rendered":"APP Inventor"},"content":{"rendered":"<section class=\"wp-block-udd-videos-row\">\n\t<div class=\"videos-row container\">\n\t\t\t\t\t\t<div class=\"row videos-row__videos\">\n\t\t\t<article class=\"udd-video\">\n\t<a href=\"https:\/\/youtu.be\/6lAfZZfNIQM\" class=\"js-udd-video-modal udd-video__link\" data-video-id=\"6lAfZZfNIQM\">\n\t\t<span class=\"udd-video__label\"><svg class=\"svg-video-dims\"><use xlink:href='https:\/\/ingenieria.udd.cl\/ii\/wp-content\/themes\/facultades-2018\/assets\/img\/svg\/dist\/main.svg?version=1695853099#video'><\/use><\/svg> Ver video<\/span>\n\t\t<h3 class=\"udd-video__title\">\n\t\t\tApp Inventor &#8211; Nivel B\u00e1sico\t\t<\/h3>\n\t\t<span class=\"udd-video__image-container\"><img decoding=\"async\" src=\"https:\/\/i.ytimg.com\/vi\/6lAfZZfNIQM\/hqdefault.jpg\" loading=\"lazy\" alt=\"App Inventor - Nivel B\u00e1sico\" class=\"udd-video__image\" alt=\"Previsualizaci\u00f3n de &#039;App Inventor - Nivel B\u00e1sico&#039;\"><\/span>\t<\/a>\n<\/article>\n<article class=\"udd-video\">\n\t<a href=\"https:\/\/youtu.be\/oXHm7kvNtOc\" class=\"js-udd-video-modal udd-video__link\" data-video-id=\"oXHm7kvNtOc\">\n\t\t<span class=\"udd-video__label\"><svg class=\"svg-video-dims\"><use xlink:href='https:\/\/ingenieria.udd.cl\/ii\/wp-content\/themes\/facultades-2018\/assets\/img\/svg\/dist\/main.svg?version=1695853099#video'><\/use><\/svg> Ver video<\/span>\n\t\t<h3 class=\"udd-video__title\">\n\t\t\tApp Inventor &#8211; Nivel Intermedio\t\t<\/h3>\n\t\t<span class=\"udd-video__image-container\"><img decoding=\"async\" src=\"https:\/\/i.ytimg.com\/vi\/oXHm7kvNtOc\/hqdefault.jpg\" loading=\"lazy\" alt=\"App Inventor - Nivel Intermedio\" class=\"udd-video__image\" alt=\"Previsualizaci\u00f3n de &#039;App Inventor - Nivel Intermedio&#039;\"><\/span>\t<\/a>\n<\/article>\n\t\t<\/div>\n\t\t\t<\/div>\n<\/section>\n","protected":false},"excerpt":{"rendered":"","protected":false},"author":9192225,"featured_media":0,"parent":0,"menu_order":0,"comment_status":"closed","ping_status":"closed","template":"","meta":{"footnotes":""},"class_list":["post-1194","page","type-page","status-publish","hentry"],"yoast_head":"<!-- This site is optimized with the Yoast SEO plugin v26.9 - https:\/\/yoast.com\/product\/yoast-seo-wordpress\/ -->\n<title>APP Inventor - Innovaci\u00f3n Ingenier\u00eda<\/title>\n<meta name=\"robots\" content=\"index, follow, max-snippet:-1, max-image-preview:large, max-video-preview:-1\" \/>\n<link rel=\"canonical\" href=\"https:\/\/ingenieria.udd.cl\/ii\/app-inventor\/\" \/>\n<meta property=\"og:locale\" content=\"es_ES\" \/>\n<meta property=\"og:type\" content=\"article\" \/>\n<meta property=\"og:title\" content=\"APP Inventor - Innovaci\u00f3n Ingenier\u00eda\" \/>\n<meta property=\"og:url\" content=\"https:\/\/ingenieria.udd.cl\/ii\/app-inventor\/\" \/>\n<meta property=\"og:site_name\" content=\"Innovaci\u00f3n Ingenier\u00eda\" \/>\n<meta name=\"twitter:card\" content=\"summary_large_image\" \/>\n<script type=\"application\/ld+json\" class=\"yoast-schema-graph\">{\"@context\":\"https:\/\/schema.org\",\"@graph\":[{\"@type\":\"WebPage\",\"@id\":\"https:\/\/ingenieria.udd.cl\/ii\/app-inventor\/\",\"url\":\"https:\/\/ingenieria.udd.cl\/ii\/app-inventor\/\",\"name\":\"APP Inventor - Innovaci\u00f3n Ingenier\u00eda\",\"isPartOf\":{\"@id\":\"https:\/\/ingenieria.udd.cl\/ii\/#website\"},\"datePublished\":\"2020-06-18T22:00:15+00:00\",\"breadcrumb\":{\"@id\":\"https:\/\/ingenieria.udd.cl\/ii\/app-inventor\/#breadcrumb\"},\"inLanguage\":\"es\",\"potentialAction\":[{\"@type\":\"ReadAction\",\"target\":[\"https:\/\/ingenieria.udd.cl\/ii\/app-inventor\/\"]}]},{\"@type\":\"BreadcrumbList\",\"@id\":\"https:\/\/ingenieria.udd.cl\/ii\/app-inventor\/#breadcrumb\",\"itemListElement\":[{\"@type\":\"ListItem\",\"position\":1,\"name\":\"Portada\",\"item\":\"https:\/\/ingenieria.udd.cl\/ii\/\"},{\"@type\":\"ListItem\",\"position\":2,\"name\":\"APP Inventor\"}]},{\"@type\":\"WebSite\",\"@id\":\"https:\/\/ingenieria.udd.cl\/ii\/#website\",\"url\":\"https:\/\/ingenieria.udd.cl\/ii\/\",\"name\":\"Innovaci\u00f3n Ingenier\u00eda\",\"description\":\"Otro sitio m\u00e1s de Ingenieria\",\"inLanguage\":\"es\"}]}<\/script>\n<!-- \/ Yoast SEO plugin. -->","yoast_head_json":{"title":"APP Inventor - Innovaci\u00f3n Ingenier\u00eda","robots":{"index":"index","follow":"follow","max-snippet":"max-snippet:-1","max-image-preview":"max-image-preview:large","max-video-preview":"max-video-preview:-1"},"canonical":"https:\/\/ingenieria.udd.cl\/ii\/app-inventor\/","og_locale":"es_ES","og_type":"article","og_title":"APP Inventor - Innovaci\u00f3n Ingenier\u00eda","og_url":"https:\/\/ingenieria.udd.cl\/ii\/app-inventor\/","og_site_name":"Innovaci\u00f3n Ingenier\u00eda","twitter_card":"summary_large_image","schema":{"@context":"https:\/\/schema.org","@graph":[{"@type":"WebPage","@id":"https:\/\/ingenieria.udd.cl\/ii\/app-inventor\/","url":"https:\/\/ingenieria.udd.cl\/ii\/app-inventor\/","name":"APP Inventor - Innovaci\u00f3n Ingenier\u00eda","isPartOf":{"@id":"https:\/\/ingenieria.udd.cl\/ii\/#website"},"datePublished":"2020-06-18T22:00:15+00:00","breadcrumb":{"@id":"https:\/\/ingenieria.udd.cl\/ii\/app-inventor\/#breadcrumb"},"inLanguage":"es","potentialAction":[{"@type":"ReadAction","target":["https:\/\/ingenieria.udd.cl\/ii\/app-inventor\/"]}]},{"@type":"BreadcrumbList","@id":"https:\/\/ingenieria.udd.cl\/ii\/app-inventor\/#breadcrumb","itemListElement":[{"@type":"ListItem","position":1,"name":"Portada","item":"https:\/\/ingenieria.udd.cl\/ii\/"},{"@type":"ListItem","position":2,"name":"APP Inventor"}]},{"@type":"WebSite","@id":"https:\/\/ingenieria.udd.cl\/ii\/#website","url":"https:\/\/ingenieria.udd.cl\/ii\/","name":"Innovaci\u00f3n Ingenier\u00eda","description":"Otro sitio m\u00e1s de Ingenieria","inLanguage":"es"}]}},"_links":{"self":[{"href":"https:\/\/ingenieria.udd.cl\/ii\/wp-json\/wp\/v2\/pages\/1194","targetHints":{"allow":["GET"]}}],"collection":[{"href":"https:\/\/ingenieria.udd.cl\/ii\/wp-json\/wp\/v2\/pages"}],"about":[{"href":"https:\/\/ingenieria.udd.cl\/ii\/wp-json\/wp\/v2\/types\/page"}],"author":[{"embeddable":true,"href":"https:\/\/ingenieria.udd.cl\/ii\/wp-json\/wp\/v2\/users\/9192225"}],"replies":[{"embeddable":true,"href":"https:\/\/ingenieria.udd.cl\/ii\/wp-json\/wp\/v2\/comments?post=1194"}],"version-history":[{"count":1,"href":"https:\/\/ingenieria.udd.cl\/ii\/wp-json\/wp\/v2\/pages\/1194\/revisions"}],"predecessor-version":[{"id":4622,"href":"https:\/\/ingenieria.udd.cl\/ii\/wp-json\/wp\/v2\/pages\/1194\/revisions\/4622"}],"wp:attachment":[{"href":"https:\/\/ingenieria.udd.cl\/ii\/wp-json\/wp\/v2\/media?parent=1194"}],"curies":[{"name":"wp","href":"https:\/\/api.w.org\/{rel}","templated":true}]}}