{"id":1205,"date":"2020-06-22T23:42:38","date_gmt":"2020-06-22T23:42:38","guid":{"rendered":"https:\/\/ii.udd.cl\/?page_id=1205"},"modified":"2020-06-22T23:42:38","modified_gmt":"2020-06-22T23:42:38","slug":"visita-las-pymes","status":"publish","type":"page","link":"https:\/\/ingenieria.udd.cl\/ii\/visita-las-pymes\/","title":{"rendered":"Visita las Pymes"},"content":{"rendered":"<!-- WP Block: UDD - Banners Multiple -->\n<section class=\"wp-block-udd-banners-multiple \">\n\t<div class=\"container\">\n\t\t\t\t<div class=\"block__content\">\n\t\t\t<div id=\"udd-banners-multiple--1\"\n\t\t\t\t\t\t\t\t>\n\t\t\t\t\t\t\t\t<div class=\"banners\">\n\t\t\t\t\t\t\t\t\t<div class=\"banner-col\n\t\t\t\t\t active\t\t\t\t\t\">\n\t\t\t\t\t\t<a href=\"\" class=\"banner banner--multiple\" data-url=\"\">\n\t\t\t\t\t\t\t\t\t\t\t\t\t\t\t\t\t\t\t\t\t\t\t\t\t\t<div class=\"banner__content\">\n\t\t\t\t\t\t\t\t<span class=\"banner__title\">PYME 1<\/span>\n\t\t\t\t\t\t\t\t\t\t\t\t\t\t\t\t\t\t\t\t\t\t\t<\/div>\n\t\t\t\t\t\t<\/a>\n\t\t\t\t\t<\/div>\n\t\t\t\t\t\t\t\t\t<div class=\"banner-col\n\t\t\t\t\t\t\t\t\t\t\">\n\t\t\t\t\t\t<a href=\"\" class=\"banner banner--multiple\" data-url=\"\">\n\t\t\t\t\t\t\t\t\t\t\t\t\t\t\t\t\t\t\t\t\t\t\t\t\t\t<div class=\"banner__content\">\n\t\t\t\t\t\t\t\t<span class=\"banner__title\">PYME 2<\/span>\n\t\t\t\t\t\t\t\t\t\t\t\t\t\t\t\t\t\t\t\t\t\t\t<\/div>\n\t\t\t\t\t\t<\/a>\n\t\t\t\t\t<\/div>\n\t\t\t\t\t\t\t\t\t<div class=\"banner-col\n\t\t\t\t\t\t\t\t\t\t\">\n\t\t\t\t\t\t<a href=\"\" class=\"banner banner--multiple\" data-url=\"\">\n\t\t\t\t\t\t\t\t\t\t\t\t\t\t\t\t\t\t\t\t\t\t\t\t\t\t<div class=\"banner__content\">\n\t\t\t\t\t\t\t\t<span class=\"banner__title\">PYME 3<\/span>\n\t\t\t\t\t\t\t\t\t\t\t\t\t\t\t\t\t\t\t\t\t\t\t<\/div>\n\t\t\t\t\t\t<\/a>\n\t\t\t\t\t<\/div>\n\t\t\t\t\t\t\t\t\t<div class=\"banner-col\n\t\t\t\t\t\t\t\t\t\t\">\n\t\t\t\t\t\t<a href=\"\" class=\"banner banner--multiple\" data-url=\"\">\n\t\t\t\t\t\t\t\t\t\t\t\t\t\t\t\t\t\t\t\t\t\t\t\t\t\t<div class=\"banner__content\">\n\t\t\t\t\t\t\t\t<span class=\"banner__title\">PYME 4<\/span>\n\t\t\t\t\t\t\t\t\t\t\t\t\t\t\t\t\t\t\t\t\t\t\t<\/div>\n\t\t\t\t\t\t<\/a>\n\t\t\t\t\t<\/div>\n\t\t\t\t\t\t\t\t<\/div>\n\t\t\t<\/div>\n\t\t<\/div>\n\t<\/div>\n<\/section>\n","protected":false},"excerpt":{"rendered":"","protected":false},"author":9192225,"featured_media":0,"parent":0,"menu_order":0,"comment_status":"closed","ping_status":"closed","template":"","meta":{"footnotes":""},"class_list":["post-1205","page","type-page","status-publish","hentry"],"yoast_head":"<!-- This site is optimized with the Yoast SEO plugin v26.9 - https:\/\/yoast.com\/product\/yoast-seo-wordpress\/ -->\n<title>Visita las Pymes - Innovaci\u00f3n Ingenier\u00eda<\/title>\n<meta name=\"robots\" content=\"index, follow, max-snippet:-1, max-image-preview:large, max-video-preview:-1\" \/>\n<link rel=\"canonical\" href=\"https:\/\/ingenieria.udd.cl\/ii\/visita-las-pymes\/\" \/>\n<meta property=\"og:locale\" content=\"es_ES\" \/>\n<meta property=\"og:type\" content=\"article\" \/>\n<meta property=\"og:title\" content=\"Visita las Pymes - Innovaci\u00f3n Ingenier\u00eda\" \/>\n<meta property=\"og:url\" content=\"https:\/\/ingenieria.udd.cl\/ii\/visita-las-pymes\/\" \/>\n<meta property=\"og:site_name\" content=\"Innovaci\u00f3n Ingenier\u00eda\" \/>\n<meta name=\"twitter:card\" content=\"summary_large_image\" \/>\n<script type=\"application\/ld+json\" class=\"yoast-schema-graph\">{\"@context\":\"https:\/\/schema.org\",\"@graph\":[{\"@type\":\"WebPage\",\"@id\":\"https:\/\/ingenieria.udd.cl\/ii\/visita-las-pymes\/\",\"url\":\"https:\/\/ingenieria.udd.cl\/ii\/visita-las-pymes\/\",\"name\":\"Visita las Pymes - Innovaci\u00f3n Ingenier\u00eda\",\"isPartOf\":{\"@id\":\"https:\/\/ingenieria.udd.cl\/ii\/#website\"},\"datePublished\":\"2020-06-22T23:42:38+00:00\",\"breadcrumb\":{\"@id\":\"https:\/\/ingenieria.udd.cl\/ii\/visita-las-pymes\/#breadcrumb\"},\"inLanguage\":\"es\",\"potentialAction\":[{\"@type\":\"ReadAction\",\"target\":[\"https:\/\/ingenieria.udd.cl\/ii\/visita-las-pymes\/\"]}]},{\"@type\":\"BreadcrumbList\",\"@id\":\"https:\/\/ingenieria.udd.cl\/ii\/visita-las-pymes\/#breadcrumb\",\"itemListElement\":[{\"@type\":\"ListItem\",\"position\":1,\"name\":\"Portada\",\"item\":\"https:\/\/ingenieria.udd.cl\/ii\/\"},{\"@type\":\"ListItem\",\"position\":2,\"name\":\"Visita las Pymes\"}]},{\"@type\":\"WebSite\",\"@id\":\"https:\/\/ingenieria.udd.cl\/ii\/#website\",\"url\":\"https:\/\/ingenieria.udd.cl\/ii\/\",\"name\":\"Innovaci\u00f3n Ingenier\u00eda\",\"description\":\"Otro sitio m\u00e1s de Ingenieria\",\"inLanguage\":\"es\"}]}<\/script>\n<!-- \/ Yoast SEO plugin. -->","yoast_head_json":{"title":"Visita las Pymes - Innovaci\u00f3n Ingenier\u00eda","robots":{"index":"index","follow":"follow","max-snippet":"max-snippet:-1","max-image-preview":"max-image-preview:large","max-video-preview":"max-video-preview:-1"},"canonical":"https:\/\/ingenieria.udd.cl\/ii\/visita-las-pymes\/","og_locale":"es_ES","og_type":"article","og_title":"Visita las Pymes - Innovaci\u00f3n Ingenier\u00eda","og_url":"https:\/\/ingenieria.udd.cl\/ii\/visita-las-pymes\/","og_site_name":"Innovaci\u00f3n Ingenier\u00eda","twitter_card":"summary_large_image","schema":{"@context":"https:\/\/schema.org","@graph":[{"@type":"WebPage","@id":"https:\/\/ingenieria.udd.cl\/ii\/visita-las-pymes\/","url":"https:\/\/ingenieria.udd.cl\/ii\/visita-las-pymes\/","name":"Visita las Pymes - Innovaci\u00f3n Ingenier\u00eda","isPartOf":{"@id":"https:\/\/ingenieria.udd.cl\/ii\/#website"},"datePublished":"2020-06-22T23:42:38+00:00","breadcrumb":{"@id":"https:\/\/ingenieria.udd.cl\/ii\/visita-las-pymes\/#breadcrumb"},"inLanguage":"es","potentialAction":[{"@type":"ReadAction","target":["https:\/\/ingenieria.udd.cl\/ii\/visita-las-pymes\/"]}]},{"@type":"BreadcrumbList","@id":"https:\/\/ingenieria.udd.cl\/ii\/visita-las-pymes\/#breadcrumb","itemListElement":[{"@type":"ListItem","position":1,"name":"Portada","item":"https:\/\/ingenieria.udd.cl\/ii\/"},{"@type":"ListItem","position":2,"name":"Visita las Pymes"}]},{"@type":"WebSite","@id":"https:\/\/ingenieria.udd.cl\/ii\/#website","url":"https:\/\/ingenieria.udd.cl\/ii\/","name":"Innovaci\u00f3n Ingenier\u00eda","description":"Otro sitio m\u00e1s de Ingenieria","inLanguage":"es"}]}},"_links":{"self":[{"href":"https:\/\/ingenieria.udd.cl\/ii\/wp-json\/wp\/v2\/pages\/1205","targetHints":{"allow":["GET"]}}],"collection":[{"href":"https:\/\/ingenieria.udd.cl\/ii\/wp-json\/wp\/v2\/pages"}],"about":[{"href":"https:\/\/ingenieria.udd.cl\/ii\/wp-json\/wp\/v2\/types\/page"}],"author":[{"embeddable":true,"href":"https:\/\/ingenieria.udd.cl\/ii\/wp-json\/wp\/v2\/users\/9192225"}],"replies":[{"embeddable":true,"href":"https:\/\/ingenieria.udd.cl\/ii\/wp-json\/wp\/v2\/comments?post=1205"}],"version-history":[{"count":0,"href":"https:\/\/ingenieria.udd.cl\/ii\/wp-json\/wp\/v2\/pages\/1205\/revisions"}],"wp:attachment":[{"href":"https:\/\/ingenieria.udd.cl\/ii\/wp-json\/wp\/v2\/media?parent=1205"}],"curies":[{"name":"wp","href":"https:\/\/api.w.org\/{rel}","templated":true}]}}