{"id":1322,"date":"2020-07-30T22:10:57","date_gmt":"2020-07-30T22:10:57","guid":{"rendered":"https:\/\/ii.udd.cl\/?page_id=1322"},"modified":"2020-07-30T22:10:57","modified_gmt":"2020-07-30T22:10:57","slug":"plataforma-participativa-prevencion-comunitaria","status":"publish","type":"page","link":"https:\/\/ingenieria.udd.cl\/ii\/plataforma-participativa-prevencion-comunitaria\/","title":{"rendered":"Plataforma participativa para la Prevenci\u00f3n Comunitaria"},"content":{"rendered":"\n<p>El <strong>Sistema de Prevenci\u00f3n Comunitaria (SPC)<\/strong> es una metodolog\u00eda de trabajo interdisciplinar de <a href=\"https:\/\/ii.udd.cl\/techpolicylab\/\"><strong>Tech Policy Lab UDD<\/strong><\/a> para el levantamiento de evidencia espacial de factores de riesgo social y situacional, con foco en tres pilares de intervenci\u00f3n: familiar, comunitario y barrial.<\/p>\n\n\n\n<p>El SPC tiene por objetivo fortalecer el tejido social y el capital social comunitario para informar programas sociales (Lazos, SSOO), identificar perfiles comunitarios y reclutar agentes catalizadores locales que empoderen a la comunidad y oficien de puentes entre esta y los programas sociales. En un contexto de barrios con altos \u00edndices de delitos complejos, la intervenci\u00f3n busca activar comunidad y comprometer l\u00edderes, as\u00ed como implementar un sistema de prevenci\u00f3n que involucre proyectos de prevenci\u00f3n situacional y la oferta adicional en el territorio.<\/p>\n\n\n\n<h4 class=\"wp-block-heading\">Una Plataforma participativa para la Prevenci\u00f3n Comunitaria<\/h4>\n\n\n\n<p>La <strong>Plataforma participativa para la Prevenci\u00f3n Comunitaria<\/strong> es el soporte tecnol\u00f3gico del SPC que visibiliza con precisi\u00f3n geoespacial el riesgo  social al que est\u00e1n expuestos beneficiarios de territorios  urbanos segregados. Se alimenta de fuentes de informaci\u00f3n p\u00fablicas (CEAD, IDE,  Observatorio Social, entre otros), as\u00ed como de los aportes que realizan los ciudadanos, a trav\u00e9s de tel\u00e9fonos m\u00f3viles y otros dispositivos.<\/p>\n\n\n\n<p>Este sistema de mapeo colectivo permite, en un contexto de Ciencia Ciudadana, la detecci\u00f3n temprana de incivilidades y otros fen\u00f3menos socio-espaciales a trav\u00e9s de reportes  y levantamiento de datos colaborativos.<\/p>\n\n\n\n<p>Desarrollada con software de la <a rel=\"noreferrer noopener\" href=\"https:\/\/www.arcgis.com\/index.html\" target=\"_blank\">familia ArcGIS<\/a>,  la plataforma integra diversas capas de datos geolocalizados en una  interfaz que permite recopilar, organizar, administrar, analizar,  compartir y distribuir informaci\u00f3n geogr\u00e1fica, permitiendo el  seguimiento de m\u00e9tricas e indicadores para la evaluaci\u00f3n y  acompa\u00f1amiento de programas sociales, gesti\u00f3n ambiental y anal\u00edtica  ciudadana, entre otros.<\/p>\n\n\n\n<p>Gracias a la interoperabilidad de sistemas inform\u00e1ticos y el  desarrollo con est\u00e1ndares, la plataforma de <a href=\"https:\/\/ii.udd.cl\/techpolicylab\/\">Tech Policy Lab<\/a>, busca  generar nuevo conocimiento a trav\u00e9s del an\u00e1lisis de datos avanzados, que  provengan de fuentes diversas tales como los <strong>datos abiertos de Gobierno<\/strong>, <strong>datos abiertos de privados<\/strong> y los <strong>propios datos que genere el laboratorio<\/strong>  a partir de las intervenciones en los territorios y los reportes  ciudadanos. De esta forma, se busca actualizar m\u00e9tricas ya existentes y  proponer nuevos indicadores a partir de cruces de informaci\u00f3n  innovadores, que agreguen valor para los tomadores de decisi\u00f3n.<\/p>\n\n\n\n<p>Especial atenci\u00f3n merecen los <strong><a rel=\"noreferrer noopener\" href=\"https:\/\/storymaps.arcgis.com\/\" target=\"_blank\">Storymaps de ArcGIS,<\/a><\/strong>  los cuales permiten reportar  todo tipo de situaciones -como incivilidades, por ejemplo- por medio de  una interfaz simple y amigable, donde lo esencial es que el evento que  se reporta tenga una ubicaci\u00f3n geoespacial precisa, junto a narrativas  que agreguen contexto. <\/p>\n\n\n\n<p>Como parte de la metodolog\u00eda de trabajo de <strong><a href=\"https:\/\/ii.udd.cl\/techpolicylab\/\">Tech Policy Lab<\/a><\/strong>,  se implementar\u00e1n talleres de Storymaps para vecinos de pol\u00edgonos urbanos en riesgo social, utilizando t\u00e9cnicas de dise\u00f1o participativo. De esta forma, ser\u00e1n los propios ciudadanos quienes aportar\u00e1n datos estrat\u00e9gicos para el an\u00e1lisis de problem\u00e1ticas barriales y de programas sociales en ejecuci\u00f3n.<\/p>\n\n\n<p class=\"wp-block-udd-button text-left\"><a class=\"btn btn-primary \" href=\"https:\/\/ii.udd.cl\/techpolicylab\/\" data-url=\"https:\/\/ii.udd.cl\/techpolicylab\/\"><svg class=\"svg-external-dims\"><use xlink:href='https:\/\/ingenieria.udd.cl\/ii\/wp-content\/themes\/facultades-2018\/assets\/img\/svg\/dist\/main.svg?version=1695853099#external'><\/use><\/svg> Volver <\/a><\/p>\n","protected":false},"excerpt":{"rendered":"<p>El Sistema de Prevenci\u00f3n Comunitaria (SPC) es una metodolog\u00eda de trabajo interdisciplinar de Tech Policy Lab UDD para el levantamiento de evidencia espacial de factores de riesgo social y situacional, con foco en tres pilares de intervenci\u00f3n: familiar, comunitario y barrial. El SPC tiene por objetivo fortalecer el tejido social y el capital social comunitario [&hellip;]<\/p>\n","protected":false},"author":9192225,"featured_media":1311,"parent":0,"menu_order":0,"comment_status":"closed","ping_status":"closed","template":"","meta":{"footnotes":""},"class_list":["post-1322","page","type-page","status-publish","has-post-thumbnail","hentry"],"yoast_head":"<!-- This site is optimized with the Yoast SEO plugin v26.9 - https:\/\/yoast.com\/product\/yoast-seo-wordpress\/ -->\n<title>Plataforma participativa para la Prevenci\u00f3n Comunitaria - Innovaci\u00f3n Ingenier\u00eda<\/title>\n<meta name=\"description\" content=\"Detecci\u00f3n temprana de incivilidades a trav\u00e9s de reportes y levantamiento de datos ciudadanos.\" \/>\n<meta name=\"robots\" content=\"index, follow, max-snippet:-1, max-image-preview:large, max-video-preview:-1\" \/>\n<link rel=\"canonical\" href=\"https:\/\/ingenieria.udd.cl\/ii\/plataforma-participativa-prevencion-comunitaria\/\" \/>\n<meta property=\"og:locale\" content=\"es_ES\" \/>\n<meta property=\"og:type\" content=\"article\" \/>\n<meta property=\"og:title\" content=\"Plataforma participativa para la Prevenci\u00f3n Comunitaria - Innovaci\u00f3n Ingenier\u00eda\" \/>\n<meta property=\"og:description\" content=\"Detecci\u00f3n temprana de incivilidades a trav\u00e9s de reportes y levantamiento de datos ciudadanos.\" \/>\n<meta property=\"og:url\" content=\"https:\/\/ingenieria.udd.cl\/ii\/plataforma-participativa-prevencion-comunitaria\/\" \/>\n<meta property=\"og:site_name\" content=\"Innovaci\u00f3n Ingenier\u00eda\" \/>\n<meta property=\"og:image\" content=\"https:\/\/ingenieria.udd.cl\/ii\/files\/2020\/07\/plataforma_incivilidades.jpg\" \/>\n\t<meta property=\"og:image:width\" content=\"1956\" \/>\n\t<meta property=\"og:image:height\" content=\"1252\" \/>\n\t<meta property=\"og:image:type\" content=\"image\/jpeg\" \/>\n<meta name=\"twitter:card\" content=\"summary_large_image\" \/>\n<meta name=\"twitter:label1\" content=\"Tiempo de lectura\" \/>\n\t<meta name=\"twitter:data1\" content=\"3 minutos\" \/>\n<script type=\"application\/ld+json\" class=\"yoast-schema-graph\">{\"@context\":\"https:\/\/schema.org\",\"@graph\":[{\"@type\":\"WebPage\",\"@id\":\"https:\/\/ingenieria.udd.cl\/ii\/plataforma-participativa-prevencion-comunitaria\/\",\"url\":\"https:\/\/ingenieria.udd.cl\/ii\/plataforma-participativa-prevencion-comunitaria\/\",\"name\":\"Plataforma participativa para la Prevenci\u00f3n Comunitaria - Innovaci\u00f3n Ingenier\u00eda\",\"isPartOf\":{\"@id\":\"https:\/\/ingenieria.udd.cl\/ii\/#website\"},\"primaryImageOfPage\":{\"@id\":\"https:\/\/ingenieria.udd.cl\/ii\/plataforma-participativa-prevencion-comunitaria\/#primaryimage\"},\"image\":{\"@id\":\"https:\/\/ingenieria.udd.cl\/ii\/plataforma-participativa-prevencion-comunitaria\/#primaryimage\"},\"thumbnailUrl\":\"https:\/\/ingenieria.udd.cl\/ii\/files\/2020\/07\/plataforma_incivilidades.jpg\",\"datePublished\":\"2020-07-30T22:10:57+00:00\",\"description\":\"Detecci\u00f3n temprana de incivilidades a trav\u00e9s de reportes y levantamiento de datos ciudadanos.\",\"breadcrumb\":{\"@id\":\"https:\/\/ingenieria.udd.cl\/ii\/plataforma-participativa-prevencion-comunitaria\/#breadcrumb\"},\"inLanguage\":\"es\",\"potentialAction\":[{\"@type\":\"ReadAction\",\"target\":[\"https:\/\/ingenieria.udd.cl\/ii\/plataforma-participativa-prevencion-comunitaria\/\"]}]},{\"@type\":\"ImageObject\",\"inLanguage\":\"es\",\"@id\":\"https:\/\/ingenieria.udd.cl\/ii\/plataforma-participativa-prevencion-comunitaria\/#primaryimage\",\"url\":\"https:\/\/ingenieria.udd.cl\/ii\/files\/2020\/07\/plataforma_incivilidades.jpg\",\"contentUrl\":\"https:\/\/ingenieria.udd.cl\/ii\/files\/2020\/07\/plataforma_incivilidades.jpg\",\"width\":1956,\"height\":1252},{\"@type\":\"BreadcrumbList\",\"@id\":\"https:\/\/ingenieria.udd.cl\/ii\/plataforma-participativa-prevencion-comunitaria\/#breadcrumb\",\"itemListElement\":[{\"@type\":\"ListItem\",\"position\":1,\"name\":\"Portada\",\"item\":\"https:\/\/ingenieria.udd.cl\/ii\/\"},{\"@type\":\"ListItem\",\"position\":2,\"name\":\"Plataforma participativa para la Prevenci\u00f3n Comunitaria\"}]},{\"@type\":\"WebSite\",\"@id\":\"https:\/\/ingenieria.udd.cl\/ii\/#website\",\"url\":\"https:\/\/ingenieria.udd.cl\/ii\/\",\"name\":\"Innovaci\u00f3n Ingenier\u00eda\",\"description\":\"Otro sitio m\u00e1s de Ingenieria\",\"inLanguage\":\"es\"}]}<\/script>\n<!-- \/ Yoast SEO plugin. -->","yoast_head_json":{"title":"Plataforma participativa para la Prevenci\u00f3n Comunitaria - Innovaci\u00f3n Ingenier\u00eda","description":"Detecci\u00f3n temprana de incivilidades a trav\u00e9s de reportes y levantamiento de datos ciudadanos.","robots":{"index":"index","follow":"follow","max-snippet":"max-snippet:-1","max-image-preview":"max-image-preview:large","max-video-preview":"max-video-preview:-1"},"canonical":"https:\/\/ingenieria.udd.cl\/ii\/plataforma-participativa-prevencion-comunitaria\/","og_locale":"es_ES","og_type":"article","og_title":"Plataforma participativa para la Prevenci\u00f3n Comunitaria - Innovaci\u00f3n Ingenier\u00eda","og_description":"Detecci\u00f3n temprana de incivilidades a trav\u00e9s de reportes y levantamiento de datos ciudadanos.","og_url":"https:\/\/ingenieria.udd.cl\/ii\/plataforma-participativa-prevencion-comunitaria\/","og_site_name":"Innovaci\u00f3n Ingenier\u00eda","og_image":[{"width":1956,"height":1252,"url":"https:\/\/ingenieria.udd.cl\/ii\/files\/2020\/07\/plataforma_incivilidades.jpg","type":"image\/jpeg"}],"twitter_card":"summary_large_image","twitter_misc":{"Tiempo de lectura":"3 minutos"},"schema":{"@context":"https:\/\/schema.org","@graph":[{"@type":"WebPage","@id":"https:\/\/ingenieria.udd.cl\/ii\/plataforma-participativa-prevencion-comunitaria\/","url":"https:\/\/ingenieria.udd.cl\/ii\/plataforma-participativa-prevencion-comunitaria\/","name":"Plataforma participativa para la Prevenci\u00f3n Comunitaria - Innovaci\u00f3n Ingenier\u00eda","isPartOf":{"@id":"https:\/\/ingenieria.udd.cl\/ii\/#website"},"primaryImageOfPage":{"@id":"https:\/\/ingenieria.udd.cl\/ii\/plataforma-participativa-prevencion-comunitaria\/#primaryimage"},"image":{"@id":"https:\/\/ingenieria.udd.cl\/ii\/plataforma-participativa-prevencion-comunitaria\/#primaryimage"},"thumbnailUrl":"https:\/\/ingenieria.udd.cl\/ii\/files\/2020\/07\/plataforma_incivilidades.jpg","datePublished":"2020-07-30T22:10:57+00:00","description":"Detecci\u00f3n temprana de incivilidades a trav\u00e9s de reportes y levantamiento de datos ciudadanos.","breadcrumb":{"@id":"https:\/\/ingenieria.udd.cl\/ii\/plataforma-participativa-prevencion-comunitaria\/#breadcrumb"},"inLanguage":"es","potentialAction":[{"@type":"ReadAction","target":["https:\/\/ingenieria.udd.cl\/ii\/plataforma-participativa-prevencion-comunitaria\/"]}]},{"@type":"ImageObject","inLanguage":"es","@id":"https:\/\/ingenieria.udd.cl\/ii\/plataforma-participativa-prevencion-comunitaria\/#primaryimage","url":"https:\/\/ingenieria.udd.cl\/ii\/files\/2020\/07\/plataforma_incivilidades.jpg","contentUrl":"https:\/\/ingenieria.udd.cl\/ii\/files\/2020\/07\/plataforma_incivilidades.jpg","width":1956,"height":1252},{"@type":"BreadcrumbList","@id":"https:\/\/ingenieria.udd.cl\/ii\/plataforma-participativa-prevencion-comunitaria\/#breadcrumb","itemListElement":[{"@type":"ListItem","position":1,"name":"Portada","item":"https:\/\/ingenieria.udd.cl\/ii\/"},{"@type":"ListItem","position":2,"name":"Plataforma participativa para la Prevenci\u00f3n Comunitaria"}]},{"@type":"WebSite","@id":"https:\/\/ingenieria.udd.cl\/ii\/#website","url":"https:\/\/ingenieria.udd.cl\/ii\/","name":"Innovaci\u00f3n Ingenier\u00eda","description":"Otro sitio m\u00e1s de Ingenieria","inLanguage":"es"}]}},"_links":{"self":[{"href":"https:\/\/ingenieria.udd.cl\/ii\/wp-json\/wp\/v2\/pages\/1322","targetHints":{"allow":["GET"]}}],"collection":[{"href":"https:\/\/ingenieria.udd.cl\/ii\/wp-json\/wp\/v2\/pages"}],"about":[{"href":"https:\/\/ingenieria.udd.cl\/ii\/wp-json\/wp\/v2\/types\/page"}],"author":[{"embeddable":true,"href":"https:\/\/ingenieria.udd.cl\/ii\/wp-json\/wp\/v2\/users\/9192225"}],"replies":[{"embeddable":true,"href":"https:\/\/ingenieria.udd.cl\/ii\/wp-json\/wp\/v2\/comments?post=1322"}],"version-history":[{"count":0,"href":"https:\/\/ingenieria.udd.cl\/ii\/wp-json\/wp\/v2\/pages\/1322\/revisions"}],"wp:featuredmedia":[{"embeddable":true,"href":"https:\/\/ingenieria.udd.cl\/ii\/wp-json\/wp\/v2\/media\/1311"}],"wp:attachment":[{"href":"https:\/\/ingenieria.udd.cl\/ii\/wp-json\/wp\/v2\/media?parent=1322"}],"curies":[{"name":"wp","href":"https:\/\/api.w.org\/{rel}","templated":true}]}}