{"id":1506,"date":"2020-10-28T16:25:56","date_gmt":"2020-10-28T15:25:56","guid":{"rendered":"https:\/\/ingenieria.udd.cl\/ii\/?page_id=1506"},"modified":"2024-08-28T17:29:30","modified_gmt":"2024-08-28T15:29:30","slug":"nodos-locales","status":"publish","type":"page","link":"https:\/\/ingenieria.udd.cl\/ii\/nodos-locales\/","title":{"rendered":"Nodos Tecnol\u00f3gicos"},"content":{"rendered":"<!-- WP Block: UDD - Banner -->\n<section class=\"wp-block-udd-banner is-style-default  js-show-in-modal\">\n\t\n<div class=\"banner banner--fullwidth\">\n\t\t\t<img loading=\"lazy\" decoding=\"async\" width=\"1920\" height=\"561\" src=\"https:\/\/ingenieria.udd.cl\/ii\/files\/2020\/12\/Recurso-18-680x382.png\" class=\"banner__image lazyload\" alt=\"\" sizes=\"auto, (max-width: 1920px) 100vw, 1920px\" data-src=\"https:\/\/ingenieria.udd.cl\/ii\/files\/2020\/12\/Recurso-18-1920x561.png\" data-srcset=\"https:\/\/ingenieria.udd.cl\/ii\/files\/2020\/12\/Recurso-18-1920x561.png 1920w, https:\/\/ingenieria.udd.cl\/ii\/files\/2020\/12\/Recurso-18-300x88.png 300w, https:\/\/ingenieria.udd.cl\/ii\/files\/2020\/12\/Recurso-18-1024x299.png 1024w, https:\/\/ingenieria.udd.cl\/ii\/files\/2020\/12\/Recurso-18-768x224.png 768w, https:\/\/ingenieria.udd.cl\/ii\/files\/2020\/12\/Recurso-18-1536x448.png 1536w, https:\/\/ingenieria.udd.cl\/ii\/files\/2020\/12\/Recurso-18.png 1922w\" \/>\t\t<div class=\"banner__content\">\n\t\t<span class=\"banner__title\">\u00bfQU\u00c9 ES NODOS?<\/span>\n\t\t<span class=\"banner__description\">Red de espacios descentralizados dedicada a detectar oportunidades para la innovaci\u00f3n, resolver problemas con impacto y capacitar mediante la implementaci\u00f3n de programas y soluciones tecnol\u00f3gicas. Nuestro compromiso es trabajar estrechamente con las comunidades para acortar brechas tecnol\u00f3gicas, promover la ciencia con sentido y fomentar el desarrollo de comunidades inteligentes.<\/span>\n\t<\/div>\n<\/div>\n<\/section>\n\n\n<!-- WP Block: UDD - Banners Multiple -->\n<section class=\"wp-block-udd-banners-multiple \">\n\t<div class=\"container\">\n\t\t\t\t<div class=\"block__content\">\n\t\t\t<div id=\"udd-banners-multiple--1\"\n\t\t\t\t\t\t\t\t>\n\t\t\t\t\t\t\t\t<div class=\"banners\">\n\t\t\t\t\t\t\t\t\t<div class=\"banner-col\n\t\t\t\t\t active\t\t\t\t\t\">\n\t\t\t\t\t\t<a href=\"https:\/\/ingenieria.udd.cl\/ii\/nodos-locales\/nodo-providencia\/\" class=\"banner banner--multiple\" data-url=\"https:\/\/ingenieria.udd.cl\/ii\/nodos-locales\/nodo-providencia\/\">\n\t\t\t\t\t\t\t\t\t\t\t\t\t<img loading=\"lazy\" decoding=\"async\" width=\"952\" height=\"534\" src=\"https:\/\/ingenieria.udd.cl\/ii\/files\/2024\/08\/whatsapp-image-2024-07-22-at-17-51-09-680x382.jpeg\" class=\"banner__image lazyload\" alt=\"\" sizes=\"auto, (max-width: 952px) 100vw, 952px\" data-src=\"https:\/\/ingenieria.udd.cl\/ii\/files\/2024\/08\/whatsapp-image-2024-07-22-at-17-51-09-952x534.jpeg\" data-srcset=\"https:\/\/ingenieria.udd.cl\/ii\/files\/2024\/08\/whatsapp-image-2024-07-22-at-17-51-09-952x534.jpeg 952w, https:\/\/ingenieria.udd.cl\/ii\/files\/2024\/08\/whatsapp-image-2024-07-22-at-17-51-09-680x382.jpeg 680w\" \/>\t\t\t\t\t\t\t\t\t\t\t\t\t<div class=\"banner__content\">\n\t\t\t\t\t\t\t\t<span class=\"banner__title\">NODO TECNOL\u00d3GICO Patagonia norte<\/span>\n\t\t\t\t\t\t\t\t\t\t\t\t\t\t\t\t\t\t\t\t\t\t\t<\/div>\n\t\t\t\t\t\t<\/a>\n\t\t\t\t\t<\/div>\n\t\t\t\t\t\t\t\t\t<div class=\"banner-col\n\t\t\t\t\t\t\t\t\t\t\">\n\t\t\t\t\t\t<a href=\"https:\/\/ingenieria.udd.cl\/ii\/nodos-locales\/nodo-tecnologico-talca\/\" class=\"banner banner--multiple\" data-url=\"https:\/\/ingenieria.udd.cl\/ii\/nodos-locales\/nodo-tecnologico-talca\/\">\n\t\t\t\t\t\t\t\t\t\t\t\t\t<img loading=\"lazy\" decoding=\"async\" width=\"952\" height=\"534\" src=\"https:\/\/ingenieria.udd.cl\/ii\/files\/2024\/08\/dsc_8673-680x382.jpg\" class=\"banner__image lazyload\" alt=\"\" sizes=\"auto, (max-width: 952px) 100vw, 952px\" data-src=\"https:\/\/ingenieria.udd.cl\/ii\/files\/2024\/08\/dsc_8673-952x534.jpg\" data-srcset=\"https:\/\/ingenieria.udd.cl\/ii\/files\/2024\/08\/dsc_8673-952x534.jpg 952w, https:\/\/ingenieria.udd.cl\/ii\/files\/2024\/08\/dsc_8673-1366x768.jpg 1366w, https:\/\/ingenieria.udd.cl\/ii\/files\/2024\/08\/dsc_8673-680x382.jpg 680w\" \/>\t\t\t\t\t\t\t\t\t\t\t\t\t<div class=\"banner__content\">\n\t\t\t\t\t\t\t\t<span class=\"banner__title\">NODO TECNOL\u00d3GICO MAULE<\/span>\n\t\t\t\t\t\t\t\t\t\t\t\t\t\t\t\t\t\t\t\t\t\t\t<\/div>\n\t\t\t\t\t\t<\/a>\n\t\t\t\t\t<\/div>\n\t\t\t\t\t\t\t\t<\/div>\n\t\t\t<\/div>\n\t\t<\/div>\n\t<\/div>\n<\/section>\n\n\n<!-- WP Block: UDD - Banners Multiple -->\n<section class=\"wp-block-udd-banners-multiple \">\n\t<div class=\"container\">\n\t\t\t\t<div class=\"block__content\">\n\t\t\t<div id=\"udd-banners-multiple--2\"\n\t\t\t\t\t\t\t\t>\n\t\t\t\t\t\t\t\t<div class=\"banners\">\n\t\t\t\t\t\t\t\t\t<div class=\"banner-col\n\t\t\t\t\t active\t\t\t\t\t\">\n\t\t\t\t\t\t<a href=\"https:\/\/ingenieria.udd.cl\/ltc\/\" class=\"banner banner--multiple\" data-url=\"https:\/\/ingenieria.udd.cl\/ltc\/\">\n\t\t\t\t\t\t\t\t\t\t\t\t\t<img loading=\"lazy\" decoding=\"async\" width=\"952\" height=\"534\" src=\"https:\/\/ingenieria.udd.cl\/ii\/files\/2024\/08\/dsc_8411-680x382.jpg\" class=\"banner__image lazyload\" alt=\"\" sizes=\"auto, (max-width: 952px) 100vw, 952px\" data-src=\"https:\/\/ingenieria.udd.cl\/ii\/files\/2024\/08\/dsc_8411-952x534.jpg\" data-srcset=\"https:\/\/ingenieria.udd.cl\/ii\/files\/2024\/08\/dsc_8411-952x534.jpg 952w, https:\/\/ingenieria.udd.cl\/ii\/files\/2024\/08\/dsc_8411-1366x768.jpg 1366w, https:\/\/ingenieria.udd.cl\/ii\/files\/2024\/08\/dsc_8411-680x382.jpg 680w\" \/>\t\t\t\t\t\t\t\t\t\t\t\t\t<div class=\"banner__content\">\n\t\t\t\t\t\t\t\t<span class=\"banner__title\">NODO TECNOL\u00d3GICO BIOB\u00cdO<\/span>\n\t\t\t\t\t\t\t\t\t\t\t\t\t\t\t\t\t\t\t\t\t\t\t\t\t<span class=\"banner__action\">Conocer m\u00e1s<\/span>\n\t\t\t\t\t\t\t\t\t\t\t\t\t\t\t<\/div>\n\t\t\t\t\t\t<\/a>\n\t\t\t\t\t<\/div>\n\t\t\t\t\t\t\t\t\t<div class=\"banner-col\n\t\t\t\t\t\t\t\t\t\t\">\n\t\t\t\t\t\t<a href=\"https:\/\/ingenieria.udd.cl\/ii\/nodos-locales\/nodo-tecnologico-magallanes\/\" class=\"banner banner--multiple\" data-url=\"https:\/\/ingenieria.udd.cl\/ii\/nodos-locales\/nodo-tecnologico-magallanes\/\">\n\t\t\t\t\t\t\t\t\t\t\t\t\t<img loading=\"lazy\" decoding=\"async\" width=\"952\" height=\"534\" src=\"https:\/\/ingenieria.udd.cl\/ii\/files\/2024\/08\/20220806_094129-300x169.jpg\" class=\"banner__image lazyload\" alt=\"\" sizes=\"auto, (max-width: 952px) 100vw, 952px\" data-src=\"https:\/\/ingenieria.udd.cl\/ii\/files\/2024\/08\/20220806_094129-952x534.jpg\" data-srcset=\"https:\/\/ingenieria.udd.cl\/ii\/files\/2024\/08\/20220806_094129-952x534.jpg 952w, https:\/\/ingenieria.udd.cl\/ii\/files\/2024\/08\/20220806_094129-300x169.jpg 300w, https:\/\/ingenieria.udd.cl\/ii\/files\/2024\/08\/20220806_094129-1366x768.jpg 1366w, https:\/\/ingenieria.udd.cl\/ii\/files\/2024\/08\/20220806_094129-680x382.jpg 680w\" \/>\t\t\t\t\t\t\t\t\t\t\t\t\t<div class=\"banner__content\">\n\t\t\t\t\t\t\t\t<span class=\"banner__title\">NODO TECNOL\u00d3GICO MAGALLANES<\/span>\n\t\t\t\t\t\t\t\t\t\t\t\t\t\t\t\t\t\t\t\t\t\t\t\t\t<span class=\"banner__action\">Conocer m\u00e1s<\/span>\n\t\t\t\t\t\t\t\t\t\t\t\t\t\t\t<\/div>\n\t\t\t\t\t\t<\/a>\n\t\t\t\t\t<\/div>\n\t\t\t\t\t\t\t\t<\/div>\n\t\t\t<\/div>\n\t\t<\/div>\n\t<\/div>\n<\/section>\n\n\n\n<p style=\"font-size:clamp(28.366px, 1.773rem + ((1vw - 3.2px) * 1.612), 49px);px\"><em><strong>ALIANZAS<\/strong><\/em><\/p>\n\n\n<!-- WP Block: UDD - Cards -->\n<section class=\"wp-block-udd-logos\">\n\t<div class=\"container\">\n\t\t\t\t<div class=\"block__content\">\n\t\t\t<div class=\"logos slick-carousel\" data-slick='{&quot;appendArrows&quot;:&quot;#udd-logos--1&quot;,&quot;prevArrow&quot;:&quot;&lt;button type=\\&quot;button\\&quot; class=\\&quot;slick-prev\\&quot;&gt;&lt;svg class=\\&quot;svg-chevron-left-dims\\&quot;&gt;&lt;use xlink:href=&#039;https:\\\/\\\/ingenieria.udd.cl\\\/ii\\\/wp-content\\\/themes\\\/facultades-2018\\\/assets\\\/img\\\/svg\\\/dist\\\/main.svg?version=1695853099#chevron-left&#039;&gt;&lt;\\\/use&gt;&lt;\\\/svg&gt;&lt;span class = \\&quot;sr-only\\&quot;&gt;Anterior&lt;\\\/span&gt;&lt;\\\/button&gt;&quot;,&quot;nextArrow&quot;:&quot;&lt;button type=\\&quot;button\\&quot; class=\\&quot;slick-next\\&quot;&gt;&lt;svg class=\\&quot;svg-chevron-right-dims\\&quot;&gt;&lt;use xlink:href=&#039;https:\\\/\\\/ingenieria.udd.cl\\\/ii\\\/wp-content\\\/themes\\\/facultades-2018\\\/assets\\\/img\\\/svg\\\/dist\\\/main.svg?version=1695853099#chevron-right&#039;&gt;&lt;\\\/use&gt;&lt;\\\/svg&gt;&lt;span class=\\&quot;sr-only\\&quot;&gt;Siguiente&lt;\\\/span&gt;&lt;\\\/button&gt;&quot;}'>\n\t\t\t                <div class=\"logo-item\">\n                                    <span class=\"logo\">\n                        <img loading=\"lazy\" decoding=\"async\" width=\"354\" height=\"355\" src=\"https:\/\/ingenieria.udd.cl\/ii\/wp-content\/plugins\/wp-async-img-load\/blank.png\" class=\"logo__image lazyload\" alt=\"\" sizes=\"auto, (max-width: 354px) 100vw, 354px\" data-src=\"https:\/\/ingenieria.udd.cl\/ii\/files\/2020\/12\/ALIANZAS.png\" data-srcset=\"https:\/\/ingenieria.udd.cl\/ii\/files\/2020\/12\/ALIANZAS.png 354w, https:\/\/ingenieria.udd.cl\/ii\/files\/2020\/12\/ALIANZAS-300x300.png 300w, https:\/\/ingenieria.udd.cl\/ii\/files\/2020\/12\/ALIANZAS-150x150.png 150w, https:\/\/ingenieria.udd.cl\/ii\/files\/2020\/12\/ALIANZAS-62x62.png 62w, https:\/\/ingenieria.udd.cl\/ii\/files\/2020\/12\/ALIANZAS-250x250.png 250w, https:\/\/ingenieria.udd.cl\/ii\/files\/2020\/12\/ALIANZAS-126x126.png 126w\" \/>                    <\/span>\n                \t\t\t\t                <\/div>\n\t\t\t                <div class=\"logo-item\">\n                                    <span class=\"logo\">\n                        <img loading=\"lazy\" decoding=\"async\" width=\"354\" height=\"355\" src=\"https:\/\/ingenieria.udd.cl\/ii\/wp-content\/plugins\/wp-async-img-load\/blank.png\" class=\"logo__image lazyload\" alt=\"\" sizes=\"auto, (max-width: 354px) 100vw, 354px\" data-src=\"https:\/\/ingenieria.udd.cl\/ii\/files\/2020\/12\/ALIANZAS-8.png\" data-srcset=\"https:\/\/ingenieria.udd.cl\/ii\/files\/2020\/12\/ALIANZAS-8.png 354w, https:\/\/ingenieria.udd.cl\/ii\/files\/2020\/12\/ALIANZAS-8-300x300.png 300w, https:\/\/ingenieria.udd.cl\/ii\/files\/2020\/12\/ALIANZAS-8-150x150.png 150w, https:\/\/ingenieria.udd.cl\/ii\/files\/2020\/12\/ALIANZAS-8-62x62.png 62w, https:\/\/ingenieria.udd.cl\/ii\/files\/2020\/12\/ALIANZAS-8-250x250.png 250w, https:\/\/ingenieria.udd.cl\/ii\/files\/2020\/12\/ALIANZAS-8-126x126.png 126w\" \/>                    <\/span>\n                \t\t\t\t                <\/div>\n\t\t\t                <div class=\"logo-item\">\n                                    <span class=\"logo\">\n                        <img loading=\"lazy\" decoding=\"async\" width=\"355\" height=\"355\" src=\"https:\/\/ingenieria.udd.cl\/ii\/wp-content\/plugins\/wp-async-img-load\/blank.png\" class=\"logo__image lazyload\" alt=\"\" sizes=\"auto, (max-width: 355px) 100vw, 355px\" data-src=\"https:\/\/ingenieria.udd.cl\/ii\/files\/2020\/12\/ALIANZAS-22.png\" data-srcset=\"https:\/\/ingenieria.udd.cl\/ii\/files\/2020\/12\/ALIANZAS-22.png 355w, https:\/\/ingenieria.udd.cl\/ii\/files\/2020\/12\/ALIANZAS-22-300x300.png 300w, https:\/\/ingenieria.udd.cl\/ii\/files\/2020\/12\/ALIANZAS-22-150x150.png 150w, https:\/\/ingenieria.udd.cl\/ii\/files\/2020\/12\/ALIANZAS-22-62x62.png 62w, https:\/\/ingenieria.udd.cl\/ii\/files\/2020\/12\/ALIANZAS-22-250x250.png 250w, https:\/\/ingenieria.udd.cl\/ii\/files\/2020\/12\/ALIANZAS-22-126x126.png 126w\" \/>                    <\/span>\n                \t\t\t\t                <\/div>\n\t\t\t                <div class=\"logo-item\">\n                                    <span class=\"logo\">\n                        <img loading=\"lazy\" decoding=\"async\" width=\"355\" height=\"355\" src=\"https:\/\/ingenieria.udd.cl\/ii\/wp-content\/plugins\/wp-async-img-load\/blank.png\" class=\"logo__image lazyload\" alt=\"\" sizes=\"auto, (max-width: 355px) 100vw, 355px\" data-src=\"https:\/\/ingenieria.udd.cl\/ii\/files\/2020\/12\/ALIANZAS-2.png\" data-srcset=\"https:\/\/ingenieria.udd.cl\/ii\/files\/2020\/12\/ALIANZAS-2.png 355w, https:\/\/ingenieria.udd.cl\/ii\/files\/2020\/12\/ALIANZAS-2-300x300.png 300w, https:\/\/ingenieria.udd.cl\/ii\/files\/2020\/12\/ALIANZAS-2-150x150.png 150w, https:\/\/ingenieria.udd.cl\/ii\/files\/2020\/12\/ALIANZAS-2-62x62.png 62w, https:\/\/ingenieria.udd.cl\/ii\/files\/2020\/12\/ALIANZAS-2-250x250.png 250w, https:\/\/ingenieria.udd.cl\/ii\/files\/2020\/12\/ALIANZAS-2-126x126.png 126w\" \/>                    <\/span>\n                \t\t\t\t                <\/div>\n\t\t\t                <div class=\"logo-item\">\n                                    <span class=\"logo\">\n                        <img loading=\"lazy\" decoding=\"async\" width=\"355\" height=\"355\" src=\"https:\/\/ingenieria.udd.cl\/ii\/wp-content\/plugins\/wp-async-img-load\/blank.png\" class=\"logo__image lazyload\" alt=\"\" sizes=\"auto, (max-width: 355px) 100vw, 355px\" data-src=\"https:\/\/ingenieria.udd.cl\/ii\/files\/2020\/12\/ALIANZAS-20.png\" data-srcset=\"https:\/\/ingenieria.udd.cl\/ii\/files\/2020\/12\/ALIANZAS-20.png 355w, https:\/\/ingenieria.udd.cl\/ii\/files\/2020\/12\/ALIANZAS-20-300x300.png 300w, https:\/\/ingenieria.udd.cl\/ii\/files\/2020\/12\/ALIANZAS-20-150x150.png 150w, https:\/\/ingenieria.udd.cl\/ii\/files\/2020\/12\/ALIANZAS-20-62x62.png 62w, https:\/\/ingenieria.udd.cl\/ii\/files\/2020\/12\/ALIANZAS-20-250x250.png 250w, https:\/\/ingenieria.udd.cl\/ii\/files\/2020\/12\/ALIANZAS-20-126x126.png 126w\" \/>                    <\/span>\n                \t\t\t\t                <\/div>\n\t\t\t                <div class=\"logo-item\">\n                                    <span class=\"logo\">\n                        <img loading=\"lazy\" decoding=\"async\" width=\"355\" height=\"355\" src=\"https:\/\/ingenieria.udd.cl\/ii\/wp-content\/plugins\/wp-async-img-load\/blank.png\" class=\"logo__image lazyload\" alt=\"\" sizes=\"auto, (max-width: 355px) 100vw, 355px\" data-src=\"https:\/\/ingenieria.udd.cl\/ii\/files\/2020\/12\/ALIANZAS-21.png\" data-srcset=\"https:\/\/ingenieria.udd.cl\/ii\/files\/2020\/12\/ALIANZAS-21.png 355w, https:\/\/ingenieria.udd.cl\/ii\/files\/2020\/12\/ALIANZAS-21-300x300.png 300w, https:\/\/ingenieria.udd.cl\/ii\/files\/2020\/12\/ALIANZAS-21-150x150.png 150w, https:\/\/ingenieria.udd.cl\/ii\/files\/2020\/12\/ALIANZAS-21-62x62.png 62w, https:\/\/ingenieria.udd.cl\/ii\/files\/2020\/12\/ALIANZAS-21-250x250.png 250w, https:\/\/ingenieria.udd.cl\/ii\/files\/2020\/12\/ALIANZAS-21-126x126.png 126w\" \/>                    <\/span>\n                \t\t\t\t                <\/div>\n\t\t\t                <div class=\"logo-item\">\n                                    <span class=\"logo\">\n                        <img loading=\"lazy\" decoding=\"async\" width=\"355\" height=\"355\" src=\"https:\/\/ingenieria.udd.cl\/ii\/wp-content\/plugins\/wp-async-img-load\/blank.png\" class=\"logo__image lazyload\" alt=\"\" sizes=\"auto, (max-width: 355px) 100vw, 355px\" data-src=\"https:\/\/ingenieria.udd.cl\/ii\/files\/2020\/12\/ALIANZAS-9.png\" data-srcset=\"https:\/\/ingenieria.udd.cl\/ii\/files\/2020\/12\/ALIANZAS-9.png 355w, https:\/\/ingenieria.udd.cl\/ii\/files\/2020\/12\/ALIANZAS-9-300x300.png 300w, https:\/\/ingenieria.udd.cl\/ii\/files\/2020\/12\/ALIANZAS-9-150x150.png 150w, https:\/\/ingenieria.udd.cl\/ii\/files\/2020\/12\/ALIANZAS-9-62x62.png 62w, https:\/\/ingenieria.udd.cl\/ii\/files\/2020\/12\/ALIANZAS-9-250x250.png 250w, https:\/\/ingenieria.udd.cl\/ii\/files\/2020\/12\/ALIANZAS-9-126x126.png 126w\" \/>                    <\/span>\n                \t\t\t\t                <\/div>\n\t\t\t\t\t\t<\/div>\n\t\t\t\t\t\t\t<div id=\"udd-logos--1\" class=\"logos__nav\">\n\t\t\t\t<\/div>\n\t\t\t\t\t<\/div>\n\t<\/div>\n<\/section>\n\n\n<!-- WP Block: UDD - People -->\n<section class=\"wp-block-udd-contacts\">\n\t\t<div class=\"block__bg\">\n\t\t\t\t\t<img loading=\"lazy\" decoding=\"async\" width=\"680\" height=\"382\" src=\"https:\/\/ingenieria.udd.cl\/ii\/files\/2020\/12\/BACK_CONTACTO-680x382.png\" class=\"block__bg-image object-cover lazyload\" alt=\"\" data-src=\"https:\/\/ingenieria.udd.cl\/ii\/files\/2020\/12\/BACK_CONTACTO-680x382.png\" \/>\t\t\t<\/div>\n\t\t<div class=\"container\">\n\t\t<header class=\"block__header\">\n\t\t\t<h2 class=\"block__title\">contacto<\/h2>\n\t\t<\/header>\n\t\t<div class=\"block__content\">\n\t\t\t<ul class=\"contacts\">\n\t\t\t\t\t\t\t<li class=\"contact\">\n\t\t\t\t\t<div class=\"person-contact\">\n\t\t\t\t\t\t\t\t\t\t\t\t\t\t\t\t\t\t\t\t\t\t\t\t\t\t\t\t\t\t\t\t\t\t\t<\/div>\n\t\t\t\t<\/li>\n\t\t\t\t\t\t\t<li class=\"contact\">\n\t\t\t\t\t<div class=\"person-contact\">\n\t\t\t\t\t\t\t\t\t\t\t\t<h3 class=\"person-contact__name\">Sof\u00eda Mart\u00ednez<\/h3>\n\t\t\t\t\t\t\t\t\t\t\t\t\t\t\t\t\t\t<span class=\"person-contact__job-title\">Coordinadora Nodos Tecnol\u00f3gicos<\/span>\n\t\t\t\t\t\t\t\t\t\t\t\t\t\t\t\t\t\t\t\t\t\t\t\t\t\t\t\t\t\t\t<span class=\"person-contact__email\">Email: <a href=\"mailto:s&#109;&#97;r&#116;&#105;&#110;&#101;&#122;&#64;&#117;&#100;&#100;&#46;&#99;&#108;\">s&#109;&#97;&#114;&#116;i&#110;e&#122;&#64;&#117;d&#100;.cl<\/a><\/span>\n\t\t\t\t\t\t\t\t\t\t\t<\/div>\n\t\t\t\t<\/li>\n\t\t\t\t\t\t<\/ul>\n\t\t<\/div>\n\t<\/div>\n<\/section>\n","protected":false},"excerpt":{"rendered":"<p>ALIANZAS<\/p>\n","protected":false},"author":9192224,"featured_media":0,"parent":0,"menu_order":0,"comment_status":"closed","ping_status":"closed","template":"","meta":{"footnotes":""},"class_list":["post-1506","page","type-page","status-publish","hentry"],"yoast_head":"<!-- This site is optimized with the Yoast SEO plugin v26.9 - https:\/\/yoast.com\/product\/yoast-seo-wordpress\/ -->\n<title>Nodos Tecnol\u00f3gicos - Innovaci\u00f3n Ingenier\u00eda<\/title>\n<meta name=\"robots\" content=\"index, follow, max-snippet:-1, max-image-preview:large, max-video-preview:-1\" \/>\n<link rel=\"canonical\" href=\"https:\/\/ingenieria.udd.cl\/ii\/nodos-locales\/\" \/>\n<meta property=\"og:locale\" content=\"es_ES\" \/>\n<meta property=\"og:type\" content=\"article\" \/>\n<meta property=\"og:title\" content=\"Nodos Tecnol\u00f3gicos - Innovaci\u00f3n Ingenier\u00eda\" \/>\n<meta property=\"og:description\" content=\"ALIANZAS\" \/>\n<meta property=\"og:url\" content=\"https:\/\/ingenieria.udd.cl\/ii\/nodos-locales\/\" \/>\n<meta property=\"og:site_name\" content=\"Innovaci\u00f3n Ingenier\u00eda\" \/>\n<meta property=\"article:modified_time\" content=\"2024-08-28T15:29:30+00:00\" \/>\n<meta name=\"twitter:card\" content=\"summary_large_image\" \/>\n<meta name=\"twitter:label1\" content=\"Tiempo de lectura\" \/>\n\t<meta name=\"twitter:data1\" content=\"1 minuto\" \/>\n<script type=\"application\/ld+json\" class=\"yoast-schema-graph\">{\"@context\":\"https:\/\/schema.org\",\"@graph\":[{\"@type\":\"WebPage\",\"@id\":\"https:\/\/ingenieria.udd.cl\/ii\/nodos-locales\/\",\"url\":\"https:\/\/ingenieria.udd.cl\/ii\/nodos-locales\/\",\"name\":\"Nodos Tecnol\u00f3gicos - Innovaci\u00f3n Ingenier\u00eda\",\"isPartOf\":{\"@id\":\"https:\/\/ingenieria.udd.cl\/ii\/#website\"},\"datePublished\":\"2020-10-28T15:25:56+00:00\",\"dateModified\":\"2024-08-28T15:29:30+00:00\",\"breadcrumb\":{\"@id\":\"https:\/\/ingenieria.udd.cl\/ii\/nodos-locales\/#breadcrumb\"},\"inLanguage\":\"es\",\"potentialAction\":[{\"@type\":\"ReadAction\",\"target\":[\"https:\/\/ingenieria.udd.cl\/ii\/nodos-locales\/\"]}]},{\"@type\":\"BreadcrumbList\",\"@id\":\"https:\/\/ingenieria.udd.cl\/ii\/nodos-locales\/#breadcrumb\",\"itemListElement\":[{\"@type\":\"ListItem\",\"position\":1,\"name\":\"Portada\",\"item\":\"https:\/\/ingenieria.udd.cl\/ii\/\"},{\"@type\":\"ListItem\",\"position\":2,\"name\":\"Nodos Tecnol\u00f3gicos\"}]},{\"@type\":\"WebSite\",\"@id\":\"https:\/\/ingenieria.udd.cl\/ii\/#website\",\"url\":\"https:\/\/ingenieria.udd.cl\/ii\/\",\"name\":\"Innovaci\u00f3n Ingenier\u00eda\",\"description\":\"Otro sitio m\u00e1s de Ingenieria\",\"inLanguage\":\"es\"}]}<\/script>\n<!-- \/ Yoast SEO plugin. -->","yoast_head_json":{"title":"Nodos Tecnol\u00f3gicos - Innovaci\u00f3n Ingenier\u00eda","robots":{"index":"index","follow":"follow","max-snippet":"max-snippet:-1","max-image-preview":"max-image-preview:large","max-video-preview":"max-video-preview:-1"},"canonical":"https:\/\/ingenieria.udd.cl\/ii\/nodos-locales\/","og_locale":"es_ES","og_type":"article","og_title":"Nodos Tecnol\u00f3gicos - Innovaci\u00f3n Ingenier\u00eda","og_description":"ALIANZAS","og_url":"https:\/\/ingenieria.udd.cl\/ii\/nodos-locales\/","og_site_name":"Innovaci\u00f3n Ingenier\u00eda","article_modified_time":"2024-08-28T15:29:30+00:00","twitter_card":"summary_large_image","twitter_misc":{"Tiempo de lectura":"1 minuto"},"schema":{"@context":"https:\/\/schema.org","@graph":[{"@type":"WebPage","@id":"https:\/\/ingenieria.udd.cl\/ii\/nodos-locales\/","url":"https:\/\/ingenieria.udd.cl\/ii\/nodos-locales\/","name":"Nodos Tecnol\u00f3gicos - Innovaci\u00f3n Ingenier\u00eda","isPartOf":{"@id":"https:\/\/ingenieria.udd.cl\/ii\/#website"},"datePublished":"2020-10-28T15:25:56+00:00","dateModified":"2024-08-28T15:29:30+00:00","breadcrumb":{"@id":"https:\/\/ingenieria.udd.cl\/ii\/nodos-locales\/#breadcrumb"},"inLanguage":"es","potentialAction":[{"@type":"ReadAction","target":["https:\/\/ingenieria.udd.cl\/ii\/nodos-locales\/"]}]},{"@type":"BreadcrumbList","@id":"https:\/\/ingenieria.udd.cl\/ii\/nodos-locales\/#breadcrumb","itemListElement":[{"@type":"ListItem","position":1,"name":"Portada","item":"https:\/\/ingenieria.udd.cl\/ii\/"},{"@type":"ListItem","position":2,"name":"Nodos Tecnol\u00f3gicos"}]},{"@type":"WebSite","@id":"https:\/\/ingenieria.udd.cl\/ii\/#website","url":"https:\/\/ingenieria.udd.cl\/ii\/","name":"Innovaci\u00f3n Ingenier\u00eda","description":"Otro sitio m\u00e1s de Ingenieria","inLanguage":"es"}]}},"_links":{"self":[{"href":"https:\/\/ingenieria.udd.cl\/ii\/wp-json\/wp\/v2\/pages\/1506","targetHints":{"allow":["GET"]}}],"collection":[{"href":"https:\/\/ingenieria.udd.cl\/ii\/wp-json\/wp\/v2\/pages"}],"about":[{"href":"https:\/\/ingenieria.udd.cl\/ii\/wp-json\/wp\/v2\/types\/page"}],"author":[{"embeddable":true,"href":"https:\/\/ingenieria.udd.cl\/ii\/wp-json\/wp\/v2\/users\/9192224"}],"replies":[{"embeddable":true,"href":"https:\/\/ingenieria.udd.cl\/ii\/wp-json\/wp\/v2\/comments?post=1506"}],"version-history":[{"count":29,"href":"https:\/\/ingenieria.udd.cl\/ii\/wp-json\/wp\/v2\/pages\/1506\/revisions"}],"predecessor-version":[{"id":4597,"href":"https:\/\/ingenieria.udd.cl\/ii\/wp-json\/wp\/v2\/pages\/1506\/revisions\/4597"}],"wp:attachment":[{"href":"https:\/\/ingenieria.udd.cl\/ii\/wp-json\/wp\/v2\/media?parent=1506"}],"curies":[{"name":"wp","href":"https:\/\/api.w.org\/{rel}","templated":true}]}}