{"id":1624,"date":"2021-01-12T20:39:29","date_gmt":"2021-01-12T19:39:29","guid":{"rendered":"https:\/\/ingenieria.udd.cl\/ii\/?page_id=1624"},"modified":"2024-08-20T17:45:12","modified_gmt":"2024-08-20T15:45:12","slug":"nodo-santiago","status":"publish","type":"page","link":"https:\/\/ingenieria.udd.cl\/ii\/nodos-locales\/nodo-santiago\/","title":{"rendered":"Nodo Santiago"},"content":{"rendered":"<!-- WP Block: UDD - Content Gallery -->\n<section class=\"wp-block-udd-content-gallery\">\n\t<div class=\"content-gallery\">\n\t\t<main class=\"content-gallery__content\">\n\t\t\t<div class=\"content-gallery__content-inner\">\n\t\t\t\t<h2 class=\"block__title content-gallery__title\"><\/h2>\n\t\t\t\t<div class=\"text\">\n\t\t\t\t\t\n<p>El Laboratorio de la ciudad de Santiago tiene por objetivo generar nuevas capacidades de desarrollo tecnol\u00f3gico para miembros del sector p\u00fablico, as\u00ed como otros miembros de la comunidad, permitiendo enfrentarse tanto a la reducci\u00f3n de brechas tecnol\u00f3gicas como habilitar nuevas herramientas para el desarrollo de proyectos de I+D+i aplicados a la ciudad. <\/p>\n\t\t\t\t<\/div>\n\t\t\t<\/div>\n\t\t<\/main>\n\t\t<aside class=\"content-gallery__media\">\n\t\t\t<div id=\"gallery-carousel-9786c39cbf\" class=\"carousel slide carousel-gallery\" data-ride=\"carousel\" data-interval=\"false\">\n\t\t\t\t<div class=\"carousel-inner\" role=\"listbox\">\n\t\t\t\t\t\t\t\t\t\t\t<div class=\"carousel-item active\">\n\t\t\t\t\t\t\t<img loading=\"lazy\" decoding=\"async\" width=\"1366\" height=\"768\" src=\"https:\/\/ingenieria.udd.cl\/ii\/files\/2020\/05\/img_3930-scaled-1-680x382.jpg\" class=\"content-gallery__media-image lazyload\" alt=\"\" sizes=\"auto, (max-width: 1366px) 100vw, 1366px\" data-src=\"https:\/\/ingenieria.udd.cl\/ii\/files\/2020\/05\/img_3930-scaled-1-1366x768.jpg\" data-srcset=\"https:\/\/ingenieria.udd.cl\/ii\/files\/2020\/05\/img_3930-scaled-1-1366x768.jpg 1366w, https:\/\/ingenieria.udd.cl\/ii\/files\/2020\/05\/img_3930-scaled-1-1920x1080.jpg 1920w, https:\/\/ingenieria.udd.cl\/ii\/files\/2020\/05\/img_3930-scaled-1-952x534.jpg 952w, https:\/\/ingenieria.udd.cl\/ii\/files\/2020\/05\/img_3930-scaled-1-680x382.jpg 680w\" \/>\t\t\t\t\t\t\t\t\t\t\t\t\t<\/div>\n\t\t\t\t\t\t\t\t\t\t\t<div class=\"carousel-item\">\n\t\t\t\t\t\t\t<img loading=\"lazy\" decoding=\"async\" width=\"1366\" height=\"768\" src=\"https:\/\/ingenieria.udd.cl\/ii\/files\/2020\/05\/img_3948-scaled-1-680x382.jpg\" class=\"content-gallery__media-image lazyload\" alt=\"\" sizes=\"auto, (max-width: 1366px) 100vw, 1366px\" data-src=\"https:\/\/ingenieria.udd.cl\/ii\/files\/2020\/05\/img_3948-scaled-1-1366x768.jpg\" data-srcset=\"https:\/\/ingenieria.udd.cl\/ii\/files\/2020\/05\/img_3948-scaled-1-1366x768.jpg 1366w, https:\/\/ingenieria.udd.cl\/ii\/files\/2020\/05\/img_3948-scaled-1-1920x1080.jpg 1920w, https:\/\/ingenieria.udd.cl\/ii\/files\/2020\/05\/img_3948-scaled-1-952x534.jpg 952w, https:\/\/ingenieria.udd.cl\/ii\/files\/2020\/05\/img_3948-scaled-1-680x382.jpg 680w\" \/>\t\t\t\t\t\t\t\t\t\t\t\t\t<\/div>\n\t\t\t\t\t\t\t\t\t\t\t<div class=\"carousel-item\">\n\t\t\t\t\t\t\t<img loading=\"lazy\" decoding=\"async\" width=\"1366\" height=\"768\" src=\"https:\/\/ingenieria.udd.cl\/ii\/files\/2020\/05\/img_3920-scaled-1-680x382.jpg\" class=\"content-gallery__media-image lazyload\" alt=\"\" sizes=\"auto, (max-width: 1366px) 100vw, 1366px\" data-src=\"https:\/\/ingenieria.udd.cl\/ii\/files\/2020\/05\/img_3920-scaled-1-1366x768.jpg\" data-srcset=\"https:\/\/ingenieria.udd.cl\/ii\/files\/2020\/05\/img_3920-scaled-1-1366x768.jpg 1366w, https:\/\/ingenieria.udd.cl\/ii\/files\/2020\/05\/img_3920-scaled-1-1920x1080.jpg 1920w, https:\/\/ingenieria.udd.cl\/ii\/files\/2020\/05\/img_3920-scaled-1-952x534.jpg 952w, https:\/\/ingenieria.udd.cl\/ii\/files\/2020\/05\/img_3920-scaled-1-680x382.jpg 680w\" \/>\t\t\t\t\t\t\t\t\t\t\t\t\t<\/div>\n\t\t\t\t\t\t\t\t\t<\/div>\n\t\t\t\t\t\t\t<footer class=\"carousel-footer\">\n\t\t\t\t\t<div class=\"carousel-counter\">\n\t\t\t\t\t\t<span class=\"carousel-counter-current\"><\/span> \/ <span class=\"carousel-counter-total\"><\/span>\n\t\t\t\t\t<\/div>\n\t\t\t\t\t<a class=\"carousel-control-prev\" href=\"#gallery-carousel-9786c39cbf\" role=\"button\" data-slide=\"prev\">\n\t\t\t\t\t\t<svg class=\"svg-chevron-left-dims\"><use xlink:href='https:\/\/ingenieria.udd.cl\/ii\/wp-content\/themes\/facultades-2018\/assets\/img\/svg\/dist\/main.svg?version=1695853099#chevron-left'><\/use><\/svg>\t\t\t\t\t\t<span class=\"sr-only\">Anterior<\/span>\n\t\t\t\t\t<\/a>\n\t\t\t\t\t<a class=\"carousel-control-next\" href=\"#gallery-carousel-9786c39cbf\" role=\"button\" data-slide=\"next\">\n\t\t\t\t\t\t<svg class=\"svg-chevron-right-dims\"><use xlink:href='https:\/\/ingenieria.udd.cl\/ii\/wp-content\/themes\/facultades-2018\/assets\/img\/svg\/dist\/main.svg?version=1695853099#chevron-right'><\/use><\/svg>\t\t\t\t\t\t<span class=\"sr-only\">Siguiente<\/span>\n\t\t\t\t\t<\/a>\n\t\t\t\t<\/footer>\n\t\t\t\t\t\t<\/div>\n\t\t<\/aside>\n\t<\/div>\n<\/section>\n\n\n<!-- WP Block: UDD - Fullwidth Cards -->\n<section class=\"wp-block-udd-fullwidth-cards is-style-clear\">\n\t<div class=\"container\">\n\t\t<header class=\"block__header\">\n\t\t\t<h2 class=\"block__title\">Noticias<\/h2>\n\t\t\t\t\t\t<a href=\"https:\/\/ingenieria.udd.cl\/ii\/noticias\/\" class=\"block__view-more\">\n\t\t\t\tVer m\u00e1s noticias\t\t\t<\/a>\n\t\t\t\t\t<\/header>\n\t\t<div class=\"block__content\">\n\t\t\t<div class=\"fullwidth-cards\">\n\t\t\t\t\t\t<\/div>\n\t\t<\/div>\n\t<\/div>\n<\/section>\n","protected":false},"excerpt":{"rendered":"","protected":false},"author":9192218,"featured_media":0,"parent":1506,"menu_order":0,"comment_status":"closed","ping_status":"closed","template":"","meta":{"footnotes":""},"class_list":["post-1624","page","type-page","status-publish","hentry"],"yoast_head":"<!-- This site is optimized with the Yoast SEO plugin v26.9 - https:\/\/yoast.com\/product\/yoast-seo-wordpress\/ -->\n<title>Nodo Santiago - Innovaci\u00f3n Ingenier\u00eda<\/title>\n<meta name=\"robots\" content=\"index, follow, max-snippet:-1, max-image-preview:large, max-video-preview:-1\" \/>\n<link rel=\"canonical\" href=\"https:\/\/ingenieria.udd.cl\/ii\/nodos-locales\/nodo-santiago\/\" \/>\n<meta property=\"og:locale\" content=\"es_ES\" \/>\n<meta property=\"og:type\" content=\"article\" \/>\n<meta property=\"og:title\" content=\"Nodo Santiago - Innovaci\u00f3n Ingenier\u00eda\" \/>\n<meta property=\"og:url\" content=\"https:\/\/ingenieria.udd.cl\/ii\/nodos-locales\/nodo-santiago\/\" \/>\n<meta property=\"og:site_name\" content=\"Innovaci\u00f3n Ingenier\u00eda\" \/>\n<meta property=\"article:modified_time\" content=\"2024-08-20T15:45:12+00:00\" \/>\n<meta name=\"twitter:card\" content=\"summary_large_image\" \/>\n<meta name=\"twitter:label1\" content=\"Tiempo de lectura\" \/>\n\t<meta name=\"twitter:data1\" content=\"1 minuto\" \/>\n<script type=\"application\/ld+json\" class=\"yoast-schema-graph\">{\"@context\":\"https:\/\/schema.org\",\"@graph\":[{\"@type\":\"WebPage\",\"@id\":\"https:\/\/ingenieria.udd.cl\/ii\/nodos-locales\/nodo-santiago\/\",\"url\":\"https:\/\/ingenieria.udd.cl\/ii\/nodos-locales\/nodo-santiago\/\",\"name\":\"Nodo Santiago - Innovaci\u00f3n Ingenier\u00eda\",\"isPartOf\":{\"@id\":\"https:\/\/ingenieria.udd.cl\/ii\/#website\"},\"datePublished\":\"2021-01-12T19:39:29+00:00\",\"dateModified\":\"2024-08-20T15:45:12+00:00\",\"breadcrumb\":{\"@id\":\"https:\/\/ingenieria.udd.cl\/ii\/nodos-locales\/nodo-santiago\/#breadcrumb\"},\"inLanguage\":\"es\",\"potentialAction\":[{\"@type\":\"ReadAction\",\"target\":[\"https:\/\/ingenieria.udd.cl\/ii\/nodos-locales\/nodo-santiago\/\"]}]},{\"@type\":\"BreadcrumbList\",\"@id\":\"https:\/\/ingenieria.udd.cl\/ii\/nodos-locales\/nodo-santiago\/#breadcrumb\",\"itemListElement\":[{\"@type\":\"ListItem\",\"position\":1,\"name\":\"Portada\",\"item\":\"https:\/\/ingenieria.udd.cl\/ii\/\"},{\"@type\":\"ListItem\",\"position\":2,\"name\":\"Nodos Tecnol\u00f3gicos\",\"item\":\"https:\/\/ingenieria.udd.cl\/ii\/nodos-locales\/\"},{\"@type\":\"ListItem\",\"position\":3,\"name\":\"Nodo Santiago\"}]},{\"@type\":\"WebSite\",\"@id\":\"https:\/\/ingenieria.udd.cl\/ii\/#website\",\"url\":\"https:\/\/ingenieria.udd.cl\/ii\/\",\"name\":\"Innovaci\u00f3n Ingenier\u00eda\",\"description\":\"Otro sitio m\u00e1s de Ingenieria\",\"inLanguage\":\"es\"}]}<\/script>\n<!-- \/ Yoast SEO plugin. -->","yoast_head_json":{"title":"Nodo Santiago - Innovaci\u00f3n Ingenier\u00eda","robots":{"index":"index","follow":"follow","max-snippet":"max-snippet:-1","max-image-preview":"max-image-preview:large","max-video-preview":"max-video-preview:-1"},"canonical":"https:\/\/ingenieria.udd.cl\/ii\/nodos-locales\/nodo-santiago\/","og_locale":"es_ES","og_type":"article","og_title":"Nodo Santiago - Innovaci\u00f3n Ingenier\u00eda","og_url":"https:\/\/ingenieria.udd.cl\/ii\/nodos-locales\/nodo-santiago\/","og_site_name":"Innovaci\u00f3n Ingenier\u00eda","article_modified_time":"2024-08-20T15:45:12+00:00","twitter_card":"summary_large_image","twitter_misc":{"Tiempo de lectura":"1 minuto"},"schema":{"@context":"https:\/\/schema.org","@graph":[{"@type":"WebPage","@id":"https:\/\/ingenieria.udd.cl\/ii\/nodos-locales\/nodo-santiago\/","url":"https:\/\/ingenieria.udd.cl\/ii\/nodos-locales\/nodo-santiago\/","name":"Nodo Santiago - Innovaci\u00f3n Ingenier\u00eda","isPartOf":{"@id":"https:\/\/ingenieria.udd.cl\/ii\/#website"},"datePublished":"2021-01-12T19:39:29+00:00","dateModified":"2024-08-20T15:45:12+00:00","breadcrumb":{"@id":"https:\/\/ingenieria.udd.cl\/ii\/nodos-locales\/nodo-santiago\/#breadcrumb"},"inLanguage":"es","potentialAction":[{"@type":"ReadAction","target":["https:\/\/ingenieria.udd.cl\/ii\/nodos-locales\/nodo-santiago\/"]}]},{"@type":"BreadcrumbList","@id":"https:\/\/ingenieria.udd.cl\/ii\/nodos-locales\/nodo-santiago\/#breadcrumb","itemListElement":[{"@type":"ListItem","position":1,"name":"Portada","item":"https:\/\/ingenieria.udd.cl\/ii\/"},{"@type":"ListItem","position":2,"name":"Nodos Tecnol\u00f3gicos","item":"https:\/\/ingenieria.udd.cl\/ii\/nodos-locales\/"},{"@type":"ListItem","position":3,"name":"Nodo Santiago"}]},{"@type":"WebSite","@id":"https:\/\/ingenieria.udd.cl\/ii\/#website","url":"https:\/\/ingenieria.udd.cl\/ii\/","name":"Innovaci\u00f3n Ingenier\u00eda","description":"Otro sitio m\u00e1s de Ingenieria","inLanguage":"es"}]}},"_links":{"self":[{"href":"https:\/\/ingenieria.udd.cl\/ii\/wp-json\/wp\/v2\/pages\/1624","targetHints":{"allow":["GET"]}}],"collection":[{"href":"https:\/\/ingenieria.udd.cl\/ii\/wp-json\/wp\/v2\/pages"}],"about":[{"href":"https:\/\/ingenieria.udd.cl\/ii\/wp-json\/wp\/v2\/types\/page"}],"author":[{"embeddable":true,"href":"https:\/\/ingenieria.udd.cl\/ii\/wp-json\/wp\/v2\/users\/9192218"}],"replies":[{"embeddable":true,"href":"https:\/\/ingenieria.udd.cl\/ii\/wp-json\/wp\/v2\/comments?post=1624"}],"version-history":[{"count":10,"href":"https:\/\/ingenieria.udd.cl\/ii\/wp-json\/wp\/v2\/pages\/1624\/revisions"}],"predecessor-version":[{"id":4563,"href":"https:\/\/ingenieria.udd.cl\/ii\/wp-json\/wp\/v2\/pages\/1624\/revisions\/4563"}],"up":[{"embeddable":true,"href":"https:\/\/ingenieria.udd.cl\/ii\/wp-json\/wp\/v2\/pages\/1506"}],"wp:attachment":[{"href":"https:\/\/ingenieria.udd.cl\/ii\/wp-json\/wp\/v2\/media?parent=1624"}],"curies":[{"name":"wp","href":"https:\/\/api.w.org\/{rel}","templated":true}]}}