{"id":1625,"date":"2021-01-12T20:39:29","date_gmt":"2021-01-12T19:39:29","guid":{"rendered":"https:\/\/ingenieria.udd.cl\/ii\/?page_id=1625"},"modified":"2024-08-20T18:46:30","modified_gmt":"2024-08-20T16:46:30","slug":"nodo-providencia","status":"publish","type":"page","link":"https:\/\/ingenieria.udd.cl\/ii\/nodos-locales\/nodo-providencia\/","title":{"rendered":"Nodo Tecnol\u00f3gico Patagonia Norte"},"content":{"rendered":"\n<div class=\"wp-block-media-text alignfull has-media-on-the-right is-stacked-on-mobile is-vertically-aligned-center is-style-default\" style=\"grid-template-columns:auto 38%\"><div class=\"wp-block-media-text__content\">\n<p>El Nodo Patagonia Norte abarca las regiones de Los Lagos y Ays\u00e9n,<strong> <\/strong>zonas caracterizadas por su gran diversidad de ecosistemas, lo que representa grandes desaf\u00edos y variadas oportunidades. Debido a esta particularidad, estrat\u00e9gicamente diferenciamos nuestra aproximaci\u00f3n en dos zonas: la primera, comprendida por la cuenca del Llanquihue, incluyendo Puerto Montt; y la segunda, desde la isla de Chilo\u00e9 hasta Ays\u00e9n.<\/p>\n\n\n\n<p>Nuestro objetivo es identificar oportunidades e iniciativas que aborden y potencien temas de desarrollo tecnol\u00f3gico y biotecnol\u00f3gico, conservaci\u00f3n y medio ambiente, cultura maker, educaci\u00f3n en emprendimiento y descarbonizaci\u00f3n, la escasez h\u00eddrica y el buen uso del agua, as\u00ed como el manejo de residuos, energ\u00edas limpias y la protecci\u00f3n de los oc\u00e9anos.<\/p>\n\n\n\n<p>Estamos comprometidos con una comprensi\u00f3n profunda y detallada de estas regiones para poder actuar de manera efectiva y adaptada a las necesidades espec\u00edficas de cada \u00e1rea. Esto nos permite promover un desarrollo integral y sostenible que beneficie tanto a la econom\u00eda local como a la conservaci\u00f3n del medio ambiente.<\/p>\n\n\n\n<p><\/p>\n<\/div><figure class=\"wp-block-media-text__media\"><img loading=\"lazy\" decoding=\"async\" width=\"1024\" height=\"931\" src=\"https:\/\/ingenieria.udd.cl\/ii\/files\/2024\/05\/captura-de-pantalla-2024-05-30-a-las-15-32-08-1024x931.png\" alt=\"\" class=\"wp-image-4252 size-large\" srcset=\"https:\/\/ingenieria.udd.cl\/ii\/files\/2024\/05\/captura-de-pantalla-2024-05-30-a-las-15-32-08-1024x931.png 1024w, https:\/\/ingenieria.udd.cl\/ii\/files\/2024\/05\/captura-de-pantalla-2024-05-30-a-las-15-32-08-300x273.png 300w, https:\/\/ingenieria.udd.cl\/ii\/files\/2024\/05\/captura-de-pantalla-2024-05-30-a-las-15-32-08-768x698.png 768w, https:\/\/ingenieria.udd.cl\/ii\/files\/2024\/05\/captura-de-pantalla-2024-05-30-a-las-15-32-08.png 1100w\" sizes=\"auto, (max-width: 1024px) 100vw, 1024px\" \/><\/figure><\/div>\n\n\n\n<p><\/p>\n","protected":false},"excerpt":{"rendered":"<p>El Nodo Patagonia Norte abarca las regiones de Los Lagos y Ays\u00e9n, zonas caracterizadas por su gran diversidad de ecosistemas, lo que representa grandes desaf\u00edos y variadas oportunidades. Debido a esta particularidad, estrat\u00e9gicamente diferenciamos nuestra aproximaci\u00f3n en dos zonas: la primera, comprendida por la cuenca del Llanquihue, incluyendo Puerto Montt; y la segunda, desde la [&hellip;]<\/p>\n","protected":false},"author":9192218,"featured_media":0,"parent":1506,"menu_order":0,"comment_status":"closed","ping_status":"closed","template":"","meta":{"footnotes":""},"class_list":["post-1625","page","type-page","status-publish","hentry"],"yoast_head":"<!-- This site is optimized with the Yoast SEO plugin v26.9 - https:\/\/yoast.com\/product\/yoast-seo-wordpress\/ -->\n<title>Nodo Tecnol\u00f3gico Patagonia Norte - Innovaci\u00f3n Ingenier\u00eda<\/title>\n<meta name=\"robots\" content=\"index, follow, max-snippet:-1, max-image-preview:large, max-video-preview:-1\" \/>\n<link rel=\"canonical\" href=\"https:\/\/ingenieria.udd.cl\/ii\/nodos-locales\/nodo-providencia\/\" \/>\n<meta property=\"og:locale\" content=\"es_ES\" \/>\n<meta property=\"og:type\" content=\"article\" \/>\n<meta property=\"og:title\" content=\"Nodo Tecnol\u00f3gico Patagonia Norte - Innovaci\u00f3n Ingenier\u00eda\" \/>\n<meta property=\"og:description\" content=\"El Nodo Patagonia Norte abarca las regiones de Los Lagos y Ays\u00e9n, zonas caracterizadas por su gran diversidad de ecosistemas, lo que representa grandes desaf\u00edos y variadas oportunidades. Debido a esta particularidad, estrat\u00e9gicamente diferenciamos nuestra aproximaci\u00f3n en dos zonas: la primera, comprendida por la cuenca del Llanquihue, incluyendo Puerto Montt; y la segunda, desde la [&hellip;]\" \/>\n<meta property=\"og:url\" content=\"https:\/\/ingenieria.udd.cl\/ii\/nodos-locales\/nodo-providencia\/\" \/>\n<meta property=\"og:site_name\" content=\"Innovaci\u00f3n Ingenier\u00eda\" \/>\n<meta property=\"article:modified_time\" content=\"2024-08-20T16:46:30+00:00\" \/>\n<meta property=\"og:image\" content=\"https:\/\/ingenieria.udd.cl\/ii\/files\/2024\/05\/captura-de-pantalla-2024-05-30-a-las-15-32-08-1024x931.png\" \/>\n<meta name=\"twitter:card\" content=\"summary_large_image\" \/>\n<meta name=\"twitter:label1\" content=\"Tiempo de lectura\" \/>\n\t<meta name=\"twitter:data1\" content=\"1 minuto\" \/>\n<script type=\"application\/ld+json\" class=\"yoast-schema-graph\">{\"@context\":\"https:\/\/schema.org\",\"@graph\":[{\"@type\":\"WebPage\",\"@id\":\"https:\/\/ingenieria.udd.cl\/ii\/nodos-locales\/nodo-providencia\/\",\"url\":\"https:\/\/ingenieria.udd.cl\/ii\/nodos-locales\/nodo-providencia\/\",\"name\":\"Nodo Tecnol\u00f3gico Patagonia Norte - Innovaci\u00f3n Ingenier\u00eda\",\"isPartOf\":{\"@id\":\"https:\/\/ingenieria.udd.cl\/ii\/#website\"},\"primaryImageOfPage\":{\"@id\":\"https:\/\/ingenieria.udd.cl\/ii\/nodos-locales\/nodo-providencia\/#primaryimage\"},\"image\":{\"@id\":\"https:\/\/ingenieria.udd.cl\/ii\/nodos-locales\/nodo-providencia\/#primaryimage\"},\"thumbnailUrl\":\"https:\/\/ingenieria.udd.cl\/ii\/files\/2024\/05\/captura-de-pantalla-2024-05-30-a-las-15-32-08-1024x931.png\",\"datePublished\":\"2021-01-12T19:39:29+00:00\",\"dateModified\":\"2024-08-20T16:46:30+00:00\",\"breadcrumb\":{\"@id\":\"https:\/\/ingenieria.udd.cl\/ii\/nodos-locales\/nodo-providencia\/#breadcrumb\"},\"inLanguage\":\"es\",\"potentialAction\":[{\"@type\":\"ReadAction\",\"target\":[\"https:\/\/ingenieria.udd.cl\/ii\/nodos-locales\/nodo-providencia\/\"]}]},{\"@type\":\"ImageObject\",\"inLanguage\":\"es\",\"@id\":\"https:\/\/ingenieria.udd.cl\/ii\/nodos-locales\/nodo-providencia\/#primaryimage\",\"url\":\"https:\/\/ingenieria.udd.cl\/ii\/files\/2024\/05\/captura-de-pantalla-2024-05-30-a-las-15-32-08.png\",\"contentUrl\":\"https:\/\/ingenieria.udd.cl\/ii\/files\/2024\/05\/captura-de-pantalla-2024-05-30-a-las-15-32-08.png\",\"width\":1100,\"height\":1000},{\"@type\":\"BreadcrumbList\",\"@id\":\"https:\/\/ingenieria.udd.cl\/ii\/nodos-locales\/nodo-providencia\/#breadcrumb\",\"itemListElement\":[{\"@type\":\"ListItem\",\"position\":1,\"name\":\"Portada\",\"item\":\"https:\/\/ingenieria.udd.cl\/ii\/\"},{\"@type\":\"ListItem\",\"position\":2,\"name\":\"Nodos Tecnol\u00f3gicos\",\"item\":\"https:\/\/ingenieria.udd.cl\/ii\/nodos-locales\/\"},{\"@type\":\"ListItem\",\"position\":3,\"name\":\"Nodo Tecnol\u00f3gico Patagonia Norte\"}]},{\"@type\":\"WebSite\",\"@id\":\"https:\/\/ingenieria.udd.cl\/ii\/#website\",\"url\":\"https:\/\/ingenieria.udd.cl\/ii\/\",\"name\":\"Innovaci\u00f3n Ingenier\u00eda\",\"description\":\"Otro sitio m\u00e1s de Ingenieria\",\"inLanguage\":\"es\"}]}<\/script>\n<!-- \/ Yoast SEO plugin. -->","yoast_head_json":{"title":"Nodo Tecnol\u00f3gico Patagonia Norte - Innovaci\u00f3n Ingenier\u00eda","robots":{"index":"index","follow":"follow","max-snippet":"max-snippet:-1","max-image-preview":"max-image-preview:large","max-video-preview":"max-video-preview:-1"},"canonical":"https:\/\/ingenieria.udd.cl\/ii\/nodos-locales\/nodo-providencia\/","og_locale":"es_ES","og_type":"article","og_title":"Nodo Tecnol\u00f3gico Patagonia Norte - Innovaci\u00f3n Ingenier\u00eda","og_description":"El Nodo Patagonia Norte abarca las regiones de Los Lagos y Ays\u00e9n, zonas caracterizadas por su gran diversidad de ecosistemas, lo que representa grandes desaf\u00edos y variadas oportunidades. Debido a esta particularidad, estrat\u00e9gicamente diferenciamos nuestra aproximaci\u00f3n en dos zonas: la primera, comprendida por la cuenca del Llanquihue, incluyendo Puerto Montt; y la segunda, desde la [&hellip;]","og_url":"https:\/\/ingenieria.udd.cl\/ii\/nodos-locales\/nodo-providencia\/","og_site_name":"Innovaci\u00f3n Ingenier\u00eda","article_modified_time":"2024-08-20T16:46:30+00:00","og_image":[{"url":"https:\/\/ingenieria.udd.cl\/ii\/files\/2024\/05\/captura-de-pantalla-2024-05-30-a-las-15-32-08-1024x931.png","type":"","width":"","height":""}],"twitter_card":"summary_large_image","twitter_misc":{"Tiempo de lectura":"1 minuto"},"schema":{"@context":"https:\/\/schema.org","@graph":[{"@type":"WebPage","@id":"https:\/\/ingenieria.udd.cl\/ii\/nodos-locales\/nodo-providencia\/","url":"https:\/\/ingenieria.udd.cl\/ii\/nodos-locales\/nodo-providencia\/","name":"Nodo Tecnol\u00f3gico Patagonia Norte - Innovaci\u00f3n Ingenier\u00eda","isPartOf":{"@id":"https:\/\/ingenieria.udd.cl\/ii\/#website"},"primaryImageOfPage":{"@id":"https:\/\/ingenieria.udd.cl\/ii\/nodos-locales\/nodo-providencia\/#primaryimage"},"image":{"@id":"https:\/\/ingenieria.udd.cl\/ii\/nodos-locales\/nodo-providencia\/#primaryimage"},"thumbnailUrl":"https:\/\/ingenieria.udd.cl\/ii\/files\/2024\/05\/captura-de-pantalla-2024-05-30-a-las-15-32-08-1024x931.png","datePublished":"2021-01-12T19:39:29+00:00","dateModified":"2024-08-20T16:46:30+00:00","breadcrumb":{"@id":"https:\/\/ingenieria.udd.cl\/ii\/nodos-locales\/nodo-providencia\/#breadcrumb"},"inLanguage":"es","potentialAction":[{"@type":"ReadAction","target":["https:\/\/ingenieria.udd.cl\/ii\/nodos-locales\/nodo-providencia\/"]}]},{"@type":"ImageObject","inLanguage":"es","@id":"https:\/\/ingenieria.udd.cl\/ii\/nodos-locales\/nodo-providencia\/#primaryimage","url":"https:\/\/ingenieria.udd.cl\/ii\/files\/2024\/05\/captura-de-pantalla-2024-05-30-a-las-15-32-08.png","contentUrl":"https:\/\/ingenieria.udd.cl\/ii\/files\/2024\/05\/captura-de-pantalla-2024-05-30-a-las-15-32-08.png","width":1100,"height":1000},{"@type":"BreadcrumbList","@id":"https:\/\/ingenieria.udd.cl\/ii\/nodos-locales\/nodo-providencia\/#breadcrumb","itemListElement":[{"@type":"ListItem","position":1,"name":"Portada","item":"https:\/\/ingenieria.udd.cl\/ii\/"},{"@type":"ListItem","position":2,"name":"Nodos Tecnol\u00f3gicos","item":"https:\/\/ingenieria.udd.cl\/ii\/nodos-locales\/"},{"@type":"ListItem","position":3,"name":"Nodo Tecnol\u00f3gico Patagonia Norte"}]},{"@type":"WebSite","@id":"https:\/\/ingenieria.udd.cl\/ii\/#website","url":"https:\/\/ingenieria.udd.cl\/ii\/","name":"Innovaci\u00f3n Ingenier\u00eda","description":"Otro sitio m\u00e1s de Ingenieria","inLanguage":"es"}]}},"_links":{"self":[{"href":"https:\/\/ingenieria.udd.cl\/ii\/wp-json\/wp\/v2\/pages\/1625","targetHints":{"allow":["GET"]}}],"collection":[{"href":"https:\/\/ingenieria.udd.cl\/ii\/wp-json\/wp\/v2\/pages"}],"about":[{"href":"https:\/\/ingenieria.udd.cl\/ii\/wp-json\/wp\/v2\/types\/page"}],"author":[{"embeddable":true,"href":"https:\/\/ingenieria.udd.cl\/ii\/wp-json\/wp\/v2\/users\/9192218"}],"replies":[{"embeddable":true,"href":"https:\/\/ingenieria.udd.cl\/ii\/wp-json\/wp\/v2\/comments?post=1625"}],"version-history":[{"count":9,"href":"https:\/\/ingenieria.udd.cl\/ii\/wp-json\/wp\/v2\/pages\/1625\/revisions"}],"predecessor-version":[{"id":4579,"href":"https:\/\/ingenieria.udd.cl\/ii\/wp-json\/wp\/v2\/pages\/1625\/revisions\/4579"}],"up":[{"embeddable":true,"href":"https:\/\/ingenieria.udd.cl\/ii\/wp-json\/wp\/v2\/pages\/1506"}],"wp:attachment":[{"href":"https:\/\/ingenieria.udd.cl\/ii\/wp-json\/wp\/v2\/media?parent=1625"}],"curies":[{"name":"wp","href":"https:\/\/api.w.org\/{rel}","templated":true}]}}