{"id":1626,"date":"2021-01-12T20:39:29","date_gmt":"2021-01-12T19:39:29","guid":{"rendered":"https:\/\/ingenieria.udd.cl\/ii\/?page_id=1626"},"modified":"2024-08-28T17:28:15","modified_gmt":"2024-08-28T15:28:15","slug":"nodo-tecnologico-talca","status":"publish","type":"page","link":"https:\/\/ingenieria.udd.cl\/ii\/nodos-locales\/nodo-tecnologico-talca\/","title":{"rendered":"Nodo Tecnol\u00f3gico Maule"},"content":{"rendered":"\n<p> <\/p>\n\n\n<section class=\"wp-block-udd-text-row block--bg-gray\">\n\t<div class=\"text-row\">\n\t\t<div class=\"text-row__content\">\n\t\t\t<div class=\"text-row__content-inner text\">\n\t\t\t\t\t\t\t\t\n<p>El Nodo Tecnol\u00f3gico Maule  busca dise\u00f1ar y desarrollar proyectos e iniciativas que impacten en la sociedad para resolver problem\u00e1ticas que enfrenta la regi\u00f3n del Maule.<\/p>\n\n<p><br>Trabajamos directamente con las comunidades en proyectos relacionados a la sostenibilidad, educaci\u00f3n, cambio clim\u00e1tico, tecnolog\u00eda e innovaci\u00f3n, promoviendo un desarrollo integral y sostenible que beneficie tanto a la econom\u00eda local como a la conservaci\u00f3n de la regi\u00f3n.<\/p>\n\t\t\t<\/div>\n\t\t<\/div>\n\t\t<div class=\"text-row__media\">\n\t\t\t<img loading=\"lazy\" decoding=\"async\" width=\"952\" height=\"534\" src=\"https:\/\/ingenieria.udd.cl\/ii\/files\/2024\/08\/dsc_8673-680x382.jpg\" class=\"text-row__media-image lazyload\" alt=\"\" sizes=\"auto, (max-width: 952px) 100vw, 952px\" data-src=\"https:\/\/ingenieria.udd.cl\/ii\/files\/2024\/08\/dsc_8673-952x534.jpg\" data-srcset=\"https:\/\/ingenieria.udd.cl\/ii\/files\/2024\/08\/dsc_8673-952x534.jpg 952w, https:\/\/ingenieria.udd.cl\/ii\/files\/2024\/08\/dsc_8673-1366x768.jpg 1366w, https:\/\/ingenieria.udd.cl\/ii\/files\/2024\/08\/dsc_8673-680x382.jpg 680w\" \/>\t\t<\/div>\n\t<\/div>\n<\/section>\n","protected":false},"excerpt":{"rendered":"","protected":false},"author":9192218,"featured_media":0,"parent":1506,"menu_order":0,"comment_status":"closed","ping_status":"closed","template":"","meta":{"footnotes":""},"class_list":["post-1626","page","type-page","status-publish","hentry"],"yoast_head":"<!-- This site is optimized with the Yoast SEO plugin v26.9 - https:\/\/yoast.com\/product\/yoast-seo-wordpress\/ -->\n<title>Nodo Tecnol\u00f3gico Maule - Innovaci\u00f3n Ingenier\u00eda<\/title>\n<meta name=\"robots\" content=\"index, follow, max-snippet:-1, max-image-preview:large, max-video-preview:-1\" \/>\n<link rel=\"canonical\" href=\"https:\/\/ingenieria.udd.cl\/ii\/nodos-locales\/nodo-tecnologico-talca\/\" \/>\n<meta property=\"og:locale\" content=\"es_ES\" \/>\n<meta property=\"og:type\" content=\"article\" \/>\n<meta property=\"og:title\" content=\"Nodo Tecnol\u00f3gico Maule - Innovaci\u00f3n Ingenier\u00eda\" \/>\n<meta property=\"og:url\" content=\"https:\/\/ingenieria.udd.cl\/ii\/nodos-locales\/nodo-tecnologico-talca\/\" \/>\n<meta property=\"og:site_name\" content=\"Innovaci\u00f3n Ingenier\u00eda\" \/>\n<meta property=\"article:modified_time\" content=\"2024-08-28T15:28:15+00:00\" \/>\n<meta property=\"og:image\" content=\"https:\/\/ingenieria.udd.cl\/ii\/files\/2024\/08\/dsc_8673-scaled.jpg\" \/>\n<meta name=\"twitter:card\" content=\"summary_large_image\" \/>\n<meta name=\"twitter:label1\" content=\"Tiempo de lectura\" \/>\n\t<meta name=\"twitter:data1\" content=\"1 minuto\" \/>\n<script type=\"application\/ld+json\" class=\"yoast-schema-graph\">{\"@context\":\"https:\/\/schema.org\",\"@graph\":[{\"@type\":\"WebPage\",\"@id\":\"https:\/\/ingenieria.udd.cl\/ii\/nodos-locales\/nodo-tecnologico-talca\/\",\"url\":\"https:\/\/ingenieria.udd.cl\/ii\/nodos-locales\/nodo-tecnologico-talca\/\",\"name\":\"Nodo Tecnol\u00f3gico Maule - Innovaci\u00f3n Ingenier\u00eda\",\"isPartOf\":{\"@id\":\"https:\/\/ingenieria.udd.cl\/ii\/#website\"},\"primaryImageOfPage\":{\"@id\":\"https:\/\/ingenieria.udd.cl\/ii\/nodos-locales\/nodo-tecnologico-talca\/#primaryimage\"},\"image\":{\"@id\":\"https:\/\/ingenieria.udd.cl\/ii\/nodos-locales\/nodo-tecnologico-talca\/#primaryimage\"},\"thumbnailUrl\":\"https:\/\/ingenieria.udd.cl\/ii\/files\/2024\/08\/dsc_8673-scaled.jpg\",\"datePublished\":\"2021-01-12T19:39:29+00:00\",\"dateModified\":\"2024-08-28T15:28:15+00:00\",\"breadcrumb\":{\"@id\":\"https:\/\/ingenieria.udd.cl\/ii\/nodos-locales\/nodo-tecnologico-talca\/#breadcrumb\"},\"inLanguage\":\"es\",\"potentialAction\":[{\"@type\":\"ReadAction\",\"target\":[\"https:\/\/ingenieria.udd.cl\/ii\/nodos-locales\/nodo-tecnologico-talca\/\"]}]},{\"@type\":\"ImageObject\",\"inLanguage\":\"es\",\"@id\":\"https:\/\/ingenieria.udd.cl\/ii\/nodos-locales\/nodo-tecnologico-talca\/#primaryimage\",\"url\":\"https:\/\/ingenieria.udd.cl\/ii\/files\/2024\/08\/dsc_8673-scaled.jpg\",\"contentUrl\":\"https:\/\/ingenieria.udd.cl\/ii\/files\/2024\/08\/dsc_8673-scaled.jpg\",\"width\":2560,\"height\":1703},{\"@type\":\"BreadcrumbList\",\"@id\":\"https:\/\/ingenieria.udd.cl\/ii\/nodos-locales\/nodo-tecnologico-talca\/#breadcrumb\",\"itemListElement\":[{\"@type\":\"ListItem\",\"position\":1,\"name\":\"Portada\",\"item\":\"https:\/\/ingenieria.udd.cl\/ii\/\"},{\"@type\":\"ListItem\",\"position\":2,\"name\":\"Nodos Tecnol\u00f3gicos\",\"item\":\"https:\/\/ingenieria.udd.cl\/ii\/nodos-locales\/\"},{\"@type\":\"ListItem\",\"position\":3,\"name\":\"Nodo Tecnol\u00f3gico Maule\"}]},{\"@type\":\"WebSite\",\"@id\":\"https:\/\/ingenieria.udd.cl\/ii\/#website\",\"url\":\"https:\/\/ingenieria.udd.cl\/ii\/\",\"name\":\"Innovaci\u00f3n Ingenier\u00eda\",\"description\":\"Otro sitio m\u00e1s de Ingenieria\",\"inLanguage\":\"es\"}]}<\/script>\n<!-- \/ Yoast SEO plugin. -->","yoast_head_json":{"title":"Nodo Tecnol\u00f3gico Maule - Innovaci\u00f3n Ingenier\u00eda","robots":{"index":"index","follow":"follow","max-snippet":"max-snippet:-1","max-image-preview":"max-image-preview:large","max-video-preview":"max-video-preview:-1"},"canonical":"https:\/\/ingenieria.udd.cl\/ii\/nodos-locales\/nodo-tecnologico-talca\/","og_locale":"es_ES","og_type":"article","og_title":"Nodo Tecnol\u00f3gico Maule - Innovaci\u00f3n Ingenier\u00eda","og_url":"https:\/\/ingenieria.udd.cl\/ii\/nodos-locales\/nodo-tecnologico-talca\/","og_site_name":"Innovaci\u00f3n Ingenier\u00eda","article_modified_time":"2024-08-28T15:28:15+00:00","og_image":[{"url":"https:\/\/ingenieria.udd.cl\/ii\/files\/2024\/08\/dsc_8673-scaled.jpg","type":"","width":"","height":""}],"twitter_card":"summary_large_image","twitter_misc":{"Tiempo de lectura":"1 minuto"},"schema":{"@context":"https:\/\/schema.org","@graph":[{"@type":"WebPage","@id":"https:\/\/ingenieria.udd.cl\/ii\/nodos-locales\/nodo-tecnologico-talca\/","url":"https:\/\/ingenieria.udd.cl\/ii\/nodos-locales\/nodo-tecnologico-talca\/","name":"Nodo Tecnol\u00f3gico Maule - Innovaci\u00f3n Ingenier\u00eda","isPartOf":{"@id":"https:\/\/ingenieria.udd.cl\/ii\/#website"},"primaryImageOfPage":{"@id":"https:\/\/ingenieria.udd.cl\/ii\/nodos-locales\/nodo-tecnologico-talca\/#primaryimage"},"image":{"@id":"https:\/\/ingenieria.udd.cl\/ii\/nodos-locales\/nodo-tecnologico-talca\/#primaryimage"},"thumbnailUrl":"https:\/\/ingenieria.udd.cl\/ii\/files\/2024\/08\/dsc_8673-scaled.jpg","datePublished":"2021-01-12T19:39:29+00:00","dateModified":"2024-08-28T15:28:15+00:00","breadcrumb":{"@id":"https:\/\/ingenieria.udd.cl\/ii\/nodos-locales\/nodo-tecnologico-talca\/#breadcrumb"},"inLanguage":"es","potentialAction":[{"@type":"ReadAction","target":["https:\/\/ingenieria.udd.cl\/ii\/nodos-locales\/nodo-tecnologico-talca\/"]}]},{"@type":"ImageObject","inLanguage":"es","@id":"https:\/\/ingenieria.udd.cl\/ii\/nodos-locales\/nodo-tecnologico-talca\/#primaryimage","url":"https:\/\/ingenieria.udd.cl\/ii\/files\/2024\/08\/dsc_8673-scaled.jpg","contentUrl":"https:\/\/ingenieria.udd.cl\/ii\/files\/2024\/08\/dsc_8673-scaled.jpg","width":2560,"height":1703},{"@type":"BreadcrumbList","@id":"https:\/\/ingenieria.udd.cl\/ii\/nodos-locales\/nodo-tecnologico-talca\/#breadcrumb","itemListElement":[{"@type":"ListItem","position":1,"name":"Portada","item":"https:\/\/ingenieria.udd.cl\/ii\/"},{"@type":"ListItem","position":2,"name":"Nodos Tecnol\u00f3gicos","item":"https:\/\/ingenieria.udd.cl\/ii\/nodos-locales\/"},{"@type":"ListItem","position":3,"name":"Nodo Tecnol\u00f3gico Maule"}]},{"@type":"WebSite","@id":"https:\/\/ingenieria.udd.cl\/ii\/#website","url":"https:\/\/ingenieria.udd.cl\/ii\/","name":"Innovaci\u00f3n Ingenier\u00eda","description":"Otro sitio m\u00e1s de Ingenieria","inLanguage":"es"}]}},"_links":{"self":[{"href":"https:\/\/ingenieria.udd.cl\/ii\/wp-json\/wp\/v2\/pages\/1626","targetHints":{"allow":["GET"]}}],"collection":[{"href":"https:\/\/ingenieria.udd.cl\/ii\/wp-json\/wp\/v2\/pages"}],"about":[{"href":"https:\/\/ingenieria.udd.cl\/ii\/wp-json\/wp\/v2\/types\/page"}],"author":[{"embeddable":true,"href":"https:\/\/ingenieria.udd.cl\/ii\/wp-json\/wp\/v2\/users\/9192218"}],"replies":[{"embeddable":true,"href":"https:\/\/ingenieria.udd.cl\/ii\/wp-json\/wp\/v2\/comments?post=1626"}],"version-history":[{"count":5,"href":"https:\/\/ingenieria.udd.cl\/ii\/wp-json\/wp\/v2\/pages\/1626\/revisions"}],"predecessor-version":[{"id":4596,"href":"https:\/\/ingenieria.udd.cl\/ii\/wp-json\/wp\/v2\/pages\/1626\/revisions\/4596"}],"up":[{"embeddable":true,"href":"https:\/\/ingenieria.udd.cl\/ii\/wp-json\/wp\/v2\/pages\/1506"}],"wp:attachment":[{"href":"https:\/\/ingenieria.udd.cl\/ii\/wp-json\/wp\/v2\/media?parent=1626"}],"curies":[{"name":"wp","href":"https:\/\/api.w.org\/{rel}","templated":true}]}}