{"id":1627,"date":"2021-01-12T20:39:30","date_gmt":"2021-01-12T19:39:30","guid":{"rendered":"https:\/\/ingenieria.udd.cl\/ii\/?page_id=1627"},"modified":"2021-06-15T22:59:34","modified_gmt":"2021-06-15T20:59:34","slug":"nodo-tecnologico-concepcion","status":"publish","type":"page","link":"https:\/\/ingenieria.udd.cl\/ii\/nodos-locales\/nodo-tecnologico-concepcion\/","title":{"rendered":"Nodo tecnol\u00f3gico Concepci\u00f3n LTC"},"content":{"rendered":"\n<p style=\"font-size:14px\" class=\"has-text-color has-cyan-bluish-gray-color\"><strong>Haz click y e ingresa a la web LTC<\/strong><\/p>\n\n\n\n<div class=\"wp-block-image\"><figure class=\"aligncenter size-full\"><a href=\"https:\/\/ingenieria.udd.cl\/ltc\/\"><img loading=\"lazy\" decoding=\"async\" width=\"1921\" height=\"1081\" src=\"https:\/\/ingenieria.udd.cl\/ii\/files\/2021\/06\/Portada-Web-LTC-06-05.png\" alt=\"\" class=\"wp-image-1942\" srcset=\"https:\/\/ingenieria.udd.cl\/ii\/files\/2021\/06\/Portada-Web-LTC-06-05.png 1921w, https:\/\/ingenieria.udd.cl\/ii\/files\/2021\/06\/Portada-Web-LTC-06-05-300x169.png 300w, https:\/\/ingenieria.udd.cl\/ii\/files\/2021\/06\/Portada-Web-LTC-06-05-1024x576.png 1024w, https:\/\/ingenieria.udd.cl\/ii\/files\/2021\/06\/Portada-Web-LTC-06-05-768x432.png 768w, https:\/\/ingenieria.udd.cl\/ii\/files\/2021\/06\/Portada-Web-LTC-06-05-1536x864.png 1536w, https:\/\/ingenieria.udd.cl\/ii\/files\/2021\/06\/Portada-Web-LTC-06-05-1366x768.png 1366w, https:\/\/ingenieria.udd.cl\/ii\/files\/2021\/06\/Portada-Web-LTC-06-05-680x382.png 680w\" sizes=\"auto, (max-width: 1921px) 100vw, 1921px\" \/><\/a><\/figure><\/div>\n","protected":false},"excerpt":{"rendered":"<p>Haz click y e ingresa a la web LTC<\/p>\n","protected":false},"author":9192218,"featured_media":0,"parent":1506,"menu_order":0,"comment_status":"closed","ping_status":"closed","template":"","meta":{"footnotes":""},"class_list":["post-1627","page","type-page","status-publish","hentry"],"yoast_head":"<!-- This site is optimized with the Yoast SEO plugin v26.9 - https:\/\/yoast.com\/product\/yoast-seo-wordpress\/ -->\n<title>Nodo tecnol\u00f3gico Concepci\u00f3n LTC - Innovaci\u00f3n Ingenier\u00eda<\/title>\n<meta name=\"robots\" content=\"index, follow, max-snippet:-1, max-image-preview:large, max-video-preview:-1\" \/>\n<link rel=\"canonical\" href=\"https:\/\/ingenieria.udd.cl\/ii\/nodos-locales\/nodo-tecnologico-concepcion\/\" \/>\n<meta property=\"og:locale\" content=\"es_ES\" \/>\n<meta property=\"og:type\" content=\"article\" \/>\n<meta property=\"og:title\" content=\"Nodo tecnol\u00f3gico Concepci\u00f3n LTC - Innovaci\u00f3n Ingenier\u00eda\" \/>\n<meta property=\"og:description\" content=\"Haz click y e ingresa a la web LTC\" \/>\n<meta property=\"og:url\" content=\"https:\/\/ingenieria.udd.cl\/ii\/nodos-locales\/nodo-tecnologico-concepcion\/\" \/>\n<meta property=\"og:site_name\" content=\"Innovaci\u00f3n Ingenier\u00eda\" \/>\n<meta property=\"article:modified_time\" content=\"2021-06-15T20:59:34+00:00\" \/>\n<meta property=\"og:image\" content=\"https:\/\/ingenieria.udd.cl\/ii\/files\/2021\/06\/Portada-Web-LTC-06-05.png\" \/>\n<meta name=\"twitter:card\" content=\"summary_large_image\" \/>\n<script type=\"application\/ld+json\" class=\"yoast-schema-graph\">{\"@context\":\"https:\/\/schema.org\",\"@graph\":[{\"@type\":\"WebPage\",\"@id\":\"https:\/\/ingenieria.udd.cl\/ii\/nodos-locales\/nodo-tecnologico-concepcion\/\",\"url\":\"https:\/\/ingenieria.udd.cl\/ii\/nodos-locales\/nodo-tecnologico-concepcion\/\",\"name\":\"Nodo tecnol\u00f3gico Concepci\u00f3n LTC - Innovaci\u00f3n Ingenier\u00eda\",\"isPartOf\":{\"@id\":\"https:\/\/ingenieria.udd.cl\/ii\/#website\"},\"primaryImageOfPage\":{\"@id\":\"https:\/\/ingenieria.udd.cl\/ii\/nodos-locales\/nodo-tecnologico-concepcion\/#primaryimage\"},\"image\":{\"@id\":\"https:\/\/ingenieria.udd.cl\/ii\/nodos-locales\/nodo-tecnologico-concepcion\/#primaryimage\"},\"thumbnailUrl\":\"https:\/\/ingenieria.udd.cl\/ii\/files\/2021\/06\/Portada-Web-LTC-06-05.png\",\"datePublished\":\"2021-01-12T19:39:30+00:00\",\"dateModified\":\"2021-06-15T20:59:34+00:00\",\"breadcrumb\":{\"@id\":\"https:\/\/ingenieria.udd.cl\/ii\/nodos-locales\/nodo-tecnologico-concepcion\/#breadcrumb\"},\"inLanguage\":\"es\",\"potentialAction\":[{\"@type\":\"ReadAction\",\"target\":[\"https:\/\/ingenieria.udd.cl\/ii\/nodos-locales\/nodo-tecnologico-concepcion\/\"]}]},{\"@type\":\"ImageObject\",\"inLanguage\":\"es\",\"@id\":\"https:\/\/ingenieria.udd.cl\/ii\/nodos-locales\/nodo-tecnologico-concepcion\/#primaryimage\",\"url\":\"https:\/\/ingenieria.udd.cl\/ii\/files\/2021\/06\/Portada-Web-LTC-06-05.png\",\"contentUrl\":\"https:\/\/ingenieria.udd.cl\/ii\/files\/2021\/06\/Portada-Web-LTC-06-05.png\",\"width\":1921,\"height\":1081},{\"@type\":\"BreadcrumbList\",\"@id\":\"https:\/\/ingenieria.udd.cl\/ii\/nodos-locales\/nodo-tecnologico-concepcion\/#breadcrumb\",\"itemListElement\":[{\"@type\":\"ListItem\",\"position\":1,\"name\":\"Portada\",\"item\":\"https:\/\/ingenieria.udd.cl\/ii\/\"},{\"@type\":\"ListItem\",\"position\":2,\"name\":\"Nodos Tecnol\u00f3gicos\",\"item\":\"https:\/\/ingenieria.udd.cl\/ii\/nodos-locales\/\"},{\"@type\":\"ListItem\",\"position\":3,\"name\":\"Nodo tecnol\u00f3gico Concepci\u00f3n LTC\"}]},{\"@type\":\"WebSite\",\"@id\":\"https:\/\/ingenieria.udd.cl\/ii\/#website\",\"url\":\"https:\/\/ingenieria.udd.cl\/ii\/\",\"name\":\"Innovaci\u00f3n Ingenier\u00eda\",\"description\":\"Otro sitio m\u00e1s de Ingenieria\",\"inLanguage\":\"es\"}]}<\/script>\n<!-- \/ Yoast SEO plugin. -->","yoast_head_json":{"title":"Nodo tecnol\u00f3gico Concepci\u00f3n LTC - Innovaci\u00f3n Ingenier\u00eda","robots":{"index":"index","follow":"follow","max-snippet":"max-snippet:-1","max-image-preview":"max-image-preview:large","max-video-preview":"max-video-preview:-1"},"canonical":"https:\/\/ingenieria.udd.cl\/ii\/nodos-locales\/nodo-tecnologico-concepcion\/","og_locale":"es_ES","og_type":"article","og_title":"Nodo tecnol\u00f3gico Concepci\u00f3n LTC - Innovaci\u00f3n Ingenier\u00eda","og_description":"Haz click y e ingresa a la web LTC","og_url":"https:\/\/ingenieria.udd.cl\/ii\/nodos-locales\/nodo-tecnologico-concepcion\/","og_site_name":"Innovaci\u00f3n Ingenier\u00eda","article_modified_time":"2021-06-15T20:59:34+00:00","og_image":[{"url":"https:\/\/ingenieria.udd.cl\/ii\/files\/2021\/06\/Portada-Web-LTC-06-05.png","type":"","width":"","height":""}],"twitter_card":"summary_large_image","schema":{"@context":"https:\/\/schema.org","@graph":[{"@type":"WebPage","@id":"https:\/\/ingenieria.udd.cl\/ii\/nodos-locales\/nodo-tecnologico-concepcion\/","url":"https:\/\/ingenieria.udd.cl\/ii\/nodos-locales\/nodo-tecnologico-concepcion\/","name":"Nodo tecnol\u00f3gico Concepci\u00f3n LTC - Innovaci\u00f3n Ingenier\u00eda","isPartOf":{"@id":"https:\/\/ingenieria.udd.cl\/ii\/#website"},"primaryImageOfPage":{"@id":"https:\/\/ingenieria.udd.cl\/ii\/nodos-locales\/nodo-tecnologico-concepcion\/#primaryimage"},"image":{"@id":"https:\/\/ingenieria.udd.cl\/ii\/nodos-locales\/nodo-tecnologico-concepcion\/#primaryimage"},"thumbnailUrl":"https:\/\/ingenieria.udd.cl\/ii\/files\/2021\/06\/Portada-Web-LTC-06-05.png","datePublished":"2021-01-12T19:39:30+00:00","dateModified":"2021-06-15T20:59:34+00:00","breadcrumb":{"@id":"https:\/\/ingenieria.udd.cl\/ii\/nodos-locales\/nodo-tecnologico-concepcion\/#breadcrumb"},"inLanguage":"es","potentialAction":[{"@type":"ReadAction","target":["https:\/\/ingenieria.udd.cl\/ii\/nodos-locales\/nodo-tecnologico-concepcion\/"]}]},{"@type":"ImageObject","inLanguage":"es","@id":"https:\/\/ingenieria.udd.cl\/ii\/nodos-locales\/nodo-tecnologico-concepcion\/#primaryimage","url":"https:\/\/ingenieria.udd.cl\/ii\/files\/2021\/06\/Portada-Web-LTC-06-05.png","contentUrl":"https:\/\/ingenieria.udd.cl\/ii\/files\/2021\/06\/Portada-Web-LTC-06-05.png","width":1921,"height":1081},{"@type":"BreadcrumbList","@id":"https:\/\/ingenieria.udd.cl\/ii\/nodos-locales\/nodo-tecnologico-concepcion\/#breadcrumb","itemListElement":[{"@type":"ListItem","position":1,"name":"Portada","item":"https:\/\/ingenieria.udd.cl\/ii\/"},{"@type":"ListItem","position":2,"name":"Nodos Tecnol\u00f3gicos","item":"https:\/\/ingenieria.udd.cl\/ii\/nodos-locales\/"},{"@type":"ListItem","position":3,"name":"Nodo tecnol\u00f3gico Concepci\u00f3n LTC"}]},{"@type":"WebSite","@id":"https:\/\/ingenieria.udd.cl\/ii\/#website","url":"https:\/\/ingenieria.udd.cl\/ii\/","name":"Innovaci\u00f3n Ingenier\u00eda","description":"Otro sitio m\u00e1s de Ingenieria","inLanguage":"es"}]}},"_links":{"self":[{"href":"https:\/\/ingenieria.udd.cl\/ii\/wp-json\/wp\/v2\/pages\/1627","targetHints":{"allow":["GET"]}}],"collection":[{"href":"https:\/\/ingenieria.udd.cl\/ii\/wp-json\/wp\/v2\/pages"}],"about":[{"href":"https:\/\/ingenieria.udd.cl\/ii\/wp-json\/wp\/v2\/types\/page"}],"author":[{"embeddable":true,"href":"https:\/\/ingenieria.udd.cl\/ii\/wp-json\/wp\/v2\/users\/9192218"}],"replies":[{"embeddable":true,"href":"https:\/\/ingenieria.udd.cl\/ii\/wp-json\/wp\/v2\/comments?post=1627"}],"version-history":[{"count":6,"href":"https:\/\/ingenieria.udd.cl\/ii\/wp-json\/wp\/v2\/pages\/1627\/revisions"}],"predecessor-version":[{"id":1948,"href":"https:\/\/ingenieria.udd.cl\/ii\/wp-json\/wp\/v2\/pages\/1627\/revisions\/1948"}],"up":[{"embeddable":true,"href":"https:\/\/ingenieria.udd.cl\/ii\/wp-json\/wp\/v2\/pages\/1506"}],"wp:attachment":[{"href":"https:\/\/ingenieria.udd.cl\/ii\/wp-json\/wp\/v2\/media?parent=1627"}],"curies":[{"name":"wp","href":"https:\/\/api.w.org\/{rel}","templated":true}]}}