{"id":1628,"date":"2021-01-12T20:39:30","date_gmt":"2021-01-12T19:39:30","guid":{"rendered":"https:\/\/ingenieria.udd.cl\/ii\/?page_id=1628"},"modified":"2024-08-20T19:02:50","modified_gmt":"2024-08-20T17:02:50","slug":"nodo-tecnologico-magallanes","status":"publish","type":"page","link":"https:\/\/ingenieria.udd.cl\/ii\/nodos-locales\/nodo-tecnologico-magallanes\/","title":{"rendered":"Nodo Tecnol\u00f3gico Magallanes"},"content":{"rendered":"<section class=\"wp-block-udd-text-row block--bg-gray\">\n\t<div class=\"text-row\">\n\t\t<div class=\"text-row__content\">\n\t\t\t<div class=\"text-row__content-inner text\">\n\t\t\t\t\t\t\t\t\n<p>Esta iniciativa nace gracias al <strong>Laboratorio<\/strong> <strong>Extreme Environments<\/strong> del Centro de Investigaci\u00f3n en Tecnolog\u00edas para la Sociedad\u00a0 de la Facultad de Ingenier\u00eda UDD y la necesidad de contar con un <strong>laboratorio I+D+i<\/strong> en la regi\u00f3n de Magallanes. El Nodo Tecnol\u00f3gico de Magallanes colabora directamente con el <strong>Galp\u00f3n Lab &amp; Cowork<\/strong> , ubicado en la ciudad de Puerto Natales, quienes proporcionan un espacio f\u00edsico y equipado dentro del lugar, compartido con un cowork y un centro cultural.<\/p>\n\t\t\t<\/div>\n\t\t<\/div>\n\t\t<div class=\"text-row__media\">\n\t\t\t<img loading=\"lazy\" decoding=\"async\" width=\"952\" height=\"534\" src=\"https:\/\/ingenieria.udd.cl\/ii\/files\/2024\/08\/20220806_094129-300x169.jpg\" class=\"text-row__media-image lazyload\" alt=\"\" sizes=\"auto, (max-width: 952px) 100vw, 952px\" data-src=\"https:\/\/ingenieria.udd.cl\/ii\/files\/2024\/08\/20220806_094129-952x534.jpg\" data-srcset=\"https:\/\/ingenieria.udd.cl\/ii\/files\/2024\/08\/20220806_094129-952x534.jpg 952w, https:\/\/ingenieria.udd.cl\/ii\/files\/2024\/08\/20220806_094129-300x169.jpg 300w, https:\/\/ingenieria.udd.cl\/ii\/files\/2024\/08\/20220806_094129-1366x768.jpg 1366w, https:\/\/ingenieria.udd.cl\/ii\/files\/2024\/08\/20220806_094129-680x382.jpg 680w\" \/>\t\t<\/div>\n\t<\/div>\n<\/section>\n\n\n<section class=\"wp-block-udd-text-row block--content-align-right block--bg-gray\">\n\t<div class=\"text-row\">\n\t\t<div class=\"text-row__content\">\n\t\t\t<div class=\"text-row__content-inner text\">\n\t\t\t\t\t\t\t\t\n<p>Nuestro objetivo&nbsp; es&nbsp;<strong>promover la tecnolog\u00eda<\/strong>&nbsp;como medio de entendimiento de nuestro&nbsp;<strong>medio ambiente<\/strong>. Acercando as\u00ed, a las personas a estas tem\u00e1ticas a trav\u00e9s de la observaci\u00f3n en terreno, la creaci\u00f3n de aparatos para el levantamiento de datos y creando sistemas simples de an\u00e1lisis y observaci\u00f3n.<\/p>\n\n<p>Es este Nodo hemos desarrollado programas tecnol\u00f3gicos para alumnos y profesores, que buscan acortar la brecha tecnol\u00f3gica de los lugares extremos de nuestro pa\u00eds. Estos programas se centran en la educaci\u00f3n STEAM (por sus siglas en ingl\u00e9s para&nbsp;<strong>Ciencia, tecnolog\u00eda, ingenier\u00eda, artes y matem\u00e1ticas<\/strong>).<\/p>\n\t\t\t<\/div>\n\t\t<\/div>\n\t\t<div class=\"text-row__media\">\n\t\t\t<img loading=\"lazy\" decoding=\"async\" width=\"680\" height=\"382\" src=\"https:\/\/ingenieria.udd.cl\/ii\/files\/2024\/08\/redhat_oss-chile-day09_08-10-19-14558-680x382-1-300x169.jpg\" class=\"text-row__media-image lazyload\" alt=\"\" sizes=\"auto, (max-width: 680px) 100vw, 680px\" data-src=\"https:\/\/ingenieria.udd.cl\/ii\/files\/2024\/08\/redhat_oss-chile-day09_08-10-19-14558-680x382-1.jpg\" data-srcset=\"https:\/\/ingenieria.udd.cl\/ii\/files\/2024\/08\/redhat_oss-chile-day09_08-10-19-14558-680x382-1.jpg 680w, https:\/\/ingenieria.udd.cl\/ii\/files\/2024\/08\/redhat_oss-chile-day09_08-10-19-14558-680x382-1-300x169.jpg 300w\" \/>\t\t<\/div>\n\t<\/div>\n<\/section>\n\n\n<section class=\"wp-block-udd-text-row block--bg-gray\">\n\t<div class=\"text-row\">\n\t\t<div class=\"text-row__content\">\n\t\t\t<div class=\"text-row__content-inner text\">\n\t\t\t\t\t\t\t\t\n<p>Por otra parte, hemos desarrollado tambi\u00e9n programas de capacitaci\u00f3n para la profesionalizaci\u00f3n y creaci\u00f3n de redes para emprendedores locales, junto con instalar capacidades I+D+i &nbsp;necesarias para la la realizaci\u00f3n de prototipados para diversos &nbsp;proyectos.En el Nodo Tecnol\u00f3gico de Magallanes se trabaja y de desarrollan investigaciones y proyectos con el fin de explorar tecnolog\u00edas costo-efectivas aplicadas a problem\u00e1ticas ambientales en contextos extremos.<\/p>\n\t\t\t<\/div>\n\t\t<\/div>\n\t\t<div class=\"text-row__media\">\n\t\t\t<img loading=\"lazy\" decoding=\"async\" width=\"768\" height=\"433\" src=\"https:\/\/ingenieria.udd.cl\/ii\/files\/2024\/08\/20230131_101817-768x433-1-300x169.jpg\" class=\"text-row__media-image lazyload\" alt=\"\" sizes=\"auto, (max-width: 768px) 100vw, 768px\" data-src=\"https:\/\/ingenieria.udd.cl\/ii\/files\/2024\/08\/20230131_101817-768x433-1.jpg\" data-srcset=\"https:\/\/ingenieria.udd.cl\/ii\/files\/2024\/08\/20230131_101817-768x433-1.jpg 768w, https:\/\/ingenieria.udd.cl\/ii\/files\/2024\/08\/20230131_101817-768x433-1-300x169.jpg 300w, https:\/\/ingenieria.udd.cl\/ii\/files\/2024\/08\/20230131_101817-768x433-1-680x382.jpg 680w\" \/>\t\t<\/div>\n\t<\/div>\n<\/section>\n\n\n\n<figure class=\"wp-block-image size-full\"><img loading=\"lazy\" decoding=\"async\" width=\"1431\" height=\"370\" src=\"https:\/\/ingenieria.udd.cl\/ii\/files\/2021\/04\/fotos_web-01-1.png\" alt=\"\" class=\"wp-image-1740\" srcset=\"https:\/\/ingenieria.udd.cl\/ii\/files\/2021\/04\/fotos_web-01-1.png 1431w, https:\/\/ingenieria.udd.cl\/ii\/files\/2021\/04\/fotos_web-01-1-300x78.png 300w, https:\/\/ingenieria.udd.cl\/ii\/files\/2021\/04\/fotos_web-01-1-1024x265.png 1024w, https:\/\/ingenieria.udd.cl\/ii\/files\/2021\/04\/fotos_web-01-1-768x199.png 768w\" sizes=\"auto, (max-width: 1431px) 100vw, 1431px\" \/><\/figure>\n\n\n\n<figure class=\"wp-block-table is-style-stripes\"><table><tbody><tr><td class=\"has-text-align-center\" data-align=\"center\"><strong>ALIANZAS<\/strong><\/td><td class=\"has-text-align-center\" data-align=\"center\"><strong>COLABORAN<\/strong><\/td><\/tr><\/tbody><\/table><\/figure>\n\n\n\n<figure class=\"wp-block-table aligncenter is-style-stripes\"><table><tbody><tr><td class=\"has-text-align-center\" data-align=\"center\"><a href=\"https:\/\/elgalponlab.cl\/\" target=\"_blank\" rel=\"noreferrer noopener\" aria-label=\"\ufffc (abre en una nueva pesta\u00f1a)\"><img loading=\"lazy\" decoding=\"async\" width=\"530\" height=\"397\" class=\"wp-image-1746\" style=\"width: 35%\" src=\"https:\/\/ingenieria.udd.cl\/ii\/files\/2021\/04\/Copy-of-logoelgalpon-01.png\" alt=\"\" srcset=\"https:\/\/ingenieria.udd.cl\/ii\/files\/2021\/04\/Copy-of-logoelgalpon-01.png 530w, https:\/\/ingenieria.udd.cl\/ii\/files\/2021\/04\/Copy-of-logoelgalpon-01-300x225.png 300w\" sizes=\"auto, (max-width: 530px) 100vw, 530px\" \/><\/a><br><strong><a href=\"https:\/\/elgalponlab.cl\/\" target=\"_blank\" rel=\"noreferrer noopener\" aria-label=\"EL GALP\u00d3N (abre en una nueva pesta\u00f1a)\">EL GALP\u00d3N<\/a><\/strong><\/td><td class=\"has-text-align-center\" data-align=\"center\"><a rel=\"noreferrer noopener\" aria-label=\"\ufffc (abre en una nueva pesta\u00f1a)\" href=\"https:\/\/ingenieria.udd.cl\/centroid\/laboratorios-de-investigacion\/extreme-environmental-lab\/\" target=\"_blank\"><img loading=\"lazy\" decoding=\"async\" width=\"370\" height=\"395\" class=\"wp-image-1753\" style=\"width: 20%\" src=\"https:\/\/ingenieria.udd.cl\/ii\/files\/2021\/04\/EE_03.png\" alt=\"\" srcset=\"https:\/\/ingenieria.udd.cl\/ii\/files\/2021\/04\/EE_03.png 370w, https:\/\/ingenieria.udd.cl\/ii\/files\/2021\/04\/EE_03-281x300.png 281w\" sizes=\"auto, (max-width: 370px) 100vw, 370px\" \/><\/a><br><strong><a rel=\"noreferrer noopener\" aria-label=\"EXTREME ENVIRONMENTAL C+ (abre en una nueva pesta\u00f1a)\" href=\"https:\/\/ingenieria.udd.cl\/centroid\/laboratorios-de-investigacion\/extreme-environmental-lab\/\" target=\"_blank\">EXTREME ENVIRONMENTAL C+<\/a><\/strong><\/td><td class=\"has-text-align-center\" data-align=\"center\"><a href=\"http:\/\/alsurdelsur.org\/\" target=\"_blank\" rel=\"noreferrer noopener\" aria-label=\"\ufffc (abre en una nueva pesta\u00f1a)\"><img loading=\"lazy\" decoding=\"async\" width=\"391\" height=\"396\" class=\"wp-image-1743\" style=\"width: 22%\" src=\"https:\/\/ingenieria.udd.cl\/ii\/files\/2021\/04\/logosFandacionAlsur-02.png\" alt=\"\" srcset=\"https:\/\/ingenieria.udd.cl\/ii\/files\/2021\/04\/logosFandacionAlsur-02.png 391w, https:\/\/ingenieria.udd.cl\/ii\/files\/2021\/04\/logosFandacionAlsur-02-296x300.png 296w, https:\/\/ingenieria.udd.cl\/ii\/files\/2021\/04\/logosFandacionAlsur-02-62x62.png 62w\" sizes=\"auto, (max-width: 391px) 100vw, 391px\" \/><\/a><br><a href=\"http:\/\/alsurdelsur.org\/\" target=\"_blank\" rel=\"noreferrer noopener\" aria-label=\"FUNDACI\u00d3N AL SUR DEL SUR (abre en una nueva pesta\u00f1a)\"><strong>FUNDACI\u00d3N AL SUR<\/strong> <strong>DEL SUR<\/strong><\/a><\/td><td class=\"has-text-align-center\" data-align=\"center\"><a rel=\"noreferrer noopener\" aria-label=\"\ufffc (abre en una nueva pesta\u00f1a)\" href=\"http:\/\/patagoniabagual.com\/\" target=\"_blank\"><img loading=\"lazy\" decoding=\"async\" width=\"800\" height=\"229\" class=\"wp-image-1750\" style=\"width: 60%\" src=\"https:\/\/ingenieria.udd.cl\/ii\/files\/2021\/04\/Logo-PNG-Patagonia-Bagual-copy-1.png\" alt=\"\" srcset=\"https:\/\/ingenieria.udd.cl\/ii\/files\/2021\/04\/Logo-PNG-Patagonia-Bagual-copy-1.png 800w, https:\/\/ingenieria.udd.cl\/ii\/files\/2021\/04\/Logo-PNG-Patagonia-Bagual-copy-1-300x86.png 300w, https:\/\/ingenieria.udd.cl\/ii\/files\/2021\/04\/Logo-PNG-Patagonia-Bagual-copy-1-768x220.png 768w\" sizes=\"auto, (max-width: 800px) 100vw, 800px\" \/><\/a><br><strong><a rel=\"noreferrer noopener\" aria-label=\"PATAGONIA BAGUAL (abre en una nueva pesta\u00f1a)\" href=\"http:\/\/patagoniabagual.com\/\" target=\"_blank\">PATAGONIA BAGUAL<\/a><\/strong><\/td><\/tr><\/tbody><\/table><\/figure>\n\n\n<!-- WP Block: UDD - People -->\n<section class=\"wp-block-udd-contacts\">\n\t\t<div class=\"block__bg\">\n\t\t\t\t\t<img loading=\"lazy\" decoding=\"async\" width=\"680\" height=\"382\" src=\"https:\/\/ingenieria.udd.cl\/ii\/files\/2021\/04\/20210126_200228-680x382.jpg\" class=\"block__bg-image object-cover lazyload\" alt=\"\" sizes=\"auto, (max-width: 680px) 100vw, 680px\" data-src=\"https:\/\/ingenieria.udd.cl\/ii\/files\/2021\/04\/20210126_200228-680x382.jpg\" data-srcset=\"https:\/\/ingenieria.udd.cl\/ii\/files\/2021\/04\/20210126_200228-680x382.jpg 680w, https:\/\/ingenieria.udd.cl\/ii\/files\/2021\/04\/20210126_200228-1920x1080.jpg 1920w, https:\/\/ingenieria.udd.cl\/ii\/files\/2021\/04\/20210126_200228-1366x768.jpg 1366w, https:\/\/ingenieria.udd.cl\/ii\/files\/2021\/04\/20210126_200228-952x534.jpg 952w\" \/>\t\t\t<\/div>\n\t\t<div class=\"container\">\n\t\t<header class=\"block__header\">\n\t\t\t<h2 class=\"block__title\">contacto<\/h2>\n\t\t<\/header>\n\t\t<div class=\"block__content\">\n\t\t\t<ul class=\"contacts\">\n\t\t\t\t\t\t\t<li class=\"contact\">\n\t\t\t\t\t<div class=\"person-contact\">\n\t\t\t\t\t\t\t\t\t\t\t\t<h3 class=\"person-contact__name\">Javiera de la Fuente<\/h3>\n\t\t\t\t\t\t\t\t\t\t\t\t\t\t\t\t\t\t<span class=\"person-contact__job-title\">Direcci\u00f3n<\/span>\n\t\t\t\t\t\t\t\t\t\t\t\t\t\t\t\t\t\t\t\t\t\t\t\t\t\t\t\t\t\t\t<span class=\"person-contact__email\">Email: <a href=\"mailto:&#106;del&#97;&#102;&#117;&#101;&#110;t&#101;&#99;&#64;&#117;&#100;&#100;&#46;c&#108;\">j&#100;el&#97;f&#117;e&#110;t&#101;c&#64;udd&#46;&#99;&#108;<\/a><\/span>\n\t\t\t\t\t\t\t\t\t\t\t<\/div>\n\t\t\t\t<\/li>\n\t\t\t\t\t\t<\/ul>\n\t\t<\/div>\n\t<\/div>\n<\/section>\n","protected":false},"excerpt":{"rendered":"<p>ALIANZAS COLABORAN EL GALP\u00d3N EXTREME ENVIRONMENTAL C+ FUNDACI\u00d3N AL SUR DEL SUR PATAGONIA BAGUAL<\/p>\n","protected":false},"author":9192218,"featured_media":1768,"parent":1506,"menu_order":0,"comment_status":"closed","ping_status":"closed","template":"","meta":{"footnotes":""},"class_list":["post-1628","page","type-page","status-publish","has-post-thumbnail","hentry"],"yoast_head":"<!-- This site is optimized with the Yoast SEO plugin v26.9 - https:\/\/yoast.com\/product\/yoast-seo-wordpress\/ -->\n<title>Nodo Tecnol\u00f3gico Magallanes - Innovaci\u00f3n Ingenier\u00eda<\/title>\n<meta name=\"robots\" content=\"index, follow, max-snippet:-1, max-image-preview:large, max-video-preview:-1\" \/>\n<link rel=\"canonical\" href=\"https:\/\/ingenieria.udd.cl\/ii\/nodos-locales\/nodo-tecnologico-magallanes\/\" \/>\n<meta property=\"og:locale\" content=\"es_ES\" \/>\n<meta property=\"og:type\" content=\"article\" \/>\n<meta property=\"og:title\" content=\"Nodo Tecnol\u00f3gico Magallanes - Innovaci\u00f3n Ingenier\u00eda\" \/>\n<meta property=\"og:description\" content=\"ALIANZAS COLABORAN EL GALP\u00d3N EXTREME ENVIRONMENTAL C+ FUNDACI\u00d3N AL SUR DEL SUR PATAGONIA BAGUAL\" \/>\n<meta property=\"og:url\" content=\"https:\/\/ingenieria.udd.cl\/ii\/nodos-locales\/nodo-tecnologico-magallanes\/\" \/>\n<meta property=\"og:site_name\" content=\"Innovaci\u00f3n Ingenier\u00eda\" \/>\n<meta property=\"article:modified_time\" content=\"2024-08-20T17:02:50+00:00\" \/>\n<meta property=\"og:image\" content=\"https:\/\/ingenieria.udd.cl\/ii\/files\/2021\/04\/Banner-scaled.jpg\" \/>\n\t<meta property=\"og:image:width\" content=\"2560\" \/>\n\t<meta property=\"og:image:height\" content=\"1440\" \/>\n\t<meta property=\"og:image:type\" content=\"image\/jpeg\" \/>\n<meta name=\"twitter:card\" content=\"summary_large_image\" \/>\n<meta name=\"twitter:label1\" content=\"Tiempo de lectura\" \/>\n\t<meta name=\"twitter:data1\" content=\"3 minutos\" \/>\n<script type=\"application\/ld+json\" class=\"yoast-schema-graph\">{\"@context\":\"https:\/\/schema.org\",\"@graph\":[{\"@type\":\"WebPage\",\"@id\":\"https:\/\/ingenieria.udd.cl\/ii\/nodos-locales\/nodo-tecnologico-magallanes\/\",\"url\":\"https:\/\/ingenieria.udd.cl\/ii\/nodos-locales\/nodo-tecnologico-magallanes\/\",\"name\":\"Nodo Tecnol\u00f3gico Magallanes - Innovaci\u00f3n Ingenier\u00eda\",\"isPartOf\":{\"@id\":\"https:\/\/ingenieria.udd.cl\/ii\/#website\"},\"primaryImageOfPage\":{\"@id\":\"https:\/\/ingenieria.udd.cl\/ii\/nodos-locales\/nodo-tecnologico-magallanes\/#primaryimage\"},\"image\":{\"@id\":\"https:\/\/ingenieria.udd.cl\/ii\/nodos-locales\/nodo-tecnologico-magallanes\/#primaryimage\"},\"thumbnailUrl\":\"https:\/\/ingenieria.udd.cl\/ii\/files\/2021\/04\/Banner-scaled.jpg\",\"datePublished\":\"2021-01-12T19:39:30+00:00\",\"dateModified\":\"2024-08-20T17:02:50+00:00\",\"breadcrumb\":{\"@id\":\"https:\/\/ingenieria.udd.cl\/ii\/nodos-locales\/nodo-tecnologico-magallanes\/#breadcrumb\"},\"inLanguage\":\"es\",\"potentialAction\":[{\"@type\":\"ReadAction\",\"target\":[\"https:\/\/ingenieria.udd.cl\/ii\/nodos-locales\/nodo-tecnologico-magallanes\/\"]}]},{\"@type\":\"ImageObject\",\"inLanguage\":\"es\",\"@id\":\"https:\/\/ingenieria.udd.cl\/ii\/nodos-locales\/nodo-tecnologico-magallanes\/#primaryimage\",\"url\":\"https:\/\/ingenieria.udd.cl\/ii\/files\/2021\/04\/Banner-scaled.jpg\",\"contentUrl\":\"https:\/\/ingenieria.udd.cl\/ii\/files\/2021\/04\/Banner-scaled.jpg\",\"width\":2560,\"height\":1440},{\"@type\":\"BreadcrumbList\",\"@id\":\"https:\/\/ingenieria.udd.cl\/ii\/nodos-locales\/nodo-tecnologico-magallanes\/#breadcrumb\",\"itemListElement\":[{\"@type\":\"ListItem\",\"position\":1,\"name\":\"Portada\",\"item\":\"https:\/\/ingenieria.udd.cl\/ii\/\"},{\"@type\":\"ListItem\",\"position\":2,\"name\":\"Nodos Tecnol\u00f3gicos\",\"item\":\"https:\/\/ingenieria.udd.cl\/ii\/nodos-locales\/\"},{\"@type\":\"ListItem\",\"position\":3,\"name\":\"Nodo Tecnol\u00f3gico Magallanes\"}]},{\"@type\":\"WebSite\",\"@id\":\"https:\/\/ingenieria.udd.cl\/ii\/#website\",\"url\":\"https:\/\/ingenieria.udd.cl\/ii\/\",\"name\":\"Innovaci\u00f3n Ingenier\u00eda\",\"description\":\"Otro sitio m\u00e1s de Ingenieria\",\"inLanguage\":\"es\"}]}<\/script>\n<!-- \/ Yoast SEO plugin. -->","yoast_head_json":{"title":"Nodo Tecnol\u00f3gico Magallanes - Innovaci\u00f3n Ingenier\u00eda","robots":{"index":"index","follow":"follow","max-snippet":"max-snippet:-1","max-image-preview":"max-image-preview:large","max-video-preview":"max-video-preview:-1"},"canonical":"https:\/\/ingenieria.udd.cl\/ii\/nodos-locales\/nodo-tecnologico-magallanes\/","og_locale":"es_ES","og_type":"article","og_title":"Nodo Tecnol\u00f3gico Magallanes - Innovaci\u00f3n Ingenier\u00eda","og_description":"ALIANZAS COLABORAN EL GALP\u00d3N EXTREME ENVIRONMENTAL C+ FUNDACI\u00d3N AL SUR DEL SUR PATAGONIA BAGUAL","og_url":"https:\/\/ingenieria.udd.cl\/ii\/nodos-locales\/nodo-tecnologico-magallanes\/","og_site_name":"Innovaci\u00f3n Ingenier\u00eda","article_modified_time":"2024-08-20T17:02:50+00:00","og_image":[{"width":2560,"height":1440,"url":"https:\/\/ingenieria.udd.cl\/ii\/files\/2021\/04\/Banner-scaled.jpg","type":"image\/jpeg"}],"twitter_card":"summary_large_image","twitter_misc":{"Tiempo de lectura":"3 minutos"},"schema":{"@context":"https:\/\/schema.org","@graph":[{"@type":"WebPage","@id":"https:\/\/ingenieria.udd.cl\/ii\/nodos-locales\/nodo-tecnologico-magallanes\/","url":"https:\/\/ingenieria.udd.cl\/ii\/nodos-locales\/nodo-tecnologico-magallanes\/","name":"Nodo Tecnol\u00f3gico Magallanes - Innovaci\u00f3n Ingenier\u00eda","isPartOf":{"@id":"https:\/\/ingenieria.udd.cl\/ii\/#website"},"primaryImageOfPage":{"@id":"https:\/\/ingenieria.udd.cl\/ii\/nodos-locales\/nodo-tecnologico-magallanes\/#primaryimage"},"image":{"@id":"https:\/\/ingenieria.udd.cl\/ii\/nodos-locales\/nodo-tecnologico-magallanes\/#primaryimage"},"thumbnailUrl":"https:\/\/ingenieria.udd.cl\/ii\/files\/2021\/04\/Banner-scaled.jpg","datePublished":"2021-01-12T19:39:30+00:00","dateModified":"2024-08-20T17:02:50+00:00","breadcrumb":{"@id":"https:\/\/ingenieria.udd.cl\/ii\/nodos-locales\/nodo-tecnologico-magallanes\/#breadcrumb"},"inLanguage":"es","potentialAction":[{"@type":"ReadAction","target":["https:\/\/ingenieria.udd.cl\/ii\/nodos-locales\/nodo-tecnologico-magallanes\/"]}]},{"@type":"ImageObject","inLanguage":"es","@id":"https:\/\/ingenieria.udd.cl\/ii\/nodos-locales\/nodo-tecnologico-magallanes\/#primaryimage","url":"https:\/\/ingenieria.udd.cl\/ii\/files\/2021\/04\/Banner-scaled.jpg","contentUrl":"https:\/\/ingenieria.udd.cl\/ii\/files\/2021\/04\/Banner-scaled.jpg","width":2560,"height":1440},{"@type":"BreadcrumbList","@id":"https:\/\/ingenieria.udd.cl\/ii\/nodos-locales\/nodo-tecnologico-magallanes\/#breadcrumb","itemListElement":[{"@type":"ListItem","position":1,"name":"Portada","item":"https:\/\/ingenieria.udd.cl\/ii\/"},{"@type":"ListItem","position":2,"name":"Nodos Tecnol\u00f3gicos","item":"https:\/\/ingenieria.udd.cl\/ii\/nodos-locales\/"},{"@type":"ListItem","position":3,"name":"Nodo Tecnol\u00f3gico Magallanes"}]},{"@type":"WebSite","@id":"https:\/\/ingenieria.udd.cl\/ii\/#website","url":"https:\/\/ingenieria.udd.cl\/ii\/","name":"Innovaci\u00f3n Ingenier\u00eda","description":"Otro sitio m\u00e1s de Ingenieria","inLanguage":"es"}]}},"_links":{"self":[{"href":"https:\/\/ingenieria.udd.cl\/ii\/wp-json\/wp\/v2\/pages\/1628","targetHints":{"allow":["GET"]}}],"collection":[{"href":"https:\/\/ingenieria.udd.cl\/ii\/wp-json\/wp\/v2\/pages"}],"about":[{"href":"https:\/\/ingenieria.udd.cl\/ii\/wp-json\/wp\/v2\/types\/page"}],"author":[{"embeddable":true,"href":"https:\/\/ingenieria.udd.cl\/ii\/wp-json\/wp\/v2\/users\/9192218"}],"replies":[{"embeddable":true,"href":"https:\/\/ingenieria.udd.cl\/ii\/wp-json\/wp\/v2\/comments?post=1628"}],"version-history":[{"count":29,"href":"https:\/\/ingenieria.udd.cl\/ii\/wp-json\/wp\/v2\/pages\/1628\/revisions"}],"predecessor-version":[{"id":4591,"href":"https:\/\/ingenieria.udd.cl\/ii\/wp-json\/wp\/v2\/pages\/1628\/revisions\/4591"}],"up":[{"embeddable":true,"href":"https:\/\/ingenieria.udd.cl\/ii\/wp-json\/wp\/v2\/pages\/1506"}],"wp:featuredmedia":[{"embeddable":true,"href":"https:\/\/ingenieria.udd.cl\/ii\/wp-json\/wp\/v2\/media\/1768"}],"wp:attachment":[{"href":"https:\/\/ingenieria.udd.cl\/ii\/wp-json\/wp\/v2\/media?parent=1628"}],"curies":[{"name":"wp","href":"https:\/\/api.w.org\/{rel}","templated":true}]}}