{"id":1662,"date":"2021-01-19T20:20:49","date_gmt":"2021-01-19T19:20:49","guid":{"rendered":"https:\/\/ingenieria.udd.cl\/ii\/?page_id=1662"},"modified":"2021-01-19T20:23:00","modified_gmt":"2021-01-19T19:23:00","slug":"capacitaciones","status":"publish","type":"page","link":"https:\/\/ingenieria.udd.cl\/ii\/nodos-locales\/nodo-santiago\/capacitaciones\/","title":{"rendered":"Capacitaciones"},"content":{"rendered":"\n<h2 class=\"wp-block-heading\">Capacitaciones online<\/h2>\n\n\n<section class=\"wp-block-udd-videos-row\">\n\t<div class=\"videos-row container\">\n\t\t\t\t<header class=\"block__header\">\n\t\t\t\t\t\t<h2 class=\"block__title\">\n\t\t\t\tModelado 3d\t\t\t<\/h2>\n\t\t\t\t\t\t\t\t<\/header>\n\t\t\t\t\t\t<div class=\"row videos-row__videos\">\n\t\t\t<article class=\"udd-video\">\n\t<a href=\"https:\/\/www.youtube.com\/watch?v=u4VYgC-tYIE\" class=\"js-udd-video-modal udd-video__link\" data-video-id=\"u4VYgC-tYIE\">\n\t\t<span class=\"udd-video__label\"><svg class=\"svg-video-dims\"><use xlink:href='https:\/\/ingenieria.udd.cl\/ii\/wp-content\/themes\/facultades-2018\/assets\/img\/svg\/dist\/main.svg?version=1695853099#video'><\/use><\/svg> Ver video<\/span>\n\t\t<h3 class=\"udd-video__title\">\n\t\t\tModelado &#8211; nivel b\u00e1sico\t\t<\/h3>\n\t\t<span class=\"udd-video__image-container\"><img decoding=\"async\" src=\"https:\/\/i.ytimg.com\/vi\/u4VYgC-tYIE\/hqdefault.jpg\" loading=\"lazy\" alt=\"Modelado - nivel b\u00e1sico\" class=\"udd-video__image\" alt=\"Previsualizaci\u00f3n de &#039;Modelado - nivel b\u00e1sico&#039;\"><\/span>\t<\/a>\n<\/article>\n\t\t<\/div>\n\t\t\t<\/div>\n<\/section>\n\n\n<section class=\"wp-block-udd-videos-row\">\n\t<div class=\"videos-row container\">\n\t\t\t\t<header class=\"block__header\">\n\t\t\t\t\t\t<h2 class=\"block__title\">\n\t\t\t\tapp inventor\t\t\t<\/h2>\n\t\t\t\t\t\t\t\t<\/header>\n\t\t\t\t\t\t<div class=\"row videos-row__videos\">\n\t\t\t<article class=\"udd-video\">\n\t<a href=\"https:\/\/www.youtube.com\/watch?v=6lAfZZfNIQM\" class=\"js-udd-video-modal udd-video__link\" data-video-id=\"6lAfZZfNIQM\">\n\t\t<span class=\"udd-video__label\"><svg class=\"svg-video-dims\"><use xlink:href='https:\/\/ingenieria.udd.cl\/ii\/wp-content\/themes\/facultades-2018\/assets\/img\/svg\/dist\/main.svg?version=1695853099#video'><\/use><\/svg> Ver video<\/span>\n\t\t<h3 class=\"udd-video__title\">\n\t\t\tApp inventor &#8211; nivel b\u00e1sico\t\t<\/h3>\n\t\t<span class=\"udd-video__image-container\"><img decoding=\"async\" src=\"https:\/\/i.ytimg.com\/vi\/6lAfZZfNIQM\/hqdefault.jpg\" loading=\"lazy\" alt=\"App inventor - nivel b\u00e1sico\" class=\"udd-video__image\" alt=\"Previsualizaci\u00f3n de &#039;App inventor - nivel b\u00e1sico&#039;\"><\/span>\t<\/a>\n<\/article>\n<article class=\"udd-video\">\n\t<a href=\"https:\/\/www.youtube.com\/watch?v=oXHm7kvNtOc\" class=\"js-udd-video-modal udd-video__link\" data-video-id=\"oXHm7kvNtOc\">\n\t\t<span class=\"udd-video__label\"><svg class=\"svg-video-dims\"><use xlink:href='https:\/\/ingenieria.udd.cl\/ii\/wp-content\/themes\/facultades-2018\/assets\/img\/svg\/dist\/main.svg?version=1695853099#video'><\/use><\/svg> Ver video<\/span>\n\t\t<h3 class=\"udd-video__title\">\n\t\t\tApp Inventor &#8211; nivel intermedio\t\t<\/h3>\n\t\t<span class=\"udd-video__image-container\"><img decoding=\"async\" src=\"https:\/\/i.ytimg.com\/vi\/oXHm7kvNtOc\/hqdefault.jpg\" loading=\"lazy\" alt=\"App Inventor - nivel intermedio\" class=\"udd-video__image\" alt=\"Previsualizaci\u00f3n de &#039;App Inventor - nivel intermedio&#039;\"><\/span>\t<\/a>\n<\/article>\n\t\t<\/div>\n\t\t\t<\/div>\n<\/section>\n","protected":false},"excerpt":{"rendered":"<p>Capacitaciones online<\/p>\n","protected":false},"author":9192218,"featured_media":0,"parent":1624,"menu_order":0,"comment_status":"closed","ping_status":"closed","template":"","meta":{"footnotes":""},"class_list":["post-1662","page","type-page","status-publish","hentry"],"yoast_head":"<!-- This site is optimized with the Yoast SEO plugin v26.9 - https:\/\/yoast.com\/product\/yoast-seo-wordpress\/ -->\n<title>Capacitaciones - Innovaci\u00f3n Ingenier\u00eda<\/title>\n<meta name=\"robots\" content=\"index, follow, max-snippet:-1, max-image-preview:large, max-video-preview:-1\" \/>\n<link rel=\"canonical\" href=\"https:\/\/ingenieria.udd.cl\/ii\/nodos-locales\/nodo-santiago\/capacitaciones\/\" \/>\n<meta property=\"og:locale\" content=\"es_ES\" \/>\n<meta property=\"og:type\" content=\"article\" \/>\n<meta property=\"og:title\" content=\"Capacitaciones - Innovaci\u00f3n Ingenier\u00eda\" \/>\n<meta property=\"og:description\" content=\"Capacitaciones online\" \/>\n<meta property=\"og:url\" content=\"https:\/\/ingenieria.udd.cl\/ii\/nodos-locales\/nodo-santiago\/capacitaciones\/\" \/>\n<meta property=\"og:site_name\" content=\"Innovaci\u00f3n Ingenier\u00eda\" \/>\n<meta property=\"article:modified_time\" content=\"2021-01-19T19:23:00+00:00\" \/>\n<meta name=\"twitter:card\" content=\"summary_large_image\" \/>\n<script type=\"application\/ld+json\" class=\"yoast-schema-graph\">{\"@context\":\"https:\/\/schema.org\",\"@graph\":[{\"@type\":\"WebPage\",\"@id\":\"https:\/\/ingenieria.udd.cl\/ii\/nodos-locales\/nodo-santiago\/capacitaciones\/\",\"url\":\"https:\/\/ingenieria.udd.cl\/ii\/nodos-locales\/nodo-santiago\/capacitaciones\/\",\"name\":\"Capacitaciones - Innovaci\u00f3n Ingenier\u00eda\",\"isPartOf\":{\"@id\":\"https:\/\/ingenieria.udd.cl\/ii\/#website\"},\"datePublished\":\"2021-01-19T19:20:49+00:00\",\"dateModified\":\"2021-01-19T19:23:00+00:00\",\"breadcrumb\":{\"@id\":\"https:\/\/ingenieria.udd.cl\/ii\/nodos-locales\/nodo-santiago\/capacitaciones\/#breadcrumb\"},\"inLanguage\":\"es\",\"potentialAction\":[{\"@type\":\"ReadAction\",\"target\":[\"https:\/\/ingenieria.udd.cl\/ii\/nodos-locales\/nodo-santiago\/capacitaciones\/\"]}]},{\"@type\":\"BreadcrumbList\",\"@id\":\"https:\/\/ingenieria.udd.cl\/ii\/nodos-locales\/nodo-santiago\/capacitaciones\/#breadcrumb\",\"itemListElement\":[{\"@type\":\"ListItem\",\"position\":1,\"name\":\"Portada\",\"item\":\"https:\/\/ingenieria.udd.cl\/ii\/\"},{\"@type\":\"ListItem\",\"position\":2,\"name\":\"Nodos Tecnol\u00f3gicos\",\"item\":\"https:\/\/ingenieria.udd.cl\/ii\/nodos-locales\/\"},{\"@type\":\"ListItem\",\"position\":3,\"name\":\"Nodo Santiago\",\"item\":\"https:\/\/ingenieria.udd.cl\/ii\/nodos-locales\/nodo-santiago\/\"},{\"@type\":\"ListItem\",\"position\":4,\"name\":\"Capacitaciones\"}]},{\"@type\":\"WebSite\",\"@id\":\"https:\/\/ingenieria.udd.cl\/ii\/#website\",\"url\":\"https:\/\/ingenieria.udd.cl\/ii\/\",\"name\":\"Innovaci\u00f3n Ingenier\u00eda\",\"description\":\"Otro sitio m\u00e1s de Ingenieria\",\"inLanguage\":\"es\"}]}<\/script>\n<!-- \/ Yoast SEO plugin. -->","yoast_head_json":{"title":"Capacitaciones - Innovaci\u00f3n Ingenier\u00eda","robots":{"index":"index","follow":"follow","max-snippet":"max-snippet:-1","max-image-preview":"max-image-preview:large","max-video-preview":"max-video-preview:-1"},"canonical":"https:\/\/ingenieria.udd.cl\/ii\/nodos-locales\/nodo-santiago\/capacitaciones\/","og_locale":"es_ES","og_type":"article","og_title":"Capacitaciones - Innovaci\u00f3n Ingenier\u00eda","og_description":"Capacitaciones online","og_url":"https:\/\/ingenieria.udd.cl\/ii\/nodos-locales\/nodo-santiago\/capacitaciones\/","og_site_name":"Innovaci\u00f3n Ingenier\u00eda","article_modified_time":"2021-01-19T19:23:00+00:00","twitter_card":"summary_large_image","schema":{"@context":"https:\/\/schema.org","@graph":[{"@type":"WebPage","@id":"https:\/\/ingenieria.udd.cl\/ii\/nodos-locales\/nodo-santiago\/capacitaciones\/","url":"https:\/\/ingenieria.udd.cl\/ii\/nodos-locales\/nodo-santiago\/capacitaciones\/","name":"Capacitaciones - Innovaci\u00f3n Ingenier\u00eda","isPartOf":{"@id":"https:\/\/ingenieria.udd.cl\/ii\/#website"},"datePublished":"2021-01-19T19:20:49+00:00","dateModified":"2021-01-19T19:23:00+00:00","breadcrumb":{"@id":"https:\/\/ingenieria.udd.cl\/ii\/nodos-locales\/nodo-santiago\/capacitaciones\/#breadcrumb"},"inLanguage":"es","potentialAction":[{"@type":"ReadAction","target":["https:\/\/ingenieria.udd.cl\/ii\/nodos-locales\/nodo-santiago\/capacitaciones\/"]}]},{"@type":"BreadcrumbList","@id":"https:\/\/ingenieria.udd.cl\/ii\/nodos-locales\/nodo-santiago\/capacitaciones\/#breadcrumb","itemListElement":[{"@type":"ListItem","position":1,"name":"Portada","item":"https:\/\/ingenieria.udd.cl\/ii\/"},{"@type":"ListItem","position":2,"name":"Nodos Tecnol\u00f3gicos","item":"https:\/\/ingenieria.udd.cl\/ii\/nodos-locales\/"},{"@type":"ListItem","position":3,"name":"Nodo Santiago","item":"https:\/\/ingenieria.udd.cl\/ii\/nodos-locales\/nodo-santiago\/"},{"@type":"ListItem","position":4,"name":"Capacitaciones"}]},{"@type":"WebSite","@id":"https:\/\/ingenieria.udd.cl\/ii\/#website","url":"https:\/\/ingenieria.udd.cl\/ii\/","name":"Innovaci\u00f3n Ingenier\u00eda","description":"Otro sitio m\u00e1s de Ingenieria","inLanguage":"es"}]}},"_links":{"self":[{"href":"https:\/\/ingenieria.udd.cl\/ii\/wp-json\/wp\/v2\/pages\/1662","targetHints":{"allow":["GET"]}}],"collection":[{"href":"https:\/\/ingenieria.udd.cl\/ii\/wp-json\/wp\/v2\/pages"}],"about":[{"href":"https:\/\/ingenieria.udd.cl\/ii\/wp-json\/wp\/v2\/types\/page"}],"author":[{"embeddable":true,"href":"https:\/\/ingenieria.udd.cl\/ii\/wp-json\/wp\/v2\/users\/9192218"}],"replies":[{"embeddable":true,"href":"https:\/\/ingenieria.udd.cl\/ii\/wp-json\/wp\/v2\/comments?post=1662"}],"version-history":[{"count":3,"href":"https:\/\/ingenieria.udd.cl\/ii\/wp-json\/wp\/v2\/pages\/1662\/revisions"}],"predecessor-version":[{"id":1665,"href":"https:\/\/ingenieria.udd.cl\/ii\/wp-json\/wp\/v2\/pages\/1662\/revisions\/1665"}],"up":[{"embeddable":true,"href":"https:\/\/ingenieria.udd.cl\/ii\/wp-json\/wp\/v2\/pages\/1624"}],"wp:attachment":[{"href":"https:\/\/ingenieria.udd.cl\/ii\/wp-json\/wp\/v2\/media?parent=1662"}],"curies":[{"name":"wp","href":"https:\/\/api.w.org\/{rel}","templated":true}]}}