{"id":182,"date":"2020-03-17T20:29:01","date_gmt":"2020-03-17T20:29:01","guid":{"rendered":"https:\/\/ii.udd.cl\/?page_id=182"},"modified":"2020-03-17T20:29:01","modified_gmt":"2020-03-17T20:29:01","slug":"new-materials-and-manufacturing-systems-lab","status":"publish","type":"page","link":"https:\/\/ingenieria.udd.cl\/ii\/new-materials-and-manufacturing-systems-lab\/","title":{"rendered":"New materials and manufacturing systems Lab"},"content":{"rendered":"<!-- WP Block: UDD - Banner -->\n<section class=\"wp-block-udd-banner is-style-default \">\n\t\n<div class=\"banner banner--fullwidth\">\n\t\t<div class=\"banner__content\">\n\t\t<span class=\"banner__title\">descripci\u00f3n<\/span>\n\t\t<span class=\"banner__description\">Dise\u00f1ando nuevos materiales y sistemas de manufactura<\/span>\n\t<\/div>\n<\/div>\n<\/section>\n\n\n\n<p style=\"color:#243a46;font-size:43px\" class=\"has-text-color\"><strong><em>PROYECTOS<\/em><\/strong><\/p>\n\n\n<!-- WP Block: UDD - Access Image -->\n<section class=\"wp-block-udd-access-image\n has-odd-elements has-3x-elements\">\n\t<div class=\"container\">\n\t\t\t\t<div class=\"block__content\">\n\t\t\t<div class=\"access-images\">\n\t\t\t\t\t\t\t<div class=\"access-image-wrapper\">\n\t\t\t\t\t<a href=\"https:\/\/ii.udd.cl\/pintura-inteligente-explorando-pinturas-quimiocromicas\/\" data-url=\"https:\/\/ii.udd.cl\/pintura-inteligente-explorando-pinturas-quimiocromicas\/\" class=\"access-image\">\n\t\t\t\t\t<img loading=\"lazy\" decoding=\"async\" width=\"680\" height=\"382\" src=\"https:\/\/ingenieria.udd.cl\/ii\/files\/2020\/02\/captura-de-pantalla-2019-03-13-a-las-16.06.17-680x382.png\" class=\"access-image__image lazyload\" alt=\"\" data-src=\"https:\/\/ingenieria.udd.cl\/ii\/files\/2020\/02\/captura-de-pantalla-2019-03-13-a-las-16.06.17-680x382.png\" \/>\t\t\t\t\t\t<div class=\"access-image__content\">\n\t\t\t\t\t\t\t<h3 class=\"access-image__title\">Pintura inteligente<\/h3>\n\t\t\t\t\t\t\t<span class=\"access-image__action\">Conocer m\u00e1s<\/span>\n\t\t\t\t\t\t<\/div>\n\t\t\t\t\t<\/a>\n\t\t\t\t<\/div>\n\t\t\t\t\t\t\t<div class=\"access-image-wrapper\">\n\t\t\t\t\t<a href=\"https:\/\/ii.udd.cl\/sensores-visuales-pulverizador-de-pintura-inteligente\/\" data-url=\"https:\/\/ii.udd.cl\/sensores-visuales-pulverizador-de-pintura-inteligente\/\" class=\"access-image\">\n\t\t\t\t\t<img loading=\"lazy\" decoding=\"async\" width=\"680\" height=\"382\" src=\"https:\/\/ingenieria.udd.cl\/ii\/files\/2020\/03\/sensor-visual-680x382.png\" class=\"access-image__image lazyload\" alt=\"\" data-src=\"https:\/\/ingenieria.udd.cl\/ii\/files\/2020\/03\/sensor-visual-680x382.png\" \/>\t\t\t\t\t\t<div class=\"access-image__content\">\n\t\t\t\t\t\t\t<h3 class=\"access-image__title\">Sensores Visuales<\/h3>\n\t\t\t\t\t\t\t<span class=\"access-image__action\">Conocer m\u00e1s<\/span>\n\t\t\t\t\t\t<\/div>\n\t\t\t\t\t<\/a>\n\t\t\t\t<\/div>\n\t\t\t\t\t\t\t<div class=\"access-image-wrapper\">\n\t\t\t\t\t<a href=\"https:\/\/ii.udd.cl\/pintura-resistente-al-fuego-utilizando-residuos-organicos\/\" data-url=\"https:\/\/ii.udd.cl\/pintura-resistente-al-fuego-utilizando-residuos-organicos\/\" class=\"access-image\">\n\t\t\t\t\t<img loading=\"lazy\" decoding=\"async\" width=\"576\" height=\"382\" src=\"https:\/\/ingenieria.udd.cl\/ii\/files\/2020\/03\/whatsapp-image-2020-03-26-at-13.11.33-576x382.jpeg\" class=\"access-image__image lazyload\" alt=\"\" data-src=\"https:\/\/ingenieria.udd.cl\/ii\/files\/2020\/03\/whatsapp-image-2020-03-26-at-13.11.33-576x382.jpeg\" \/>\t\t\t\t\t\t<div class=\"access-image__content\">\n\t\t\t\t\t\t\t<h3 class=\"access-image__title\">Pintura resistente al fuego utilizando residuos org\u00e1nicos<\/h3>\n\t\t\t\t\t\t\t<span class=\"access-image__action\">Conocer m\u00e1s<\/span>\n\t\t\t\t\t\t<\/div>\n\t\t\t\t\t<\/a>\n\t\t\t\t<\/div>\n\t\t\t\t\t<\/div>\n\t<\/div>\n<\/section>\n\n\n<!-- WP Block: UDD - Access Image -->\n<section class=\"wp-block-udd-access-image\n has-odd-elements has-3x-elements\">\n\t<div class=\"container\">\n\t\t\t\t<div class=\"block__content\">\n\t\t\t<div class=\"access-images\">\n\t\t\t\t\t\t\t<div class=\"access-image-wrapper\">\n\t\t\t\t\t<a href=\"https:\/\/ii.udd.cl\/impresion-3d-ilimitada\/\" data-url=\"https:\/\/ii.udd.cl\/impresion-3d-ilimitada\/\" class=\"access-image\">\n\t\t\t\t\t<img loading=\"lazy\" decoding=\"async\" width=\"576\" height=\"382\" src=\"https:\/\/ingenieria.udd.cl\/ii\/files\/2020\/03\/whatsapp-image-2020-03-26-at-13.11.33-576x382.jpeg\" class=\"access-image__image lazyload\" alt=\"\" data-src=\"https:\/\/ingenieria.udd.cl\/ii\/files\/2020\/03\/whatsapp-image-2020-03-26-at-13.11.33-576x382.jpeg\" \/>\t\t\t\t\t\t<div class=\"access-image__content\">\n\t\t\t\t\t\t\t<h3 class=\"access-image__title\">Impresi\u00f3n 3D ilimitada<\/h3>\n\t\t\t\t\t\t\t<span class=\"access-image__action\">Conocer m\u00e1s<\/span>\n\t\t\t\t\t\t<\/div>\n\t\t\t\t\t<\/a>\n\t\t\t\t<\/div>\n\t\t\t\t\t\t\t<div class=\"access-image-wrapper\">\n\t\t\t\t\t<a href=\"https:\/\/ii.udd.cl\/sistema-de-impresion-3d-de-resina-sobre-gel\/\" data-url=\"https:\/\/ii.udd.cl\/sistema-de-impresion-3d-de-resina-sobre-gel\/\" class=\"access-image\">\n\t\t\t\t\t<img loading=\"lazy\" decoding=\"async\" width=\"442\" height=\"382\" src=\"https:\/\/ingenieria.udd.cl\/ii\/files\/2020\/03\/impresion-gel-1-442x382.png\" class=\"access-image__image lazyload\" alt=\"\" data-src=\"https:\/\/ingenieria.udd.cl\/ii\/files\/2020\/03\/impresion-gel-1-442x382.png\" \/>\t\t\t\t\t\t<div class=\"access-image__content\">\n\t\t\t\t\t\t\t<h3 class=\"access-image__title\">Sistema de impresi\u00f3n 3D de resina sobre gel<\/h3>\n\t\t\t\t\t\t\t<span class=\"access-image__action\">Conocer m\u00e1s<\/span>\n\t\t\t\t\t\t<\/div>\n\t\t\t\t\t<\/a>\n\t\t\t\t<\/div>\n\t\t\t\t\t\t\t<div class=\"access-image-wrapper\">\n\t\t\t\t\t<a href=\"https:\/\/ii.udd.cl\/biblioteca-de-materiales\/\" data-url=\"https:\/\/ii.udd.cl\/biblioteca-de-materiales\/\" class=\"access-image\">\n\t\t\t\t\t<img loading=\"lazy\" decoding=\"async\" width=\"576\" height=\"382\" src=\"https:\/\/ingenieria.udd.cl\/ii\/files\/2020\/03\/whatsapp-image-2020-03-26-at-13.11.33-576x382.jpeg\" class=\"access-image__image lazyload\" alt=\"\" data-src=\"https:\/\/ingenieria.udd.cl\/ii\/files\/2020\/03\/whatsapp-image-2020-03-26-at-13.11.33-576x382.jpeg\" \/>\t\t\t\t\t\t<div class=\"access-image__content\">\n\t\t\t\t\t\t\t<h3 class=\"access-image__title\">Bibliotecas de materiales<\/h3>\n\t\t\t\t\t\t\t<span class=\"access-image__action\">Conocer m\u00e1s<\/span>\n\t\t\t\t\t\t<\/div>\n\t\t\t\t\t<\/a>\n\t\t\t\t<\/div>\n\t\t\t\t\t<\/div>\n\t<\/div>\n<\/section>\n","protected":false},"excerpt":{"rendered":"<p>PROYECTOS<\/p>\n","protected":false},"author":9192225,"featured_media":0,"parent":0,"menu_order":0,"comment_status":"closed","ping_status":"closed","template":"","meta":{"footnotes":""},"class_list":["post-182","page","type-page","status-publish","hentry"],"yoast_head":"<!-- This site is optimized with the Yoast SEO plugin v26.9 - https:\/\/yoast.com\/product\/yoast-seo-wordpress\/ -->\n<title>New materials and manufacturing systems Lab - Innovaci\u00f3n Ingenier\u00eda<\/title>\n<meta name=\"robots\" content=\"index, follow, max-snippet:-1, max-image-preview:large, max-video-preview:-1\" \/>\n<link rel=\"canonical\" href=\"https:\/\/ingenieria.udd.cl\/ii\/new-materials-and-manufacturing-systems-lab\/\" \/>\n<meta property=\"og:locale\" content=\"es_ES\" \/>\n<meta property=\"og:type\" content=\"article\" \/>\n<meta property=\"og:title\" content=\"New materials and manufacturing systems Lab - Innovaci\u00f3n Ingenier\u00eda\" \/>\n<meta property=\"og:description\" content=\"PROYECTOS\" \/>\n<meta property=\"og:url\" content=\"https:\/\/ingenieria.udd.cl\/ii\/new-materials-and-manufacturing-systems-lab\/\" \/>\n<meta property=\"og:site_name\" content=\"Innovaci\u00f3n Ingenier\u00eda\" \/>\n<meta name=\"twitter:card\" content=\"summary_large_image\" \/>\n<script type=\"application\/ld+json\" class=\"yoast-schema-graph\">{\"@context\":\"https:\/\/schema.org\",\"@graph\":[{\"@type\":\"WebPage\",\"@id\":\"https:\/\/ingenieria.udd.cl\/ii\/new-materials-and-manufacturing-systems-lab\/\",\"url\":\"https:\/\/ingenieria.udd.cl\/ii\/new-materials-and-manufacturing-systems-lab\/\",\"name\":\"New materials and manufacturing systems Lab - Innovaci\u00f3n Ingenier\u00eda\",\"isPartOf\":{\"@id\":\"https:\/\/ingenieria.udd.cl\/ii\/#website\"},\"datePublished\":\"2020-03-17T20:29:01+00:00\",\"breadcrumb\":{\"@id\":\"https:\/\/ingenieria.udd.cl\/ii\/new-materials-and-manufacturing-systems-lab\/#breadcrumb\"},\"inLanguage\":\"es\",\"potentialAction\":[{\"@type\":\"ReadAction\",\"target\":[\"https:\/\/ingenieria.udd.cl\/ii\/new-materials-and-manufacturing-systems-lab\/\"]}]},{\"@type\":\"BreadcrumbList\",\"@id\":\"https:\/\/ingenieria.udd.cl\/ii\/new-materials-and-manufacturing-systems-lab\/#breadcrumb\",\"itemListElement\":[{\"@type\":\"ListItem\",\"position\":1,\"name\":\"Portada\",\"item\":\"https:\/\/ingenieria.udd.cl\/ii\/\"},{\"@type\":\"ListItem\",\"position\":2,\"name\":\"New materials and manufacturing systems Lab\"}]},{\"@type\":\"WebSite\",\"@id\":\"https:\/\/ingenieria.udd.cl\/ii\/#website\",\"url\":\"https:\/\/ingenieria.udd.cl\/ii\/\",\"name\":\"Innovaci\u00f3n Ingenier\u00eda\",\"description\":\"Otro sitio m\u00e1s de Ingenieria\",\"inLanguage\":\"es\"}]}<\/script>\n<!-- \/ Yoast SEO plugin. -->","yoast_head_json":{"title":"New materials and manufacturing systems Lab - Innovaci\u00f3n Ingenier\u00eda","robots":{"index":"index","follow":"follow","max-snippet":"max-snippet:-1","max-image-preview":"max-image-preview:large","max-video-preview":"max-video-preview:-1"},"canonical":"https:\/\/ingenieria.udd.cl\/ii\/new-materials-and-manufacturing-systems-lab\/","og_locale":"es_ES","og_type":"article","og_title":"New materials and manufacturing systems Lab - Innovaci\u00f3n Ingenier\u00eda","og_description":"PROYECTOS","og_url":"https:\/\/ingenieria.udd.cl\/ii\/new-materials-and-manufacturing-systems-lab\/","og_site_name":"Innovaci\u00f3n Ingenier\u00eda","twitter_card":"summary_large_image","schema":{"@context":"https:\/\/schema.org","@graph":[{"@type":"WebPage","@id":"https:\/\/ingenieria.udd.cl\/ii\/new-materials-and-manufacturing-systems-lab\/","url":"https:\/\/ingenieria.udd.cl\/ii\/new-materials-and-manufacturing-systems-lab\/","name":"New materials and manufacturing systems Lab - Innovaci\u00f3n Ingenier\u00eda","isPartOf":{"@id":"https:\/\/ingenieria.udd.cl\/ii\/#website"},"datePublished":"2020-03-17T20:29:01+00:00","breadcrumb":{"@id":"https:\/\/ingenieria.udd.cl\/ii\/new-materials-and-manufacturing-systems-lab\/#breadcrumb"},"inLanguage":"es","potentialAction":[{"@type":"ReadAction","target":["https:\/\/ingenieria.udd.cl\/ii\/new-materials-and-manufacturing-systems-lab\/"]}]},{"@type":"BreadcrumbList","@id":"https:\/\/ingenieria.udd.cl\/ii\/new-materials-and-manufacturing-systems-lab\/#breadcrumb","itemListElement":[{"@type":"ListItem","position":1,"name":"Portada","item":"https:\/\/ingenieria.udd.cl\/ii\/"},{"@type":"ListItem","position":2,"name":"New materials and manufacturing systems Lab"}]},{"@type":"WebSite","@id":"https:\/\/ingenieria.udd.cl\/ii\/#website","url":"https:\/\/ingenieria.udd.cl\/ii\/","name":"Innovaci\u00f3n Ingenier\u00eda","description":"Otro sitio m\u00e1s de Ingenieria","inLanguage":"es"}]}},"_links":{"self":[{"href":"https:\/\/ingenieria.udd.cl\/ii\/wp-json\/wp\/v2\/pages\/182","targetHints":{"allow":["GET"]}}],"collection":[{"href":"https:\/\/ingenieria.udd.cl\/ii\/wp-json\/wp\/v2\/pages"}],"about":[{"href":"https:\/\/ingenieria.udd.cl\/ii\/wp-json\/wp\/v2\/types\/page"}],"author":[{"embeddable":true,"href":"https:\/\/ingenieria.udd.cl\/ii\/wp-json\/wp\/v2\/users\/9192225"}],"replies":[{"embeddable":true,"href":"https:\/\/ingenieria.udd.cl\/ii\/wp-json\/wp\/v2\/comments?post=182"}],"version-history":[{"count":0,"href":"https:\/\/ingenieria.udd.cl\/ii\/wp-json\/wp\/v2\/pages\/182\/revisions"}],"wp:attachment":[{"href":"https:\/\/ingenieria.udd.cl\/ii\/wp-json\/wp\/v2\/media?parent=182"}],"curies":[{"name":"wp","href":"https:\/\/api.w.org\/{rel}","templated":true}]}}