{"id":186,"date":"2020-03-17T20:32:09","date_gmt":"2020-03-17T20:32:09","guid":{"rendered":"https:\/\/ii.udd.cl\/?page_id=186"},"modified":"2020-03-17T20:32:09","modified_gmt":"2020-03-17T20:32:09","slug":"modular-diagnostic-and-smart-devices-lab","status":"publish","type":"page","link":"https:\/\/ingenieria.udd.cl\/ii\/modular-diagnostic-and-smart-devices-lab\/","title":{"rendered":"Modular Diagnostic  and smart devices Lab"},"content":{"rendered":"<!-- WP Block: UDD - Banner -->\n<section class=\"wp-block-udd-banner is-style-default \">\n\t\n<div class=\"banner banner--fullwidth\">\n\t\t<div class=\"banner__content\">\n\t\t<span class=\"banner__title\">DESCRIPCI\u00d3N<\/span>\n\t\t<span class=\"banner__description\">Explorando el desarrollo de microdispositivos para el diagn\u00f3stico en salud e infraestructura<\/span>\n\t<\/div>\n<\/div>\n<\/section>\n\n\n\n<p style=\"color:#243a46;font-size:43px\" class=\"has-text-color\"><strong><em>PROYECTOS<\/em><\/strong><\/p>\n\n\n<!-- WP Block: UDD - Access Image -->\n<section class=\"wp-block-udd-access-image\n has-odd-elements has-3x-elements\">\n\t<div class=\"container\">\n\t\t\t\t<div class=\"block__content\">\n\t\t\t<div class=\"access-images\">\n\t\t\t\t\t\t\t<div class=\"access-image-wrapper\">\n\t\t\t\t\t<a href=\"https:\/\/ii.udd.cl\/dispositivo-microfluidico-para-sistema-de-deteccion-de-virus-hanta\/\" data-url=\"https:\/\/ii.udd.cl\/dispositivo-microfluidico-para-sistema-de-deteccion-de-virus-hanta\/\" class=\"access-image\">\n\t\t\t\t\t<img loading=\"lazy\" decoding=\"async\" width=\"680\" height=\"382\" src=\"https:\/\/ingenieria.udd.cl\/ii\/files\/2020\/03\/20190128_145251-1-scaled-1-680x382.jpg\" class=\"access-image__image lazyload\" alt=\"\" sizes=\"auto, (max-width: 680px) 100vw, 680px\" data-src=\"https:\/\/ingenieria.udd.cl\/ii\/files\/2020\/03\/20190128_145251-1-scaled-1-680x382.jpg\" data-srcset=\"https:\/\/ingenieria.udd.cl\/ii\/files\/2020\/03\/20190128_145251-1-scaled-1-680x382.jpg 680w, https:\/\/ingenieria.udd.cl\/ii\/files\/2020\/03\/20190128_145251-1-scaled-1-1920x1080.jpg 1920w, https:\/\/ingenieria.udd.cl\/ii\/files\/2020\/03\/20190128_145251-1-scaled-1-1366x768.jpg 1366w, https:\/\/ingenieria.udd.cl\/ii\/files\/2020\/03\/20190128_145251-1-scaled-1-952x534.jpg 952w\" \/>\t\t\t\t\t\t<div class=\"access-image__content\">\n\t\t\t\t\t\t\t<h3 class=\"access-image__title\">Dispositivo microflu\u00eddico para sistema de detecci\u00f3n de virus hanta<\/h3>\n\t\t\t\t\t\t\t<span class=\"access-image__action\">Conocer m\u00e1s<\/span>\n\t\t\t\t\t\t<\/div>\n\t\t\t\t\t<\/a>\n\t\t\t\t<\/div>\n\t\t\t\t\t\t\t<div class=\"access-image-wrapper\">\n\t\t\t\t\t<a href=\"https:\/\/ii.udd.cl\/trampa-inteligente-para-ratas-deteccion-de-muestras-de-sangre-del-virus-hanta\/\" data-url=\"https:\/\/ii.udd.cl\/trampa-inteligente-para-ratas-deteccion-de-muestras-de-sangre-del-virus-hanta\/\" class=\"access-image\">\n\t\t\t\t\t<img loading=\"lazy\" decoding=\"async\" width=\"680\" height=\"382\" src=\"https:\/\/ingenieria.udd.cl\/ii\/files\/2020\/03\/trampa-1-680x382.jpg\" class=\"access-image__image lazyload\" alt=\"\" sizes=\"auto, (max-width: 680px) 100vw, 680px\" data-src=\"https:\/\/ingenieria.udd.cl\/ii\/files\/2020\/03\/trampa-1-680x382.jpg\" data-srcset=\"https:\/\/ingenieria.udd.cl\/ii\/files\/2020\/03\/trampa-1-680x382.jpg 680w, https:\/\/ingenieria.udd.cl\/ii\/files\/2020\/03\/trampa-1-1366x768.jpg 1366w, https:\/\/ingenieria.udd.cl\/ii\/files\/2020\/03\/trampa-1-952x534.jpg 952w\" \/>\t\t\t\t\t\t<div class=\"access-image__content\">\n\t\t\t\t\t\t\t<h3 class=\"access-image__title\">Trampa inteligente para ratas<\/h3>\n\t\t\t\t\t\t\t<span class=\"access-image__action\">Conocer m\u00e1s<\/span>\n\t\t\t\t\t\t<\/div>\n\t\t\t\t\t<\/a>\n\t\t\t\t<\/div>\n\t\t\t\t\t\t\t<div class=\"access-image-wrapper\">\n\t\t\t\t\t<a href=\"https:\/\/ii.udd.cl\/diagnostico-portatil-para-la-exposicion-a-plaguicidas\/\" data-url=\"https:\/\/ii.udd.cl\/diagnostico-portatil-para-la-exposicion-a-plaguicidas\/\" class=\"access-image\">\n\t\t\t\t\t<img loading=\"lazy\" decoding=\"async\" width=\"576\" height=\"382\" src=\"https:\/\/ingenieria.udd.cl\/ii\/files\/2020\/03\/whatsapp-image-2020-03-26-at-13.11.33-576x382.jpeg\" class=\"access-image__image lazyload\" alt=\"\" data-src=\"https:\/\/ingenieria.udd.cl\/ii\/files\/2020\/03\/whatsapp-image-2020-03-26-at-13.11.33-576x382.jpeg\" \/>\t\t\t\t\t\t<div class=\"access-image__content\">\n\t\t\t\t\t\t\t<h3 class=\"access-image__title\">Diagn\u00f3stico port\u00e1til para la exposici\u00f3n a plaguicidas.<\/h3>\n\t\t\t\t\t\t\t<span class=\"access-image__action\">Conocer m\u00e1s<\/span>\n\t\t\t\t\t\t<\/div>\n\t\t\t\t\t<\/a>\n\t\t\t\t<\/div>\n\t\t\t\t\t<\/div>\n\t<\/div>\n<\/section>\n\n\n<!-- WP Block: UDD - Access Image -->\n<section class=\"wp-block-udd-access-image\n has-odd-elements has-3x-elements\">\n\t<div class=\"container\">\n\t\t\t\t<div class=\"block__content\">\n\t\t\t<div class=\"access-images\">\n\t\t\t\t\t\t\t<div class=\"access-image-wrapper\">\n\t\t\t\t\t<a href=\"https:\/\/ii.udd.cl\/sistema-de-caracterizacion-de-propiedades-termoelectricas\/\" data-url=\"https:\/\/ii.udd.cl\/sistema-de-caracterizacion-de-propiedades-termoelectricas\/\" class=\"access-image\">\n\t\t\t\t\t<img loading=\"lazy\" decoding=\"async\" width=\"576\" height=\"382\" src=\"https:\/\/ingenieria.udd.cl\/ii\/files\/2020\/03\/whatsapp-image-2020-03-26-at-13.11.33-576x382.jpeg\" class=\"access-image__image lazyload\" alt=\"\" data-src=\"https:\/\/ingenieria.udd.cl\/ii\/files\/2020\/03\/whatsapp-image-2020-03-26-at-13.11.33-576x382.jpeg\" \/>\t\t\t\t\t\t<div class=\"access-image__content\">\n\t\t\t\t\t\t\t<h3 class=\"access-image__title\">Sistema de caracterizaci\u00f3n de propiedades termoel\u00e9ctricas<\/h3>\n\t\t\t\t\t\t\t<span class=\"access-image__action\">Conocer m\u00e1s<\/span>\n\t\t\t\t\t\t<\/div>\n\t\t\t\t\t<\/a>\n\t\t\t\t<\/div>\n\t\t\t\t\t\t\t<div class=\"access-image-wrapper\">\n\t\t\t\t\t<a href=\"https:\/\/ii.udd.cl\/micro-intercambiador-de-calor-mediante-metodologia-de-minima-generacion-de-entropia\/\" data-url=\"https:\/\/ii.udd.cl\/micro-intercambiador-de-calor-mediante-metodologia-de-minima-generacion-de-entropia\/\" class=\"access-image\">\n\t\t\t\t\t<img loading=\"lazy\" decoding=\"async\" width=\"576\" height=\"382\" src=\"https:\/\/ingenieria.udd.cl\/ii\/files\/2020\/03\/whatsapp-image-2020-03-26-at-13.11.33-576x382.jpeg\" class=\"access-image__image lazyload\" alt=\"\" data-src=\"https:\/\/ingenieria.udd.cl\/ii\/files\/2020\/03\/whatsapp-image-2020-03-26-at-13.11.33-576x382.jpeg\" \/>\t\t\t\t\t\t<div class=\"access-image__content\">\n\t\t\t\t\t\t\t<h3 class=\"access-image__title\">Micro intercambiador de calor mediante metodolog\u00eda de m\u00ednima generaci\u00f3n de entrop\u00eda<\/h3>\n\t\t\t\t\t\t\t<span class=\"access-image__action\">Conocer m\u00e1s<\/span>\n\t\t\t\t\t\t<\/div>\n\t\t\t\t\t<\/a>\n\t\t\t\t<\/div>\n\t\t\t\t\t\t\t<div class=\"access-image-wrapper\">\n\t\t\t\t\t<a href=\"https:\/\/ii.udd.cl\/cinturon-de-orion-correa-de-monitoreo-de-aceleracion-simultanea-para-diagnostico-de-infraestructura\/\" data-url=\"https:\/\/ii.udd.cl\/cinturon-de-orion-correa-de-monitoreo-de-aceleracion-simultanea-para-diagnostico-de-infraestructura\/\" class=\"access-image\">\n\t\t\t\t\t<img loading=\"lazy\" decoding=\"async\" width=\"576\" height=\"382\" src=\"https:\/\/ingenieria.udd.cl\/ii\/files\/2020\/03\/whatsapp-image-2020-03-26-at-13.11.33-576x382.jpeg\" class=\"access-image__image lazyload\" alt=\"\" data-src=\"https:\/\/ingenieria.udd.cl\/ii\/files\/2020\/03\/whatsapp-image-2020-03-26-at-13.11.33-576x382.jpeg\" \/>\t\t\t\t\t\t<div class=\"access-image__content\">\n\t\t\t\t\t\t\t<h3 class=\"access-image__title\">Cintur\u00f3n de ori\u00f3n<\/h3>\n\t\t\t\t\t\t\t<span class=\"access-image__action\">Conocer m\u00e1s<\/span>\n\t\t\t\t\t\t<\/div>\n\t\t\t\t\t<\/a>\n\t\t\t\t<\/div>\n\t\t\t\t\t<\/div>\n\t<\/div>\n<\/section>\n\n\n<!-- WP Block: UDD - Access Image -->\n<section class=\"wp-block-udd-access-image\n has-odd-elements has-3x-elements\">\n\t<div class=\"container\">\n\t\t\t\t<div class=\"block__content\">\n\t\t\t<div class=\"access-images\">\n\t\t\t\t\t\t\t<div class=\"access-image-wrapper\">\n\t\t\t\t\t<a href=\"https:\/\/ii.udd.cl\/dispositivo-de-control-de-verticalidad\/\" data-url=\"https:\/\/ii.udd.cl\/dispositivo-de-control-de-verticalidad\/\" class=\"access-image\">\n\t\t\t\t\t<img loading=\"lazy\" decoding=\"async\" width=\"680\" height=\"382\" src=\"https:\/\/ingenieria.udd.cl\/ii\/files\/2020\/03\/pulpo2-680x382.png\" class=\"access-image__image lazyload\" alt=\"\" data-src=\"https:\/\/ingenieria.udd.cl\/ii\/files\/2020\/03\/pulpo2-680x382.png\" \/>\t\t\t\t\t\t<div class=\"access-image__content\">\n\t\t\t\t\t\t\t<h3 class=\"access-image__title\">Dispositivo de control de verticalidad<\/h3>\n\t\t\t\t\t\t\t<span class=\"access-image__action\">Conocer m\u00e1s<\/span>\n\t\t\t\t\t\t<\/div>\n\t\t\t\t\t<\/a>\n\t\t\t\t<\/div>\n\t\t\t\t\t\t\t<div class=\"access-image-wrapper\">\n\t\t\t\t\t<a href=\"https:\/\/ii.udd.cl\/kits-para-la-ciencia-ciudadana\/\" data-url=\"https:\/\/ii.udd.cl\/kits-para-la-ciencia-ciudadana\/\" class=\"access-image\">\n\t\t\t\t\t<img loading=\"lazy\" decoding=\"async\" width=\"680\" height=\"382\" src=\"https:\/\/ingenieria.udd.cl\/ii\/files\/2020\/03\/kit3-680x382.jpg\" class=\"access-image__image lazyload\" alt=\"\" data-src=\"https:\/\/ingenieria.udd.cl\/ii\/files\/2020\/03\/kit3-680x382.jpg\" \/>\t\t\t\t\t\t<div class=\"access-image__content\">\n\t\t\t\t\t\t\t<h3 class=\"access-image__title\">Kits para la ciencia ciudadana<\/h3>\n\t\t\t\t\t\t\t<span class=\"access-image__action\">Conocer m\u00e1s<\/span>\n\t\t\t\t\t\t<\/div>\n\t\t\t\t\t<\/a>\n\t\t\t\t<\/div>\n\t\t\t\t\t\t\t<div class=\"access-image-wrapper\">\n\t\t\t\t\t<a href=\"https:\/\/ii.udd.cl\/trampa-inteligente-de-diagnostico-de-vectores-de-enfermedades\/\" data-url=\"https:\/\/ii.udd.cl\/trampa-inteligente-de-diagnostico-de-vectores-de-enfermedades\/\" class=\"access-image\">\n\t\t\t\t\t<img loading=\"lazy\" decoding=\"async\" width=\"463\" height=\"382\" src=\"https:\/\/ingenieria.udd.cl\/ii\/files\/2020\/03\/whatsapp-image-2020-03-25-at-20.10.32-463x382.jpeg\" class=\"access-image__image lazyload\" alt=\"\" data-src=\"https:\/\/ingenieria.udd.cl\/ii\/files\/2020\/03\/whatsapp-image-2020-03-25-at-20.10.32-463x382.jpeg\" \/>\t\t\t\t\t\t<div class=\"access-image__content\">\n\t\t\t\t\t\t\t<h3 class=\"access-image__title\">Trampa inteligente de diagnostico de vectores de enfermedades<\/h3>\n\t\t\t\t\t\t\t<span class=\"access-image__action\">Conocer m\u00e1s<\/span>\n\t\t\t\t\t\t<\/div>\n\t\t\t\t\t<\/a>\n\t\t\t\t<\/div>\n\t\t\t\t\t<\/div>\n\t<\/div>\n<\/section>\n","protected":false},"excerpt":{"rendered":"<p>PROYECTOS<\/p>\n","protected":false},"author":9192225,"featured_media":0,"parent":0,"menu_order":0,"comment_status":"closed","ping_status":"closed","template":"","meta":{"footnotes":""},"class_list":["post-186","page","type-page","status-publish","hentry"],"yoast_head":"<!-- This site is optimized with the Yoast SEO plugin v26.9 - https:\/\/yoast.com\/product\/yoast-seo-wordpress\/ -->\n<title>Modular Diagnostic and smart devices Lab - Innovaci\u00f3n Ingenier\u00eda<\/title>\n<meta name=\"robots\" content=\"index, follow, max-snippet:-1, max-image-preview:large, max-video-preview:-1\" \/>\n<link rel=\"canonical\" href=\"https:\/\/ingenieria.udd.cl\/ii\/modular-diagnostic-and-smart-devices-lab\/\" \/>\n<meta property=\"og:locale\" content=\"es_ES\" \/>\n<meta property=\"og:type\" content=\"article\" \/>\n<meta property=\"og:title\" content=\"Modular Diagnostic and smart devices Lab - Innovaci\u00f3n Ingenier\u00eda\" \/>\n<meta property=\"og:description\" content=\"PROYECTOS\" \/>\n<meta property=\"og:url\" content=\"https:\/\/ingenieria.udd.cl\/ii\/modular-diagnostic-and-smart-devices-lab\/\" \/>\n<meta property=\"og:site_name\" content=\"Innovaci\u00f3n Ingenier\u00eda\" \/>\n<meta name=\"twitter:card\" content=\"summary_large_image\" \/>\n<script type=\"application\/ld+json\" class=\"yoast-schema-graph\">{\"@context\":\"https:\/\/schema.org\",\"@graph\":[{\"@type\":\"WebPage\",\"@id\":\"https:\/\/ingenieria.udd.cl\/ii\/modular-diagnostic-and-smart-devices-lab\/\",\"url\":\"https:\/\/ingenieria.udd.cl\/ii\/modular-diagnostic-and-smart-devices-lab\/\",\"name\":\"Modular Diagnostic and smart devices Lab - Innovaci\u00f3n Ingenier\u00eda\",\"isPartOf\":{\"@id\":\"https:\/\/ingenieria.udd.cl\/ii\/#website\"},\"datePublished\":\"2020-03-17T20:32:09+00:00\",\"breadcrumb\":{\"@id\":\"https:\/\/ingenieria.udd.cl\/ii\/modular-diagnostic-and-smart-devices-lab\/#breadcrumb\"},\"inLanguage\":\"es\",\"potentialAction\":[{\"@type\":\"ReadAction\",\"target\":[\"https:\/\/ingenieria.udd.cl\/ii\/modular-diagnostic-and-smart-devices-lab\/\"]}]},{\"@type\":\"BreadcrumbList\",\"@id\":\"https:\/\/ingenieria.udd.cl\/ii\/modular-diagnostic-and-smart-devices-lab\/#breadcrumb\",\"itemListElement\":[{\"@type\":\"ListItem\",\"position\":1,\"name\":\"Portada\",\"item\":\"https:\/\/ingenieria.udd.cl\/ii\/\"},{\"@type\":\"ListItem\",\"position\":2,\"name\":\"Modular Diagnostic and smart devices Lab\"}]},{\"@type\":\"WebSite\",\"@id\":\"https:\/\/ingenieria.udd.cl\/ii\/#website\",\"url\":\"https:\/\/ingenieria.udd.cl\/ii\/\",\"name\":\"Innovaci\u00f3n Ingenier\u00eda\",\"description\":\"Otro sitio m\u00e1s de Ingenieria\",\"inLanguage\":\"es\"}]}<\/script>\n<!-- \/ Yoast SEO plugin. -->","yoast_head_json":{"title":"Modular Diagnostic and smart devices Lab - Innovaci\u00f3n Ingenier\u00eda","robots":{"index":"index","follow":"follow","max-snippet":"max-snippet:-1","max-image-preview":"max-image-preview:large","max-video-preview":"max-video-preview:-1"},"canonical":"https:\/\/ingenieria.udd.cl\/ii\/modular-diagnostic-and-smart-devices-lab\/","og_locale":"es_ES","og_type":"article","og_title":"Modular Diagnostic and smart devices Lab - Innovaci\u00f3n Ingenier\u00eda","og_description":"PROYECTOS","og_url":"https:\/\/ingenieria.udd.cl\/ii\/modular-diagnostic-and-smart-devices-lab\/","og_site_name":"Innovaci\u00f3n Ingenier\u00eda","twitter_card":"summary_large_image","schema":{"@context":"https:\/\/schema.org","@graph":[{"@type":"WebPage","@id":"https:\/\/ingenieria.udd.cl\/ii\/modular-diagnostic-and-smart-devices-lab\/","url":"https:\/\/ingenieria.udd.cl\/ii\/modular-diagnostic-and-smart-devices-lab\/","name":"Modular Diagnostic and smart devices Lab - Innovaci\u00f3n Ingenier\u00eda","isPartOf":{"@id":"https:\/\/ingenieria.udd.cl\/ii\/#website"},"datePublished":"2020-03-17T20:32:09+00:00","breadcrumb":{"@id":"https:\/\/ingenieria.udd.cl\/ii\/modular-diagnostic-and-smart-devices-lab\/#breadcrumb"},"inLanguage":"es","potentialAction":[{"@type":"ReadAction","target":["https:\/\/ingenieria.udd.cl\/ii\/modular-diagnostic-and-smart-devices-lab\/"]}]},{"@type":"BreadcrumbList","@id":"https:\/\/ingenieria.udd.cl\/ii\/modular-diagnostic-and-smart-devices-lab\/#breadcrumb","itemListElement":[{"@type":"ListItem","position":1,"name":"Portada","item":"https:\/\/ingenieria.udd.cl\/ii\/"},{"@type":"ListItem","position":2,"name":"Modular Diagnostic and smart devices Lab"}]},{"@type":"WebSite","@id":"https:\/\/ingenieria.udd.cl\/ii\/#website","url":"https:\/\/ingenieria.udd.cl\/ii\/","name":"Innovaci\u00f3n Ingenier\u00eda","description":"Otro sitio m\u00e1s de Ingenieria","inLanguage":"es"}]}},"_links":{"self":[{"href":"https:\/\/ingenieria.udd.cl\/ii\/wp-json\/wp\/v2\/pages\/186","targetHints":{"allow":["GET"]}}],"collection":[{"href":"https:\/\/ingenieria.udd.cl\/ii\/wp-json\/wp\/v2\/pages"}],"about":[{"href":"https:\/\/ingenieria.udd.cl\/ii\/wp-json\/wp\/v2\/types\/page"}],"author":[{"embeddable":true,"href":"https:\/\/ingenieria.udd.cl\/ii\/wp-json\/wp\/v2\/users\/9192225"}],"replies":[{"embeddable":true,"href":"https:\/\/ingenieria.udd.cl\/ii\/wp-json\/wp\/v2\/comments?post=186"}],"version-history":[{"count":0,"href":"https:\/\/ingenieria.udd.cl\/ii\/wp-json\/wp\/v2\/pages\/186\/revisions"}],"wp:attachment":[{"href":"https:\/\/ingenieria.udd.cl\/ii\/wp-json\/wp\/v2\/media?parent=186"}],"curies":[{"name":"wp","href":"https:\/\/api.w.org\/{rel}","templated":true}]}}