{"id":221,"date":"2020-03-19T03:54:54","date_gmt":"2020-03-19T03:54:54","guid":{"rendered":"https:\/\/ii.udd.cl\/?page_id=221"},"modified":"2020-10-15T18:32:12","modified_gmt":"2020-10-15T16:32:12","slug":"boyas-para-muestreo-dinamico-y-monitoreo-de-cuencas","status":"publish","type":"page","link":"https:\/\/ingenieria.udd.cl\/ii\/boyas-para-muestreo-dinamico-y-monitoreo-de-cuencas\/","title":{"rendered":"Boyas para muestreo din\u00e1mico y monitoreo de cuencas."},"content":{"rendered":"<section\n\tclass=\"wp-block-udd-text-row block--bg-gray\"\n\t\t>\n\t<div class=\"text-row\">\n\t\t<div class=\"text-row__content\">\n\t\t\t<div class=\"text-row__content-inner text\">\n\t\t\t\t\t\t\t\t<h2>Descripci\u00f3n<\/h2>\n\t\t\t\t\t\t\t\t\n<p> Con el objetivo de contar con herramientas que permitan un mayor entendimiento de la din\u00e1mica de cuencas h\u00eddricas, se plantea el dise\u00f1o e implementaci\u00f3n de un sistema de monitoreo usando boyas flotantes. Estas boyas contienen sensores de aceleraci\u00f3n y ubicaci\u00f3n que permiten retrasar el movimiento y de esa manera caracterizar la din\u00e1mica dentro de cuencas y en la interfaz cuenca a lago. Este tipo de informaci\u00f3n puede ser de gran utilidad al momento de dise\u00f1ar estrategias de mitigaci\u00f3n de contaminantes en lagos, as\u00ed como identificar zonas de inter\u00e9s para realizar monitoreo continuo de ciertas variables. <\/p>\n\t\t\t<\/div>\n\t\t<\/div>\n\t\t<div class=\"text-row__media\">\n\t\t\t\t\t<\/div>\n\t<\/div>\n<\/section>\n","protected":false},"excerpt":{"rendered":"","protected":false},"author":9192225,"featured_media":0,"parent":0,"menu_order":0,"comment_status":"closed","ping_status":"closed","template":"","meta":{"footnotes":""},"class_list":["post-221","page","type-page","status-publish","hentry"],"yoast_head":"<!-- This site is optimized with the Yoast SEO plugin v26.9 - https:\/\/yoast.com\/product\/yoast-seo-wordpress\/ -->\n<title>Boyas para muestreo din\u00e1mico y monitoreo de cuencas. - Innovaci\u00f3n Ingenier\u00eda<\/title>\n<meta name=\"robots\" content=\"index, follow, max-snippet:-1, max-image-preview:large, max-video-preview:-1\" \/>\n<link rel=\"canonical\" href=\"https:\/\/ingenieria.udd.cl\/ii\/boyas-para-muestreo-dinamico-y-monitoreo-de-cuencas\/\" \/>\n<meta property=\"og:locale\" content=\"es_ES\" \/>\n<meta property=\"og:type\" content=\"article\" \/>\n<meta property=\"og:title\" content=\"Boyas para muestreo din\u00e1mico y monitoreo de cuencas. - Innovaci\u00f3n Ingenier\u00eda\" \/>\n<meta property=\"og:url\" content=\"https:\/\/ingenieria.udd.cl\/ii\/boyas-para-muestreo-dinamico-y-monitoreo-de-cuencas\/\" \/>\n<meta property=\"og:site_name\" content=\"Innovaci\u00f3n Ingenier\u00eda\" \/>\n<meta property=\"article:modified_time\" content=\"2020-10-15T16:32:12+00:00\" \/>\n<meta name=\"twitter:card\" content=\"summary_large_image\" \/>\n<meta name=\"twitter:label1\" content=\"Tiempo de lectura\" \/>\n\t<meta name=\"twitter:data1\" content=\"1 minuto\" \/>\n<script type=\"application\/ld+json\" class=\"yoast-schema-graph\">{\"@context\":\"https:\/\/schema.org\",\"@graph\":[{\"@type\":\"WebPage\",\"@id\":\"https:\/\/ingenieria.udd.cl\/ii\/boyas-para-muestreo-dinamico-y-monitoreo-de-cuencas\/\",\"url\":\"https:\/\/ingenieria.udd.cl\/ii\/boyas-para-muestreo-dinamico-y-monitoreo-de-cuencas\/\",\"name\":\"Boyas para muestreo din\u00e1mico y monitoreo de cuencas. - Innovaci\u00f3n Ingenier\u00eda\",\"isPartOf\":{\"@id\":\"https:\/\/ingenieria.udd.cl\/ii\/#website\"},\"datePublished\":\"2020-03-19T03:54:54+00:00\",\"dateModified\":\"2020-10-15T16:32:12+00:00\",\"breadcrumb\":{\"@id\":\"https:\/\/ingenieria.udd.cl\/ii\/boyas-para-muestreo-dinamico-y-monitoreo-de-cuencas\/#breadcrumb\"},\"inLanguage\":\"es\",\"potentialAction\":[{\"@type\":\"ReadAction\",\"target\":[\"https:\/\/ingenieria.udd.cl\/ii\/boyas-para-muestreo-dinamico-y-monitoreo-de-cuencas\/\"]}]},{\"@type\":\"BreadcrumbList\",\"@id\":\"https:\/\/ingenieria.udd.cl\/ii\/boyas-para-muestreo-dinamico-y-monitoreo-de-cuencas\/#breadcrumb\",\"itemListElement\":[{\"@type\":\"ListItem\",\"position\":1,\"name\":\"Portada\",\"item\":\"https:\/\/ingenieria.udd.cl\/ii\/\"},{\"@type\":\"ListItem\",\"position\":2,\"name\":\"Boyas para muestreo din\u00e1mico y monitoreo de cuencas.\"}]},{\"@type\":\"WebSite\",\"@id\":\"https:\/\/ingenieria.udd.cl\/ii\/#website\",\"url\":\"https:\/\/ingenieria.udd.cl\/ii\/\",\"name\":\"Innovaci\u00f3n Ingenier\u00eda\",\"description\":\"Otro sitio m\u00e1s de Ingenieria\",\"inLanguage\":\"es\"}]}<\/script>\n<!-- \/ Yoast SEO plugin. -->","yoast_head_json":{"title":"Boyas para muestreo din\u00e1mico y monitoreo de cuencas. - Innovaci\u00f3n Ingenier\u00eda","robots":{"index":"index","follow":"follow","max-snippet":"max-snippet:-1","max-image-preview":"max-image-preview:large","max-video-preview":"max-video-preview:-1"},"canonical":"https:\/\/ingenieria.udd.cl\/ii\/boyas-para-muestreo-dinamico-y-monitoreo-de-cuencas\/","og_locale":"es_ES","og_type":"article","og_title":"Boyas para muestreo din\u00e1mico y monitoreo de cuencas. - Innovaci\u00f3n Ingenier\u00eda","og_url":"https:\/\/ingenieria.udd.cl\/ii\/boyas-para-muestreo-dinamico-y-monitoreo-de-cuencas\/","og_site_name":"Innovaci\u00f3n Ingenier\u00eda","article_modified_time":"2020-10-15T16:32:12+00:00","twitter_card":"summary_large_image","twitter_misc":{"Tiempo de lectura":"1 minuto"},"schema":{"@context":"https:\/\/schema.org","@graph":[{"@type":"WebPage","@id":"https:\/\/ingenieria.udd.cl\/ii\/boyas-para-muestreo-dinamico-y-monitoreo-de-cuencas\/","url":"https:\/\/ingenieria.udd.cl\/ii\/boyas-para-muestreo-dinamico-y-monitoreo-de-cuencas\/","name":"Boyas para muestreo din\u00e1mico y monitoreo de cuencas. - Innovaci\u00f3n Ingenier\u00eda","isPartOf":{"@id":"https:\/\/ingenieria.udd.cl\/ii\/#website"},"datePublished":"2020-03-19T03:54:54+00:00","dateModified":"2020-10-15T16:32:12+00:00","breadcrumb":{"@id":"https:\/\/ingenieria.udd.cl\/ii\/boyas-para-muestreo-dinamico-y-monitoreo-de-cuencas\/#breadcrumb"},"inLanguage":"es","potentialAction":[{"@type":"ReadAction","target":["https:\/\/ingenieria.udd.cl\/ii\/boyas-para-muestreo-dinamico-y-monitoreo-de-cuencas\/"]}]},{"@type":"BreadcrumbList","@id":"https:\/\/ingenieria.udd.cl\/ii\/boyas-para-muestreo-dinamico-y-monitoreo-de-cuencas\/#breadcrumb","itemListElement":[{"@type":"ListItem","position":1,"name":"Portada","item":"https:\/\/ingenieria.udd.cl\/ii\/"},{"@type":"ListItem","position":2,"name":"Boyas para muestreo din\u00e1mico y monitoreo de cuencas."}]},{"@type":"WebSite","@id":"https:\/\/ingenieria.udd.cl\/ii\/#website","url":"https:\/\/ingenieria.udd.cl\/ii\/","name":"Innovaci\u00f3n Ingenier\u00eda","description":"Otro sitio m\u00e1s de Ingenieria","inLanguage":"es"}]}},"_links":{"self":[{"href":"https:\/\/ingenieria.udd.cl\/ii\/wp-json\/wp\/v2\/pages\/221","targetHints":{"allow":["GET"]}}],"collection":[{"href":"https:\/\/ingenieria.udd.cl\/ii\/wp-json\/wp\/v2\/pages"}],"about":[{"href":"https:\/\/ingenieria.udd.cl\/ii\/wp-json\/wp\/v2\/types\/page"}],"author":[{"embeddable":true,"href":"https:\/\/ingenieria.udd.cl\/ii\/wp-json\/wp\/v2\/users\/9192225"}],"replies":[{"embeddable":true,"href":"https:\/\/ingenieria.udd.cl\/ii\/wp-json\/wp\/v2\/comments?post=221"}],"version-history":[{"count":1,"href":"https:\/\/ingenieria.udd.cl\/ii\/wp-json\/wp\/v2\/pages\/221\/revisions"}],"predecessor-version":[{"id":1475,"href":"https:\/\/ingenieria.udd.cl\/ii\/wp-json\/wp\/v2\/pages\/221\/revisions\/1475"}],"wp:attachment":[{"href":"https:\/\/ingenieria.udd.cl\/ii\/wp-json\/wp\/v2\/media?parent=221"}],"curies":[{"name":"wp","href":"https:\/\/api.w.org\/{rel}","templated":true}]}}