{"id":274,"date":"2020-03-24T13:55:53","date_gmt":"2020-03-24T13:55:53","guid":{"rendered":"https:\/\/ii.udd.cl\/?page_id=274"},"modified":"2020-03-24T13:55:53","modified_gmt":"2020-03-24T13:55:53","slug":"elun-sistema-colaborativo-de-monitoreo-para-areas-protegidas-de-chile","status":"publish","type":"page","link":"https:\/\/ingenieria.udd.cl\/ii\/elun-sistema-colaborativo-de-monitoreo-para-areas-protegidas-de-chile\/","title":{"rendered":"Elun: Sistema colaborativo de monitoreo para \u00e1reas protegidas de Chile"},"content":{"rendered":"<!-- WP Block: UDD - Content Gallery -->\n<section class=\"wp-block-udd-content-gallery block--bg-gray\">\n\t<div class=\"content-gallery\">\n\t\t<main class=\"content-gallery__content\">\n\t\t\t<div class=\"content-gallery__content-inner\">\n\t\t\t\t<h2 class=\"block__title content-gallery__title\">Descripci\u00f3n<\/h2>\n\t\t\t\t<div class=\"text\">\n\t\t\t\t\t\n<p>&nbsp;El\u00fcn propone hacer uso de las fotos sacadas por los visitantes de \u00c1reas Protegidas, m\u00e1s informaci\u00f3n proporcionada por los sensores de sus celulares, para la creaci\u00f3n de un sistema de monitoreo. El cual ir\u00e1 dirigido a la investigaci\u00f3n y posterior toma de decisiones para la conservaci\u00f3n de la biodiversidad en estos lugares. El concepto de la participaci\u00f3n es llamada \u00abCiencia Ciudadana\u00bb. El proyecto incluye la creaci\u00f3n de un sistema que procesa las im\u00e1genes obtenidas a trav\u00e9s de reconocimiento de imagen.&nbsp; A su vez propone un interfaz (web) que organice temporal y geogr\u00e1ficamente la informaci\u00f3n para la difusi\u00f3n y an\u00e1lisis de expertos y entusiastas.<br><\/p>\n\t\t\t\t<\/div>\n\t\t\t<\/div>\n\t\t<\/main>\n\t\t<aside class=\"content-gallery__media\">\n\t\t\t<div id=\"gallery-carousel-cbcdac1212\" class=\"carousel slide carousel-gallery\" data-ride=\"carousel\" data-interval=\"false\">\n\t\t\t\t<div class=\"carousel-inner\" role=\"listbox\">\n\t\t\t\t\t\t\t\t\t\t\t<div class=\"carousel-item active\">\n\t\t\t\t\t\t\t<img loading=\"lazy\" decoding=\"async\" width=\"1366\" height=\"768\" src=\"https:\/\/ingenieria.udd.cl\/ii\/files\/2020\/03\/redhat_oss-chile-day08_07-10-19-11950-680x382.jpg\" class=\"content-gallery__media-image lazyload\" alt=\"\" sizes=\"auto, (max-width: 1366px) 100vw, 1366px\" data-src=\"https:\/\/ingenieria.udd.cl\/ii\/files\/2020\/03\/redhat_oss-chile-day08_07-10-19-11950-1366x768.jpg\" data-srcset=\"https:\/\/ingenieria.udd.cl\/ii\/files\/2020\/03\/redhat_oss-chile-day08_07-10-19-11950-1366x768.jpg 1366w, https:\/\/ingenieria.udd.cl\/ii\/files\/2020\/03\/redhat_oss-chile-day08_07-10-19-11950-1920x1080.jpg 1920w, https:\/\/ingenieria.udd.cl\/ii\/files\/2020\/03\/redhat_oss-chile-day08_07-10-19-11950-952x534.jpg 952w, https:\/\/ingenieria.udd.cl\/ii\/files\/2020\/03\/redhat_oss-chile-day08_07-10-19-11950-680x382.jpg 680w\" \/>\t\t\t\t\t\t\t\t\t\t\t\t\t<\/div>\n\t\t\t\t\t\t\t\t\t\t\t<div class=\"carousel-item\">\n\t\t\t\t\t\t\t<img loading=\"lazy\" decoding=\"async\" width=\"1366\" height=\"768\" src=\"https:\/\/ingenieria.udd.cl\/ii\/files\/2020\/03\/20190127_150836-scaled-1-680x382.jpg\" class=\"content-gallery__media-image lazyload\" alt=\"\" sizes=\"auto, (max-width: 1366px) 100vw, 1366px\" data-src=\"https:\/\/ingenieria.udd.cl\/ii\/files\/2020\/03\/20190127_150836-scaled-1-1366x768.jpg\" data-srcset=\"https:\/\/ingenieria.udd.cl\/ii\/files\/2020\/03\/20190127_150836-scaled-1-1366x768.jpg 1366w, https:\/\/ingenieria.udd.cl\/ii\/files\/2020\/03\/20190127_150836-scaled-1-1920x1080.jpg 1920w, https:\/\/ingenieria.udd.cl\/ii\/files\/2020\/03\/20190127_150836-scaled-1-952x534.jpg 952w, https:\/\/ingenieria.udd.cl\/ii\/files\/2020\/03\/20190127_150836-scaled-1-680x382.jpg 680w\" \/>\t\t\t\t\t\t\t\t\t\t\t\t\t<\/div>\n\t\t\t\t\t\t\t\t\t\t\t<div class=\"carousel-item\">\n\t\t\t\t\t\t\t<img loading=\"lazy\" decoding=\"async\" width=\"1366\" height=\"768\" src=\"https:\/\/ingenieria.udd.cl\/ii\/files\/2020\/03\/20191220_112622-scaled-1-680x382.jpg\" class=\"content-gallery__media-image lazyload\" alt=\"\" sizes=\"auto, (max-width: 1366px) 100vw, 1366px\" data-src=\"https:\/\/ingenieria.udd.cl\/ii\/files\/2020\/03\/20191220_112622-scaled-1-1366x768.jpg\" data-srcset=\"https:\/\/ingenieria.udd.cl\/ii\/files\/2020\/03\/20191220_112622-scaled-1-1366x768.jpg 1366w, https:\/\/ingenieria.udd.cl\/ii\/files\/2020\/03\/20191220_112622-scaled-1-1920x1080.jpg 1920w, https:\/\/ingenieria.udd.cl\/ii\/files\/2020\/03\/20191220_112622-scaled-1-952x534.jpg 952w, https:\/\/ingenieria.udd.cl\/ii\/files\/2020\/03\/20191220_112622-scaled-1-680x382.jpg 680w\" \/>\t\t\t\t\t\t\t\t\t\t\t\t\t<\/div>\n\t\t\t\t\t\t\t\t\t\t\t<div class=\"carousel-item\">\n\t\t\t\t\t\t\t<img loading=\"lazy\" decoding=\"async\" width=\"1366\" height=\"768\" src=\"https:\/\/ingenieria.udd.cl\/ii\/files\/2020\/03\/redhat_oss-chile-day09_08-10-19-14558-680x382.jpg\" class=\"content-gallery__media-image lazyload\" alt=\"\" sizes=\"auto, (max-width: 1366px) 100vw, 1366px\" data-src=\"https:\/\/ingenieria.udd.cl\/ii\/files\/2020\/03\/redhat_oss-chile-day09_08-10-19-14558-1366x768.jpg\" data-srcset=\"https:\/\/ingenieria.udd.cl\/ii\/files\/2020\/03\/redhat_oss-chile-day09_08-10-19-14558-1366x768.jpg 1366w, https:\/\/ingenieria.udd.cl\/ii\/files\/2020\/03\/redhat_oss-chile-day09_08-10-19-14558-1920x1080.jpg 1920w, https:\/\/ingenieria.udd.cl\/ii\/files\/2020\/03\/redhat_oss-chile-day09_08-10-19-14558-952x534.jpg 952w, https:\/\/ingenieria.udd.cl\/ii\/files\/2020\/03\/redhat_oss-chile-day09_08-10-19-14558-680x382.jpg 680w\" \/>\t\t\t\t\t\t\t\t\t\t\t\t\t<\/div>\n\t\t\t\t\t\t\t\t\t\t\t<div class=\"carousel-item\">\n\t\t\t\t\t\t\t<img loading=\"lazy\" decoding=\"async\" width=\"1366\" height=\"768\" src=\"https:\/\/ingenieria.udd.cl\/ii\/files\/2020\/03\/redhat_oss-chile-day09_08-10-19-14372-680x382.jpg\" class=\"content-gallery__media-image lazyload\" alt=\"\" sizes=\"auto, (max-width: 1366px) 100vw, 1366px\" data-src=\"https:\/\/ingenieria.udd.cl\/ii\/files\/2020\/03\/redhat_oss-chile-day09_08-10-19-14372-1366x768.jpg\" data-srcset=\"https:\/\/ingenieria.udd.cl\/ii\/files\/2020\/03\/redhat_oss-chile-day09_08-10-19-14372-1366x768.jpg 1366w, https:\/\/ingenieria.udd.cl\/ii\/files\/2020\/03\/redhat_oss-chile-day09_08-10-19-14372-1920x1080.jpg 1920w, https:\/\/ingenieria.udd.cl\/ii\/files\/2020\/03\/redhat_oss-chile-day09_08-10-19-14372-952x534.jpg 952w, https:\/\/ingenieria.udd.cl\/ii\/files\/2020\/03\/redhat_oss-chile-day09_08-10-19-14372-680x382.jpg 680w\" \/>\t\t\t\t\t\t\t\t\t\t\t\t\t<\/div>\n\t\t\t\t\t\t\t\t\t<\/div>\n\t\t\t\t\t\t\t<footer class=\"carousel-footer\">\n\t\t\t\t\t<div class=\"carousel-counter\">\n\t\t\t\t\t\t<span class=\"carousel-counter-current\"><\/span> \/ <span class=\"carousel-counter-total\"><\/span>\n\t\t\t\t\t<\/div>\n\t\t\t\t\t<a class=\"carousel-control-prev\" href=\"#gallery-carousel-cbcdac1212\" role=\"button\" data-slide=\"prev\">\n\t\t\t\t\t\t<svg class=\"svg-chevron-left-dims\"><use xlink:href='https:\/\/ingenieria.udd.cl\/ii\/wp-content\/themes\/facultades-2018\/assets\/img\/svg\/dist\/main.svg?version=1695853099#chevron-left'><\/use><\/svg>\t\t\t\t\t\t<span class=\"sr-only\">Anterior<\/span>\n\t\t\t\t\t<\/a>\n\t\t\t\t\t<a class=\"carousel-control-next\" href=\"#gallery-carousel-cbcdac1212\" role=\"button\" data-slide=\"next\">\n\t\t\t\t\t\t<svg class=\"svg-chevron-right-dims\"><use xlink:href='https:\/\/ingenieria.udd.cl\/ii\/wp-content\/themes\/facultades-2018\/assets\/img\/svg\/dist\/main.svg?version=1695853099#chevron-right'><\/use><\/svg>\t\t\t\t\t\t<span class=\"sr-only\">Siguiente<\/span>\n\t\t\t\t\t<\/a>\n\t\t\t\t<\/footer>\n\t\t\t\t\t\t<\/div>\n\t\t<\/aside>\n\t<\/div>\n<\/section>\n","protected":false},"excerpt":{"rendered":"","protected":false},"author":9192225,"featured_media":0,"parent":0,"menu_order":0,"comment_status":"closed","ping_status":"closed","template":"","meta":{"footnotes":""},"class_list":["post-274","page","type-page","status-publish","hentry"],"yoast_head":"<!-- This site is optimized with the Yoast SEO plugin v26.9 - https:\/\/yoast.com\/product\/yoast-seo-wordpress\/ -->\n<title>Elun: Sistema colaborativo de monitoreo para \u00e1reas protegidas de Chile - Innovaci\u00f3n Ingenier\u00eda<\/title>\n<meta name=\"robots\" content=\"index, follow, max-snippet:-1, max-image-preview:large, max-video-preview:-1\" \/>\n<link rel=\"canonical\" href=\"https:\/\/ingenieria.udd.cl\/ii\/elun-sistema-colaborativo-de-monitoreo-para-areas-protegidas-de-chile\/\" \/>\n<meta property=\"og:locale\" content=\"es_ES\" \/>\n<meta property=\"og:type\" content=\"article\" \/>\n<meta property=\"og:title\" content=\"Elun: Sistema colaborativo de monitoreo para \u00e1reas protegidas de Chile - Innovaci\u00f3n Ingenier\u00eda\" \/>\n<meta property=\"og:url\" content=\"https:\/\/ingenieria.udd.cl\/ii\/elun-sistema-colaborativo-de-monitoreo-para-areas-protegidas-de-chile\/\" \/>\n<meta property=\"og:site_name\" content=\"Innovaci\u00f3n Ingenier\u00eda\" \/>\n<meta name=\"twitter:card\" content=\"summary_large_image\" \/>\n<meta name=\"twitter:label1\" content=\"Tiempo de lectura\" \/>\n\t<meta name=\"twitter:data1\" content=\"1 minuto\" \/>\n<script type=\"application\/ld+json\" class=\"yoast-schema-graph\">{\"@context\":\"https:\/\/schema.org\",\"@graph\":[{\"@type\":\"WebPage\",\"@id\":\"https:\/\/ingenieria.udd.cl\/ii\/elun-sistema-colaborativo-de-monitoreo-para-areas-protegidas-de-chile\/\",\"url\":\"https:\/\/ingenieria.udd.cl\/ii\/elun-sistema-colaborativo-de-monitoreo-para-areas-protegidas-de-chile\/\",\"name\":\"Elun: Sistema colaborativo de monitoreo para \u00e1reas protegidas de Chile - Innovaci\u00f3n Ingenier\u00eda\",\"isPartOf\":{\"@id\":\"https:\/\/ingenieria.udd.cl\/ii\/#website\"},\"datePublished\":\"2020-03-24T13:55:53+00:00\",\"breadcrumb\":{\"@id\":\"https:\/\/ingenieria.udd.cl\/ii\/elun-sistema-colaborativo-de-monitoreo-para-areas-protegidas-de-chile\/#breadcrumb\"},\"inLanguage\":\"es\",\"potentialAction\":[{\"@type\":\"ReadAction\",\"target\":[\"https:\/\/ingenieria.udd.cl\/ii\/elun-sistema-colaborativo-de-monitoreo-para-areas-protegidas-de-chile\/\"]}]},{\"@type\":\"BreadcrumbList\",\"@id\":\"https:\/\/ingenieria.udd.cl\/ii\/elun-sistema-colaborativo-de-monitoreo-para-areas-protegidas-de-chile\/#breadcrumb\",\"itemListElement\":[{\"@type\":\"ListItem\",\"position\":1,\"name\":\"Portada\",\"item\":\"https:\/\/ingenieria.udd.cl\/ii\/\"},{\"@type\":\"ListItem\",\"position\":2,\"name\":\"Elun: Sistema colaborativo de monitoreo para \u00e1reas protegidas de Chile\"}]},{\"@type\":\"WebSite\",\"@id\":\"https:\/\/ingenieria.udd.cl\/ii\/#website\",\"url\":\"https:\/\/ingenieria.udd.cl\/ii\/\",\"name\":\"Innovaci\u00f3n Ingenier\u00eda\",\"description\":\"Otro sitio m\u00e1s de Ingenieria\",\"inLanguage\":\"es\"}]}<\/script>\n<!-- \/ Yoast SEO plugin. -->","yoast_head_json":{"title":"Elun: Sistema colaborativo de monitoreo para \u00e1reas protegidas de Chile - Innovaci\u00f3n Ingenier\u00eda","robots":{"index":"index","follow":"follow","max-snippet":"max-snippet:-1","max-image-preview":"max-image-preview:large","max-video-preview":"max-video-preview:-1"},"canonical":"https:\/\/ingenieria.udd.cl\/ii\/elun-sistema-colaborativo-de-monitoreo-para-areas-protegidas-de-chile\/","og_locale":"es_ES","og_type":"article","og_title":"Elun: Sistema colaborativo de monitoreo para \u00e1reas protegidas de Chile - Innovaci\u00f3n Ingenier\u00eda","og_url":"https:\/\/ingenieria.udd.cl\/ii\/elun-sistema-colaborativo-de-monitoreo-para-areas-protegidas-de-chile\/","og_site_name":"Innovaci\u00f3n Ingenier\u00eda","twitter_card":"summary_large_image","twitter_misc":{"Tiempo de lectura":"1 minuto"},"schema":{"@context":"https:\/\/schema.org","@graph":[{"@type":"WebPage","@id":"https:\/\/ingenieria.udd.cl\/ii\/elun-sistema-colaborativo-de-monitoreo-para-areas-protegidas-de-chile\/","url":"https:\/\/ingenieria.udd.cl\/ii\/elun-sistema-colaborativo-de-monitoreo-para-areas-protegidas-de-chile\/","name":"Elun: Sistema colaborativo de monitoreo para \u00e1reas protegidas de Chile - Innovaci\u00f3n Ingenier\u00eda","isPartOf":{"@id":"https:\/\/ingenieria.udd.cl\/ii\/#website"},"datePublished":"2020-03-24T13:55:53+00:00","breadcrumb":{"@id":"https:\/\/ingenieria.udd.cl\/ii\/elun-sistema-colaborativo-de-monitoreo-para-areas-protegidas-de-chile\/#breadcrumb"},"inLanguage":"es","potentialAction":[{"@type":"ReadAction","target":["https:\/\/ingenieria.udd.cl\/ii\/elun-sistema-colaborativo-de-monitoreo-para-areas-protegidas-de-chile\/"]}]},{"@type":"BreadcrumbList","@id":"https:\/\/ingenieria.udd.cl\/ii\/elun-sistema-colaborativo-de-monitoreo-para-areas-protegidas-de-chile\/#breadcrumb","itemListElement":[{"@type":"ListItem","position":1,"name":"Portada","item":"https:\/\/ingenieria.udd.cl\/ii\/"},{"@type":"ListItem","position":2,"name":"Elun: Sistema colaborativo de monitoreo para \u00e1reas protegidas de Chile"}]},{"@type":"WebSite","@id":"https:\/\/ingenieria.udd.cl\/ii\/#website","url":"https:\/\/ingenieria.udd.cl\/ii\/","name":"Innovaci\u00f3n Ingenier\u00eda","description":"Otro sitio m\u00e1s de Ingenieria","inLanguage":"es"}]}},"_links":{"self":[{"href":"https:\/\/ingenieria.udd.cl\/ii\/wp-json\/wp\/v2\/pages\/274","targetHints":{"allow":["GET"]}}],"collection":[{"href":"https:\/\/ingenieria.udd.cl\/ii\/wp-json\/wp\/v2\/pages"}],"about":[{"href":"https:\/\/ingenieria.udd.cl\/ii\/wp-json\/wp\/v2\/types\/page"}],"author":[{"embeddable":true,"href":"https:\/\/ingenieria.udd.cl\/ii\/wp-json\/wp\/v2\/users\/9192225"}],"replies":[{"embeddable":true,"href":"https:\/\/ingenieria.udd.cl\/ii\/wp-json\/wp\/v2\/comments?post=274"}],"version-history":[{"count":0,"href":"https:\/\/ingenieria.udd.cl\/ii\/wp-json\/wp\/v2\/pages\/274\/revisions"}],"wp:attachment":[{"href":"https:\/\/ingenieria.udd.cl\/ii\/wp-json\/wp\/v2\/media?parent=274"}],"curies":[{"name":"wp","href":"https:\/\/api.w.org\/{rel}","templated":true}]}}