{"id":279,"date":"2020-03-24T13:58:08","date_gmt":"2020-03-24T13:58:08","guid":{"rendered":"https:\/\/ii.udd.cl\/?page_id=279"},"modified":"2020-03-24T13:58:08","modified_gmt":"2020-03-24T13:58:08","slug":"olten-sistema-de-monitoreo-de-animales-para-evitar-el-sobrepastoreo-de-los-campos-en-zonas-remotas-y-extensas","status":"publish","type":"page","link":"https:\/\/ingenieria.udd.cl\/ii\/olten-sistema-de-monitoreo-de-animales-para-evitar-el-sobrepastoreo-de-los-campos-en-zonas-remotas-y-extensas\/","title":{"rendered":"Olten: Sistema de monitoreo de animales para evitar el sobrepastoreo de los campos en zonas remotas y extensas"},"content":{"rendered":"<section\n\tclass=\"wp-block-udd-text-row block--content-align-right block--bg-gray\"\n\t\t>\n\t<div class=\"text-row\">\n\t\t<div class=\"text-row__content\">\n\t\t\t<div class=\"text-row__content-inner text\">\n\t\t\t\t\t\t\t\t<h2>Descripci\u00f3n<\/h2>\n\t\t\t\t\t\t\t\t\n<p>El proyecto propone desarrollar un sistema de monitoreo de animales espec\u00edficamente ovinos, que contribuya a&nbsp; mejor la toma decisiones respecto al trabajo con el ganado centrados en el control sobre los recursos disponibles y lograr un mejor manejo de la tierra. Esto con el objetivo preservar la calidad del suelo, la correcta alimentaci\u00f3n ganado y la precisi\u00f3n en el trabajo de pastoreo para eficientizar los recursos involucrados.<br><\/p>\n\t\t\t<\/div>\n\t\t<\/div>\n\t\t<div class=\"text-row__media\">\n\t\t\t<img loading=\"lazy\" decoding=\"async\" width=\"952\" height=\"534\" src=\"https:\/\/ingenieria.udd.cl\/ii\/files\/2020\/03\/20191117_102220-1-scaled-1-680x382.jpg\" class=\"text-row__media-image lazyload\" alt=\"\" sizes=\"auto, (max-width: 952px) 100vw, 952px\" data-src=\"https:\/\/ingenieria.udd.cl\/ii\/files\/2020\/03\/20191117_102220-1-scaled-1-952x534.jpg\" data-srcset=\"https:\/\/ingenieria.udd.cl\/ii\/files\/2020\/03\/20191117_102220-1-scaled-1-952x534.jpg 952w, https:\/\/ingenieria.udd.cl\/ii\/files\/2020\/03\/20191117_102220-1-scaled-1-1366x768.jpg 1366w, https:\/\/ingenieria.udd.cl\/ii\/files\/2020\/03\/20191117_102220-1-scaled-1-680x382.jpg 680w\" \/>\t\t<\/div>\n\t<\/div>\n<\/section>\n\n\n\n<p><\/p>\n\n\n\n<p><\/p>\n\n\n\n<figure class=\"wp-block-gallery aligncenter columns-3 is-cropped wp-block-gallery-1 is-layout-flex wp-block-gallery-is-layout-flex\"><ul class=\"blocks-gallery-grid\"><li class=\"blocks-gallery-item\"><figure><img decoding=\"async\" src=\"https:\/\/ii.udd.cl\/files\/2020\/03\/20190421_104845-1024x498.jpg\" alt=\"\" data-id=\"268\" data-link=\"https:\/\/ii.udd.cl\/extrem-enviromental-lab\/20190421_104845\/\" class=\"wp-image-268\" \/><\/figure><\/li><li class=\"blocks-gallery-item\"><figure><img decoding=\"async\" src=\"https:\/\/ii.udd.cl\/files\/2020\/03\/20200118_162441-1024x498.jpg\" alt=\"\" data-id=\"267\" data-link=\"https:\/\/ii.udd.cl\/extrem-enviromental-lab\/20200118_162441\/\" class=\"wp-image-267\" \/><\/figure><\/li><li class=\"blocks-gallery-item\"><figure><img decoding=\"async\" src=\"https:\/\/ii.udd.cl\/files\/2020\/03\/20200118_165748-1024x498.jpg\" alt=\"\" data-id=\"266\" data-link=\"https:\/\/ii.udd.cl\/extrem-enviromental-lab\/20200118_165748\/\" class=\"wp-image-266\" \/><\/figure><\/li><li class=\"blocks-gallery-item\"><figure><img decoding=\"async\" src=\"https:\/\/ii.udd.cl\/files\/2020\/03\/20191117_110539-1-1024x498.jpg\" alt=\"\" data-id=\"265\" data-link=\"https:\/\/ii.udd.cl\/extrem-enviromental-lab\/20191117_110539-1\/\" class=\"wp-image-265\" \/><\/figure><\/li><li class=\"blocks-gallery-item\"><figure><img decoding=\"async\" src=\"https:\/\/ii.udd.cl\/files\/2020\/03\/20200212_114054-1024x498.jpg\" alt=\"\" data-id=\"284\" data-full-url=\"https:\/\/ingenieria.udd.cl\/ii\/files\/2020\/03\/20200212_114054-scaled-1.jpg\" data-link=\"https:\/\/ii.udd.cl\/olten-sistema-de-monitoreo-de-animales-para-evitar-el-sobrepastoreo-de-los-campos-en-zonas-remotas-y-extensas\/20200212_114054\/\" class=\"wp-image-284\" \/><\/figure><\/li><\/ul><\/figure>\n","protected":false},"excerpt":{"rendered":"","protected":false},"author":9192225,"featured_media":0,"parent":0,"menu_order":0,"comment_status":"closed","ping_status":"closed","template":"","meta":{"footnotes":""},"class_list":["post-279","page","type-page","status-publish","hentry"],"yoast_head":"<!-- This site is optimized with the Yoast SEO plugin v26.9 - https:\/\/yoast.com\/product\/yoast-seo-wordpress\/ -->\n<title>Olten: Sistema de monitoreo de animales para evitar el sobrepastoreo de los campos en zonas remotas y extensas - Innovaci\u00f3n Ingenier\u00eda<\/title>\n<meta name=\"robots\" content=\"index, follow, max-snippet:-1, max-image-preview:large, max-video-preview:-1\" \/>\n<link rel=\"canonical\" href=\"https:\/\/ingenieria.udd.cl\/ii\/olten-sistema-de-monitoreo-de-animales-para-evitar-el-sobrepastoreo-de-los-campos-en-zonas-remotas-y-extensas\/\" \/>\n<meta property=\"og:locale\" content=\"es_ES\" \/>\n<meta property=\"og:type\" content=\"article\" \/>\n<meta property=\"og:title\" content=\"Olten: Sistema de monitoreo de animales para evitar el sobrepastoreo de los campos en zonas remotas y extensas - Innovaci\u00f3n Ingenier\u00eda\" \/>\n<meta property=\"og:url\" content=\"https:\/\/ingenieria.udd.cl\/ii\/olten-sistema-de-monitoreo-de-animales-para-evitar-el-sobrepastoreo-de-los-campos-en-zonas-remotas-y-extensas\/\" \/>\n<meta property=\"og:site_name\" content=\"Innovaci\u00f3n Ingenier\u00eda\" \/>\n<meta property=\"og:image\" content=\"https:\/\/ingenieria.udd.cl\/ii\/files\/2020\/03\/20191117_102220-1-scaled-1.jpg\" \/>\n<meta name=\"twitter:card\" content=\"summary_large_image\" \/>\n<script type=\"application\/ld+json\" class=\"yoast-schema-graph\">{\"@context\":\"https:\/\/schema.org\",\"@graph\":[{\"@type\":\"WebPage\",\"@id\":\"https:\/\/ingenieria.udd.cl\/ii\/olten-sistema-de-monitoreo-de-animales-para-evitar-el-sobrepastoreo-de-los-campos-en-zonas-remotas-y-extensas\/\",\"url\":\"https:\/\/ingenieria.udd.cl\/ii\/olten-sistema-de-monitoreo-de-animales-para-evitar-el-sobrepastoreo-de-los-campos-en-zonas-remotas-y-extensas\/\",\"name\":\"Olten: Sistema de monitoreo de animales para evitar el sobrepastoreo de los campos en zonas remotas y extensas - Innovaci\u00f3n Ingenier\u00eda\",\"isPartOf\":{\"@id\":\"https:\/\/ingenieria.udd.cl\/ii\/#website\"},\"primaryImageOfPage\":{\"@id\":\"https:\/\/ingenieria.udd.cl\/ii\/olten-sistema-de-monitoreo-de-animales-para-evitar-el-sobrepastoreo-de-los-campos-en-zonas-remotas-y-extensas\/#primaryimage\"},\"image\":{\"@id\":\"https:\/\/ingenieria.udd.cl\/ii\/olten-sistema-de-monitoreo-de-animales-para-evitar-el-sobrepastoreo-de-los-campos-en-zonas-remotas-y-extensas\/#primaryimage\"},\"thumbnailUrl\":\"https:\/\/ingenieria.udd.cl\/ii\/files\/2020\/03\/20191117_102220-1-scaled-1.jpg\",\"datePublished\":\"2020-03-24T13:58:08+00:00\",\"breadcrumb\":{\"@id\":\"https:\/\/ingenieria.udd.cl\/ii\/olten-sistema-de-monitoreo-de-animales-para-evitar-el-sobrepastoreo-de-los-campos-en-zonas-remotas-y-extensas\/#breadcrumb\"},\"inLanguage\":\"es\",\"potentialAction\":[{\"@type\":\"ReadAction\",\"target\":[\"https:\/\/ingenieria.udd.cl\/ii\/olten-sistema-de-monitoreo-de-animales-para-evitar-el-sobrepastoreo-de-los-campos-en-zonas-remotas-y-extensas\/\"]}]},{\"@type\":\"ImageObject\",\"inLanguage\":\"es\",\"@id\":\"https:\/\/ingenieria.udd.cl\/ii\/olten-sistema-de-monitoreo-de-animales-para-evitar-el-sobrepastoreo-de-los-campos-en-zonas-remotas-y-extensas\/#primaryimage\",\"url\":\"https:\/\/ingenieria.udd.cl\/ii\/files\/2020\/03\/20191117_102220-1-scaled-1.jpg\",\"contentUrl\":\"https:\/\/ingenieria.udd.cl\/ii\/files\/2020\/03\/20191117_102220-1-scaled-1.jpg\",\"width\":2560,\"height\":1244},{\"@type\":\"BreadcrumbList\",\"@id\":\"https:\/\/ingenieria.udd.cl\/ii\/olten-sistema-de-monitoreo-de-animales-para-evitar-el-sobrepastoreo-de-los-campos-en-zonas-remotas-y-extensas\/#breadcrumb\",\"itemListElement\":[{\"@type\":\"ListItem\",\"position\":1,\"name\":\"Portada\",\"item\":\"https:\/\/ingenieria.udd.cl\/ii\/\"},{\"@type\":\"ListItem\",\"position\":2,\"name\":\"Olten: Sistema de monitoreo de animales para evitar el sobrepastoreo de los campos en zonas remotas y extensas\"}]},{\"@type\":\"WebSite\",\"@id\":\"https:\/\/ingenieria.udd.cl\/ii\/#website\",\"url\":\"https:\/\/ingenieria.udd.cl\/ii\/\",\"name\":\"Innovaci\u00f3n Ingenier\u00eda\",\"description\":\"Otro sitio m\u00e1s de Ingenieria\",\"inLanguage\":\"es\"}]}<\/script>\n<!-- \/ Yoast SEO plugin. -->","yoast_head_json":{"title":"Olten: Sistema de monitoreo de animales para evitar el sobrepastoreo de los campos en zonas remotas y extensas - Innovaci\u00f3n Ingenier\u00eda","robots":{"index":"index","follow":"follow","max-snippet":"max-snippet:-1","max-image-preview":"max-image-preview:large","max-video-preview":"max-video-preview:-1"},"canonical":"https:\/\/ingenieria.udd.cl\/ii\/olten-sistema-de-monitoreo-de-animales-para-evitar-el-sobrepastoreo-de-los-campos-en-zonas-remotas-y-extensas\/","og_locale":"es_ES","og_type":"article","og_title":"Olten: Sistema de monitoreo de animales para evitar el sobrepastoreo de los campos en zonas remotas y extensas - Innovaci\u00f3n Ingenier\u00eda","og_url":"https:\/\/ingenieria.udd.cl\/ii\/olten-sistema-de-monitoreo-de-animales-para-evitar-el-sobrepastoreo-de-los-campos-en-zonas-remotas-y-extensas\/","og_site_name":"Innovaci\u00f3n Ingenier\u00eda","og_image":[{"url":"https:\/\/ingenieria.udd.cl\/ii\/files\/2020\/03\/20191117_102220-1-scaled-1.jpg","type":"","width":"","height":""}],"twitter_card":"summary_large_image","schema":{"@context":"https:\/\/schema.org","@graph":[{"@type":"WebPage","@id":"https:\/\/ingenieria.udd.cl\/ii\/olten-sistema-de-monitoreo-de-animales-para-evitar-el-sobrepastoreo-de-los-campos-en-zonas-remotas-y-extensas\/","url":"https:\/\/ingenieria.udd.cl\/ii\/olten-sistema-de-monitoreo-de-animales-para-evitar-el-sobrepastoreo-de-los-campos-en-zonas-remotas-y-extensas\/","name":"Olten: Sistema de monitoreo de animales para evitar el sobrepastoreo de los campos en zonas remotas y extensas - Innovaci\u00f3n Ingenier\u00eda","isPartOf":{"@id":"https:\/\/ingenieria.udd.cl\/ii\/#website"},"primaryImageOfPage":{"@id":"https:\/\/ingenieria.udd.cl\/ii\/olten-sistema-de-monitoreo-de-animales-para-evitar-el-sobrepastoreo-de-los-campos-en-zonas-remotas-y-extensas\/#primaryimage"},"image":{"@id":"https:\/\/ingenieria.udd.cl\/ii\/olten-sistema-de-monitoreo-de-animales-para-evitar-el-sobrepastoreo-de-los-campos-en-zonas-remotas-y-extensas\/#primaryimage"},"thumbnailUrl":"https:\/\/ingenieria.udd.cl\/ii\/files\/2020\/03\/20191117_102220-1-scaled-1.jpg","datePublished":"2020-03-24T13:58:08+00:00","breadcrumb":{"@id":"https:\/\/ingenieria.udd.cl\/ii\/olten-sistema-de-monitoreo-de-animales-para-evitar-el-sobrepastoreo-de-los-campos-en-zonas-remotas-y-extensas\/#breadcrumb"},"inLanguage":"es","potentialAction":[{"@type":"ReadAction","target":["https:\/\/ingenieria.udd.cl\/ii\/olten-sistema-de-monitoreo-de-animales-para-evitar-el-sobrepastoreo-de-los-campos-en-zonas-remotas-y-extensas\/"]}]},{"@type":"ImageObject","inLanguage":"es","@id":"https:\/\/ingenieria.udd.cl\/ii\/olten-sistema-de-monitoreo-de-animales-para-evitar-el-sobrepastoreo-de-los-campos-en-zonas-remotas-y-extensas\/#primaryimage","url":"https:\/\/ingenieria.udd.cl\/ii\/files\/2020\/03\/20191117_102220-1-scaled-1.jpg","contentUrl":"https:\/\/ingenieria.udd.cl\/ii\/files\/2020\/03\/20191117_102220-1-scaled-1.jpg","width":2560,"height":1244},{"@type":"BreadcrumbList","@id":"https:\/\/ingenieria.udd.cl\/ii\/olten-sistema-de-monitoreo-de-animales-para-evitar-el-sobrepastoreo-de-los-campos-en-zonas-remotas-y-extensas\/#breadcrumb","itemListElement":[{"@type":"ListItem","position":1,"name":"Portada","item":"https:\/\/ingenieria.udd.cl\/ii\/"},{"@type":"ListItem","position":2,"name":"Olten: Sistema de monitoreo de animales para evitar el sobrepastoreo de los campos en zonas remotas y extensas"}]},{"@type":"WebSite","@id":"https:\/\/ingenieria.udd.cl\/ii\/#website","url":"https:\/\/ingenieria.udd.cl\/ii\/","name":"Innovaci\u00f3n Ingenier\u00eda","description":"Otro sitio m\u00e1s de Ingenieria","inLanguage":"es"}]}},"_links":{"self":[{"href":"https:\/\/ingenieria.udd.cl\/ii\/wp-json\/wp\/v2\/pages\/279","targetHints":{"allow":["GET"]}}],"collection":[{"href":"https:\/\/ingenieria.udd.cl\/ii\/wp-json\/wp\/v2\/pages"}],"about":[{"href":"https:\/\/ingenieria.udd.cl\/ii\/wp-json\/wp\/v2\/types\/page"}],"author":[{"embeddable":true,"href":"https:\/\/ingenieria.udd.cl\/ii\/wp-json\/wp\/v2\/users\/9192225"}],"replies":[{"embeddable":true,"href":"https:\/\/ingenieria.udd.cl\/ii\/wp-json\/wp\/v2\/comments?post=279"}],"version-history":[{"count":0,"href":"https:\/\/ingenieria.udd.cl\/ii\/wp-json\/wp\/v2\/pages\/279\/revisions"}],"wp:attachment":[{"href":"https:\/\/ingenieria.udd.cl\/ii\/wp-json\/wp\/v2\/media?parent=279"}],"curies":[{"name":"wp","href":"https:\/\/api.w.org\/{rel}","templated":true}]}}