{"id":300,"date":"2020-03-24T15:53:31","date_gmt":"2020-03-24T15:53:31","guid":{"rendered":"https:\/\/ii.udd.cl\/?page_id=300"},"modified":"2020-03-24T15:53:31","modified_gmt":"2020-03-24T15:53:31","slug":"herramienta-educativa-de-realidad-aumentada-para-calculo-multivariable","status":"publish","type":"page","link":"https:\/\/ingenieria.udd.cl\/ii\/herramienta-educativa-de-realidad-aumentada-para-calculo-multivariable\/","title":{"rendered":"Herramienta educativa de realidad aumentada para c\u00e1lculo multivariable."},"content":{"rendered":"<section\n\tclass=\"wp-block-udd-text-row block--bg-gray\"\n\t\t>\n\t<div class=\"text-row\">\n\t\t<div class=\"text-row__content\">\n\t\t\t<div class=\"text-row__content-inner text\">\n\t\t\t\t\t\t\t\t<h2>Descripci\u00f3n<\/h2>\n\t\t\t\t\t\t\t\t\n<p>La pr\u00e1ctica acad\u00e9mica ha mostrado  con frecuencia que los estudiantes tienen dificultades en la comprensi\u00f3n de conceptos asociados con la visualizaci\u00f3n espacial. Es por esto, que se han  desarrollado habilidades de visualizaci\u00f3n espacial a trav\u00e9s de la realidad aumentada en el aprendizaje del c\u00e1lculo en varias variables. Esta capacidad podr\u00eda enriquecerse con el desarrollo de nuevas tecnolog\u00edas como la realidad aumentada. Este espacio virtual superpuesto sobre el texto, permitir\u00e1 la exploraci\u00f3n de figuras tridimensionales, enriqueciendo la experiencia y la interactividad, junto a la entrega de informaci\u00f3n y explicaci\u00f3n, ser\u00edan adicionales a las halladas en el en texto est\u00e1tico. <br><\/p>\n\n<p><br><\/p>\n\t\t\t<\/div>\n\t\t<\/div>\n\t\t<div class=\"text-row__media\">\n\t\t\t<img loading=\"lazy\" decoding=\"async\" width=\"299\" height=\"342\" src=\"https:\/\/ingenieria.udd.cl\/ii\/files\/2020\/03\/realidades-extendidas-e1585064752788.jpg\" class=\"text-row__media-image lazyload\" alt=\"\" sizes=\"auto, (max-width: 299px) 100vw, 299px\" data-src=\"https:\/\/ingenieria.udd.cl\/ii\/files\/2020\/03\/realidades-extendidas-e1585064752788.jpg\" data-srcset=\"https:\/\/ingenieria.udd.cl\/ii\/files\/2020\/03\/realidades-extendidas-e1585064752788.jpg 299w, https:\/\/ingenieria.udd.cl\/ii\/files\/2020\/03\/realidades-extendidas-e1585064752788-262x300.jpg 262w\" \/>\t\t<\/div>\n\t<\/div>\n<\/section>\n","protected":false},"excerpt":{"rendered":"","protected":false},"author":9192225,"featured_media":0,"parent":0,"menu_order":0,"comment_status":"closed","ping_status":"closed","template":"","meta":{"footnotes":""},"class_list":["post-300","page","type-page","status-publish","hentry"],"yoast_head":"<!-- This site is optimized with the Yoast SEO plugin v26.9 - https:\/\/yoast.com\/product\/yoast-seo-wordpress\/ -->\n<title>Herramienta educativa de realidad aumentada para c\u00e1lculo multivariable. - Innovaci\u00f3n Ingenier\u00eda<\/title>\n<meta name=\"robots\" content=\"index, follow, max-snippet:-1, max-image-preview:large, max-video-preview:-1\" \/>\n<link rel=\"canonical\" href=\"https:\/\/ingenieria.udd.cl\/ii\/herramienta-educativa-de-realidad-aumentada-para-calculo-multivariable\/\" \/>\n<meta property=\"og:locale\" content=\"es_ES\" \/>\n<meta property=\"og:type\" content=\"article\" \/>\n<meta property=\"og:title\" content=\"Herramienta educativa de realidad aumentada para c\u00e1lculo multivariable. - Innovaci\u00f3n Ingenier\u00eda\" \/>\n<meta property=\"og:url\" content=\"https:\/\/ingenieria.udd.cl\/ii\/herramienta-educativa-de-realidad-aumentada-para-calculo-multivariable\/\" \/>\n<meta property=\"og:site_name\" content=\"Innovaci\u00f3n Ingenier\u00eda\" \/>\n<meta property=\"og:image\" content=\"https:\/\/ingenieria.udd.cl\/ii\/files\/2020\/03\/realidades-extendidas-e1585064752788.jpg\" \/>\n<meta name=\"twitter:card\" content=\"summary_large_image\" \/>\n<meta name=\"twitter:label1\" content=\"Tiempo de lectura\" \/>\n\t<meta name=\"twitter:data1\" content=\"1 minuto\" \/>\n<script type=\"application\/ld+json\" class=\"yoast-schema-graph\">{\"@context\":\"https:\/\/schema.org\",\"@graph\":[{\"@type\":\"WebPage\",\"@id\":\"https:\/\/ingenieria.udd.cl\/ii\/herramienta-educativa-de-realidad-aumentada-para-calculo-multivariable\/\",\"url\":\"https:\/\/ingenieria.udd.cl\/ii\/herramienta-educativa-de-realidad-aumentada-para-calculo-multivariable\/\",\"name\":\"Herramienta educativa de realidad aumentada para c\u00e1lculo multivariable. - Innovaci\u00f3n Ingenier\u00eda\",\"isPartOf\":{\"@id\":\"https:\/\/ingenieria.udd.cl\/ii\/#website\"},\"primaryImageOfPage\":{\"@id\":\"https:\/\/ingenieria.udd.cl\/ii\/herramienta-educativa-de-realidad-aumentada-para-calculo-multivariable\/#primaryimage\"},\"image\":{\"@id\":\"https:\/\/ingenieria.udd.cl\/ii\/herramienta-educativa-de-realidad-aumentada-para-calculo-multivariable\/#primaryimage\"},\"thumbnailUrl\":\"https:\/\/ingenieria.udd.cl\/ii\/files\/2020\/03\/realidades-extendidas-e1585064752788.jpg\",\"datePublished\":\"2020-03-24T15:53:31+00:00\",\"breadcrumb\":{\"@id\":\"https:\/\/ingenieria.udd.cl\/ii\/herramienta-educativa-de-realidad-aumentada-para-calculo-multivariable\/#breadcrumb\"},\"inLanguage\":\"es\",\"potentialAction\":[{\"@type\":\"ReadAction\",\"target\":[\"https:\/\/ingenieria.udd.cl\/ii\/herramienta-educativa-de-realidad-aumentada-para-calculo-multivariable\/\"]}]},{\"@type\":\"ImageObject\",\"inLanguage\":\"es\",\"@id\":\"https:\/\/ingenieria.udd.cl\/ii\/herramienta-educativa-de-realidad-aumentada-para-calculo-multivariable\/#primaryimage\",\"url\":\"https:\/\/ingenieria.udd.cl\/ii\/files\/2020\/03\/realidades-extendidas-e1585064752788.jpg\",\"contentUrl\":\"https:\/\/ingenieria.udd.cl\/ii\/files\/2020\/03\/realidades-extendidas-e1585064752788.jpg\",\"width\":299,\"height\":342},{\"@type\":\"BreadcrumbList\",\"@id\":\"https:\/\/ingenieria.udd.cl\/ii\/herramienta-educativa-de-realidad-aumentada-para-calculo-multivariable\/#breadcrumb\",\"itemListElement\":[{\"@type\":\"ListItem\",\"position\":1,\"name\":\"Portada\",\"item\":\"https:\/\/ingenieria.udd.cl\/ii\/\"},{\"@type\":\"ListItem\",\"position\":2,\"name\":\"Herramienta educativa de realidad aumentada para c\u00e1lculo multivariable.\"}]},{\"@type\":\"WebSite\",\"@id\":\"https:\/\/ingenieria.udd.cl\/ii\/#website\",\"url\":\"https:\/\/ingenieria.udd.cl\/ii\/\",\"name\":\"Innovaci\u00f3n Ingenier\u00eda\",\"description\":\"Otro sitio m\u00e1s de Ingenieria\",\"inLanguage\":\"es\"}]}<\/script>\n<!-- \/ Yoast SEO plugin. -->","yoast_head_json":{"title":"Herramienta educativa de realidad aumentada para c\u00e1lculo multivariable. - Innovaci\u00f3n Ingenier\u00eda","robots":{"index":"index","follow":"follow","max-snippet":"max-snippet:-1","max-image-preview":"max-image-preview:large","max-video-preview":"max-video-preview:-1"},"canonical":"https:\/\/ingenieria.udd.cl\/ii\/herramienta-educativa-de-realidad-aumentada-para-calculo-multivariable\/","og_locale":"es_ES","og_type":"article","og_title":"Herramienta educativa de realidad aumentada para c\u00e1lculo multivariable. - Innovaci\u00f3n Ingenier\u00eda","og_url":"https:\/\/ingenieria.udd.cl\/ii\/herramienta-educativa-de-realidad-aumentada-para-calculo-multivariable\/","og_site_name":"Innovaci\u00f3n Ingenier\u00eda","og_image":[{"url":"https:\/\/ingenieria.udd.cl\/ii\/files\/2020\/03\/realidades-extendidas-e1585064752788.jpg","type":"","width":"","height":""}],"twitter_card":"summary_large_image","twitter_misc":{"Tiempo de lectura":"1 minuto"},"schema":{"@context":"https:\/\/schema.org","@graph":[{"@type":"WebPage","@id":"https:\/\/ingenieria.udd.cl\/ii\/herramienta-educativa-de-realidad-aumentada-para-calculo-multivariable\/","url":"https:\/\/ingenieria.udd.cl\/ii\/herramienta-educativa-de-realidad-aumentada-para-calculo-multivariable\/","name":"Herramienta educativa de realidad aumentada para c\u00e1lculo multivariable. - Innovaci\u00f3n Ingenier\u00eda","isPartOf":{"@id":"https:\/\/ingenieria.udd.cl\/ii\/#website"},"primaryImageOfPage":{"@id":"https:\/\/ingenieria.udd.cl\/ii\/herramienta-educativa-de-realidad-aumentada-para-calculo-multivariable\/#primaryimage"},"image":{"@id":"https:\/\/ingenieria.udd.cl\/ii\/herramienta-educativa-de-realidad-aumentada-para-calculo-multivariable\/#primaryimage"},"thumbnailUrl":"https:\/\/ingenieria.udd.cl\/ii\/files\/2020\/03\/realidades-extendidas-e1585064752788.jpg","datePublished":"2020-03-24T15:53:31+00:00","breadcrumb":{"@id":"https:\/\/ingenieria.udd.cl\/ii\/herramienta-educativa-de-realidad-aumentada-para-calculo-multivariable\/#breadcrumb"},"inLanguage":"es","potentialAction":[{"@type":"ReadAction","target":["https:\/\/ingenieria.udd.cl\/ii\/herramienta-educativa-de-realidad-aumentada-para-calculo-multivariable\/"]}]},{"@type":"ImageObject","inLanguage":"es","@id":"https:\/\/ingenieria.udd.cl\/ii\/herramienta-educativa-de-realidad-aumentada-para-calculo-multivariable\/#primaryimage","url":"https:\/\/ingenieria.udd.cl\/ii\/files\/2020\/03\/realidades-extendidas-e1585064752788.jpg","contentUrl":"https:\/\/ingenieria.udd.cl\/ii\/files\/2020\/03\/realidades-extendidas-e1585064752788.jpg","width":299,"height":342},{"@type":"BreadcrumbList","@id":"https:\/\/ingenieria.udd.cl\/ii\/herramienta-educativa-de-realidad-aumentada-para-calculo-multivariable\/#breadcrumb","itemListElement":[{"@type":"ListItem","position":1,"name":"Portada","item":"https:\/\/ingenieria.udd.cl\/ii\/"},{"@type":"ListItem","position":2,"name":"Herramienta educativa de realidad aumentada para c\u00e1lculo multivariable."}]},{"@type":"WebSite","@id":"https:\/\/ingenieria.udd.cl\/ii\/#website","url":"https:\/\/ingenieria.udd.cl\/ii\/","name":"Innovaci\u00f3n Ingenier\u00eda","description":"Otro sitio m\u00e1s de Ingenieria","inLanguage":"es"}]}},"_links":{"self":[{"href":"https:\/\/ingenieria.udd.cl\/ii\/wp-json\/wp\/v2\/pages\/300","targetHints":{"allow":["GET"]}}],"collection":[{"href":"https:\/\/ingenieria.udd.cl\/ii\/wp-json\/wp\/v2\/pages"}],"about":[{"href":"https:\/\/ingenieria.udd.cl\/ii\/wp-json\/wp\/v2\/types\/page"}],"author":[{"embeddable":true,"href":"https:\/\/ingenieria.udd.cl\/ii\/wp-json\/wp\/v2\/users\/9192225"}],"replies":[{"embeddable":true,"href":"https:\/\/ingenieria.udd.cl\/ii\/wp-json\/wp\/v2\/comments?post=300"}],"version-history":[{"count":0,"href":"https:\/\/ingenieria.udd.cl\/ii\/wp-json\/wp\/v2\/pages\/300\/revisions"}],"wp:attachment":[{"href":"https:\/\/ingenieria.udd.cl\/ii\/wp-json\/wp\/v2\/media?parent=300"}],"curies":[{"name":"wp","href":"https:\/\/api.w.org\/{rel}","templated":true}]}}