{"id":302,"date":"2020-03-24T16:03:02","date_gmt":"2020-03-24T16:03:02","guid":{"rendered":"https:\/\/ii.udd.cl\/?page_id=302"},"modified":"2020-03-24T16:03:02","modified_gmt":"2020-03-24T16:03:02","slug":"simulador-de-reconocimiento-de-paciente-utilizando-la-realidad-aumentada","status":"publish","type":"page","link":"https:\/\/ingenieria.udd.cl\/ii\/simulador-de-reconocimiento-de-paciente-utilizando-la-realidad-aumentada\/","title":{"rendered":"Simulador de reconocimiento de paciente utilizando la realidad aumentada."},"content":{"rendered":"<section\n\tclass=\"wp-block-udd-text-row block--bg-gray\"\n\t\t>\n\t<div class=\"text-row\">\n\t\t<div class=\"text-row__content\">\n\t\t\t<div class=\"text-row__content-inner text\">\n\t\t\t\t\t\t\t\t<h2>Descripci\u00f3n<\/h2>\n\t\t\t\t\t\t\t\t\n<p> La simulaci\u00f3n, como estrategia de ense\u00f1anza cl\u00ednica en enfermer\u00eda, hace uso de los diversos tipos de simuladores. Este proyecto busca dar un paso innovador, mientras utiliza la realidad aumentada integrada con el actuar sobre el maniqu\u00ed para la preparaci\u00f3n del profesional de enfermer\u00eda en el reconocimiento de los pacientes. De esta forma quien est\u00e1 aprendiendo,, podr\u00e1 palpar al maniqu\u00ed y escuchar la explicaci\u00f3n del Docente; y al mismo tiempo, recibir informaci\u00f3n tridimensional sobre los efectos de su actuaci\u00f3n. <\/p>\n\t\t\t<\/div>\n\t\t<\/div>\n\t\t<div class=\"text-row__media\">\n\t\t\t<img loading=\"lazy\" decoding=\"async\" width=\"952\" height=\"534\" src=\"https:\/\/ingenieria.udd.cl\/ii\/files\/2020\/03\/simulador-de-enfermeria-2-x-e1585067033274-680x382.jpg\" class=\"text-row__media-image lazyload\" alt=\"\" sizes=\"auto, (max-width: 952px) 100vw, 952px\" data-src=\"https:\/\/ingenieria.udd.cl\/ii\/files\/2020\/03\/simulador-de-enfermeria-2-x-e1585067033274-952x534.jpg\" data-srcset=\"https:\/\/ingenieria.udd.cl\/ii\/files\/2020\/03\/simulador-de-enfermeria-2-x-e1585067033274-952x534.jpg 952w, https:\/\/ingenieria.udd.cl\/ii\/files\/2020\/03\/simulador-de-enfermeria-2-x-e1585067033274-680x382.jpg 680w\" \/>\t\t<\/div>\n\t<\/div>\n<\/section>\n","protected":false},"excerpt":{"rendered":"","protected":false},"author":9192225,"featured_media":0,"parent":0,"menu_order":0,"comment_status":"closed","ping_status":"closed","template":"","meta":{"footnotes":""},"class_list":["post-302","page","type-page","status-publish","hentry"],"yoast_head":"<!-- This site is optimized with the Yoast SEO plugin v26.9 - https:\/\/yoast.com\/product\/yoast-seo-wordpress\/ -->\n<title>Simulador de reconocimiento de paciente utilizando la realidad aumentada. - Innovaci\u00f3n Ingenier\u00eda<\/title>\n<meta name=\"robots\" content=\"index, follow, max-snippet:-1, max-image-preview:large, max-video-preview:-1\" \/>\n<link rel=\"canonical\" href=\"https:\/\/ingenieria.udd.cl\/ii\/simulador-de-reconocimiento-de-paciente-utilizando-la-realidad-aumentada\/\" \/>\n<meta property=\"og:locale\" content=\"es_ES\" \/>\n<meta property=\"og:type\" content=\"article\" \/>\n<meta property=\"og:title\" content=\"Simulador de reconocimiento de paciente utilizando la realidad aumentada. - Innovaci\u00f3n Ingenier\u00eda\" \/>\n<meta property=\"og:url\" content=\"https:\/\/ingenieria.udd.cl\/ii\/simulador-de-reconocimiento-de-paciente-utilizando-la-realidad-aumentada\/\" \/>\n<meta property=\"og:site_name\" content=\"Innovaci\u00f3n Ingenier\u00eda\" \/>\n<meta property=\"og:image\" content=\"https:\/\/ingenieria.udd.cl\/ii\/files\/2020\/03\/simulador-de-enfermeria-2-x-e1585067033274.jpg\" \/>\n<meta name=\"twitter:card\" content=\"summary_large_image\" \/>\n<script type=\"application\/ld+json\" class=\"yoast-schema-graph\">{\"@context\":\"https:\/\/schema.org\",\"@graph\":[{\"@type\":\"WebPage\",\"@id\":\"https:\/\/ingenieria.udd.cl\/ii\/simulador-de-reconocimiento-de-paciente-utilizando-la-realidad-aumentada\/\",\"url\":\"https:\/\/ingenieria.udd.cl\/ii\/simulador-de-reconocimiento-de-paciente-utilizando-la-realidad-aumentada\/\",\"name\":\"Simulador de reconocimiento de paciente utilizando la realidad aumentada. - Innovaci\u00f3n Ingenier\u00eda\",\"isPartOf\":{\"@id\":\"https:\/\/ingenieria.udd.cl\/ii\/#website\"},\"primaryImageOfPage\":{\"@id\":\"https:\/\/ingenieria.udd.cl\/ii\/simulador-de-reconocimiento-de-paciente-utilizando-la-realidad-aumentada\/#primaryimage\"},\"image\":{\"@id\":\"https:\/\/ingenieria.udd.cl\/ii\/simulador-de-reconocimiento-de-paciente-utilizando-la-realidad-aumentada\/#primaryimage\"},\"thumbnailUrl\":\"https:\/\/ingenieria.udd.cl\/ii\/files\/2020\/03\/simulador-de-enfermeria-2-x-e1585067033274.jpg\",\"datePublished\":\"2020-03-24T16:03:02+00:00\",\"breadcrumb\":{\"@id\":\"https:\/\/ingenieria.udd.cl\/ii\/simulador-de-reconocimiento-de-paciente-utilizando-la-realidad-aumentada\/#breadcrumb\"},\"inLanguage\":\"es\",\"potentialAction\":[{\"@type\":\"ReadAction\",\"target\":[\"https:\/\/ingenieria.udd.cl\/ii\/simulador-de-reconocimiento-de-paciente-utilizando-la-realidad-aumentada\/\"]}]},{\"@type\":\"ImageObject\",\"inLanguage\":\"es\",\"@id\":\"https:\/\/ingenieria.udd.cl\/ii\/simulador-de-reconocimiento-de-paciente-utilizando-la-realidad-aumentada\/#primaryimage\",\"url\":\"https:\/\/ingenieria.udd.cl\/ii\/files\/2020\/03\/simulador-de-enfermeria-2-x-e1585067033274.jpg\",\"contentUrl\":\"https:\/\/ingenieria.udd.cl\/ii\/files\/2020\/03\/simulador-de-enfermeria-2-x-e1585067033274.jpg\",\"width\":1028,\"height\":1080},{\"@type\":\"BreadcrumbList\",\"@id\":\"https:\/\/ingenieria.udd.cl\/ii\/simulador-de-reconocimiento-de-paciente-utilizando-la-realidad-aumentada\/#breadcrumb\",\"itemListElement\":[{\"@type\":\"ListItem\",\"position\":1,\"name\":\"Portada\",\"item\":\"https:\/\/ingenieria.udd.cl\/ii\/\"},{\"@type\":\"ListItem\",\"position\":2,\"name\":\"Simulador de reconocimiento de paciente utilizando la realidad aumentada.\"}]},{\"@type\":\"WebSite\",\"@id\":\"https:\/\/ingenieria.udd.cl\/ii\/#website\",\"url\":\"https:\/\/ingenieria.udd.cl\/ii\/\",\"name\":\"Innovaci\u00f3n Ingenier\u00eda\",\"description\":\"Otro sitio m\u00e1s de Ingenieria\",\"inLanguage\":\"es\"}]}<\/script>\n<!-- \/ Yoast SEO plugin. -->","yoast_head_json":{"title":"Simulador de reconocimiento de paciente utilizando la realidad aumentada. - Innovaci\u00f3n Ingenier\u00eda","robots":{"index":"index","follow":"follow","max-snippet":"max-snippet:-1","max-image-preview":"max-image-preview:large","max-video-preview":"max-video-preview:-1"},"canonical":"https:\/\/ingenieria.udd.cl\/ii\/simulador-de-reconocimiento-de-paciente-utilizando-la-realidad-aumentada\/","og_locale":"es_ES","og_type":"article","og_title":"Simulador de reconocimiento de paciente utilizando la realidad aumentada. - Innovaci\u00f3n Ingenier\u00eda","og_url":"https:\/\/ingenieria.udd.cl\/ii\/simulador-de-reconocimiento-de-paciente-utilizando-la-realidad-aumentada\/","og_site_name":"Innovaci\u00f3n Ingenier\u00eda","og_image":[{"url":"https:\/\/ingenieria.udd.cl\/ii\/files\/2020\/03\/simulador-de-enfermeria-2-x-e1585067033274.jpg","type":"","width":"","height":""}],"twitter_card":"summary_large_image","schema":{"@context":"https:\/\/schema.org","@graph":[{"@type":"WebPage","@id":"https:\/\/ingenieria.udd.cl\/ii\/simulador-de-reconocimiento-de-paciente-utilizando-la-realidad-aumentada\/","url":"https:\/\/ingenieria.udd.cl\/ii\/simulador-de-reconocimiento-de-paciente-utilizando-la-realidad-aumentada\/","name":"Simulador de reconocimiento de paciente utilizando la realidad aumentada. - Innovaci\u00f3n Ingenier\u00eda","isPartOf":{"@id":"https:\/\/ingenieria.udd.cl\/ii\/#website"},"primaryImageOfPage":{"@id":"https:\/\/ingenieria.udd.cl\/ii\/simulador-de-reconocimiento-de-paciente-utilizando-la-realidad-aumentada\/#primaryimage"},"image":{"@id":"https:\/\/ingenieria.udd.cl\/ii\/simulador-de-reconocimiento-de-paciente-utilizando-la-realidad-aumentada\/#primaryimage"},"thumbnailUrl":"https:\/\/ingenieria.udd.cl\/ii\/files\/2020\/03\/simulador-de-enfermeria-2-x-e1585067033274.jpg","datePublished":"2020-03-24T16:03:02+00:00","breadcrumb":{"@id":"https:\/\/ingenieria.udd.cl\/ii\/simulador-de-reconocimiento-de-paciente-utilizando-la-realidad-aumentada\/#breadcrumb"},"inLanguage":"es","potentialAction":[{"@type":"ReadAction","target":["https:\/\/ingenieria.udd.cl\/ii\/simulador-de-reconocimiento-de-paciente-utilizando-la-realidad-aumentada\/"]}]},{"@type":"ImageObject","inLanguage":"es","@id":"https:\/\/ingenieria.udd.cl\/ii\/simulador-de-reconocimiento-de-paciente-utilizando-la-realidad-aumentada\/#primaryimage","url":"https:\/\/ingenieria.udd.cl\/ii\/files\/2020\/03\/simulador-de-enfermeria-2-x-e1585067033274.jpg","contentUrl":"https:\/\/ingenieria.udd.cl\/ii\/files\/2020\/03\/simulador-de-enfermeria-2-x-e1585067033274.jpg","width":1028,"height":1080},{"@type":"BreadcrumbList","@id":"https:\/\/ingenieria.udd.cl\/ii\/simulador-de-reconocimiento-de-paciente-utilizando-la-realidad-aumentada\/#breadcrumb","itemListElement":[{"@type":"ListItem","position":1,"name":"Portada","item":"https:\/\/ingenieria.udd.cl\/ii\/"},{"@type":"ListItem","position":2,"name":"Simulador de reconocimiento de paciente utilizando la realidad aumentada."}]},{"@type":"WebSite","@id":"https:\/\/ingenieria.udd.cl\/ii\/#website","url":"https:\/\/ingenieria.udd.cl\/ii\/","name":"Innovaci\u00f3n Ingenier\u00eda","description":"Otro sitio m\u00e1s de Ingenieria","inLanguage":"es"}]}},"_links":{"self":[{"href":"https:\/\/ingenieria.udd.cl\/ii\/wp-json\/wp\/v2\/pages\/302","targetHints":{"allow":["GET"]}}],"collection":[{"href":"https:\/\/ingenieria.udd.cl\/ii\/wp-json\/wp\/v2\/pages"}],"about":[{"href":"https:\/\/ingenieria.udd.cl\/ii\/wp-json\/wp\/v2\/types\/page"}],"author":[{"embeddable":true,"href":"https:\/\/ingenieria.udd.cl\/ii\/wp-json\/wp\/v2\/users\/9192225"}],"replies":[{"embeddable":true,"href":"https:\/\/ingenieria.udd.cl\/ii\/wp-json\/wp\/v2\/comments?post=302"}],"version-history":[{"count":0,"href":"https:\/\/ingenieria.udd.cl\/ii\/wp-json\/wp\/v2\/pages\/302\/revisions"}],"wp:attachment":[{"href":"https:\/\/ingenieria.udd.cl\/ii\/wp-json\/wp\/v2\/media?parent=302"}],"curies":[{"name":"wp","href":"https:\/\/api.w.org\/{rel}","templated":true}]}}