{"id":3030,"date":"2023-01-03T02:20:21","date_gmt":"2023-01-03T01:20:21","guid":{"rendered":"https:\/\/ingenieria.udd.cl\/ii\/?page_id=3030"},"modified":"2023-01-03T13:03:51","modified_gmt":"2023-01-03T12:03:51","slug":"bhp","status":"publish","type":"page","link":"https:\/\/ingenieria.udd.cl\/ii\/bhp\/","title":{"rendered":"Comunidades H\u00eddricas  Resilientes (CHR)"},"content":{"rendered":"\n<p>Modelo integral de desarrollo hiperlocal basado en conocimiento comunitario, tecnolog\u00eda, datos y evidencia para una gesti\u00f3n integrada que permita la implementaci\u00f3n de soluciones autogestionadas de suministro de agua en comunidades vulnerables.<\/p>\n\n\n\n<figure class=\"wp-block-embed is-type-video is-provider-youtube wp-block-embed-youtube wp-embed-aspect-16-9 wp-has-aspect-ratio\"><div class=\"wp-block-embed__wrapper\">\n<iframe loading=\"lazy\" title=\"Proyecto Comunidades H\u00eddricas Resilientes (CHR)\" width=\"500\" height=\"281\" src=\"https:\/\/www.youtube.com\/embed\/oTRoSNeRwaQ?feature=oembed\" frameborder=\"0\" allow=\"accelerometer; autoplay; clipboard-write; encrypted-media; gyroscope; picture-in-picture; web-share\" referrerpolicy=\"strict-origin-when-cross-origin\" allowfullscreen><\/iframe>\n<\/div><\/figure>\n","protected":false},"excerpt":{"rendered":"<p>Modelo integral de desarrollo hiperlocal basado en conocimiento comunitario, tecnolog\u00eda, datos y evidencia para una gesti\u00f3n integrada que permita la implementaci\u00f3n de soluciones autogestionadas de suministro de agua en comunidades vulnerables.<\/p>\n","protected":false},"author":9192225,"featured_media":0,"parent":0,"menu_order":0,"comment_status":"closed","ping_status":"closed","template":"","meta":{"footnotes":""},"class_list":["post-3030","page","type-page","status-publish","hentry"],"yoast_head":"<!-- This site is optimized with the Yoast SEO plugin v26.9 - https:\/\/yoast.com\/product\/yoast-seo-wordpress\/ -->\n<title>Comunidades H\u00eddricas Resilientes (CHR) - Innovaci\u00f3n Ingenier\u00eda<\/title>\n<meta name=\"robots\" content=\"index, follow, max-snippet:-1, max-image-preview:large, max-video-preview:-1\" \/>\n<link rel=\"canonical\" href=\"https:\/\/ingenieria.udd.cl\/ii\/bhp\/\" \/>\n<meta property=\"og:locale\" content=\"es_ES\" \/>\n<meta property=\"og:type\" content=\"article\" \/>\n<meta property=\"og:title\" content=\"Comunidades H\u00eddricas Resilientes (CHR) - Innovaci\u00f3n Ingenier\u00eda\" \/>\n<meta property=\"og:description\" content=\"Modelo integral de desarrollo hiperlocal basado en conocimiento comunitario, tecnolog\u00eda, datos y evidencia para una gesti\u00f3n integrada que permita la implementaci\u00f3n de soluciones autogestionadas de suministro de agua en comunidades vulnerables.\" \/>\n<meta property=\"og:url\" content=\"https:\/\/ingenieria.udd.cl\/ii\/bhp\/\" \/>\n<meta property=\"og:site_name\" content=\"Innovaci\u00f3n Ingenier\u00eda\" \/>\n<meta property=\"article:modified_time\" content=\"2023-01-03T12:03:51+00:00\" \/>\n<meta name=\"twitter:card\" content=\"summary_large_image\" \/>\n<meta name=\"twitter:label1\" content=\"Tiempo de lectura\" \/>\n\t<meta name=\"twitter:data1\" content=\"1 minuto\" \/>\n<script type=\"application\/ld+json\" class=\"yoast-schema-graph\">{\"@context\":\"https:\/\/schema.org\",\"@graph\":[{\"@type\":\"WebPage\",\"@id\":\"https:\/\/ingenieria.udd.cl\/ii\/bhp\/\",\"url\":\"https:\/\/ingenieria.udd.cl\/ii\/bhp\/\",\"name\":\"Comunidades H\u00eddricas Resilientes (CHR) - Innovaci\u00f3n Ingenier\u00eda\",\"isPartOf\":{\"@id\":\"https:\/\/ingenieria.udd.cl\/ii\/#website\"},\"datePublished\":\"2023-01-03T01:20:21+00:00\",\"dateModified\":\"2023-01-03T12:03:51+00:00\",\"breadcrumb\":{\"@id\":\"https:\/\/ingenieria.udd.cl\/ii\/bhp\/#breadcrumb\"},\"inLanguage\":\"es\",\"potentialAction\":[{\"@type\":\"ReadAction\",\"target\":[\"https:\/\/ingenieria.udd.cl\/ii\/bhp\/\"]}]},{\"@type\":\"BreadcrumbList\",\"@id\":\"https:\/\/ingenieria.udd.cl\/ii\/bhp\/#breadcrumb\",\"itemListElement\":[{\"@type\":\"ListItem\",\"position\":1,\"name\":\"Portada\",\"item\":\"https:\/\/ingenieria.udd.cl\/ii\/\"},{\"@type\":\"ListItem\",\"position\":2,\"name\":\"Comunidades H\u00eddricas Resilientes (CHR)\"}]},{\"@type\":\"WebSite\",\"@id\":\"https:\/\/ingenieria.udd.cl\/ii\/#website\",\"url\":\"https:\/\/ingenieria.udd.cl\/ii\/\",\"name\":\"Innovaci\u00f3n Ingenier\u00eda\",\"description\":\"Otro sitio m\u00e1s de Ingenieria\",\"inLanguage\":\"es\"}]}<\/script>\n<!-- \/ Yoast SEO plugin. -->","yoast_head_json":{"title":"Comunidades H\u00eddricas Resilientes (CHR) - Innovaci\u00f3n Ingenier\u00eda","robots":{"index":"index","follow":"follow","max-snippet":"max-snippet:-1","max-image-preview":"max-image-preview:large","max-video-preview":"max-video-preview:-1"},"canonical":"https:\/\/ingenieria.udd.cl\/ii\/bhp\/","og_locale":"es_ES","og_type":"article","og_title":"Comunidades H\u00eddricas Resilientes (CHR) - Innovaci\u00f3n Ingenier\u00eda","og_description":"Modelo integral de desarrollo hiperlocal basado en conocimiento comunitario, tecnolog\u00eda, datos y evidencia para una gesti\u00f3n integrada que permita la implementaci\u00f3n de soluciones autogestionadas de suministro de agua en comunidades vulnerables.","og_url":"https:\/\/ingenieria.udd.cl\/ii\/bhp\/","og_site_name":"Innovaci\u00f3n Ingenier\u00eda","article_modified_time":"2023-01-03T12:03:51+00:00","twitter_card":"summary_large_image","twitter_misc":{"Tiempo de lectura":"1 minuto"},"schema":{"@context":"https:\/\/schema.org","@graph":[{"@type":"WebPage","@id":"https:\/\/ingenieria.udd.cl\/ii\/bhp\/","url":"https:\/\/ingenieria.udd.cl\/ii\/bhp\/","name":"Comunidades H\u00eddricas Resilientes (CHR) - Innovaci\u00f3n Ingenier\u00eda","isPartOf":{"@id":"https:\/\/ingenieria.udd.cl\/ii\/#website"},"datePublished":"2023-01-03T01:20:21+00:00","dateModified":"2023-01-03T12:03:51+00:00","breadcrumb":{"@id":"https:\/\/ingenieria.udd.cl\/ii\/bhp\/#breadcrumb"},"inLanguage":"es","potentialAction":[{"@type":"ReadAction","target":["https:\/\/ingenieria.udd.cl\/ii\/bhp\/"]}]},{"@type":"BreadcrumbList","@id":"https:\/\/ingenieria.udd.cl\/ii\/bhp\/#breadcrumb","itemListElement":[{"@type":"ListItem","position":1,"name":"Portada","item":"https:\/\/ingenieria.udd.cl\/ii\/"},{"@type":"ListItem","position":2,"name":"Comunidades H\u00eddricas Resilientes (CHR)"}]},{"@type":"WebSite","@id":"https:\/\/ingenieria.udd.cl\/ii\/#website","url":"https:\/\/ingenieria.udd.cl\/ii\/","name":"Innovaci\u00f3n Ingenier\u00eda","description":"Otro sitio m\u00e1s de Ingenieria","inLanguage":"es"}]}},"_links":{"self":[{"href":"https:\/\/ingenieria.udd.cl\/ii\/wp-json\/wp\/v2\/pages\/3030","targetHints":{"allow":["GET"]}}],"collection":[{"href":"https:\/\/ingenieria.udd.cl\/ii\/wp-json\/wp\/v2\/pages"}],"about":[{"href":"https:\/\/ingenieria.udd.cl\/ii\/wp-json\/wp\/v2\/types\/page"}],"author":[{"embeddable":true,"href":"https:\/\/ingenieria.udd.cl\/ii\/wp-json\/wp\/v2\/users\/9192225"}],"replies":[{"embeddable":true,"href":"https:\/\/ingenieria.udd.cl\/ii\/wp-json\/wp\/v2\/comments?post=3030"}],"version-history":[{"count":4,"href":"https:\/\/ingenieria.udd.cl\/ii\/wp-json\/wp\/v2\/pages\/3030\/revisions"}],"predecessor-version":[{"id":3034,"href":"https:\/\/ingenieria.udd.cl\/ii\/wp-json\/wp\/v2\/pages\/3030\/revisions\/3034"}],"wp:attachment":[{"href":"https:\/\/ingenieria.udd.cl\/ii\/wp-json\/wp\/v2\/media?parent=3030"}],"curies":[{"name":"wp","href":"https:\/\/api.w.org\/{rel}","templated":true}]}}