{"id":309,"date":"2020-03-24T16:07:41","date_gmt":"2020-03-24T16:07:41","guid":{"rendered":"https:\/\/ii.udd.cl\/?page_id=309"},"modified":"2020-03-24T16:07:41","modified_gmt":"2020-03-24T16:07:41","slug":"simulador-de-cirugia-minimamente-invasiva","status":"publish","type":"page","link":"https:\/\/ingenieria.udd.cl\/ii\/simulador-de-cirugia-minimamente-invasiva\/","title":{"rendered":"Simulador de cirug\u00eda m\u00ednimamente invasiva"},"content":{"rendered":"<section\n\tclass=\"wp-block-udd-text-row block--bg-gray\"\n\t\t>\n\t<div class=\"text-row\">\n\t\t<div class=\"text-row__content\">\n\t\t\t<div class=\"text-row__content-inner text\">\n\t\t\t\t\t\t\t\t<h2>Descripci\u00f3n<\/h2>\n\t\t\t\t\t\t\t\t\n<p> Este simulador de cirug\u00eda, integra  un modelo de entrenamiento apendicectom\u00eda laparosc\u00f3pica utilizando la realidad virtual.  Este proyecto consiste en el desarrollo de un simulador de realidad virtual aplicado como entrenador de cirug\u00eda. <\/p>\n\t\t\t<\/div>\n\t\t<\/div>\n\t\t<div class=\"text-row__media\">\n\t\t\t<img loading=\"lazy\" decoding=\"async\" width=\"600\" height=\"534\" src=\"https:\/\/ingenieria.udd.cl\/ii\/files\/2020\/03\/simulador-de-enfermeria-x-600x534.jpg\" class=\"text-row__media-image lazyload\" alt=\"\" data-src=\"https:\/\/ingenieria.udd.cl\/ii\/files\/2020\/03\/simulador-de-enfermeria-x-600x534.jpg\" \/>\t\t<\/div>\n\t<\/div>\n<\/section>\n","protected":false},"excerpt":{"rendered":"","protected":false},"author":9192225,"featured_media":0,"parent":0,"menu_order":0,"comment_status":"closed","ping_status":"closed","template":"","meta":{"footnotes":""},"class_list":["post-309","page","type-page","status-publish","hentry"],"yoast_head":"<!-- This site is optimized with the Yoast SEO plugin v26.9 - https:\/\/yoast.com\/product\/yoast-seo-wordpress\/ -->\n<title>Simulador de cirug\u00eda m\u00ednimamente invasiva - Innovaci\u00f3n Ingenier\u00eda<\/title>\n<meta name=\"robots\" content=\"index, follow, max-snippet:-1, max-image-preview:large, max-video-preview:-1\" \/>\n<link rel=\"canonical\" href=\"https:\/\/ingenieria.udd.cl\/ii\/simulador-de-cirugia-minimamente-invasiva\/\" \/>\n<meta property=\"og:locale\" content=\"es_ES\" \/>\n<meta property=\"og:type\" content=\"article\" \/>\n<meta property=\"og:title\" content=\"Simulador de cirug\u00eda m\u00ednimamente invasiva - Innovaci\u00f3n Ingenier\u00eda\" \/>\n<meta property=\"og:url\" content=\"https:\/\/ingenieria.udd.cl\/ii\/simulador-de-cirugia-minimamente-invasiva\/\" \/>\n<meta property=\"og:site_name\" content=\"Innovaci\u00f3n Ingenier\u00eda\" \/>\n<meta property=\"og:image\" content=\"https:\/\/ingenieria.udd.cl\/ii\/files\/2020\/03\/simulador-de-enfermeria-x.jpg\" \/>\n<meta name=\"twitter:card\" content=\"summary_large_image\" \/>\n<script type=\"application\/ld+json\" class=\"yoast-schema-graph\">{\"@context\":\"https:\/\/schema.org\",\"@graph\":[{\"@type\":\"WebPage\",\"@id\":\"https:\/\/ingenieria.udd.cl\/ii\/simulador-de-cirugia-minimamente-invasiva\/\",\"url\":\"https:\/\/ingenieria.udd.cl\/ii\/simulador-de-cirugia-minimamente-invasiva\/\",\"name\":\"Simulador de cirug\u00eda m\u00ednimamente invasiva - Innovaci\u00f3n Ingenier\u00eda\",\"isPartOf\":{\"@id\":\"https:\/\/ingenieria.udd.cl\/ii\/#website\"},\"primaryImageOfPage\":{\"@id\":\"https:\/\/ingenieria.udd.cl\/ii\/simulador-de-cirugia-minimamente-invasiva\/#primaryimage\"},\"image\":{\"@id\":\"https:\/\/ingenieria.udd.cl\/ii\/simulador-de-cirugia-minimamente-invasiva\/#primaryimage\"},\"thumbnailUrl\":\"https:\/\/ingenieria.udd.cl\/ii\/files\/2020\/03\/simulador-de-enfermeria-x.jpg\",\"datePublished\":\"2020-03-24T16:07:41+00:00\",\"breadcrumb\":{\"@id\":\"https:\/\/ingenieria.udd.cl\/ii\/simulador-de-cirugia-minimamente-invasiva\/#breadcrumb\"},\"inLanguage\":\"es\",\"potentialAction\":[{\"@type\":\"ReadAction\",\"target\":[\"https:\/\/ingenieria.udd.cl\/ii\/simulador-de-cirugia-minimamente-invasiva\/\"]}]},{\"@type\":\"ImageObject\",\"inLanguage\":\"es\",\"@id\":\"https:\/\/ingenieria.udd.cl\/ii\/simulador-de-cirugia-minimamente-invasiva\/#primaryimage\",\"url\":\"https:\/\/ingenieria.udd.cl\/ii\/files\/2020\/03\/simulador-de-enfermeria-x.jpg\",\"contentUrl\":\"https:\/\/ingenieria.udd.cl\/ii\/files\/2020\/03\/simulador-de-enfermeria-x.jpg\",\"width\":600,\"height\":544},{\"@type\":\"BreadcrumbList\",\"@id\":\"https:\/\/ingenieria.udd.cl\/ii\/simulador-de-cirugia-minimamente-invasiva\/#breadcrumb\",\"itemListElement\":[{\"@type\":\"ListItem\",\"position\":1,\"name\":\"Portada\",\"item\":\"https:\/\/ingenieria.udd.cl\/ii\/\"},{\"@type\":\"ListItem\",\"position\":2,\"name\":\"Simulador de cirug\u00eda m\u00ednimamente invasiva\"}]},{\"@type\":\"WebSite\",\"@id\":\"https:\/\/ingenieria.udd.cl\/ii\/#website\",\"url\":\"https:\/\/ingenieria.udd.cl\/ii\/\",\"name\":\"Innovaci\u00f3n Ingenier\u00eda\",\"description\":\"Otro sitio m\u00e1s de Ingenieria\",\"inLanguage\":\"es\"}]}<\/script>\n<!-- \/ Yoast SEO plugin. -->","yoast_head_json":{"title":"Simulador de cirug\u00eda m\u00ednimamente invasiva - Innovaci\u00f3n Ingenier\u00eda","robots":{"index":"index","follow":"follow","max-snippet":"max-snippet:-1","max-image-preview":"max-image-preview:large","max-video-preview":"max-video-preview:-1"},"canonical":"https:\/\/ingenieria.udd.cl\/ii\/simulador-de-cirugia-minimamente-invasiva\/","og_locale":"es_ES","og_type":"article","og_title":"Simulador de cirug\u00eda m\u00ednimamente invasiva - Innovaci\u00f3n Ingenier\u00eda","og_url":"https:\/\/ingenieria.udd.cl\/ii\/simulador-de-cirugia-minimamente-invasiva\/","og_site_name":"Innovaci\u00f3n Ingenier\u00eda","og_image":[{"url":"https:\/\/ingenieria.udd.cl\/ii\/files\/2020\/03\/simulador-de-enfermeria-x.jpg","type":"","width":"","height":""}],"twitter_card":"summary_large_image","schema":{"@context":"https:\/\/schema.org","@graph":[{"@type":"WebPage","@id":"https:\/\/ingenieria.udd.cl\/ii\/simulador-de-cirugia-minimamente-invasiva\/","url":"https:\/\/ingenieria.udd.cl\/ii\/simulador-de-cirugia-minimamente-invasiva\/","name":"Simulador de cirug\u00eda m\u00ednimamente invasiva - Innovaci\u00f3n Ingenier\u00eda","isPartOf":{"@id":"https:\/\/ingenieria.udd.cl\/ii\/#website"},"primaryImageOfPage":{"@id":"https:\/\/ingenieria.udd.cl\/ii\/simulador-de-cirugia-minimamente-invasiva\/#primaryimage"},"image":{"@id":"https:\/\/ingenieria.udd.cl\/ii\/simulador-de-cirugia-minimamente-invasiva\/#primaryimage"},"thumbnailUrl":"https:\/\/ingenieria.udd.cl\/ii\/files\/2020\/03\/simulador-de-enfermeria-x.jpg","datePublished":"2020-03-24T16:07:41+00:00","breadcrumb":{"@id":"https:\/\/ingenieria.udd.cl\/ii\/simulador-de-cirugia-minimamente-invasiva\/#breadcrumb"},"inLanguage":"es","potentialAction":[{"@type":"ReadAction","target":["https:\/\/ingenieria.udd.cl\/ii\/simulador-de-cirugia-minimamente-invasiva\/"]}]},{"@type":"ImageObject","inLanguage":"es","@id":"https:\/\/ingenieria.udd.cl\/ii\/simulador-de-cirugia-minimamente-invasiva\/#primaryimage","url":"https:\/\/ingenieria.udd.cl\/ii\/files\/2020\/03\/simulador-de-enfermeria-x.jpg","contentUrl":"https:\/\/ingenieria.udd.cl\/ii\/files\/2020\/03\/simulador-de-enfermeria-x.jpg","width":600,"height":544},{"@type":"BreadcrumbList","@id":"https:\/\/ingenieria.udd.cl\/ii\/simulador-de-cirugia-minimamente-invasiva\/#breadcrumb","itemListElement":[{"@type":"ListItem","position":1,"name":"Portada","item":"https:\/\/ingenieria.udd.cl\/ii\/"},{"@type":"ListItem","position":2,"name":"Simulador de cirug\u00eda m\u00ednimamente invasiva"}]},{"@type":"WebSite","@id":"https:\/\/ingenieria.udd.cl\/ii\/#website","url":"https:\/\/ingenieria.udd.cl\/ii\/","name":"Innovaci\u00f3n Ingenier\u00eda","description":"Otro sitio m\u00e1s de Ingenieria","inLanguage":"es"}]}},"_links":{"self":[{"href":"https:\/\/ingenieria.udd.cl\/ii\/wp-json\/wp\/v2\/pages\/309","targetHints":{"allow":["GET"]}}],"collection":[{"href":"https:\/\/ingenieria.udd.cl\/ii\/wp-json\/wp\/v2\/pages"}],"about":[{"href":"https:\/\/ingenieria.udd.cl\/ii\/wp-json\/wp\/v2\/types\/page"}],"author":[{"embeddable":true,"href":"https:\/\/ingenieria.udd.cl\/ii\/wp-json\/wp\/v2\/users\/9192225"}],"replies":[{"embeddable":true,"href":"https:\/\/ingenieria.udd.cl\/ii\/wp-json\/wp\/v2\/comments?post=309"}],"version-history":[{"count":0,"href":"https:\/\/ingenieria.udd.cl\/ii\/wp-json\/wp\/v2\/pages\/309\/revisions"}],"wp:attachment":[{"href":"https:\/\/ingenieria.udd.cl\/ii\/wp-json\/wp\/v2\/media?parent=309"}],"curies":[{"name":"wp","href":"https:\/\/api.w.org\/{rel}","templated":true}]}}