{"id":313,"date":"2020-03-24T16:14:31","date_gmt":"2020-03-24T16:14:31","guid":{"rendered":"https:\/\/ii.udd.cl\/?page_id=313"},"modified":"2020-03-24T16:14:31","modified_gmt":"2020-03-24T16:14:31","slug":"alivio-de-estres-mediante-el-uso-de-escenarios-virtuales","status":"publish","type":"page","link":"https:\/\/ingenieria.udd.cl\/ii\/alivio-de-estres-mediante-el-uso-de-escenarios-virtuales\/","title":{"rendered":"Alivio de estr\u00e9s mediante el uso de escenarios virtuales."},"content":{"rendered":"<section class=\"wp-block-udd-text-row block--bg-gray\">\n\t<div class=\"text-row\">\n\t\t<div class=\"text-row__content\">\n\t\t\t<div class=\"text-row__content-inner text\">\n\t\t\t\t\t\t\t\t\n<p>Este proyecto pretende validar una plataforma de uso de escenarios virtuales como sistema de reducci\u00f3n de estr\u00e9s por parte de enfermos con tratamientos prolongados de manejo intrahospitalario.  <\/p>\n\t\t\t<\/div>\n\t\t<\/div>\n\t\t<div class=\"text-row__media\">\n\t\t\t<img loading=\"lazy\" decoding=\"async\" width=\"768\" height=\"444\" src=\"https:\/\/ingenieria.udd.cl\/ii\/files\/2020\/03\/corte_noticiaampliada-680x382.jpg\" class=\"text-row__media-image lazyload\" alt=\"\" sizes=\"auto, (max-width: 768px) 100vw, 768px\" data-src=\"https:\/\/ingenieria.udd.cl\/ii\/files\/2020\/03\/corte_noticiaampliada.jpg\" data-srcset=\"https:\/\/ingenieria.udd.cl\/ii\/files\/2020\/03\/corte_noticiaampliada.jpg 768w, https:\/\/ingenieria.udd.cl\/ii\/files\/2020\/03\/corte_noticiaampliada-300x173.jpg 300w\" \/>\t\t<\/div>\n\t<\/div>\n<\/section>\n","protected":false},"excerpt":{"rendered":"","protected":false},"author":9192225,"featured_media":0,"parent":0,"menu_order":0,"comment_status":"closed","ping_status":"closed","template":"","meta":{"footnotes":""},"class_list":["post-313","page","type-page","status-publish","hentry"],"yoast_head":"<!-- This site is optimized with the Yoast SEO plugin v26.9 - https:\/\/yoast.com\/product\/yoast-seo-wordpress\/ -->\n<title>Alivio de estr\u00e9s mediante el uso de escenarios virtuales. - Innovaci\u00f3n Ingenier\u00eda<\/title>\n<meta name=\"robots\" content=\"index, follow, max-snippet:-1, max-image-preview:large, max-video-preview:-1\" \/>\n<link rel=\"canonical\" href=\"https:\/\/ingenieria.udd.cl\/ii\/alivio-de-estres-mediante-el-uso-de-escenarios-virtuales\/\" \/>\n<meta property=\"og:locale\" content=\"es_ES\" \/>\n<meta property=\"og:type\" content=\"article\" \/>\n<meta property=\"og:title\" content=\"Alivio de estr\u00e9s mediante el uso de escenarios virtuales. - Innovaci\u00f3n Ingenier\u00eda\" \/>\n<meta property=\"og:url\" content=\"https:\/\/ingenieria.udd.cl\/ii\/alivio-de-estres-mediante-el-uso-de-escenarios-virtuales\/\" \/>\n<meta property=\"og:site_name\" content=\"Innovaci\u00f3n Ingenier\u00eda\" \/>\n<meta property=\"og:image\" content=\"https:\/\/ingenieria.udd.cl\/ii\/files\/2020\/03\/corte_noticiaampliada.jpg\" \/>\n<meta name=\"twitter:card\" content=\"summary_large_image\" \/>\n<script type=\"application\/ld+json\" class=\"yoast-schema-graph\">{\"@context\":\"https:\/\/schema.org\",\"@graph\":[{\"@type\":\"WebPage\",\"@id\":\"https:\/\/ingenieria.udd.cl\/ii\/alivio-de-estres-mediante-el-uso-de-escenarios-virtuales\/\",\"url\":\"https:\/\/ingenieria.udd.cl\/ii\/alivio-de-estres-mediante-el-uso-de-escenarios-virtuales\/\",\"name\":\"Alivio de estr\u00e9s mediante el uso de escenarios virtuales. - Innovaci\u00f3n Ingenier\u00eda\",\"isPartOf\":{\"@id\":\"https:\/\/ingenieria.udd.cl\/ii\/#website\"},\"primaryImageOfPage\":{\"@id\":\"https:\/\/ingenieria.udd.cl\/ii\/alivio-de-estres-mediante-el-uso-de-escenarios-virtuales\/#primaryimage\"},\"image\":{\"@id\":\"https:\/\/ingenieria.udd.cl\/ii\/alivio-de-estres-mediante-el-uso-de-escenarios-virtuales\/#primaryimage\"},\"thumbnailUrl\":\"https:\/\/ingenieria.udd.cl\/ii\/files\/2020\/03\/corte_noticiaampliada.jpg\",\"datePublished\":\"2020-03-24T16:14:31+00:00\",\"breadcrumb\":{\"@id\":\"https:\/\/ingenieria.udd.cl\/ii\/alivio-de-estres-mediante-el-uso-de-escenarios-virtuales\/#breadcrumb\"},\"inLanguage\":\"es\",\"potentialAction\":[{\"@type\":\"ReadAction\",\"target\":[\"https:\/\/ingenieria.udd.cl\/ii\/alivio-de-estres-mediante-el-uso-de-escenarios-virtuales\/\"]}]},{\"@type\":\"ImageObject\",\"inLanguage\":\"es\",\"@id\":\"https:\/\/ingenieria.udd.cl\/ii\/alivio-de-estres-mediante-el-uso-de-escenarios-virtuales\/#primaryimage\",\"url\":\"https:\/\/ingenieria.udd.cl\/ii\/files\/2020\/03\/corte_noticiaampliada.jpg\",\"contentUrl\":\"https:\/\/ingenieria.udd.cl\/ii\/files\/2020\/03\/corte_noticiaampliada.jpg\",\"width\":768,\"height\":444},{\"@type\":\"BreadcrumbList\",\"@id\":\"https:\/\/ingenieria.udd.cl\/ii\/alivio-de-estres-mediante-el-uso-de-escenarios-virtuales\/#breadcrumb\",\"itemListElement\":[{\"@type\":\"ListItem\",\"position\":1,\"name\":\"Portada\",\"item\":\"https:\/\/ingenieria.udd.cl\/ii\/\"},{\"@type\":\"ListItem\",\"position\":2,\"name\":\"Alivio de estr\u00e9s mediante el uso de escenarios virtuales.\"}]},{\"@type\":\"WebSite\",\"@id\":\"https:\/\/ingenieria.udd.cl\/ii\/#website\",\"url\":\"https:\/\/ingenieria.udd.cl\/ii\/\",\"name\":\"Innovaci\u00f3n Ingenier\u00eda\",\"description\":\"Otro sitio m\u00e1s de Ingenieria\",\"inLanguage\":\"es\"}]}<\/script>\n<!-- \/ Yoast SEO plugin. -->","yoast_head_json":{"title":"Alivio de estr\u00e9s mediante el uso de escenarios virtuales. - Innovaci\u00f3n Ingenier\u00eda","robots":{"index":"index","follow":"follow","max-snippet":"max-snippet:-1","max-image-preview":"max-image-preview:large","max-video-preview":"max-video-preview:-1"},"canonical":"https:\/\/ingenieria.udd.cl\/ii\/alivio-de-estres-mediante-el-uso-de-escenarios-virtuales\/","og_locale":"es_ES","og_type":"article","og_title":"Alivio de estr\u00e9s mediante el uso de escenarios virtuales. - Innovaci\u00f3n Ingenier\u00eda","og_url":"https:\/\/ingenieria.udd.cl\/ii\/alivio-de-estres-mediante-el-uso-de-escenarios-virtuales\/","og_site_name":"Innovaci\u00f3n Ingenier\u00eda","og_image":[{"url":"https:\/\/ingenieria.udd.cl\/ii\/files\/2020\/03\/corte_noticiaampliada.jpg","type":"","width":"","height":""}],"twitter_card":"summary_large_image","schema":{"@context":"https:\/\/schema.org","@graph":[{"@type":"WebPage","@id":"https:\/\/ingenieria.udd.cl\/ii\/alivio-de-estres-mediante-el-uso-de-escenarios-virtuales\/","url":"https:\/\/ingenieria.udd.cl\/ii\/alivio-de-estres-mediante-el-uso-de-escenarios-virtuales\/","name":"Alivio de estr\u00e9s mediante el uso de escenarios virtuales. - Innovaci\u00f3n Ingenier\u00eda","isPartOf":{"@id":"https:\/\/ingenieria.udd.cl\/ii\/#website"},"primaryImageOfPage":{"@id":"https:\/\/ingenieria.udd.cl\/ii\/alivio-de-estres-mediante-el-uso-de-escenarios-virtuales\/#primaryimage"},"image":{"@id":"https:\/\/ingenieria.udd.cl\/ii\/alivio-de-estres-mediante-el-uso-de-escenarios-virtuales\/#primaryimage"},"thumbnailUrl":"https:\/\/ingenieria.udd.cl\/ii\/files\/2020\/03\/corte_noticiaampliada.jpg","datePublished":"2020-03-24T16:14:31+00:00","breadcrumb":{"@id":"https:\/\/ingenieria.udd.cl\/ii\/alivio-de-estres-mediante-el-uso-de-escenarios-virtuales\/#breadcrumb"},"inLanguage":"es","potentialAction":[{"@type":"ReadAction","target":["https:\/\/ingenieria.udd.cl\/ii\/alivio-de-estres-mediante-el-uso-de-escenarios-virtuales\/"]}]},{"@type":"ImageObject","inLanguage":"es","@id":"https:\/\/ingenieria.udd.cl\/ii\/alivio-de-estres-mediante-el-uso-de-escenarios-virtuales\/#primaryimage","url":"https:\/\/ingenieria.udd.cl\/ii\/files\/2020\/03\/corte_noticiaampliada.jpg","contentUrl":"https:\/\/ingenieria.udd.cl\/ii\/files\/2020\/03\/corte_noticiaampliada.jpg","width":768,"height":444},{"@type":"BreadcrumbList","@id":"https:\/\/ingenieria.udd.cl\/ii\/alivio-de-estres-mediante-el-uso-de-escenarios-virtuales\/#breadcrumb","itemListElement":[{"@type":"ListItem","position":1,"name":"Portada","item":"https:\/\/ingenieria.udd.cl\/ii\/"},{"@type":"ListItem","position":2,"name":"Alivio de estr\u00e9s mediante el uso de escenarios virtuales."}]},{"@type":"WebSite","@id":"https:\/\/ingenieria.udd.cl\/ii\/#website","url":"https:\/\/ingenieria.udd.cl\/ii\/","name":"Innovaci\u00f3n Ingenier\u00eda","description":"Otro sitio m\u00e1s de Ingenieria","inLanguage":"es"}]}},"_links":{"self":[{"href":"https:\/\/ingenieria.udd.cl\/ii\/wp-json\/wp\/v2\/pages\/313","targetHints":{"allow":["GET"]}}],"collection":[{"href":"https:\/\/ingenieria.udd.cl\/ii\/wp-json\/wp\/v2\/pages"}],"about":[{"href":"https:\/\/ingenieria.udd.cl\/ii\/wp-json\/wp\/v2\/types\/page"}],"author":[{"embeddable":true,"href":"https:\/\/ingenieria.udd.cl\/ii\/wp-json\/wp\/v2\/users\/9192225"}],"replies":[{"embeddable":true,"href":"https:\/\/ingenieria.udd.cl\/ii\/wp-json\/wp\/v2\/comments?post=313"}],"version-history":[{"count":1,"href":"https:\/\/ingenieria.udd.cl\/ii\/wp-json\/wp\/v2\/pages\/313\/revisions"}],"predecessor-version":[{"id":1822,"href":"https:\/\/ingenieria.udd.cl\/ii\/wp-json\/wp\/v2\/pages\/313\/revisions\/1822"}],"wp:attachment":[{"href":"https:\/\/ingenieria.udd.cl\/ii\/wp-json\/wp\/v2\/media?parent=313"}],"curies":[{"name":"wp","href":"https:\/\/api.w.org\/{rel}","templated":true}]}}