{"id":3202,"date":"2023-03-14T14:33:30","date_gmt":"2023-03-14T13:33:30","guid":{"rendered":"https:\/\/ingenieria.udd.cl\/ii\/?page_id=3202"},"modified":"2023-03-14T19:04:39","modified_gmt":"2023-03-14T18:04:39","slug":"columnas","status":"publish","type":"page","link":"https:\/\/ingenieria.udd.cl\/ii\/columnas\/","title":{"rendered":"Columnas"},"content":{"rendered":"<!-- WP Block: UDD - Fullwidth Cards -->\n<section class=\"wp-block-udd-fullwidth-cards \">\n\t<div class=\"container\">\n\t\t<header class=\"block__header\">\n\t\t\t<h2 class=\"block__title\">Columnas<\/h2>\n\t\t\t\t\t\t<a href=\"https:\/\/ingenieria.udd.cl\/ii\/categoria\/columnas\/\" class=\"block__view-more\">\n\t\t\t\tVer m\u00e1s COLUMNAS\t\t\t<\/a>\n\t\t\t\t\t<\/header>\n\t\t<div class=\"block__content\">\n\t\t\t<div class=\"fullwidth-cards\">\n\t\t\t<div class=\"fullwidth-card-wrapper \">\n\t<a href=\"https:\/\/ingenieria.udd.cl\/ii\/2026\/01\/06\/opinion-un-llamado-de-emergencia-frente-a-la-vulnerabilidad-del-humedal-de-mantagua\/\" class=\"fullwidth-card fullwidth-card--linkable\">\n\t\t\t\t<img loading=\"lazy\" decoding=\"async\" width=\"500\" height=\"500\" src=\"https:\/\/ingenieria.udd.cl\/ii\/files\/2026\/01\/whatsapp-image-2025-12-18-at-12-46-23-1-62x62.jpeg\" class=\"fullwidth-card__image wp-post-image lazyload\" alt=\"\" sizes=\"auto, (max-width: 500px) 100vw, 500px\" data-src=\"https:\/\/ingenieria.udd.cl\/ii\/files\/2026\/01\/whatsapp-image-2025-12-18-at-12-46-23-1-500x500.jpeg\" data-srcset=\"https:\/\/ingenieria.udd.cl\/ii\/files\/2026\/01\/whatsapp-image-2025-12-18-at-12-46-23-1-500x500.jpeg 500w, https:\/\/ingenieria.udd.cl\/ii\/files\/2026\/01\/whatsapp-image-2025-12-18-at-12-46-23-1-150x150.jpeg 150w, https:\/\/ingenieria.udd.cl\/ii\/files\/2026\/01\/whatsapp-image-2025-12-18-at-12-46-23-1-62x62.jpeg 62w, https:\/\/ingenieria.udd.cl\/ii\/files\/2026\/01\/whatsapp-image-2025-12-18-at-12-46-23-1-250x250.jpeg 250w, https:\/\/ingenieria.udd.cl\/ii\/files\/2026\/01\/whatsapp-image-2025-12-18-at-12-46-23-1-126x126.jpeg 126w\" \/>\t\t\t\t<div class=\"fullwidth-card__content\">\n\t\t\t<span class=\"fullwidth-card__date\">\n\t\t\t\t6 de enero 2026\t\t\t<\/span>\n\t\t\t<h3 class=\"fullwidth-card__title\">OPINI\u00d3N | \u201cUn llamado de emergencia frente a la vulnerabilidad del humedal de Mantagua\u201d<\/h3>\n\t\t\t<span class=\"fullwidth-card__link\">\n\t\t\t\tConocer m\u00e1s\t\t\t<\/span>\n\t\t<\/div>\n\t<\/a>\n<\/div>\n<div class=\"fullwidth-card-wrapper \">\n\t<a href=\"https:\/\/ingenieria.udd.cl\/ii\/2025\/12\/17\/opinion-la-igualdad-en-modo-avion-cuando-la-ley-educa-prohibiendo-y-termina-ensenandodesigualdad\/\" class=\"fullwidth-card fullwidth-card--linkable\">\n\t\t\t\t<img loading=\"lazy\" decoding=\"async\" width=\"500\" height=\"500\" src=\"https:\/\/ingenieria.udd.cl\/ii\/files\/2024\/04\/vicentelorca_-1-62x62.jpg\" class=\"fullwidth-card__image wp-post-image lazyload\" alt=\"\" sizes=\"auto, (max-width: 500px) 100vw, 500px\" data-src=\"https:\/\/ingenieria.udd.cl\/ii\/files\/2024\/04\/vicentelorca_-1-500x500.jpg\" data-srcset=\"https:\/\/ingenieria.udd.cl\/ii\/files\/2024\/04\/vicentelorca_-1-500x500.jpg 500w, https:\/\/ingenieria.udd.cl\/ii\/files\/2024\/04\/vicentelorca_-1-300x300.jpg 300w, https:\/\/ingenieria.udd.cl\/ii\/files\/2024\/04\/vicentelorca_-1-1024x1024.jpg 1024w, https:\/\/ingenieria.udd.cl\/ii\/files\/2024\/04\/vicentelorca_-1-150x150.jpg 150w, https:\/\/ingenieria.udd.cl\/ii\/files\/2024\/04\/vicentelorca_-1-768x768.jpg 768w, https:\/\/ingenieria.udd.cl\/ii\/files\/2024\/04\/vicentelorca_-1-62x62.jpg 62w, https:\/\/ingenieria.udd.cl\/ii\/files\/2024\/04\/vicentelorca_-1-1536x1536.jpg 1536w, https:\/\/ingenieria.udd.cl\/ii\/files\/2024\/04\/vicentelorca_-1-2048x2048.jpg 2048w, https:\/\/ingenieria.udd.cl\/ii\/files\/2024\/04\/vicentelorca_-1-750x750.jpg 750w, https:\/\/ingenieria.udd.cl\/ii\/files\/2024\/04\/vicentelorca_-1-250x250.jpg 250w, https:\/\/ingenieria.udd.cl\/ii\/files\/2024\/04\/vicentelorca_-1-126x126.jpg 126w\" \/>\t\t\t\t<div class=\"fullwidth-card__content\">\n\t\t\t<span class=\"fullwidth-card__date\">\n\t\t\t\t17 de diciembre 2025\t\t\t<\/span>\n\t\t\t<h3 class=\"fullwidth-card__title\">OPINI\u00d3N | La igualdad en modo avi\u00f3n: cuando la ley educa prohibiendo y termina ense\u00f1ando desigualdad<\/h3>\n\t\t\t<span class=\"fullwidth-card__link\">\n\t\t\t\tConocer m\u00e1s\t\t\t<\/span>\n\t\t<\/div>\n\t<\/a>\n<\/div>\n<div class=\"fullwidth-card-wrapper \">\n\t<a href=\"https:\/\/ingenieria.udd.cl\/ii\/2025\/11\/07\/opinion-el-futuro-no-se-espera-se-ensena\/\" class=\"fullwidth-card fullwidth-card--linkable\">\n\t\t\t\t<img loading=\"lazy\" decoding=\"async\" width=\"500\" height=\"500\" src=\"https:\/\/ingenieria.udd.cl\/ii\/files\/2024\/04\/vicentelorca_-1-62x62.jpg\" class=\"fullwidth-card__image wp-post-image lazyload\" alt=\"\" sizes=\"auto, (max-width: 500px) 100vw, 500px\" data-src=\"https:\/\/ingenieria.udd.cl\/ii\/files\/2024\/04\/vicentelorca_-1-500x500.jpg\" data-srcset=\"https:\/\/ingenieria.udd.cl\/ii\/files\/2024\/04\/vicentelorca_-1-500x500.jpg 500w, https:\/\/ingenieria.udd.cl\/ii\/files\/2024\/04\/vicentelorca_-1-300x300.jpg 300w, https:\/\/ingenieria.udd.cl\/ii\/files\/2024\/04\/vicentelorca_-1-1024x1024.jpg 1024w, https:\/\/ingenieria.udd.cl\/ii\/files\/2024\/04\/vicentelorca_-1-150x150.jpg 150w, https:\/\/ingenieria.udd.cl\/ii\/files\/2024\/04\/vicentelorca_-1-768x768.jpg 768w, https:\/\/ingenieria.udd.cl\/ii\/files\/2024\/04\/vicentelorca_-1-62x62.jpg 62w, https:\/\/ingenieria.udd.cl\/ii\/files\/2024\/04\/vicentelorca_-1-1536x1536.jpg 1536w, https:\/\/ingenieria.udd.cl\/ii\/files\/2024\/04\/vicentelorca_-1-2048x2048.jpg 2048w, https:\/\/ingenieria.udd.cl\/ii\/files\/2024\/04\/vicentelorca_-1-750x750.jpg 750w, https:\/\/ingenieria.udd.cl\/ii\/files\/2024\/04\/vicentelorca_-1-250x250.jpg 250w, https:\/\/ingenieria.udd.cl\/ii\/files\/2024\/04\/vicentelorca_-1-126x126.jpg 126w\" \/>\t\t\t\t<div class=\"fullwidth-card__content\">\n\t\t\t<span class=\"fullwidth-card__date\">\n\t\t\t\t7 de noviembre 2025\t\t\t<\/span>\n\t\t\t<h3 class=\"fullwidth-card__title\">OPINI\u00d3N | El futuro no se espera: se ense\u00f1a<\/h3>\n\t\t\t<span class=\"fullwidth-card__link\">\n\t\t\t\tConocer m\u00e1s\t\t\t<\/span>\n\t\t<\/div>\n\t<\/a>\n<\/div>\n<div class=\"fullwidth-card-wrapper \">\n\t<a href=\"https:\/\/ingenieria.udd.cl\/ii\/2025\/10\/29\/gobernanza-local-como-estrategia-de-desarrollo-para-el-bienestar-y-resiliencia-del-territorio\/\" class=\"fullwidth-card fullwidth-card--linkable\">\n\t\t\t\t<img loading=\"lazy\" decoding=\"async\" width=\"500\" height=\"500\" src=\"https:\/\/ingenieria.udd.cl\/ii\/files\/2023\/03\/patricia-b-62x62.jpg\" class=\"fullwidth-card__image wp-post-image lazyload\" alt=\"\" sizes=\"auto, (max-width: 500px) 100vw, 500px\" data-src=\"https:\/\/ingenieria.udd.cl\/ii\/files\/2023\/03\/patricia-b-500x500.jpg\" data-srcset=\"https:\/\/ingenieria.udd.cl\/ii\/files\/2023\/03\/patricia-b-500x500.jpg 500w, https:\/\/ingenieria.udd.cl\/ii\/files\/2023\/03\/patricia-b-300x300.jpg 300w, https:\/\/ingenieria.udd.cl\/ii\/files\/2023\/03\/patricia-b-1024x1024.jpg 1024w, https:\/\/ingenieria.udd.cl\/ii\/files\/2023\/03\/patricia-b-150x150.jpg 150w, https:\/\/ingenieria.udd.cl\/ii\/files\/2023\/03\/patricia-b-768x768.jpg 768w, https:\/\/ingenieria.udd.cl\/ii\/files\/2023\/03\/patricia-b-62x62.jpg 62w, https:\/\/ingenieria.udd.cl\/ii\/files\/2023\/03\/patricia-b-1536x1536.jpg 1536w, https:\/\/ingenieria.udd.cl\/ii\/files\/2023\/03\/patricia-b-2048x2048.jpg 2048w, https:\/\/ingenieria.udd.cl\/ii\/files\/2023\/03\/patricia-b-750x750.jpg 750w, https:\/\/ingenieria.udd.cl\/ii\/files\/2023\/03\/patricia-b-250x250.jpg 250w, https:\/\/ingenieria.udd.cl\/ii\/files\/2023\/03\/patricia-b-126x126.jpg 126w\" \/>\t\t\t\t<div class=\"fullwidth-card__content\">\n\t\t\t<span class=\"fullwidth-card__date\">\n\t\t\t\t29 de octubre 2025\t\t\t<\/span>\n\t\t\t<h3 class=\"fullwidth-card__title\">Gobernanza local como estrategia de desarrollo para el bienestar y resiliencia del territorio.\u00a0<\/h3>\n\t\t\t<span class=\"fullwidth-card__link\">\n\t\t\t\tConocer m\u00e1s\t\t\t<\/span>\n\t\t<\/div>\n\t<\/a>\n<\/div>\n<div class=\"fullwidth-card-wrapper \">\n\t<a href=\"https:\/\/ingenieria.udd.cl\/ii\/2025\/09\/29\/opinion-la-trampa-de-hacer-preguntas-faciles\/\" class=\"fullwidth-card fullwidth-card--linkable\">\n\t\t\t\t<img loading=\"lazy\" decoding=\"async\" width=\"500\" height=\"500\" src=\"https:\/\/ingenieria.udd.cl\/ii\/files\/2024\/04\/vicentelorca_-1-62x62.jpg\" class=\"fullwidth-card__image wp-post-image lazyload\" alt=\"\" sizes=\"auto, (max-width: 500px) 100vw, 500px\" data-src=\"https:\/\/ingenieria.udd.cl\/ii\/files\/2024\/04\/vicentelorca_-1-500x500.jpg\" data-srcset=\"https:\/\/ingenieria.udd.cl\/ii\/files\/2024\/04\/vicentelorca_-1-500x500.jpg 500w, https:\/\/ingenieria.udd.cl\/ii\/files\/2024\/04\/vicentelorca_-1-300x300.jpg 300w, https:\/\/ingenieria.udd.cl\/ii\/files\/2024\/04\/vicentelorca_-1-1024x1024.jpg 1024w, https:\/\/ingenieria.udd.cl\/ii\/files\/2024\/04\/vicentelorca_-1-150x150.jpg 150w, https:\/\/ingenieria.udd.cl\/ii\/files\/2024\/04\/vicentelorca_-1-768x768.jpg 768w, https:\/\/ingenieria.udd.cl\/ii\/files\/2024\/04\/vicentelorca_-1-62x62.jpg 62w, https:\/\/ingenieria.udd.cl\/ii\/files\/2024\/04\/vicentelorca_-1-1536x1536.jpg 1536w, https:\/\/ingenieria.udd.cl\/ii\/files\/2024\/04\/vicentelorca_-1-2048x2048.jpg 2048w, https:\/\/ingenieria.udd.cl\/ii\/files\/2024\/04\/vicentelorca_-1-750x750.jpg 750w, https:\/\/ingenieria.udd.cl\/ii\/files\/2024\/04\/vicentelorca_-1-250x250.jpg 250w, https:\/\/ingenieria.udd.cl\/ii\/files\/2024\/04\/vicentelorca_-1-126x126.jpg 126w\" \/>\t\t\t\t<div class=\"fullwidth-card__content\">\n\t\t\t<span class=\"fullwidth-card__date\">\n\t\t\t\t29 de septiembre 2025\t\t\t<\/span>\n\t\t\t<h3 class=\"fullwidth-card__title\">OPINI\u00d3N | \u00abLa trampa de hacer preguntas f\u00e1ciles\u00bb<\/h3>\n\t\t\t<span class=\"fullwidth-card__link\">\n\t\t\t\tConocer m\u00e1s\t\t\t<\/span>\n\t\t<\/div>\n\t<\/a>\n<\/div>\n\t\t\t<\/div>\n\t\t<\/div>\n\t<\/div>\n<\/section>\n","protected":false},"excerpt":{"rendered":"","protected":false},"author":9192225,"featured_media":0,"parent":0,"menu_order":0,"comment_status":"closed","ping_status":"closed","template":"","meta":{"footnotes":""},"class_list":["post-3202","page","type-page","status-publish","hentry"],"yoast_head":"<!-- This site is optimized with the Yoast SEO plugin v26.9 - https:\/\/yoast.com\/product\/yoast-seo-wordpress\/ -->\n<title>Columnas - Innovaci\u00f3n Ingenier\u00eda<\/title>\n<meta name=\"robots\" content=\"index, follow, max-snippet:-1, max-image-preview:large, max-video-preview:-1\" \/>\n<link rel=\"canonical\" href=\"https:\/\/ingenieria.udd.cl\/ii\/columnas\/\" \/>\n<meta property=\"og:locale\" content=\"es_ES\" \/>\n<meta property=\"og:type\" content=\"article\" \/>\n<meta property=\"og:title\" content=\"Columnas - Innovaci\u00f3n Ingenier\u00eda\" \/>\n<meta property=\"og:url\" content=\"https:\/\/ingenieria.udd.cl\/ii\/columnas\/\" \/>\n<meta property=\"og:site_name\" content=\"Innovaci\u00f3n Ingenier\u00eda\" \/>\n<meta property=\"article:modified_time\" content=\"2023-03-14T18:04:39+00:00\" \/>\n<meta name=\"twitter:card\" content=\"summary_large_image\" \/>\n<script type=\"application\/ld+json\" class=\"yoast-schema-graph\">{\"@context\":\"https:\/\/schema.org\",\"@graph\":[{\"@type\":\"WebPage\",\"@id\":\"https:\/\/ingenieria.udd.cl\/ii\/columnas\/\",\"url\":\"https:\/\/ingenieria.udd.cl\/ii\/columnas\/\",\"name\":\"Columnas - Innovaci\u00f3n Ingenier\u00eda\",\"isPartOf\":{\"@id\":\"https:\/\/ingenieria.udd.cl\/ii\/#website\"},\"datePublished\":\"2023-03-14T13:33:30+00:00\",\"dateModified\":\"2023-03-14T18:04:39+00:00\",\"breadcrumb\":{\"@id\":\"https:\/\/ingenieria.udd.cl\/ii\/columnas\/#breadcrumb\"},\"inLanguage\":\"es\",\"potentialAction\":[{\"@type\":\"ReadAction\",\"target\":[\"https:\/\/ingenieria.udd.cl\/ii\/columnas\/\"]}]},{\"@type\":\"BreadcrumbList\",\"@id\":\"https:\/\/ingenieria.udd.cl\/ii\/columnas\/#breadcrumb\",\"itemListElement\":[{\"@type\":\"ListItem\",\"position\":1,\"name\":\"Portada\",\"item\":\"https:\/\/ingenieria.udd.cl\/ii\/\"},{\"@type\":\"ListItem\",\"position\":2,\"name\":\"Columnas\"}]},{\"@type\":\"WebSite\",\"@id\":\"https:\/\/ingenieria.udd.cl\/ii\/#website\",\"url\":\"https:\/\/ingenieria.udd.cl\/ii\/\",\"name\":\"Innovaci\u00f3n Ingenier\u00eda\",\"description\":\"Otro sitio m\u00e1s de Ingenieria\",\"inLanguage\":\"es\"}]}<\/script>\n<!-- \/ Yoast SEO plugin. -->","yoast_head_json":{"title":"Columnas - Innovaci\u00f3n Ingenier\u00eda","robots":{"index":"index","follow":"follow","max-snippet":"max-snippet:-1","max-image-preview":"max-image-preview:large","max-video-preview":"max-video-preview:-1"},"canonical":"https:\/\/ingenieria.udd.cl\/ii\/columnas\/","og_locale":"es_ES","og_type":"article","og_title":"Columnas - Innovaci\u00f3n Ingenier\u00eda","og_url":"https:\/\/ingenieria.udd.cl\/ii\/columnas\/","og_site_name":"Innovaci\u00f3n Ingenier\u00eda","article_modified_time":"2023-03-14T18:04:39+00:00","twitter_card":"summary_large_image","schema":{"@context":"https:\/\/schema.org","@graph":[{"@type":"WebPage","@id":"https:\/\/ingenieria.udd.cl\/ii\/columnas\/","url":"https:\/\/ingenieria.udd.cl\/ii\/columnas\/","name":"Columnas - Innovaci\u00f3n Ingenier\u00eda","isPartOf":{"@id":"https:\/\/ingenieria.udd.cl\/ii\/#website"},"datePublished":"2023-03-14T13:33:30+00:00","dateModified":"2023-03-14T18:04:39+00:00","breadcrumb":{"@id":"https:\/\/ingenieria.udd.cl\/ii\/columnas\/#breadcrumb"},"inLanguage":"es","potentialAction":[{"@type":"ReadAction","target":["https:\/\/ingenieria.udd.cl\/ii\/columnas\/"]}]},{"@type":"BreadcrumbList","@id":"https:\/\/ingenieria.udd.cl\/ii\/columnas\/#breadcrumb","itemListElement":[{"@type":"ListItem","position":1,"name":"Portada","item":"https:\/\/ingenieria.udd.cl\/ii\/"},{"@type":"ListItem","position":2,"name":"Columnas"}]},{"@type":"WebSite","@id":"https:\/\/ingenieria.udd.cl\/ii\/#website","url":"https:\/\/ingenieria.udd.cl\/ii\/","name":"Innovaci\u00f3n Ingenier\u00eda","description":"Otro sitio m\u00e1s de Ingenieria","inLanguage":"es"}]}},"_links":{"self":[{"href":"https:\/\/ingenieria.udd.cl\/ii\/wp-json\/wp\/v2\/pages\/3202","targetHints":{"allow":["GET"]}}],"collection":[{"href":"https:\/\/ingenieria.udd.cl\/ii\/wp-json\/wp\/v2\/pages"}],"about":[{"href":"https:\/\/ingenieria.udd.cl\/ii\/wp-json\/wp\/v2\/types\/page"}],"author":[{"embeddable":true,"href":"https:\/\/ingenieria.udd.cl\/ii\/wp-json\/wp\/v2\/users\/9192225"}],"replies":[{"embeddable":true,"href":"https:\/\/ingenieria.udd.cl\/ii\/wp-json\/wp\/v2\/comments?post=3202"}],"version-history":[{"count":4,"href":"https:\/\/ingenieria.udd.cl\/ii\/wp-json\/wp\/v2\/pages\/3202\/revisions"}],"predecessor-version":[{"id":3239,"href":"https:\/\/ingenieria.udd.cl\/ii\/wp-json\/wp\/v2\/pages\/3202\/revisions\/3239"}],"wp:attachment":[{"href":"https:\/\/ingenieria.udd.cl\/ii\/wp-json\/wp\/v2\/media?parent=3202"}],"curies":[{"name":"wp","href":"https:\/\/api.w.org\/{rel}","templated":true}]}}