{"id":345,"date":"2020-03-24T17:17:44","date_gmt":"2020-03-24T17:17:44","guid":{"rendered":"https:\/\/ii.udd.cl\/?page_id=345"},"modified":"2020-03-24T17:17:44","modified_gmt":"2020-03-24T17:17:44","slug":"sistema-de-impresion-3d-de-resina-sobre-gel","status":"publish","type":"page","link":"https:\/\/ingenieria.udd.cl\/ii\/sistema-de-impresion-3d-de-resina-sobre-gel\/","title":{"rendered":"Sistema de impresi\u00f3n 3D de resina sobre gel"},"content":{"rendered":"<section class=\"wp-block-udd-text-row block--bg-gray\">\n\t<div class=\"text-row\">\n\t\t<div class=\"text-row__content\">\n\t\t\t<div class=\"text-row__content-inner text\">\n\t\t\t\t\t\t\t\t<h2>Descripci\u00f3n<\/h2>\n\t\t\t\t\t\t\t\t\n<p>Durante la \u00faltima d\u00e9cada la impresi\u00f3n 3D ha tenido un fuerte auge en todo el mundo desde la aparici\u00f3n de las impresoras de escritorio de bajo costo. Los materiales de impresi\u00f3n m\u00e1s utilizados por estas impresoras son filamentos pl\u00e1sticos que se calientan para ser depositados capa por capa en una superficie. Si bien este tipo de manufactura permite fabricar una amplia gama de objetos, hay una variedad de materiales que no puede utilizarse en estas impresoras, como siliconas, cauchos, resinas, arcillas, etc. Otra limitaci\u00f3n de las impresoras de extrusi\u00f3n de pl\u00e1stico fundido es que muchas veces se deben imprimir soportes si la geometr\u00eda de la pieza lo requiere, lo que aumenta los tiempos de impresi\u00f3n y compromete la calidad superficial del elemento impreso.<br><\/p>\n\n<p>Este proyecto estudia diversos sistemas de manufactura en material flexible, utilizando sistemas de contenci\u00f3n por gel y materiales blandos (resinas), con el fin de dise\u00f1ar un dispositivo que permita controlar el \u00e9mbolo de una jeringa para inyectar material, encontrar un gel con las propiedades id\u00f3neas para suspender piezas de material inyectable en su interior, modificar una impresora 3D de filamento para integrar el sistema de inyecci\u00f3n, y por \u00faltimo, poner a prueba la impresora con diferentes materiales inyectables<br><\/p>\n\t\t\t<\/div>\n\t\t<\/div>\n\t\t<div class=\"text-row__media\">\n\t\t\t<img loading=\"lazy\" decoding=\"async\" width=\"337\" height=\"451\" src=\"https:\/\/ingenieria.udd.cl\/ii\/files\/2020\/03\/impresion-3d-gel-3.png\" class=\"text-row__media-image lazyload\" alt=\"\" sizes=\"auto, (max-width: 337px) 100vw, 337px\" data-src=\"https:\/\/ingenieria.udd.cl\/ii\/files\/2020\/03\/impresion-3d-gel-3.png\" data-srcset=\"https:\/\/ingenieria.udd.cl\/ii\/files\/2020\/03\/impresion-3d-gel-3.png 337w, https:\/\/ingenieria.udd.cl\/ii\/files\/2020\/03\/impresion-3d-gel-3-224x300.png 224w\" \/>\t\t<\/div>\n\t<\/div>\n<\/section>\n\n\n\n<figure class=\"wp-block-gallery columns-3 is-cropped wp-block-gallery-1 is-layout-flex wp-block-gallery-is-layout-flex\"><ul class=\"blocks-gallery-grid\"><li class=\"blocks-gallery-item\"><figure><img loading=\"lazy\" decoding=\"async\" width=\"221\" height=\"456\" src=\"https:\/\/ingenieria.udd.cl\/ii\/files\/2020\/03\/impresion-3d-gel-2.png\" alt=\"\" data-id=\"553\" data-full-url=\"https:\/\/ingenieria.udd.cl\/ii\/files\/2020\/03\/impresion-3d-gel-2.png\" data-link=\"https:\/\/ii.udd.cl\/laboratorios-de-investigacion\/impresion-3d-gel-2\/\" class=\"wp-image-553\" srcset=\"https:\/\/ingenieria.udd.cl\/ii\/files\/2020\/03\/impresion-3d-gel-2.png 221w, https:\/\/ingenieria.udd.cl\/ii\/files\/2020\/03\/impresion-3d-gel-2-145x300.png 145w\" sizes=\"auto, (max-width: 221px) 100vw, 221px\" \/><\/figure><\/li><li class=\"blocks-gallery-item\"><figure><img loading=\"lazy\" decoding=\"async\" width=\"442\" height=\"694\" src=\"https:\/\/ingenieria.udd.cl\/ii\/files\/2020\/03\/impresion-gel-1.png\" alt=\"\" data-id=\"127\" data-full-url=\"https:\/\/ingenieria.udd.cl\/ii\/files\/2020\/03\/impresion-gel-1.png\" data-link=\"https:\/\/ii.udd.cl\/laboratorios-de-investigacion\/impresion-gel-2\/\" class=\"wp-image-127\" srcset=\"https:\/\/ingenieria.udd.cl\/ii\/files\/2020\/03\/impresion-gel-1.png 442w, https:\/\/ingenieria.udd.cl\/ii\/files\/2020\/03\/impresion-gel-1-191x300.png 191w\" sizes=\"auto, (max-width: 442px) 100vw, 442px\" \/><\/figure><\/li><li class=\"blocks-gallery-item\"><figure><img loading=\"lazy\" decoding=\"async\" width=\"408\" height=\"459\" src=\"https:\/\/ingenieria.udd.cl\/ii\/files\/2020\/03\/impresion-3d-gel.png\" alt=\"\" data-id=\"552\" data-full-url=\"https:\/\/ingenieria.udd.cl\/ii\/files\/2020\/03\/impresion-3d-gel.png\" data-link=\"https:\/\/ii.udd.cl\/laboratorios-de-investigacion\/impresion-3d-gel\/\" class=\"wp-image-552\" srcset=\"https:\/\/ingenieria.udd.cl\/ii\/files\/2020\/03\/impresion-3d-gel.png 408w, https:\/\/ingenieria.udd.cl\/ii\/files\/2020\/03\/impresion-3d-gel-267x300.png 267w\" sizes=\"auto, (max-width: 408px) 100vw, 408px\" \/><\/figure><\/li><\/ul><\/figure>\n","protected":false},"excerpt":{"rendered":"","protected":false},"author":9192225,"featured_media":0,"parent":0,"menu_order":0,"comment_status":"closed","ping_status":"closed","template":"","meta":{"footnotes":""},"class_list":["post-345","page","type-page","status-publish","hentry"],"yoast_head":"<!-- This site is optimized with the Yoast SEO plugin v26.9 - https:\/\/yoast.com\/product\/yoast-seo-wordpress\/ -->\n<title>Sistema de impresi\u00f3n 3D de resina sobre gel - Innovaci\u00f3n Ingenier\u00eda<\/title>\n<meta name=\"robots\" content=\"index, follow, max-snippet:-1, max-image-preview:large, max-video-preview:-1\" \/>\n<link rel=\"canonical\" href=\"https:\/\/ingenieria.udd.cl\/ii\/sistema-de-impresion-3d-de-resina-sobre-gel\/\" \/>\n<meta property=\"og:locale\" content=\"es_ES\" \/>\n<meta property=\"og:type\" content=\"article\" \/>\n<meta property=\"og:title\" content=\"Sistema de impresi\u00f3n 3D de resina sobre gel - Innovaci\u00f3n Ingenier\u00eda\" \/>\n<meta property=\"og:url\" content=\"https:\/\/ingenieria.udd.cl\/ii\/sistema-de-impresion-3d-de-resina-sobre-gel\/\" \/>\n<meta property=\"og:site_name\" content=\"Innovaci\u00f3n Ingenier\u00eda\" \/>\n<meta property=\"og:image\" content=\"https:\/\/ingenieria.udd.cl\/ii\/files\/2020\/03\/impresion-3d-gel-3.png\" \/>\n<meta name=\"twitter:card\" content=\"summary_large_image\" \/>\n<meta name=\"twitter:label1\" content=\"Tiempo de lectura\" \/>\n\t<meta name=\"twitter:data1\" content=\"1 minuto\" \/>\n<script type=\"application\/ld+json\" class=\"yoast-schema-graph\">{\"@context\":\"https:\/\/schema.org\",\"@graph\":[{\"@type\":\"WebPage\",\"@id\":\"https:\/\/ingenieria.udd.cl\/ii\/sistema-de-impresion-3d-de-resina-sobre-gel\/\",\"url\":\"https:\/\/ingenieria.udd.cl\/ii\/sistema-de-impresion-3d-de-resina-sobre-gel\/\",\"name\":\"Sistema de impresi\u00f3n 3D de resina sobre gel - Innovaci\u00f3n Ingenier\u00eda\",\"isPartOf\":{\"@id\":\"https:\/\/ingenieria.udd.cl\/ii\/#website\"},\"primaryImageOfPage\":{\"@id\":\"https:\/\/ingenieria.udd.cl\/ii\/sistema-de-impresion-3d-de-resina-sobre-gel\/#primaryimage\"},\"image\":{\"@id\":\"https:\/\/ingenieria.udd.cl\/ii\/sistema-de-impresion-3d-de-resina-sobre-gel\/#primaryimage\"},\"thumbnailUrl\":\"https:\/\/ingenieria.udd.cl\/ii\/files\/2020\/03\/impresion-3d-gel-3.png\",\"datePublished\":\"2020-03-24T17:17:44+00:00\",\"breadcrumb\":{\"@id\":\"https:\/\/ingenieria.udd.cl\/ii\/sistema-de-impresion-3d-de-resina-sobre-gel\/#breadcrumb\"},\"inLanguage\":\"es\",\"potentialAction\":[{\"@type\":\"ReadAction\",\"target\":[\"https:\/\/ingenieria.udd.cl\/ii\/sistema-de-impresion-3d-de-resina-sobre-gel\/\"]}]},{\"@type\":\"ImageObject\",\"inLanguage\":\"es\",\"@id\":\"https:\/\/ingenieria.udd.cl\/ii\/sistema-de-impresion-3d-de-resina-sobre-gel\/#primaryimage\",\"url\":\"https:\/\/ingenieria.udd.cl\/ii\/files\/2020\/03\/impresion-3d-gel-3.png\",\"contentUrl\":\"https:\/\/ingenieria.udd.cl\/ii\/files\/2020\/03\/impresion-3d-gel-3.png\",\"width\":337,\"height\":451},{\"@type\":\"BreadcrumbList\",\"@id\":\"https:\/\/ingenieria.udd.cl\/ii\/sistema-de-impresion-3d-de-resina-sobre-gel\/#breadcrumb\",\"itemListElement\":[{\"@type\":\"ListItem\",\"position\":1,\"name\":\"Portada\",\"item\":\"https:\/\/ingenieria.udd.cl\/ii\/\"},{\"@type\":\"ListItem\",\"position\":2,\"name\":\"Sistema de impresi\u00f3n 3D de resina sobre gel\"}]},{\"@type\":\"WebSite\",\"@id\":\"https:\/\/ingenieria.udd.cl\/ii\/#website\",\"url\":\"https:\/\/ingenieria.udd.cl\/ii\/\",\"name\":\"Innovaci\u00f3n Ingenier\u00eda\",\"description\":\"Otro sitio m\u00e1s de Ingenieria\",\"inLanguage\":\"es\"}]}<\/script>\n<!-- \/ Yoast SEO plugin. -->","yoast_head_json":{"title":"Sistema de impresi\u00f3n 3D de resina sobre gel - Innovaci\u00f3n Ingenier\u00eda","robots":{"index":"index","follow":"follow","max-snippet":"max-snippet:-1","max-image-preview":"max-image-preview:large","max-video-preview":"max-video-preview:-1"},"canonical":"https:\/\/ingenieria.udd.cl\/ii\/sistema-de-impresion-3d-de-resina-sobre-gel\/","og_locale":"es_ES","og_type":"article","og_title":"Sistema de impresi\u00f3n 3D de resina sobre gel - Innovaci\u00f3n Ingenier\u00eda","og_url":"https:\/\/ingenieria.udd.cl\/ii\/sistema-de-impresion-3d-de-resina-sobre-gel\/","og_site_name":"Innovaci\u00f3n Ingenier\u00eda","og_image":[{"url":"https:\/\/ingenieria.udd.cl\/ii\/files\/2020\/03\/impresion-3d-gel-3.png","type":"","width":"","height":""}],"twitter_card":"summary_large_image","twitter_misc":{"Tiempo de lectura":"1 minuto"},"schema":{"@context":"https:\/\/schema.org","@graph":[{"@type":"WebPage","@id":"https:\/\/ingenieria.udd.cl\/ii\/sistema-de-impresion-3d-de-resina-sobre-gel\/","url":"https:\/\/ingenieria.udd.cl\/ii\/sistema-de-impresion-3d-de-resina-sobre-gel\/","name":"Sistema de impresi\u00f3n 3D de resina sobre gel - Innovaci\u00f3n Ingenier\u00eda","isPartOf":{"@id":"https:\/\/ingenieria.udd.cl\/ii\/#website"},"primaryImageOfPage":{"@id":"https:\/\/ingenieria.udd.cl\/ii\/sistema-de-impresion-3d-de-resina-sobre-gel\/#primaryimage"},"image":{"@id":"https:\/\/ingenieria.udd.cl\/ii\/sistema-de-impresion-3d-de-resina-sobre-gel\/#primaryimage"},"thumbnailUrl":"https:\/\/ingenieria.udd.cl\/ii\/files\/2020\/03\/impresion-3d-gel-3.png","datePublished":"2020-03-24T17:17:44+00:00","breadcrumb":{"@id":"https:\/\/ingenieria.udd.cl\/ii\/sistema-de-impresion-3d-de-resina-sobre-gel\/#breadcrumb"},"inLanguage":"es","potentialAction":[{"@type":"ReadAction","target":["https:\/\/ingenieria.udd.cl\/ii\/sistema-de-impresion-3d-de-resina-sobre-gel\/"]}]},{"@type":"ImageObject","inLanguage":"es","@id":"https:\/\/ingenieria.udd.cl\/ii\/sistema-de-impresion-3d-de-resina-sobre-gel\/#primaryimage","url":"https:\/\/ingenieria.udd.cl\/ii\/files\/2020\/03\/impresion-3d-gel-3.png","contentUrl":"https:\/\/ingenieria.udd.cl\/ii\/files\/2020\/03\/impresion-3d-gel-3.png","width":337,"height":451},{"@type":"BreadcrumbList","@id":"https:\/\/ingenieria.udd.cl\/ii\/sistema-de-impresion-3d-de-resina-sobre-gel\/#breadcrumb","itemListElement":[{"@type":"ListItem","position":1,"name":"Portada","item":"https:\/\/ingenieria.udd.cl\/ii\/"},{"@type":"ListItem","position":2,"name":"Sistema de impresi\u00f3n 3D de resina sobre gel"}]},{"@type":"WebSite","@id":"https:\/\/ingenieria.udd.cl\/ii\/#website","url":"https:\/\/ingenieria.udd.cl\/ii\/","name":"Innovaci\u00f3n Ingenier\u00eda","description":"Otro sitio m\u00e1s de Ingenieria","inLanguage":"es"}]}},"_links":{"self":[{"href":"https:\/\/ingenieria.udd.cl\/ii\/wp-json\/wp\/v2\/pages\/345","targetHints":{"allow":["GET"]}}],"collection":[{"href":"https:\/\/ingenieria.udd.cl\/ii\/wp-json\/wp\/v2\/pages"}],"about":[{"href":"https:\/\/ingenieria.udd.cl\/ii\/wp-json\/wp\/v2\/types\/page"}],"author":[{"embeddable":true,"href":"https:\/\/ingenieria.udd.cl\/ii\/wp-json\/wp\/v2\/users\/9192225"}],"replies":[{"embeddable":true,"href":"https:\/\/ingenieria.udd.cl\/ii\/wp-json\/wp\/v2\/comments?post=345"}],"version-history":[{"count":0,"href":"https:\/\/ingenieria.udd.cl\/ii\/wp-json\/wp\/v2\/pages\/345\/revisions"}],"wp:attachment":[{"href":"https:\/\/ingenieria.udd.cl\/ii\/wp-json\/wp\/v2\/media?parent=345"}],"curies":[{"name":"wp","href":"https:\/\/api.w.org\/{rel}","templated":true}]}}