{"id":3687,"date":"2024-01-25T15:47:49","date_gmt":"2024-01-25T14:47:49","guid":{"rendered":"https:\/\/ingenieria.udd.cl\/ii\/?page_id=3687"},"modified":"2024-01-25T15:51:24","modified_gmt":"2024-01-25T14:51:24","slug":"form-comunicaciones","status":"publish","type":"page","link":"https:\/\/ingenieria.udd.cl\/ii\/form-comunicaciones\/","title":{"rendered":"Protocolo Formulario Comunicaciones"},"content":{"rendered":"\n<ol class=\"wp-block-list\" start=\"1\">\n<li>Para acceder al Formulario de Comunicaciones, debes entrar a nuestra Intranet ubicada en la p\u00e1gina de la Direcci\u00f3n de Innovaci\u00f3n de Ingenier\u00eda UDD (<a href=\"https:\/\/ingenieria.udd.cl\/ii\/\" target=\"_blank\" rel=\"noreferrer noopener\">https:\/\/ingenieria.udd.cl\/ii\/<\/a> ). La contrase\u00f1a es innovacioning2022.&nbsp;&nbsp;<\/li>\n<\/ol>\n\n\n\n<ol class=\"wp-block-list\" start=\"2\">\n<li>Rellenar el formulario con la informaci\u00f3n del evento, proyecto o estudio sobre el cual se quiere informar. Es importante recalcar que, dentro de la informaci\u00f3n solicitada, se pedir\u00e1 un breve resumen sobre la actividad.&nbsp;&nbsp;<\/li>\n<\/ol>\n\n\n\n<ol class=\"wp-block-list\" start=\"3\">\n<li>Si el tema cumple con la l\u00ednea editorial de la Direcci\u00f3n de Innovaci\u00f3n, se contactar\u00e1 a la persona encargada v\u00eda mail para profundizar en los detalles y revisar lo requerido. De ser necesario, tambi\u00e9n se podr\u00e1 realizar una reuni\u00f3n.&nbsp;&nbsp;<\/li>\n<\/ol>\n\n\n\n<ol class=\"wp-block-list\" start=\"4\">\n<li>El Equipo de Comunicaciones ser\u00e1 el encargado de revisar detalladamente el tema y el medio de difusi\u00f3n por el cual ser\u00e1 publicado (newsletter, nota para la web, video, im\u00e1genes, redes sociales, etc).&nbsp;&nbsp;<\/li>\n<\/ol>\n\n\n\n<ol class=\"wp-block-list\" start=\"5\">\n<li>Por \u00faltimo, el encargado deber\u00e1 dar su visto bueno de lo realizado para, posteriormente, difundir el tema.\u00a0\u00a0<\/li>\n\n\n\n<li>Te invitamos a rellenar el formulario en el siguiente link: <a href=\"https:\/\/docs.google.com\/forms\/d\/e\/1FAIpQLSfvZ-J8kS1NceqO5OyU9n66L0e-mClDqZddFmCPYxgYpH6WEw\/viewform\">https:\/\/docs.google.com\/forms\/d\/e\/1FAIpQLSfvZ-J8kS1NceqO5OyU9n66L0e-mClDqZddFmCPYxgYpH6WEw\/viewform<\/a><\/li>\n<\/ol>\n","protected":false},"excerpt":{"rendered":"","protected":false},"author":9192225,"featured_media":0,"parent":0,"menu_order":0,"comment_status":"closed","ping_status":"closed","template":"","meta":{"footnotes":""},"class_list":["post-3687","page","type-page","status-publish","hentry"],"yoast_head":"<!-- This site is optimized with the Yoast SEO plugin v26.9 - https:\/\/yoast.com\/product\/yoast-seo-wordpress\/ -->\n<title>Protocolo Formulario Comunicaciones - Innovaci\u00f3n Ingenier\u00eda<\/title>\n<meta name=\"robots\" content=\"index, follow, max-snippet:-1, max-image-preview:large, max-video-preview:-1\" \/>\n<link rel=\"canonical\" href=\"https:\/\/ingenieria.udd.cl\/ii\/form-comunicaciones\/\" \/>\n<meta property=\"og:locale\" content=\"es_ES\" \/>\n<meta property=\"og:type\" content=\"article\" \/>\n<meta property=\"og:title\" content=\"Protocolo Formulario Comunicaciones - Innovaci\u00f3n Ingenier\u00eda\" \/>\n<meta property=\"og:url\" content=\"https:\/\/ingenieria.udd.cl\/ii\/form-comunicaciones\/\" \/>\n<meta property=\"og:site_name\" content=\"Innovaci\u00f3n Ingenier\u00eda\" \/>\n<meta property=\"article:modified_time\" content=\"2024-01-25T14:51:24+00:00\" \/>\n<meta name=\"twitter:card\" content=\"summary_large_image\" \/>\n<meta name=\"twitter:label1\" content=\"Tiempo de lectura\" \/>\n\t<meta name=\"twitter:data1\" content=\"1 minuto\" \/>\n<script type=\"application\/ld+json\" class=\"yoast-schema-graph\">{\"@context\":\"https:\/\/schema.org\",\"@graph\":[{\"@type\":\"WebPage\",\"@id\":\"https:\/\/ingenieria.udd.cl\/ii\/form-comunicaciones\/\",\"url\":\"https:\/\/ingenieria.udd.cl\/ii\/form-comunicaciones\/\",\"name\":\"Protocolo Formulario Comunicaciones - Innovaci\u00f3n Ingenier\u00eda\",\"isPartOf\":{\"@id\":\"https:\/\/ingenieria.udd.cl\/ii\/#website\"},\"datePublished\":\"2024-01-25T14:47:49+00:00\",\"dateModified\":\"2024-01-25T14:51:24+00:00\",\"breadcrumb\":{\"@id\":\"https:\/\/ingenieria.udd.cl\/ii\/form-comunicaciones\/#breadcrumb\"},\"inLanguage\":\"es\",\"potentialAction\":[{\"@type\":\"ReadAction\",\"target\":[\"https:\/\/ingenieria.udd.cl\/ii\/form-comunicaciones\/\"]}]},{\"@type\":\"BreadcrumbList\",\"@id\":\"https:\/\/ingenieria.udd.cl\/ii\/form-comunicaciones\/#breadcrumb\",\"itemListElement\":[{\"@type\":\"ListItem\",\"position\":1,\"name\":\"Portada\",\"item\":\"https:\/\/ingenieria.udd.cl\/ii\/\"},{\"@type\":\"ListItem\",\"position\":2,\"name\":\"Protocolo Formulario Comunicaciones\"}]},{\"@type\":\"WebSite\",\"@id\":\"https:\/\/ingenieria.udd.cl\/ii\/#website\",\"url\":\"https:\/\/ingenieria.udd.cl\/ii\/\",\"name\":\"Innovaci\u00f3n Ingenier\u00eda\",\"description\":\"Otro sitio m\u00e1s de Ingenieria\",\"inLanguage\":\"es\"}]}<\/script>\n<!-- \/ Yoast SEO plugin. -->","yoast_head_json":{"title":"Protocolo Formulario Comunicaciones - Innovaci\u00f3n Ingenier\u00eda","robots":{"index":"index","follow":"follow","max-snippet":"max-snippet:-1","max-image-preview":"max-image-preview:large","max-video-preview":"max-video-preview:-1"},"canonical":"https:\/\/ingenieria.udd.cl\/ii\/form-comunicaciones\/","og_locale":"es_ES","og_type":"article","og_title":"Protocolo Formulario Comunicaciones - Innovaci\u00f3n Ingenier\u00eda","og_url":"https:\/\/ingenieria.udd.cl\/ii\/form-comunicaciones\/","og_site_name":"Innovaci\u00f3n Ingenier\u00eda","article_modified_time":"2024-01-25T14:51:24+00:00","twitter_card":"summary_large_image","twitter_misc":{"Tiempo de lectura":"1 minuto"},"schema":{"@context":"https:\/\/schema.org","@graph":[{"@type":"WebPage","@id":"https:\/\/ingenieria.udd.cl\/ii\/form-comunicaciones\/","url":"https:\/\/ingenieria.udd.cl\/ii\/form-comunicaciones\/","name":"Protocolo Formulario Comunicaciones - Innovaci\u00f3n Ingenier\u00eda","isPartOf":{"@id":"https:\/\/ingenieria.udd.cl\/ii\/#website"},"datePublished":"2024-01-25T14:47:49+00:00","dateModified":"2024-01-25T14:51:24+00:00","breadcrumb":{"@id":"https:\/\/ingenieria.udd.cl\/ii\/form-comunicaciones\/#breadcrumb"},"inLanguage":"es","potentialAction":[{"@type":"ReadAction","target":["https:\/\/ingenieria.udd.cl\/ii\/form-comunicaciones\/"]}]},{"@type":"BreadcrumbList","@id":"https:\/\/ingenieria.udd.cl\/ii\/form-comunicaciones\/#breadcrumb","itemListElement":[{"@type":"ListItem","position":1,"name":"Portada","item":"https:\/\/ingenieria.udd.cl\/ii\/"},{"@type":"ListItem","position":2,"name":"Protocolo Formulario Comunicaciones"}]},{"@type":"WebSite","@id":"https:\/\/ingenieria.udd.cl\/ii\/#website","url":"https:\/\/ingenieria.udd.cl\/ii\/","name":"Innovaci\u00f3n Ingenier\u00eda","description":"Otro sitio m\u00e1s de Ingenieria","inLanguage":"es"}]}},"_links":{"self":[{"href":"https:\/\/ingenieria.udd.cl\/ii\/wp-json\/wp\/v2\/pages\/3687","targetHints":{"allow":["GET"]}}],"collection":[{"href":"https:\/\/ingenieria.udd.cl\/ii\/wp-json\/wp\/v2\/pages"}],"about":[{"href":"https:\/\/ingenieria.udd.cl\/ii\/wp-json\/wp\/v2\/types\/page"}],"author":[{"embeddable":true,"href":"https:\/\/ingenieria.udd.cl\/ii\/wp-json\/wp\/v2\/users\/9192225"}],"replies":[{"embeddable":true,"href":"https:\/\/ingenieria.udd.cl\/ii\/wp-json\/wp\/v2\/comments?post=3687"}],"version-history":[{"count":3,"href":"https:\/\/ingenieria.udd.cl\/ii\/wp-json\/wp\/v2\/pages\/3687\/revisions"}],"predecessor-version":[{"id":3699,"href":"https:\/\/ingenieria.udd.cl\/ii\/wp-json\/wp\/v2\/pages\/3687\/revisions\/3699"}],"wp:attachment":[{"href":"https:\/\/ingenieria.udd.cl\/ii\/wp-json\/wp\/v2\/media?parent=3687"}],"curies":[{"name":"wp","href":"https:\/\/api.w.org\/{rel}","templated":true}]}}