{"id":472,"date":"2020-03-25T20:46:28","date_gmt":"2020-03-25T20:46:28","guid":{"rendered":"https:\/\/ii.udd.cl\/?page_id=472"},"modified":"2020-03-25T20:46:28","modified_gmt":"2020-03-25T20:46:28","slug":"diagnostico-portatil-para-la-exposicion-a-plaguicidas","status":"publish","type":"page","link":"https:\/\/ingenieria.udd.cl\/ii\/diagnostico-portatil-para-la-exposicion-a-plaguicidas\/","title":{"rendered":"Diagn\u00f3stico port\u00e1til para la exposici\u00f3n a plaguicidas."},"content":{"rendered":"<section\n\tclass=\"wp-block-udd-text-row block--bg-gray\"\n\t\t>\n\t<div class=\"text-row\">\n\t\t<div class=\"text-row__content\">\n\t\t\t<div class=\"text-row__content-inner text\">\n\t\t\t\t\t\t\t\t<h2>Descripci\u00f3n proyecto<\/h2>\n\t\t\t\t\t\t\t\t\n<p> Estudio, dise\u00f1o y construcci\u00f3n de una trampa de ratones para el diagn\u00f3stico inmunol\u00f3gico de virus hanta en muestra de orina colectada autom\u00e1ticamente por el dispositivo y con env\u00edo de informaci\u00f3n en tiempo real. <\/p>\n\t\t\t<\/div>\n\t\t<\/div>\n\t\t<div class=\"text-row__media\">\n\t\t\t\t\t<\/div>\n\t<\/div>\n<\/section>\n","protected":false},"excerpt":{"rendered":"","protected":false},"author":9192225,"featured_media":0,"parent":0,"menu_order":0,"comment_status":"closed","ping_status":"closed","template":"","meta":{"footnotes":""},"class_list":["post-472","page","type-page","status-publish","hentry"],"yoast_head":"<!-- This site is optimized with the Yoast SEO plugin v26.9 - https:\/\/yoast.com\/product\/yoast-seo-wordpress\/ -->\n<title>Diagn\u00f3stico port\u00e1til para la exposici\u00f3n a plaguicidas. - Innovaci\u00f3n Ingenier\u00eda<\/title>\n<meta name=\"robots\" content=\"index, follow, max-snippet:-1, max-image-preview:large, max-video-preview:-1\" \/>\n<link rel=\"canonical\" href=\"https:\/\/ingenieria.udd.cl\/ii\/diagnostico-portatil-para-la-exposicion-a-plaguicidas\/\" \/>\n<meta property=\"og:locale\" content=\"es_ES\" \/>\n<meta property=\"og:type\" content=\"article\" \/>\n<meta property=\"og:title\" content=\"Diagn\u00f3stico port\u00e1til para la exposici\u00f3n a plaguicidas. - Innovaci\u00f3n Ingenier\u00eda\" \/>\n<meta property=\"og:url\" content=\"https:\/\/ingenieria.udd.cl\/ii\/diagnostico-portatil-para-la-exposicion-a-plaguicidas\/\" \/>\n<meta property=\"og:site_name\" content=\"Innovaci\u00f3n Ingenier\u00eda\" \/>\n<meta name=\"twitter:card\" content=\"summary_large_image\" \/>\n<script type=\"application\/ld+json\" class=\"yoast-schema-graph\">{\"@context\":\"https:\/\/schema.org\",\"@graph\":[{\"@type\":\"WebPage\",\"@id\":\"https:\/\/ingenieria.udd.cl\/ii\/diagnostico-portatil-para-la-exposicion-a-plaguicidas\/\",\"url\":\"https:\/\/ingenieria.udd.cl\/ii\/diagnostico-portatil-para-la-exposicion-a-plaguicidas\/\",\"name\":\"Diagn\u00f3stico port\u00e1til para la exposici\u00f3n a plaguicidas. - Innovaci\u00f3n Ingenier\u00eda\",\"isPartOf\":{\"@id\":\"https:\/\/ingenieria.udd.cl\/ii\/#website\"},\"datePublished\":\"2020-03-25T20:46:28+00:00\",\"breadcrumb\":{\"@id\":\"https:\/\/ingenieria.udd.cl\/ii\/diagnostico-portatil-para-la-exposicion-a-plaguicidas\/#breadcrumb\"},\"inLanguage\":\"es\",\"potentialAction\":[{\"@type\":\"ReadAction\",\"target\":[\"https:\/\/ingenieria.udd.cl\/ii\/diagnostico-portatil-para-la-exposicion-a-plaguicidas\/\"]}]},{\"@type\":\"BreadcrumbList\",\"@id\":\"https:\/\/ingenieria.udd.cl\/ii\/diagnostico-portatil-para-la-exposicion-a-plaguicidas\/#breadcrumb\",\"itemListElement\":[{\"@type\":\"ListItem\",\"position\":1,\"name\":\"Portada\",\"item\":\"https:\/\/ingenieria.udd.cl\/ii\/\"},{\"@type\":\"ListItem\",\"position\":2,\"name\":\"Diagn\u00f3stico port\u00e1til para la exposici\u00f3n a plaguicidas.\"}]},{\"@type\":\"WebSite\",\"@id\":\"https:\/\/ingenieria.udd.cl\/ii\/#website\",\"url\":\"https:\/\/ingenieria.udd.cl\/ii\/\",\"name\":\"Innovaci\u00f3n Ingenier\u00eda\",\"description\":\"Otro sitio m\u00e1s de Ingenieria\",\"inLanguage\":\"es\"}]}<\/script>\n<!-- \/ Yoast SEO plugin. -->","yoast_head_json":{"title":"Diagn\u00f3stico port\u00e1til para la exposici\u00f3n a plaguicidas. - Innovaci\u00f3n Ingenier\u00eda","robots":{"index":"index","follow":"follow","max-snippet":"max-snippet:-1","max-image-preview":"max-image-preview:large","max-video-preview":"max-video-preview:-1"},"canonical":"https:\/\/ingenieria.udd.cl\/ii\/diagnostico-portatil-para-la-exposicion-a-plaguicidas\/","og_locale":"es_ES","og_type":"article","og_title":"Diagn\u00f3stico port\u00e1til para la exposici\u00f3n a plaguicidas. - Innovaci\u00f3n Ingenier\u00eda","og_url":"https:\/\/ingenieria.udd.cl\/ii\/diagnostico-portatil-para-la-exposicion-a-plaguicidas\/","og_site_name":"Innovaci\u00f3n Ingenier\u00eda","twitter_card":"summary_large_image","schema":{"@context":"https:\/\/schema.org","@graph":[{"@type":"WebPage","@id":"https:\/\/ingenieria.udd.cl\/ii\/diagnostico-portatil-para-la-exposicion-a-plaguicidas\/","url":"https:\/\/ingenieria.udd.cl\/ii\/diagnostico-portatil-para-la-exposicion-a-plaguicidas\/","name":"Diagn\u00f3stico port\u00e1til para la exposici\u00f3n a plaguicidas. - Innovaci\u00f3n Ingenier\u00eda","isPartOf":{"@id":"https:\/\/ingenieria.udd.cl\/ii\/#website"},"datePublished":"2020-03-25T20:46:28+00:00","breadcrumb":{"@id":"https:\/\/ingenieria.udd.cl\/ii\/diagnostico-portatil-para-la-exposicion-a-plaguicidas\/#breadcrumb"},"inLanguage":"es","potentialAction":[{"@type":"ReadAction","target":["https:\/\/ingenieria.udd.cl\/ii\/diagnostico-portatil-para-la-exposicion-a-plaguicidas\/"]}]},{"@type":"BreadcrumbList","@id":"https:\/\/ingenieria.udd.cl\/ii\/diagnostico-portatil-para-la-exposicion-a-plaguicidas\/#breadcrumb","itemListElement":[{"@type":"ListItem","position":1,"name":"Portada","item":"https:\/\/ingenieria.udd.cl\/ii\/"},{"@type":"ListItem","position":2,"name":"Diagn\u00f3stico port\u00e1til para la exposici\u00f3n a plaguicidas."}]},{"@type":"WebSite","@id":"https:\/\/ingenieria.udd.cl\/ii\/#website","url":"https:\/\/ingenieria.udd.cl\/ii\/","name":"Innovaci\u00f3n Ingenier\u00eda","description":"Otro sitio m\u00e1s de Ingenieria","inLanguage":"es"}]}},"_links":{"self":[{"href":"https:\/\/ingenieria.udd.cl\/ii\/wp-json\/wp\/v2\/pages\/472","targetHints":{"allow":["GET"]}}],"collection":[{"href":"https:\/\/ingenieria.udd.cl\/ii\/wp-json\/wp\/v2\/pages"}],"about":[{"href":"https:\/\/ingenieria.udd.cl\/ii\/wp-json\/wp\/v2\/types\/page"}],"author":[{"embeddable":true,"href":"https:\/\/ingenieria.udd.cl\/ii\/wp-json\/wp\/v2\/users\/9192225"}],"replies":[{"embeddable":true,"href":"https:\/\/ingenieria.udd.cl\/ii\/wp-json\/wp\/v2\/comments?post=472"}],"version-history":[{"count":0,"href":"https:\/\/ingenieria.udd.cl\/ii\/wp-json\/wp\/v2\/pages\/472\/revisions"}],"wp:attachment":[{"href":"https:\/\/ingenieria.udd.cl\/ii\/wp-json\/wp\/v2\/media?parent=472"}],"curies":[{"name":"wp","href":"https:\/\/api.w.org\/{rel}","templated":true}]}}