{"id":482,"date":"2020-03-25T21:25:37","date_gmt":"2020-03-25T21:25:37","guid":{"rendered":"https:\/\/ii.udd.cl\/?page_id=482"},"modified":"2020-03-25T21:25:37","modified_gmt":"2020-03-25T21:25:37","slug":"micro-intercambiador-de-calor-mediante-metodologia-de-minima-generacion-de-entropia","status":"publish","type":"page","link":"https:\/\/ingenieria.udd.cl\/ii\/micro-intercambiador-de-calor-mediante-metodologia-de-minima-generacion-de-entropia\/","title":{"rendered":"Micro intercambiador de calor mediante metodolog\u00eda de m\u00ednima generaci\u00f3n de entrop\u00eda"},"content":{"rendered":"\n<p>Este proyecto se enmarca dentro de la investigaci\u00f3n de la mec\u00e1nica de fluidos y la mejora de la transferencia de calor y masa.&nbsp;<\/p>\n\n\n\n<p>Con el auge de las nuevas tecnolog\u00edas y la evoluci\u00f3n de la electr\u00f3nica integrada, se ha observado una disminuci\u00f3n significativa en el tama\u00f1o y peso de los componentes durante las \u00faltimas d\u00e9cadas. Como consecuencia, la necesidad de una eliminaci\u00f3n eficiente del calor ha aumentado considerablemente. Por ejemplo, los requisitos de flujo de calor que se encuentran en las supercomputadoras de alto rendimiento y los dispositivos de alimentaci\u00f3n pertenecen al rango de flujo alto, que es del orden de 102-103 W \/ cm2. El desaf\u00edo surge cuando las mejores pr\u00e1cticas sugieren mantener la temperatura de los componentes electr\u00f3nicos por debajo de 65 \u00b0 C, mientras que las nuevas tecnolog\u00edas siguen aumentando sus requisitos de disipaci\u00f3n de calor.<\/p>\n\n\n\n<p>Debido a que se deben disipar tasas de calor m\u00e1s altas, las t\u00e9cnicas efectivas de gesti\u00f3n t\u00e9rmica o las soluciones de enfriamiento alternativas son cada vez m\u00e1s necesarias para garantizar la confiabilidad, el rendimiento y la durabilidad de los dispositivos electr\u00f3nicos. Sin embargo, la mayor\u00eda de estas t\u00e9cnicas requieren cantidades excesivas de potencia de bombeo para lograr mayores eficiencias t\u00e9rmicas.<br><\/p>\n\n\n\n<p>El objetivo del proyecto es determinar el efecto de variar cada uno de los diferentes par\u00e1metros de dise\u00f1o de arquitectura de micro canales en la maximizaci\u00f3n de la hidrodin\u00e1mica, rendimiento t\u00e9rmico y termodin\u00e1mico del sistema.<br><\/p>\n\n\n\n<figure class=\"wp-block-gallery columns-2 is-cropped wp-block-gallery-1 is-layout-flex wp-block-gallery-is-layout-flex\"><ul class=\"blocks-gallery-grid\"><li class=\"blocks-gallery-item\"><figure><img loading=\"lazy\" decoding=\"async\" width=\"985\" height=\"580\" src=\"https:\/\/ingenieria.udd.cl\/ii\/files\/2020\/03\/imagen7.jpg\" alt=\"\" data-id=\"488\" data-link=\"https:\/\/ii.udd.cl\/?attachment_id=488\" class=\"wp-image-488\" srcset=\"https:\/\/ingenieria.udd.cl\/ii\/files\/2020\/03\/imagen7.jpg 985w, https:\/\/ingenieria.udd.cl\/ii\/files\/2020\/03\/imagen7-300x177.jpg 300w, https:\/\/ingenieria.udd.cl\/ii\/files\/2020\/03\/imagen7-768x452.jpg 768w\" sizes=\"auto, (max-width: 985px) 100vw, 985px\" \/><\/figure><\/li><li class=\"blocks-gallery-item\"><figure><img loading=\"lazy\" decoding=\"async\" width=\"982\" height=\"1024\" src=\"https:\/\/ingenieria.udd.cl\/ii\/files\/2020\/03\/imagen8-982x1024.png\" alt=\"\" data-id=\"489\" data-link=\"https:\/\/ii.udd.cl\/?attachment_id=489\" class=\"wp-image-489\" srcset=\"https:\/\/ingenieria.udd.cl\/ii\/files\/2020\/03\/imagen8-982x1024.png 982w, https:\/\/ingenieria.udd.cl\/ii\/files\/2020\/03\/imagen8-288x300.png 288w, https:\/\/ingenieria.udd.cl\/ii\/files\/2020\/03\/imagen8-768x801.png 768w, https:\/\/ingenieria.udd.cl\/ii\/files\/2020\/03\/imagen8.png 987w\" sizes=\"auto, (max-width: 982px) 100vw, 982px\" \/><\/figure><\/li><li class=\"blocks-gallery-item\"><figure><img loading=\"lazy\" decoding=\"async\" width=\"1024\" height=\"330\" src=\"https:\/\/ingenieria.udd.cl\/ii\/files\/2020\/03\/imagen10-1024x330.png\" alt=\"\" data-id=\"490\" data-full-url=\"https:\/\/ingenieria.udd.cl\/ii\/files\/2020\/03\/imagen10.png\" data-link=\"https:\/\/ii.udd.cl\/?attachment_id=490\" class=\"wp-image-490\" srcset=\"https:\/\/ingenieria.udd.cl\/ii\/files\/2020\/03\/imagen10-1024x330.png 1024w, https:\/\/ingenieria.udd.cl\/ii\/files\/2020\/03\/imagen10-300x97.png 300w, https:\/\/ingenieria.udd.cl\/ii\/files\/2020\/03\/imagen10-768x248.png 768w, https:\/\/ingenieria.udd.cl\/ii\/files\/2020\/03\/imagen10.png 1356w\" sizes=\"auto, (max-width: 1024px) 100vw, 1024px\" \/><\/figure><\/li><\/ul><\/figure>\n\n\n\n<p><\/p>\n","protected":false},"excerpt":{"rendered":"<p>Este proyecto se enmarca dentro de la investigaci\u00f3n de la mec\u00e1nica de fluidos y la mejora de la transferencia de calor y masa.&nbsp; Con el auge de las nuevas tecnolog\u00edas y la evoluci\u00f3n de la electr\u00f3nica integrada, se ha observado una disminuci\u00f3n significativa en el tama\u00f1o y peso de los componentes durante las \u00faltimas d\u00e9cadas. [&hellip;]<\/p>\n","protected":false},"author":9192225,"featured_media":0,"parent":0,"menu_order":0,"comment_status":"closed","ping_status":"closed","template":"","meta":{"footnotes":""},"class_list":["post-482","page","type-page","status-publish","hentry"],"yoast_head":"<!-- This site is optimized with the Yoast SEO plugin v26.9 - https:\/\/yoast.com\/product\/yoast-seo-wordpress\/ -->\n<title>Micro intercambiador de calor mediante metodolog\u00eda de m\u00ednima generaci\u00f3n de entrop\u00eda - Innovaci\u00f3n Ingenier\u00eda<\/title>\n<meta name=\"robots\" content=\"index, follow, max-snippet:-1, max-image-preview:large, max-video-preview:-1\" \/>\n<link rel=\"canonical\" href=\"https:\/\/ingenieria.udd.cl\/ii\/micro-intercambiador-de-calor-mediante-metodologia-de-minima-generacion-de-entropia\/\" \/>\n<meta property=\"og:locale\" content=\"es_ES\" \/>\n<meta property=\"og:type\" content=\"article\" \/>\n<meta property=\"og:title\" content=\"Micro intercambiador de calor mediante metodolog\u00eda de m\u00ednima generaci\u00f3n de entrop\u00eda - Innovaci\u00f3n Ingenier\u00eda\" \/>\n<meta property=\"og:description\" content=\"Este proyecto se enmarca dentro de la investigaci\u00f3n de la mec\u00e1nica de fluidos y la mejora de la transferencia de calor y masa.&nbsp; Con el auge de las nuevas tecnolog\u00edas y la evoluci\u00f3n de la electr\u00f3nica integrada, se ha observado una disminuci\u00f3n significativa en el tama\u00f1o y peso de los componentes durante las \u00faltimas d\u00e9cadas. [&hellip;]\" \/>\n<meta property=\"og:url\" content=\"https:\/\/ingenieria.udd.cl\/ii\/micro-intercambiador-de-calor-mediante-metodologia-de-minima-generacion-de-entropia\/\" \/>\n<meta property=\"og:site_name\" content=\"Innovaci\u00f3n Ingenier\u00eda\" \/>\n<meta property=\"og:image\" content=\"https:\/\/ingenieria.udd.cl\/ii\/files\/2020\/03\/imagen7.jpg\" \/>\n<meta name=\"twitter:card\" content=\"summary_large_image\" \/>\n<meta name=\"twitter:label1\" content=\"Tiempo de lectura\" \/>\n\t<meta name=\"twitter:data1\" content=\"1 minuto\" \/>\n<script type=\"application\/ld+json\" class=\"yoast-schema-graph\">{\"@context\":\"https:\/\/schema.org\",\"@graph\":[{\"@type\":\"WebPage\",\"@id\":\"https:\/\/ingenieria.udd.cl\/ii\/micro-intercambiador-de-calor-mediante-metodologia-de-minima-generacion-de-entropia\/\",\"url\":\"https:\/\/ingenieria.udd.cl\/ii\/micro-intercambiador-de-calor-mediante-metodologia-de-minima-generacion-de-entropia\/\",\"name\":\"Micro intercambiador de calor mediante metodolog\u00eda de m\u00ednima generaci\u00f3n de entrop\u00eda - Innovaci\u00f3n Ingenier\u00eda\",\"isPartOf\":{\"@id\":\"https:\/\/ingenieria.udd.cl\/ii\/#website\"},\"primaryImageOfPage\":{\"@id\":\"https:\/\/ingenieria.udd.cl\/ii\/micro-intercambiador-de-calor-mediante-metodologia-de-minima-generacion-de-entropia\/#primaryimage\"},\"image\":{\"@id\":\"https:\/\/ingenieria.udd.cl\/ii\/micro-intercambiador-de-calor-mediante-metodologia-de-minima-generacion-de-entropia\/#primaryimage\"},\"thumbnailUrl\":\"https:\/\/ingenieria.udd.cl\/ii\/files\/2020\/03\/imagen7.jpg\",\"datePublished\":\"2020-03-25T21:25:37+00:00\",\"breadcrumb\":{\"@id\":\"https:\/\/ingenieria.udd.cl\/ii\/micro-intercambiador-de-calor-mediante-metodologia-de-minima-generacion-de-entropia\/#breadcrumb\"},\"inLanguage\":\"es\",\"potentialAction\":[{\"@type\":\"ReadAction\",\"target\":[\"https:\/\/ingenieria.udd.cl\/ii\/micro-intercambiador-de-calor-mediante-metodologia-de-minima-generacion-de-entropia\/\"]}]},{\"@type\":\"ImageObject\",\"inLanguage\":\"es\",\"@id\":\"https:\/\/ingenieria.udd.cl\/ii\/micro-intercambiador-de-calor-mediante-metodologia-de-minima-generacion-de-entropia\/#primaryimage\",\"url\":\"https:\/\/ingenieria.udd.cl\/ii\/files\/2020\/03\/imagen7.jpg\",\"contentUrl\":\"https:\/\/ingenieria.udd.cl\/ii\/files\/2020\/03\/imagen7.jpg\",\"width\":985,\"height\":580},{\"@type\":\"BreadcrumbList\",\"@id\":\"https:\/\/ingenieria.udd.cl\/ii\/micro-intercambiador-de-calor-mediante-metodologia-de-minima-generacion-de-entropia\/#breadcrumb\",\"itemListElement\":[{\"@type\":\"ListItem\",\"position\":1,\"name\":\"Portada\",\"item\":\"https:\/\/ingenieria.udd.cl\/ii\/\"},{\"@type\":\"ListItem\",\"position\":2,\"name\":\"Micro intercambiador de calor mediante metodolog\u00eda de m\u00ednima generaci\u00f3n de entrop\u00eda\"}]},{\"@type\":\"WebSite\",\"@id\":\"https:\/\/ingenieria.udd.cl\/ii\/#website\",\"url\":\"https:\/\/ingenieria.udd.cl\/ii\/\",\"name\":\"Innovaci\u00f3n Ingenier\u00eda\",\"description\":\"Otro sitio m\u00e1s de Ingenieria\",\"inLanguage\":\"es\"}]}<\/script>\n<!-- \/ Yoast SEO plugin. -->","yoast_head_json":{"title":"Micro intercambiador de calor mediante metodolog\u00eda de m\u00ednima generaci\u00f3n de entrop\u00eda - Innovaci\u00f3n Ingenier\u00eda","robots":{"index":"index","follow":"follow","max-snippet":"max-snippet:-1","max-image-preview":"max-image-preview:large","max-video-preview":"max-video-preview:-1"},"canonical":"https:\/\/ingenieria.udd.cl\/ii\/micro-intercambiador-de-calor-mediante-metodologia-de-minima-generacion-de-entropia\/","og_locale":"es_ES","og_type":"article","og_title":"Micro intercambiador de calor mediante metodolog\u00eda de m\u00ednima generaci\u00f3n de entrop\u00eda - Innovaci\u00f3n Ingenier\u00eda","og_description":"Este proyecto se enmarca dentro de la investigaci\u00f3n de la mec\u00e1nica de fluidos y la mejora de la transferencia de calor y masa.&nbsp; Con el auge de las nuevas tecnolog\u00edas y la evoluci\u00f3n de la electr\u00f3nica integrada, se ha observado una disminuci\u00f3n significativa en el tama\u00f1o y peso de los componentes durante las \u00faltimas d\u00e9cadas. [&hellip;]","og_url":"https:\/\/ingenieria.udd.cl\/ii\/micro-intercambiador-de-calor-mediante-metodologia-de-minima-generacion-de-entropia\/","og_site_name":"Innovaci\u00f3n Ingenier\u00eda","og_image":[{"url":"https:\/\/ingenieria.udd.cl\/ii\/files\/2020\/03\/imagen7.jpg","type":"","width":"","height":""}],"twitter_card":"summary_large_image","twitter_misc":{"Tiempo de lectura":"1 minuto"},"schema":{"@context":"https:\/\/schema.org","@graph":[{"@type":"WebPage","@id":"https:\/\/ingenieria.udd.cl\/ii\/micro-intercambiador-de-calor-mediante-metodologia-de-minima-generacion-de-entropia\/","url":"https:\/\/ingenieria.udd.cl\/ii\/micro-intercambiador-de-calor-mediante-metodologia-de-minima-generacion-de-entropia\/","name":"Micro intercambiador de calor mediante metodolog\u00eda de m\u00ednima generaci\u00f3n de entrop\u00eda - Innovaci\u00f3n Ingenier\u00eda","isPartOf":{"@id":"https:\/\/ingenieria.udd.cl\/ii\/#website"},"primaryImageOfPage":{"@id":"https:\/\/ingenieria.udd.cl\/ii\/micro-intercambiador-de-calor-mediante-metodologia-de-minima-generacion-de-entropia\/#primaryimage"},"image":{"@id":"https:\/\/ingenieria.udd.cl\/ii\/micro-intercambiador-de-calor-mediante-metodologia-de-minima-generacion-de-entropia\/#primaryimage"},"thumbnailUrl":"https:\/\/ingenieria.udd.cl\/ii\/files\/2020\/03\/imagen7.jpg","datePublished":"2020-03-25T21:25:37+00:00","breadcrumb":{"@id":"https:\/\/ingenieria.udd.cl\/ii\/micro-intercambiador-de-calor-mediante-metodologia-de-minima-generacion-de-entropia\/#breadcrumb"},"inLanguage":"es","potentialAction":[{"@type":"ReadAction","target":["https:\/\/ingenieria.udd.cl\/ii\/micro-intercambiador-de-calor-mediante-metodologia-de-minima-generacion-de-entropia\/"]}]},{"@type":"ImageObject","inLanguage":"es","@id":"https:\/\/ingenieria.udd.cl\/ii\/micro-intercambiador-de-calor-mediante-metodologia-de-minima-generacion-de-entropia\/#primaryimage","url":"https:\/\/ingenieria.udd.cl\/ii\/files\/2020\/03\/imagen7.jpg","contentUrl":"https:\/\/ingenieria.udd.cl\/ii\/files\/2020\/03\/imagen7.jpg","width":985,"height":580},{"@type":"BreadcrumbList","@id":"https:\/\/ingenieria.udd.cl\/ii\/micro-intercambiador-de-calor-mediante-metodologia-de-minima-generacion-de-entropia\/#breadcrumb","itemListElement":[{"@type":"ListItem","position":1,"name":"Portada","item":"https:\/\/ingenieria.udd.cl\/ii\/"},{"@type":"ListItem","position":2,"name":"Micro intercambiador de calor mediante metodolog\u00eda de m\u00ednima generaci\u00f3n de entrop\u00eda"}]},{"@type":"WebSite","@id":"https:\/\/ingenieria.udd.cl\/ii\/#website","url":"https:\/\/ingenieria.udd.cl\/ii\/","name":"Innovaci\u00f3n Ingenier\u00eda","description":"Otro sitio m\u00e1s de Ingenieria","inLanguage":"es"}]}},"_links":{"self":[{"href":"https:\/\/ingenieria.udd.cl\/ii\/wp-json\/wp\/v2\/pages\/482","targetHints":{"allow":["GET"]}}],"collection":[{"href":"https:\/\/ingenieria.udd.cl\/ii\/wp-json\/wp\/v2\/pages"}],"about":[{"href":"https:\/\/ingenieria.udd.cl\/ii\/wp-json\/wp\/v2\/types\/page"}],"author":[{"embeddable":true,"href":"https:\/\/ingenieria.udd.cl\/ii\/wp-json\/wp\/v2\/users\/9192225"}],"replies":[{"embeddable":true,"href":"https:\/\/ingenieria.udd.cl\/ii\/wp-json\/wp\/v2\/comments?post=482"}],"version-history":[{"count":0,"href":"https:\/\/ingenieria.udd.cl\/ii\/wp-json\/wp\/v2\/pages\/482\/revisions"}],"wp:attachment":[{"href":"https:\/\/ingenieria.udd.cl\/ii\/wp-json\/wp\/v2\/media?parent=482"}],"curies":[{"name":"wp","href":"https:\/\/api.w.org\/{rel}","templated":true}]}}